{"id":10505,"date":"2017-04-24T11:14:25","date_gmt":"2017-04-24T11:14:25","guid":{"rendered":"http:\/\/shade.edge-themes.com\/?page_id=10505"},"modified":"2017-04-24T11:14:25","modified_gmt":"2017-04-24T11:14:25","slug":"photo-studio-home","status":"publish","type":"page","link":"https:\/\/rene-gaston-lagorre.fr\/index.php\/photo-studio-home\/","title":{"rendered":"Photo Studio Home"},"content":{"rendered":"<p>[vc_row simple_background_color=&#8221;#181818&#8243;][vc_column][vc_row_inner row_content_width=&#8221;grid&#8221; content_text_aligment=&#8221;center&#8221; css=&#8221;.vc_custom_1493039992538{padding-top: 100px !important;}&#8221;][vc_column_inner][vc_column_text]<\/p>\n<h6><span style=\"color: #ffffff;\">Design &amp; Photography<\/span><\/h6>\n<p>[\/vc_column_text][vc_empty_space height=&#8221;10px&#8221;][vc_column_text]<\/p>\n<h2><span style=\"color: #ffffff;\">Fashion &amp; Me<\/span><\/h2>\n<p>[\/vc_column_text][vc_empty_space]<div class=\"edgt-elements-holder   edgt-one-column  edgt-responsive-mode-768 \" ><div class=\"edgt-eh-item   edgt-horizontal-alignment-center \"  data-item-class=\"edgt-eh-custom-2711\" data-1280-1600=\"0% 15%\" data-1024-1280=\"0% 12%\" data-768-1024=\"0% 14%\" data-680-768=\"0% 5%\" data-680=\"0% 5%\">\n\t<div class=\"edgt-eh-item-inner\">\n\t\t<div class=\"edgt-eh-item-content edgt-eh-custom-2711\" style=\"padding: 0% 19%\">\n\t\t\t<h2 class=\"edgt-custom-font-holder  edgt-cf-9682\" style=\"font-family: Times New Roman;font-size: 18px;line-height: 28px;font-style: italic;letter-spacing: -0.01em;text-transform: none;color: #dedede\" data-item-class=\"edgt-cf-9682\">\n\tLorem ipsum dolor sit amet, consectetuer adipiscing elit. Aenean commodo ligula eget dolor. Aenean massa. Cum sociis Theme natoque penatibus et magnis dis parturient montes viverra quis, feugiat<\/h2>\t\t<\/div>\n\t<\/div>\n<\/div><\/div>[\/vc_column_inner][\/vc_row_inner][vc_row_inner row_content_width=&#8221;grid&#8221; css=&#8221;.vc_custom_1493895245515{padding-top: 104px !important;padding-bottom: 30px !important;}&#8221;][vc_column_inner offset=&#8221;vc_col-lg-6 vc_col-md-12&#8243;]<div class=\"edgt-animation-holder edgt-element-from-bottom\" data-animation=\"edgt-element-from-bottom\" data-animation-delay=\"\"><div class=\"edgt-animation-inner\"><div class=\"edgt-elements-holder   edgt-one-column  edgt-responsive-mode-768 \" ><div class=\"edgt-eh-item    \" style=\"background-color: #1f1f1f\" data-item-class=\"edgt-eh-custom-2807\" data-1280-1600=\"70px 64px 72px 57px\" data-1024-1280=\"50px 62px 56px 57px\" data-768-1024=\"74px 100px 78px 83px\" data-680-768=\"60px 50px 62px 64px\" data-680=\"60px 10px 60px 30px\">\n\t<div class=\"edgt-eh-item-inner\">\n\t\t<div class=\"edgt-eh-item-content edgt-eh-custom-2807\" style=\"padding: 81px 100px 91px 83px\">\n\t\t\t[vc_column_text]<\/p>\n<h6><span style=\"color: #ffffff;\">Photography<\/span><\/h6>\n<p>[\/vc_column_text][vc_empty_space height=&#8221;10px&#8221;][vc_column_text]<\/p>\n<h2><span style=\"color: #ffffff;\">Studio Shooting<\/span><\/h2>\n<p>[\/vc_column_text][vc_empty_space height=&#8221;12px&#8221;][vc_column_text]<span style=\"color: #ffffff; font-weight: 300;\">Lorem ipsum dolor sit amet, consectetuer adipiscing elit. Aenean commodo ligula eget dolor. Aenean massa. Cum sociis Theme natoque penatibus et magnis dis parturient montes, nascetur ridiculus mus. Aliquam lorem ante, dapibus in, viverra quis, feugiat a, tellus. Phasellus viverra nulla ut metus varius laoreet. Quisque rutrum. Aenean imperdiet. Etiam ultricies nisi vel augue viverra quis, feugiat.<\/span>[\/vc_column_text]\t\t<\/div>\n\t<\/div>\n<\/div><\/div><\/div><\/div>[\/vc_column_inner][vc_column_inner offset=&#8221;vc_col-lg-6 vc_col-md-12&#8243;]<div class=\"edgt-animation-holder edgt-element-from-bottom\" data-animation=\"edgt-element-from-bottom\" data-animation-delay=\"\"><div class=\"edgt-animation-inner\"><div class=\"edgt-elements-holder   edgt-one-column  edgt-responsive-mode-768 \" ><div class=\"edgt-eh-item    \" style=\"background-image: url(https:\/\/rene-gaston-lagorre.fr\/wp-content\/uploads\/2017\/04\/personal-img-1.jpg)\" data-item-class=\"edgt-eh-custom-7616\" data-1024-1280=\"135px 0px\">\n\t<div class=\"edgt-eh-item-inner\">\n\t\t<div class=\"edgt-eh-item-content edgt-eh-custom-7616\" style=\"padding: 153px 0px\">\n\t\t\t[vc_single_image image=&#8221;10518&#8243; img_size=&#8221;full&#8221; alignment=&#8221;center&#8221;]\t\t<\/div>\n\t<\/div>\n<\/div><\/div><\/div><\/div>[\/vc_column_inner][\/vc_row_inner][vc_row_inner row_content_width=&#8221;grid&#8221; css=&#8221;.vc_custom_1493040441412{padding-bottom: 125px !important;}&#8221;][vc_column_inner offset=&#8221;vc_col-lg-6 vc_col-md-12&#8243;]<div class=\"edgt-animation-holder edgt-element-from-bottom\" data-animation=\"edgt-element-from-bottom\" data-animation-delay=\"\"><div class=\"edgt-animation-inner\"><div class=\"edgt-elements-holder   edgt-one-column  edgt-responsive-mode-768 edgt-one-column-alignment-center\" ><div class=\"edgt-eh-item   edgt-horizontal-alignment-center \" style=\"background-image: url(https:\/\/rene-gaston-lagorre.fr\/wp-content\/uploads\/2017\/04\/personal-img-3.jpg)\" data-item-class=\"edgt-eh-custom-2239\" data-1024-1280=\"123px 0px\">\n\t<div class=\"edgt-eh-item-inner\">\n\t\t<div class=\"edgt-eh-item-content edgt-eh-custom-2239\" style=\"padding: 143px 0px\">\n\t\t\t[vc_single_image image=&#8221;10533&#8243; img_size=&#8221;full&#8221; alignment=&#8221;center&#8221;]\t\t<\/div>\n\t<\/div>\n<\/div><\/div><\/div><\/div>[\/vc_column_inner][vc_column_inner offset=&#8221;vc_col-lg-6 vc_col-md-12&#8243;]<div class=\"edgt-animation-holder edgt-element-from-bottom\" data-animation=\"edgt-element-from-bottom\" data-animation-delay=\"\"><div class=\"edgt-animation-inner\"><div class=\"edgt-elements-holder   edgt-one-column  edgt-responsive-mode-768 \" ><div class=\"edgt-eh-item    \" style=\"background-color: #1f1f1f\" data-item-class=\"edgt-eh-custom-9035\" data-1280-1600=\"70px 64px 75px 57px\" data-1024-1280=\"50px 62px 56px 57px\" data-768-1024=\"74px 100px 78px 83px\" data-680-768=\"60px 50px 62px 64px\" data-680=\"60px 10px 60px 30px\">\n\t<div class=\"edgt-eh-item-inner\">\n\t\t<div class=\"edgt-eh-item-content edgt-eh-custom-9035\" style=\"padding: 81px 100px 91px 83px\">\n\t\t\t[vc_column_text]<\/p>\n<h6><span style=\"color: #ffffff;\">Photography<\/span><\/h6>\n<p>[\/vc_column_text][vc_empty_space height=&#8221;10px&#8221;][vc_column_text]<\/p>\n<h2><span style=\"color: #ffffff;\">Latest Work<\/span><\/h2>\n<p>[\/vc_column_text][vc_empty_space height=&#8221;12px&#8221;][vc_column_text]<span style=\"color: #ffffff; font-weight: 300;\">Lorem ipsum dolor sit amet, consectetuer adipiscing elit. Aenean commodo ligula eget dolor. Aenean massa. Cum sociis Theme natoque penatibus et magnis dis parturient montes, nascetur ridiculus mus. Aliquam lorem ante, dapibus in, viverra quis, feugiat a, tellus. Phasellus viverra nulla ut metus varius laoreet. Quisque rutrum. Aenean imperdiet. Etiam ultricies nisi vel augue viverra quis, feugiat.<\/span>[\/vc_column_text]\t\t<\/div>\n\t<\/div>\n<\/div><\/div><\/div><\/div>[\/vc_column_inner][\/vc_row_inner][\/vc_column][\/vc_row][vc_row row_type=&#8221;parallax&#8221; parallax_background_image=&#8221;10541&#8243;][vc_column]<div class=\"edgt-elements-holder   edgt-one-column  edgt-responsive-mode-768 \" ><div class=\"edgt-eh-item   edgt-horizontal-alignment-center \"  data-item-class=\"edgt-eh-custom-3476\">\n\t<div class=\"edgt-eh-item-inner\">\n\t\t<div class=\"edgt-eh-item-content edgt-eh-custom-3476\" style=\"padding: 5.5% 0% 6% 0%\">\n\t\t\t<div class=\"edgt-testimonials-holder edgt-testimonials-navigation edgt-testimonials-standard edgt-testimonials-dark clearfix\"><div class=\"edgt-grid\"><div class=\"edgt-testimonials edgt-owl-testimonials edgt-testimonials-navigation\" data-enable-loop=\"yes\" data-enable-autoplay=\"yes\" data-slider-speed=\"5000\" data-slider-speed-animation=\"600\" data-enable-navigation=\"yes\" data-enable-pagination=\"yes\"><div class=\"edgt-testimonial-content\" id=\"edgt-testimonials-10552\">\n        <div class=\"edgt-testimonial-text-holder\">\n                    <h6 class=\"edgt-testimonial-author\">Vu par ses amis<\/h6>\n                            <h2 itemprop=\"name\" class=\"edgt-testimonial-title entry-title\">Ryton Cazenave<\/h2>\n                            <p class=\"edgt-testimonial-text\">J\u2019ai connu Lagorre, j\u2019ai voyag\u00e9 et travaill\u00e9 avec lui pendant cinquante ans ! C\u2019est un peintre exceptionnel.<\/p>\n            <\/div>\n<\/div><div class=\"edgt-testimonial-content\" id=\"edgt-testimonials-10551\">\n        <div class=\"edgt-testimonial-text-holder\">\n                    <h6 class=\"edgt-testimonial-author\">Vu par ses amis<\/h6>\n                            <h2 itemprop=\"name\" class=\"edgt-testimonial-title entry-title\">Ren\u00e9-Victor PILHES<\/h2>\n                            <p class=\"edgt-testimonial-text\"> Du plus loin qu\u2019il m\u2019en souvienne, \u00e0 savoir des lustres, en notre commun village de Seix en Couserans, le personnage n\u2019a pas chang\u00e9\u00a0: petit bonhomme sec, cep des Corbi\u00e8res, p\u00e9tillant, et aujourd\u2019hui, \u00e0 90 ans, immuable, droit comme un I.  Un visage \u00e9clair\u00e9 par l\u2019intelligence, la malice, la bont\u00e9.<\/p>\n            <\/div>\n<\/div><div class=\"edgt-testimonial-content\" id=\"edgt-testimonials-10540\">\n        <div class=\"edgt-testimonial-text-holder\">\n                    <h6 class=\"edgt-testimonial-author\">Vu par ses amis<\/h6>\n                            <h2 itemprop=\"name\" class=\"edgt-testimonial-title entry-title\">Jacques Thibal<\/h2>\n                            <p class=\"edgt-testimonial-text\">Il y a de la lumi\u00e8re, beaucoup de lumi\u00e8re dans les toiles de Lagorre, une lumi\u00e8re qui \u00e9clate, qui inonde tous les d\u00e9tails...<\/p>\n            <\/div>\n<\/div><\/div><\/div><div class=\"edgt-tes-nav edgt-tes-controls\"><span class=\"edgt-tes-nav-prev\"><span class=\"edgt-icon-line\"><\/span><\/span><span class=\"edgt-tes-nav-next\"><span class=\"edgt-icon-line\"><\/span><\/span><\/div><\/div>\t\t<\/div>\n\t<\/div>\n<\/div><\/div>[\/vc_column][\/vc_row][vc_row][vc_column][rev_slider_vc alias=&#8221;video-slider&#8221; enable_paspartu=&#8221;no&#8221;][\/vc_column][\/vc_row][vc_row][vc_column][vc_row_inner row_content_width=&#8221;grid&#8221; content_text_aligment=&#8221;center&#8221; css=&#8221;.vc_custom_1493042387812{padding-top: 95px !important;}&#8221;][vc_column_inner offset=&#8221;vc_col-lg-offset-0 vc_col-md-offset-0&#8243;][vc_column_text]<\/p>\n<h6>design &amp; photographer<\/h6>\n<p>[\/vc_column_text][vc_empty_space height=&#8221;10px&#8221;][vc_column_text]<\/p>\n<h2>Creative Elements<\/h2>\n<p>[\/vc_column_text][vc_empty_space height=&#8221;25px&#8221;]<div class=\"edgt-elements-holder   edgt-one-column  edgt-responsive-mode-768 \" ><div class=\"edgt-eh-item   edgt-horizontal-alignment-center \"  data-item-class=\"edgt-eh-custom-6237\" data-1280-1600=\"0% 15%\" data-1024-1280=\"0% 12%\" data-768-1024=\"0% 14%\" data-680-768=\"0% 5%\" data-680=\"0% 5%\">\n\t<div class=\"edgt-eh-item-inner\">\n\t\t<div class=\"edgt-eh-item-content edgt-eh-custom-6237\" style=\"padding: 0% 19%\">\n\t\t\t<h2 class=\"edgt-custom-font-holder  edgt-cf-1601\" style=\"font-family: Times New Romen;font-size: 18px;line-height: 28px;font-style: italic;letter-spacing: -0.01em;text-transform: none;color: #707070\" data-item-class=\"edgt-cf-1601\">\n\tLorem ipsum dolor sit amet, consectetuer adipiscing elit. Aenean commodo ligula eget dolor. Aenean massa. Cum sociis Theme natoque penatibus et magnis dis parturient montes viverra quis, feugiat<\/h2>\t\t<\/div>\n\t<\/div>\n<\/div><\/div>[\/vc_column_inner][\/vc_row_inner][vc_row_inner row_content_width=&#8221;grid&#8221; content_text_aligment=&#8221;center&#8221; css=&#8221;.vc_custom_1493042439980{padding-top: 61px !important;padding-bottom: 50px !important;}&#8221;][vc_column_inner offset=&#8221;vc_col-lg-4 vc_col-md-4&#8243;]<div class=\"edgt-team info-on-hover dark\">\n\t<div class=\"edgt-team-inner\">\n\t\t\t\t\t<div class=\"edgt-team-image\">\n                <img width=\"600\" height=\"600\" src=\"https:\/\/rene-gaston-lagorre.fr\/wp-content\/uploads\/2017\/04\/team-img-1.jpg\" class=\"attachment-full size-full\" alt=\"a\" decoding=\"async\" loading=\"lazy\" srcset=\"https:\/\/rene-gaston-lagorre.fr\/wp-content\/uploads\/2017\/04\/team-img-1.jpg 600w, https:\/\/rene-gaston-lagorre.fr\/wp-content\/uploads\/2017\/04\/team-img-1-300x300.jpg 300w, https:\/\/rene-gaston-lagorre.fr\/wp-content\/uploads\/2017\/04\/team-img-1-100x100.jpg 100w, https:\/\/rene-gaston-lagorre.fr\/wp-content\/uploads\/2017\/04\/team-img-1-150x150.jpg 150w, https:\/\/rene-gaston-lagorre.fr\/wp-content\/uploads\/2017\/04\/team-img-1-550x550.jpg 550w\" sizes=\"(max-width: 600px) 100vw, 600px\" \/>\n\t\t\t\t<div class=\"edgt-team-social-holder\">\n\t\t\t\t\t<div class=\"edgt-team-table normal\">\n\t\t\t\t\t\t<div class=\"edgt-team-social-inner\">\n\t\t\t\t\t\t\t<div class=\"edgt-team-social-wrapp\">\n\n\t\t\t\t\t\t\t\t    <span class=\"edgt-icon-shortcode normal   \"  >\n                    <a itemprop=\"url\" class=\"\" href=\"https:\/\/twitter.com\/\" target=\"_blank\">\n                    <i class=\"edgt-icon-font-awesome fa fa-twitter edgt-icon-element\" style=\"\" ><\/i>                    <\/a>\n            <\/span>\n    <span class=\"edgt-icon-shortcode normal   \"  >\n                    <a itemprop=\"url\" class=\"\" href=\"https:\/\/www.facebook.com\/\" target=\"_blank\">\n                    <i class=\"edgt-icon-font-awesome fa fa-facebook edgt-icon-element\" style=\"\" ><\/i>                    <\/a>\n            <\/span>\n    <span class=\"edgt-icon-shortcode normal   \"  >\n                    <a itemprop=\"url\" class=\"\" href=\"https:\/\/www.instagram.com\/\" target=\"_blank\">\n                    <i class=\"edgt-icon-font-awesome fa fa-instagram edgt-icon-element\" style=\"\" ><\/i>                    <\/a>\n            <\/span>\n    <span class=\"edgt-icon-shortcode normal   \"  >\n                    <a itemprop=\"url\" class=\"\" href=\"https:\/\/www.tumblr.com\/login\" target=\"_blank\">\n                    <i class=\"edgt-icon-font-awesome fa fa-tumblr edgt-icon-element\" style=\"\" ><\/i>                    <\/a>\n            <\/span>\n\n\t\t\t\t\t\t\t<\/div>\n\t\t\t\t\t\t<\/div>\n\t\t\t\t\t<\/div>\n\t\t\t\t<\/div>\n\t\t\t<\/div>\n\t\t\n\t\t\t\t\t<div class=\"edgt-team-info\">\n\t\t\t\t\t\t\t\t\t<div class=\"edgt-team-title-holder\">\n\t\t\t\t\t\t\t\t\t\t\t\t\t<h4 class=\"edgt-team-name\">\n\t\t\t\t\t\t\t\tFlora Alvarez\t\t\t\t\t\t\t<\/h4>\n\t\t\t\t\t\t\t\t\t\t\t\t\t\t\t\t\t\t\t<h6 class=\"edgt-team-position\">photographer<\/h6>\n\t\t\t\t\t\t\t\t\t\t\t<\/div>\n\t\t\t\t\n\t\t\t\t\n\t\t<\/div>\n\t<\/div>\n<\/div>[vc_empty_space][\/vc_column_inner][vc_column_inner offset=&#8221;vc_col-lg-4 vc_col-md-4&#8243;]<div class=\"edgt-team info-on-hover dark\">\n\t<div class=\"edgt-team-inner\">\n\t\t\t\t\t<div class=\"edgt-team-image\">\n                <img width=\"600\" height=\"600\" src=\"https:\/\/rene-gaston-lagorre.fr\/wp-content\/uploads\/2017\/04\/team-img-2.jpg\" class=\"attachment-full size-full\" alt=\"a\" decoding=\"async\" loading=\"lazy\" srcset=\"https:\/\/rene-gaston-lagorre.fr\/wp-content\/uploads\/2017\/04\/team-img-2.jpg 600w, https:\/\/rene-gaston-lagorre.fr\/wp-content\/uploads\/2017\/04\/team-img-2-300x300.jpg 300w, https:\/\/rene-gaston-lagorre.fr\/wp-content\/uploads\/2017\/04\/team-img-2-100x100.jpg 100w, https:\/\/rene-gaston-lagorre.fr\/wp-content\/uploads\/2017\/04\/team-img-2-150x150.jpg 150w, https:\/\/rene-gaston-lagorre.fr\/wp-content\/uploads\/2017\/04\/team-img-2-550x550.jpg 550w\" sizes=\"(max-width: 600px) 100vw, 600px\" \/>\n\t\t\t\t<div class=\"edgt-team-social-holder\">\n\t\t\t\t\t<div class=\"edgt-team-table normal\">\n\t\t\t\t\t\t<div class=\"edgt-team-social-inner\">\n\t\t\t\t\t\t\t<div class=\"edgt-team-social-wrapp\">\n\n\t\t\t\t\t\t\t\t    <span class=\"edgt-icon-shortcode normal   \"  >\n                    <a itemprop=\"url\" class=\"\" href=\"https:\/\/twitter.com\/\" target=\"_blank\">\n                    <i class=\"edgt-icon-font-awesome fa fa-twitter edgt-icon-element\" style=\"\" ><\/i>                    <\/a>\n            <\/span>\n    <span class=\"edgt-icon-shortcode normal   \"  >\n                    <a itemprop=\"url\" class=\"\" href=\"https:\/\/www.facebook.com\/\" target=\"_blank\">\n                    <i class=\"edgt-icon-font-awesome fa fa-facebook edgt-icon-element\" style=\"\" ><\/i>                    <\/a>\n            <\/span>\n    <span class=\"edgt-icon-shortcode normal   \"  >\n                    <a itemprop=\"url\" class=\"\" href=\"https:\/\/www.instagram.com\/\" target=\"_blank\">\n                    <i class=\"edgt-icon-font-awesome fa fa-instagram edgt-icon-element\" style=\"\" ><\/i>                    <\/a>\n            <\/span>\n    <span class=\"edgt-icon-shortcode normal   \"  >\n                    <a itemprop=\"url\" class=\"\" href=\"https:\/\/www.tumblr.com\/login\" target=\"_blank\">\n                    <i class=\"edgt-icon-font-awesome fa fa-tumblr edgt-icon-element\" style=\"\" ><\/i>                    <\/a>\n            <\/span>\n\n\t\t\t\t\t\t\t<\/div>\n\t\t\t\t\t\t<\/div>\n\t\t\t\t\t<\/div>\n\t\t\t\t<\/div>\n\t\t\t<\/div>\n\t\t\n\t\t\t\t\t<div class=\"edgt-team-info\">\n\t\t\t\t\t\t\t\t\t<div class=\"edgt-team-title-holder\">\n\t\t\t\t\t\t\t\t\t\t\t\t\t<h4 class=\"edgt-team-name\">\n\t\t\t\t\t\t\t\tKerry Brady\t\t\t\t\t\t\t<\/h4>\n\t\t\t\t\t\t\t\t\t\t\t\t\t\t\t\t\t\t\t<h6 class=\"edgt-team-position\">photographer<\/h6>\n\t\t\t\t\t\t\t\t\t\t\t<\/div>\n\t\t\t\t\n\t\t\t\t\n\t\t<\/div>\n\t<\/div>\n<\/div>[vc_empty_space][\/vc_column_inner][vc_column_inner offset=&#8221;vc_col-lg-4 vc_col-md-4&#8243;]<div class=\"edgt-team info-on-hover dark\">\n\t<div class=\"edgt-team-inner\">\n\t\t\t\t\t<div class=\"edgt-team-image\">\n                <img width=\"600\" height=\"600\" src=\"https:\/\/rene-gaston-lagorre.fr\/wp-content\/uploads\/2017\/04\/team-img-3.jpg\" class=\"attachment-full size-full\" alt=\"a\" decoding=\"async\" loading=\"lazy\" srcset=\"https:\/\/rene-gaston-lagorre.fr\/wp-content\/uploads\/2017\/04\/team-img-3.jpg 600w, https:\/\/rene-gaston-lagorre.fr\/wp-content\/uploads\/2017\/04\/team-img-3-300x300.jpg 300w, https:\/\/rene-gaston-lagorre.fr\/wp-content\/uploads\/2017\/04\/team-img-3-100x100.jpg 100w, https:\/\/rene-gaston-lagorre.fr\/wp-content\/uploads\/2017\/04\/team-img-3-150x150.jpg 150w, https:\/\/rene-gaston-lagorre.fr\/wp-content\/uploads\/2017\/04\/team-img-3-550x550.jpg 550w\" sizes=\"(max-width: 600px) 100vw, 600px\" \/>\n\t\t\t\t<div class=\"edgt-team-social-holder\">\n\t\t\t\t\t<div class=\"edgt-team-table normal\">\n\t\t\t\t\t\t<div class=\"edgt-team-social-inner\">\n\t\t\t\t\t\t\t<div class=\"edgt-team-social-wrapp\">\n\n\t\t\t\t\t\t\t\t    <span class=\"edgt-icon-shortcode normal   \"  >\n                    <a itemprop=\"url\" class=\"\" href=\"https:\/\/twitter.com\/\" target=\"_blank\">\n                    <i class=\"edgt-icon-font-awesome fa fa-twitter edgt-icon-element\" style=\"\" ><\/i>                    <\/a>\n            <\/span>\n    <span class=\"edgt-icon-shortcode normal   \"  >\n                    <a itemprop=\"url\" class=\"\" href=\"https:\/\/www.facebook.com\/\" target=\"_blank\">\n                    <i class=\"edgt-icon-font-awesome fa fa-facebook edgt-icon-element\" style=\"\" ><\/i>                    <\/a>\n            <\/span>\n    <span class=\"edgt-icon-shortcode normal   \"  >\n                    <a itemprop=\"url\" class=\"\" href=\"https:\/\/www.instagram.com\/\" target=\"_blank\">\n                    <i class=\"edgt-icon-font-awesome fa fa-instagram edgt-icon-element\" style=\"\" ><\/i>                    <\/a>\n            <\/span>\n    <span class=\"edgt-icon-shortcode normal   \"  >\n                    <a itemprop=\"url\" class=\"\" href=\"https:\/\/www.tumblr.com\/login\" target=\"_blank\">\n                    <i class=\"edgt-icon-font-awesome fa fa-tumblr edgt-icon-element\" style=\"\" ><\/i>                    <\/a>\n            <\/span>\n\n\t\t\t\t\t\t\t<\/div>\n\t\t\t\t\t\t<\/div>\n\t\t\t\t\t<\/div>\n\t\t\t\t<\/div>\n\t\t\t<\/div>\n\t\t\n\t\t\t\t\t<div class=\"edgt-team-info\">\n\t\t\t\t\t\t\t\t\t<div class=\"edgt-team-title-holder\">\n\t\t\t\t\t\t\t\t\t\t\t\t\t<h4 class=\"edgt-team-name\">\n\t\t\t\t\t\t\t\tJessie Pratt\t\t\t\t\t\t\t<\/h4>\n\t\t\t\t\t\t\t\t\t\t\t\t\t\t\t\t\t\t\t<h6 class=\"edgt-team-position\">photographer<\/h6>\n\t\t\t\t\t\t\t\t\t\t\t<\/div>\n\t\t\t\t\n\t\t\t\t\n\t\t<\/div>\n\t<\/div>\n<\/div>[vc_empty_space][\/vc_column_inner][\/vc_row_inner][\/vc_column][\/vc_row]<\/p>\n","protected":false},"excerpt":{"rendered":"<p>[vc_row simple_background_color=&#8221;#181818&#8243;][vc_column][vc_row_inner row_content_width=&#8221;grid&#8221; content_text_aligment=&#8221;center&#8221; css=&#8221;.vc_custom_1493039992538{padding-top: 100px !important;}&#8221;][vc_column_inner][vc_column_text] Design &amp; Photography [\/vc_column_text][vc_empty_space height=&#8221;10px&#8221;][vc_column_text] Fashion &amp; Me [\/vc_column_text][vc_empty_space][\/vc_column_inner][\/vc_row_inner][vc_row_inner row_content_width=&#8221;grid&#8221; css=&#8221;.vc_custom_1493895245515{padding-top: 104px !important;padding-bottom: 30px !important;}&#8221;][vc_column_inner offset=&#8221;vc_col-lg-6 vc_col-md-12&#8243;][\/vc_column_inner][vc_column_inner offset=&#8221;vc_col-lg-6 vc_col-md-12&#8243;][\/vc_column_inner][\/vc_row_inner][vc_row_inner row_content_width=&#8221;grid&#8221; css=&#8221;.vc_custom_1493040441412{padding-bottom: 125px !important;}&#8221;][vc_column_inner offset=&#8221;vc_col-lg-6 vc_col-md-12&#8243;][\/vc_column_inner][vc_column_inner offset=&#8221;vc_col-lg-6 vc_col-md-12&#8243;][\/vc_column_inner][\/vc_row_inner][\/vc_column][\/vc_row][vc_row row_type=&#8221;parallax&#8221; parallax_background_image=&#8221;10541&#8243;][vc_column][\/vc_column][\/vc_row][vc_row][vc_column][rev_slider_vc alias=&#8221;video-slider&#8221; enable_paspartu=&#8221;no&#8221;][\/vc_column][\/vc_row][vc_row][vc_column][vc_row_inner row_content_width=&#8221;grid&#8221; content_text_aligment=&#8221;center&#8221; css=&#8221;.vc_custom_1493042387812{padding-top: 95px !important;}&#8221;][vc_column_inner offset=&#8221;vc_col-lg-offset-0 vc_col-md-offset-0&#8243;][vc_column_text] design [&hellip;]<\/p>\n","protected":false},"author":1,"featured_media":0,"parent":0,"menu_order":0,"comment_status":"closed","ping_status":"closed","template":"full-width.php","meta":[],"_links":{"self":[{"href":"https:\/\/rene-gaston-lagorre.fr\/index.php\/wp-json\/wp\/v2\/pages\/10505"}],"collection":[{"href":"https:\/\/rene-gaston-lagorre.fr\/index.php\/wp-json\/wp\/v2\/pages"}],"about":[{"href":"https:\/\/rene-gaston-lagorre.fr\/index.php\/wp-json\/wp\/v2\/types\/page"}],"author":[{"embeddable":true,"href":"https:\/\/rene-gaston-lagorre.fr\/index.php\/wp-json\/wp\/v2\/users\/1"}],"replies":[{"embeddable":true,"href":"https:\/\/rene-gaston-lagorre.fr\/index.php\/wp-json\/wp\/v2\/comments?post=10505"}],"version-history":[{"count":0,"href":"https:\/\/rene-gaston-lagorre.fr\/index.php\/wp-json\/wp\/v2\/pages\/10505\/revisions"}],"wp:attachment":[{"href":"https:\/\/rene-gaston-lagorre.fr\/index.php\/wp-json\/wp\/v2\/media?parent=10505"}],"curies":[{"name":"wp","href":"https:\/\/api.w.org\/{rel}","templated":true}]}}