{"id":10943,"date":"2017-04-27T08:30:45","date_gmt":"2017-04-27T08:30:45","guid":{"rendered":"http:\/\/shade.edge-themes.com\/?page_id=10943"},"modified":"2017-04-27T08:30:45","modified_gmt":"2017-04-27T08:30:45","slug":"what-we-do","status":"publish","type":"page","link":"https:\/\/rene-gaston-lagorre.fr\/index.php\/what-we-do\/","title":{"rendered":"What We Do"},"content":{"rendered":"<p>[vc_row full_height=&#8221;yes&#8221; row_type=&#8221;parallax&#8221; parallax_background_image=&#8221;11423&#8243;][vc_column]<div class=\"edgt-elements-holder   edgt-one-column  edgt-responsive-mode-768 \" ><div class=\"edgt-eh-item    \"  data-item-class=\"edgt-eh-custom-5388\" data-1280-1600=\"15% 47% 14% 7%\" data-1024-1280=\"15% 42% 12% 7%\" data-768-1024=\"11% 31% 11% 10%\" data-680-768=\"18% 25% 18% 10%\" data-680=\"28% 10% 30% 5%\">\n\t<div class=\"edgt-eh-item-inner\">\n\t\t<div class=\"edgt-eh-item-content edgt-eh-custom-5388\" style=\"padding: 0% 50% 0% 16%\">\n\t\t\t[vc_column_text]<\/p>\n<h6>photography studio <span style=\"color: #fc4f4f;\">shade<\/span><\/h6>\n<p>[\/vc_column_text][vc_empty_space height=&#8221;7px&#8221;][vc_column_text]<\/p>\n<h1>our services<\/h1>\n<p>[\/vc_column_text][vc_empty_space height=&#8221;25px&#8221;]<h2 class=\"edgt-custom-font-holder  edgt-cf-3363\" style=\"font-family: Times New Roman;font-size: 18px;line-height: 28px;font-style: italic;letter-spacing: -0.01em;text-transform: none;color: #707070\" data-item-class=\"edgt-cf-3363\">\n\tLorem ipsum dolor sit amet, consectetuer adipiscing elit. Aenean commodo ligula eget dolor. Aenean massa. Cum sociis Theme natoque penatibus et magnis dis parturient montes, nascetur ridiculus mus. Aliquam lorem ante, dapibus in, viverra quis, feugiat a, tellus. Phasellus viverra nulla ut metus varius laoreet.<\/h2>[vc_empty_space height=&#8221;50px&#8221;]<div class=\"edgt-progress-bar  dark-skin\">\n\t<h6 class=\"edgt-pb-title-holder\">\n\t\t<span class=\"edgt-pb-title\">design<\/span>\n\t\t<span class=\"floating-procent-holder\">\n\t\t\t<span class=\"edgt-progress-number\">\n\t\t\t\t<span class=\"edgt-pb-percent\">0<\/span>\n\t\t\t\t<span class=\"edgt-down-arrow\"><\/span>\n\t\t\t<\/span>\n\t\t<\/span>\n\t<\/h6>\n\t<div class=\"edgt-pb-content-holder\">\n\t\t<div data-percentage=87 class=\"edgt-pb-content\"><\/div>\n\t<\/div>\n<\/div><div class=\"edgt-progress-bar  dark-skin\">\n\t<h6 class=\"edgt-pb-title-holder\">\n\t\t<span class=\"edgt-pb-title\">shooting<\/span>\n\t\t<span class=\"floating-procent-holder\">\n\t\t\t<span class=\"edgt-progress-number\">\n\t\t\t\t<span class=\"edgt-pb-percent\">0<\/span>\n\t\t\t\t<span class=\"edgt-down-arrow\"><\/span>\n\t\t\t<\/span>\n\t\t<\/span>\n\t<\/h6>\n\t<div class=\"edgt-pb-content-holder\">\n\t\t<div data-percentage=90 class=\"edgt-pb-content\"><\/div>\n\t<\/div>\n<\/div><div class=\"edgt-progress-bar  dark-skin\">\n\t<h6 class=\"edgt-pb-title-holder\">\n\t\t<span class=\"edgt-pb-title\">shooting<\/span>\n\t\t<span class=\"floating-procent-holder\">\n\t\t\t<span class=\"edgt-progress-number\">\n\t\t\t\t<span class=\"edgt-pb-percent\">0<\/span>\n\t\t\t\t<span class=\"edgt-down-arrow\"><\/span>\n\t\t\t<\/span>\n\t\t<\/span>\n\t<\/h6>\n\t<div class=\"edgt-pb-content-holder\">\n\t\t<div data-percentage=90 class=\"edgt-pb-content\"><\/div>\n\t<\/div>\n<\/div><div class=\"edgt-progress-bar  dark-skin\">\n\t<h6 class=\"edgt-pb-title-holder\">\n\t\t<span class=\"edgt-pb-title\">editorials<\/span>\n\t\t<span class=\"floating-procent-holder\">\n\t\t\t<span class=\"edgt-progress-number\">\n\t\t\t\t<span class=\"edgt-pb-percent\">0<\/span>\n\t\t\t\t<span class=\"edgt-down-arrow\"><\/span>\n\t\t\t<\/span>\n\t\t<\/span>\n\t<\/h6>\n\t<div class=\"edgt-pb-content-holder\">\n\t\t<div data-percentage=62 class=\"edgt-pb-content\"><\/div>\n\t<\/div>\n<\/div>\t\t<\/div>\n\t<\/div>\n<\/div><\/div>[\/vc_column][\/vc_row][vc_row css=&#8221;.vc_custom_1494242979595{background-image: url(http:\/\/shade.edge-themes.com\/wp-content\/uploads\/2017\/04\/our-services-img-1.png?id=11436) !important;background-position: center !important;background-repeat: no-repeat !important;background-size: cover !important;}&#8221;][vc_column][vc_row_inner row_content_width=&#8221;grid&#8221; content_text_aligment=&#8221;center&#8221; css=&#8221;.vc_custom_1495536568580{padding-top: 6% !important;}&#8221;][vc_column_inner][vc_column_text]<\/p>\n<h2><span style=\"color: #ffffff;\">Subscribe To Our Newsletter<\/span><\/h2>\n<p>[\/vc_column_text][vc_empty_space height=&#8221;30px&#8221;]<div class=\"edgt-elements-holder   edgt-one-column  edgt-responsive-mode-768 \" ><div class=\"edgt-eh-item   edgt-horizontal-alignment-center \"  data-item-class=\"edgt-eh-custom-6772\" data-1280-1600=\"0% 15%\" data-1024-1280=\"0% 12%\" data-768-1024=\"0% 14%\" data-680-768=\"0% 5%\" data-680=\"0% 5%\">\n\t<div class=\"edgt-eh-item-inner\">\n\t\t<div class=\"edgt-eh-item-content edgt-eh-custom-6772\" style=\"padding: 0% 19%\">\n\t\t\t<h2 class=\"edgt-custom-font-holder  edgt-cf-6537\" style=\"font-family: Times New Roman;font-size: 18px;line-height: 28px;font-style: italic;letter-spacing: -0.01em;text-transform: none;color: #ffffff\" data-item-class=\"edgt-cf-6537\">\n\tLorem ipsum dolor sit amet, consectetuer adipiscing elit. Aenean commodo ligula eget dolor. Aenean massa. Cum sociis Theme natoque penatibus et magnis dis parturient montes viverra quis, feugiat<\/h2>\t\t<\/div>\n\t<\/div>\n<\/div><\/div>[vc_empty_space height=&#8221;45px&#8221;][\/vc_column_inner][\/vc_row_inner][vc_row_inner row_content_width=&#8221;grid&#8221; content_text_aligment=&#8221;center&#8221; css=&#8221;.vc_custom_1495536561437{padding-bottom: 8% !important;}&#8221;][vc_column_inner offset=&#8221;vc_col-lg-offset-2 vc_col-lg-8 vc_col-md-offset-2 vc_col-md-8&#8243; css=&#8221;.vc_custom_1493822830773{padding-right: 5% !important;padding-left: 5% !important;}&#8221;][contact-form-7 id=&#8221;11245&#8243;][\/vc_column_inner][\/vc_row_inner][\/vc_column][\/vc_row][vc_row css=&#8221;.vc_custom_1494243032418{background-color: #fbfbfb !important;}&#8221;][vc_column][vc_row_inner row_content_width=&#8221;grid&#8221; content_text_aligment=&#8221;center&#8221; simple_background_color=&#8221;#fbfbfb&#8221; css=&#8221;.vc_custom_1494243449407{padding-top: 65px !important;padding-bottom: 37px !important;}&#8221;][vc_column_inner][vc_column_text]<\/p>\n<h6>design &amp; photographer<\/h6>\n<p>[\/vc_column_text][vc_empty_space height=&#8221;14px&#8221;][vc_column_text]<\/p>\n<h2>Creative Elements<\/h2>\n<p>[\/vc_column_text][vc_empty_space height=&#8221;20px&#8221;]<div class=\"edgt-elements-holder   edgt-one-column  edgt-responsive-mode-768 \" ><div class=\"edgt-eh-item   edgt-horizontal-alignment-center \"  data-item-class=\"edgt-eh-custom-3986\" data-1280-1600=\"0% 15%\" data-1024-1280=\"0% 12%\" data-768-1024=\"0% 14%\" data-680-768=\"0% 5%\" data-680=\"0% 5%\">\n\t<div class=\"edgt-eh-item-inner\">\n\t\t<div class=\"edgt-eh-item-content edgt-eh-custom-3986\" style=\"padding: 0% 19%\">\n\t\t\t<h2 class=\"edgt-custom-font-holder  edgt-cf-7733\" style=\"font-family: Times New Roman;font-size: 18px;line-height: 28px;font-style: italic;letter-spacing: -0.01em;text-transform: none;color: #707070\" data-item-class=\"edgt-cf-7733\">\n\tLorem ipsum dolor sit amet, consectetuer adipiscing elit. Aenean commodo ligula eget dolor. Aenean massa. Cum sociis Theme natoque penatibus et magnis dis parturient montes viverra quis, feugiat<\/h2>\t\t<\/div>\n\t<\/div>\n<\/div><\/div>[\/vc_column_inner][\/vc_row_inner][\/vc_column][\/vc_row][vc_row css=&#8221;.vc_custom_1494243468865{padding-bottom: 80px !important;background-color: #fbfbfb !important;}&#8221;][vc_column][vc_row_inner row_content_width=&#8221;grid&#8221;][vc_column_inner]<div class=\"edgt-pricing-tables clearfix  edgt-four-columns edgt-pt-normal-space\"><div class=\"edgt-pt-wrapper\"><div class=\"edgt-price-table \">\n\t<div class=\"edgt-pt-inner\" style=\"background-color: #fff\">\n\t\t<ul>\n\t\t\t<li class=\"edgt-pt-title-holder\">\n\t\t\t\t<h4 class=\"edgt-pt-title\" >package 01<\/h4>\n\t\t\t<\/li>\n\t\t\t<li class=\"edgt-pt-prices\">\n\t\t\t\t<h4\t class=\"edgt-pt-price\" >250<\/h4>\n\t\t\t\t<span class=\"edgt-pt-value\" >$<\/span>\n\t\t\t\t\t\t\t<\/li>\n\t\t\t<li class=\"edgt-pt-content\">\n\t\t\t\t\n<ul>\n<li>60 Minutes Session<\/li>\n<li>Photo Editing<\/li>\n<li>10 Digital Editing<\/li>\n<li>Online Gallery<\/li>\n<li>1 Photographer<\/li>\n<\/ul>\n\t\t\t<\/li>\n\t\t\t\t\t\t\t<li class=\"edgt-pt-button\">\n\t\t\t\t\t<a itemprop=\"url\" href=\"#\" target=\"_self\"  class=\"edgt-btn edgt-btn-medium edgt-btn-outline dark\"  >    <span class=\"edgt-btn-text\">read more<\/span>        <\/a>\t\t\t\t<\/li>\t\t\t\t\n\t\t\t\t\t<\/ul>\n\t<\/div>\n<\/div><div class=\"edgt-price-table \">\n\t<div class=\"edgt-pt-inner\" style=\"background-color: #fff\">\n\t\t<ul>\n\t\t\t<li class=\"edgt-pt-title-holder\">\n\t\t\t\t<h4 class=\"edgt-pt-title\" >package 02<\/h4>\n\t\t\t<\/li>\n\t\t\t<li class=\"edgt-pt-prices\">\n\t\t\t\t<h4\t class=\"edgt-pt-price\" >270<\/h4>\n\t\t\t\t<span class=\"edgt-pt-value\" >$<\/span>\n\t\t\t\t\t\t\t<\/li>\n\t\t\t<li class=\"edgt-pt-content\">\n\t\t\t\t\n<ul>\n<li>60 Minutes Session<\/li>\n<li>Photo Editing<\/li>\n<li>10 Digital Editing<\/li>\n<li>Online Gallery<\/li>\n<li>1 Photographer<\/li>\n<\/ul>\n\t\t\t<\/li>\n\t\t\t\t\t\t\t<li class=\"edgt-pt-button\">\n\t\t\t\t\t<a itemprop=\"url\" href=\"#\" target=\"_self\"  class=\"edgt-btn edgt-btn-medium edgt-btn-outline dark\"  >    <span class=\"edgt-btn-text\">read more<\/span>        <\/a>\t\t\t\t<\/li>\t\t\t\t\n\t\t\t\t\t<\/ul>\n\t<\/div>\n<\/div><div class=\"edgt-price-table \">\n\t<div class=\"edgt-pt-inner\" style=\"background-color: #fff\">\n\t\t<ul>\n\t\t\t<li class=\"edgt-pt-title-holder\">\n\t\t\t\t<h4 class=\"edgt-pt-title\" >package 03<\/h4>\n\t\t\t<\/li>\n\t\t\t<li class=\"edgt-pt-prices\">\n\t\t\t\t<h4\t class=\"edgt-pt-price\" >300<\/h4>\n\t\t\t\t<span class=\"edgt-pt-value\" >$<\/span>\n\t\t\t\t\t\t\t<\/li>\n\t\t\t<li class=\"edgt-pt-content\">\n\t\t\t\t\n<ul>\n<li>60 Minutes Session<\/li>\n<li>Photo Editing<\/li>\n<li>10 Digital Editing<\/li>\n<li>Online Gallery<\/li>\n<li>1 Photographer<\/li>\n<\/ul>\n\t\t\t<\/li>\n\t\t\t\t\t\t\t<li class=\"edgt-pt-button\">\n\t\t\t\t\t<a itemprop=\"url\" href=\"#\" target=\"_self\"  class=\"edgt-btn edgt-btn-medium edgt-btn-outline dark\"  >    <span class=\"edgt-btn-text\">read more<\/span>        <\/a>\t\t\t\t<\/li>\t\t\t\t\n\t\t\t\t\t<\/ul>\n\t<\/div>\n<\/div><div class=\"edgt-price-table \">\n\t<div class=\"edgt-pt-inner\" style=\"background-color: #fff\">\n\t\t<ul>\n\t\t\t<li class=\"edgt-pt-title-holder\">\n\t\t\t\t<h4 class=\"edgt-pt-title\" >package 01<\/h4>\n\t\t\t<\/li>\n\t\t\t<li class=\"edgt-pt-prices\">\n\t\t\t\t<h4\t class=\"edgt-pt-price\" >320<\/h4>\n\t\t\t\t<span class=\"edgt-pt-value\" >$<\/span>\n\t\t\t\t\t\t\t<\/li>\n\t\t\t<li class=\"edgt-pt-content\">\n\t\t\t\t\n<ul>\n<li>60 Minutes Session<\/li>\n<li>Photo Editing<\/li>\n<li>10 Digital Editing<\/li>\n<li>Online Gallery<\/li>\n<li>1 Photographer<\/li>\n<\/ul>\n\t\t\t<\/li>\n\t\t\t\t\t\t\t<li class=\"edgt-pt-button\">\n\t\t\t\t\t<a itemprop=\"url\" href=\"#\" target=\"_self\"  class=\"edgt-btn edgt-btn-medium edgt-btn-outline dark\"  >    <span class=\"edgt-btn-text\">read more<\/span>        <\/a>\t\t\t\t<\/li>\t\t\t\t\n\t\t\t\t\t<\/ul>\n\t<\/div>\n<\/div><\/div><\/div>[\/vc_column_inner][\/vc_row_inner][\/vc_column][\/vc_row][vc_row row_type=&#8221;parallax&#8221; parallax_background_image=&#8221;12607&#8243;][vc_column]<div class=\"edgt-elements-holder   edgt-one-column  edgt-responsive-mode-768 \" ><div class=\"edgt-eh-item   edgt-horizontal-alignment-center \"  data-item-class=\"edgt-eh-custom-3010\">\n\t<div class=\"edgt-eh-item-inner\">\n\t\t<div class=\"edgt-eh-item-content edgt-eh-custom-3010\" style=\"padding: 4% 0% 6.5% 0%\">\n\t\t\t<div class=\"edgt-testimonials-holder edgt-testimonials-navigation edgt-testimonials-standard edgt-testimonials-light clearfix\"><div class=\"edgt-grid\"><div class=\"edgt-testimonials edgt-owl-testimonials edgt-testimonials-navigation\" data-enable-loop=\"yes\" data-enable-autoplay=\"yes\" data-slider-speed=\"5000\" data-slider-speed-animation=\"600\" data-enable-navigation=\"yes\" data-enable-pagination=\"yes\"><div class=\"edgt-testimonial-content\" id=\"edgt-testimonials-10552\">\n        <div class=\"edgt-testimonial-text-holder\">\n                    <h6 class=\"edgt-testimonial-author\">Vu par ses amis<\/h6>\n                            <h2 itemprop=\"name\" class=\"edgt-testimonial-title entry-title\">Ryton Cazenave<\/h2>\n                            <p class=\"edgt-testimonial-text\">J\u2019ai connu Lagorre, j\u2019ai voyag\u00e9 et travaill\u00e9 avec lui pendant cinquante ans ! C\u2019est un peintre exceptionnel.<\/p>\n            <\/div>\n<\/div><div class=\"edgt-testimonial-content\" id=\"edgt-testimonials-10551\">\n        <div class=\"edgt-testimonial-text-holder\">\n                    <h6 class=\"edgt-testimonial-author\">Vu par ses amis<\/h6>\n                            <h2 itemprop=\"name\" class=\"edgt-testimonial-title entry-title\">Ren\u00e9-Victor PILHES<\/h2>\n                            <p class=\"edgt-testimonial-text\"> Du plus loin qu\u2019il m\u2019en souvienne, \u00e0 savoir des lustres, en notre commun village de Seix en Couserans, le personnage n\u2019a pas chang\u00e9\u00a0: petit bonhomme sec, cep des Corbi\u00e8res, p\u00e9tillant, et aujourd\u2019hui, \u00e0 90 ans, immuable, droit comme un I.  Un visage \u00e9clair\u00e9 par l\u2019intelligence, la malice, la bont\u00e9.<\/p>\n            <\/div>\n<\/div><div class=\"edgt-testimonial-content\" id=\"edgt-testimonials-10540\">\n        <div class=\"edgt-testimonial-text-holder\">\n                    <h6 class=\"edgt-testimonial-author\">Vu par ses amis<\/h6>\n                            <h2 itemprop=\"name\" class=\"edgt-testimonial-title entry-title\">Jacques Thibal<\/h2>\n                            <p class=\"edgt-testimonial-text\">Il y a de la lumi\u00e8re, beaucoup de lumi\u00e8re dans les toiles de Lagorre, une lumi\u00e8re qui \u00e9clate, qui inonde tous les d\u00e9tails...<\/p>\n            <\/div>\n<\/div><\/div><\/div><div class=\"edgt-tes-nav edgt-tes-controls\"><span class=\"edgt-tes-nav-prev\"><span class=\"edgt-icon-line\"><\/span><\/span><span class=\"edgt-tes-nav-next\"><span class=\"edgt-icon-line\"><\/span><\/span><\/div><\/div>\t\t<\/div>\n\t<\/div>\n<\/div><\/div>[\/vc_column][\/vc_row][vc_row css=&#8221;.vc_custom_1494244305295{padding-top: 0px !important;}&#8221;][vc_column css=&#8221;.vc_custom_1494244321431{padding-top: 0px !important;}&#8221;]<div class=\"edgt-elements-holder   edgt-two-columns  edgt-responsive-mode-768 \" ><div class=\"edgt-eh-item    \" style=\"background-image: url()\" data-item-class=\"edgt-eh-custom-5270\" data-1280-1600=\"10% 10%\" data-1024-1280=\"0% 8% 0% 12%\" data-768-1024=\"15% 8% 10% 14%\" data-680-768=\"15% 15% 15% 15%\" data-680=\"20% 14% 20% 10%\">\n\t<div class=\"edgt-eh-item-inner\">\n\t\t<div class=\"edgt-eh-item-content edgt-eh-custom-5270\" style=\"padding: 0% 14% 0% 33%\">\n\t\t\t[vc_column_text]<\/p>\n<h6><span style=\"color: #ffffff;\">something<\/span><\/h6>\n<p>[\/vc_column_text][vc_empty_space height=&#8221;10px&#8221;][vc_column_text]<\/p>\n<h2><span style=\"color: #ffffff;\">few words<\/span><\/h2>\n<p>[\/vc_column_text][vc_empty_space height=&#8221;10px&#8221;][vc_column_text]<span style=\"color: #ffffff;\">Lorem ipsum dolor sit amet, consectetuer adipiscing elit. Aenean commodo ligula eget dolor. Aenean massa. Cum sociis Theme natoque penatibus et magnis dis parturient montes, nascetur ridiculus mus. Aliquam lorem ante, dapibus in, viverra quis, feugiat a, tellus. Phasellus viverra nulla ut metus varius laoreet. Quisque rutrum. Aenean imperdiet. Etiam ultricies nisi vel augue. Curabitur ullamcorper ultricies nisi. Nam eget dui. Etiam rhoncus. Maecenas tempus, tellus eget condimentum rhoncus, sem quam semper libero, sit amet adipiscing sem neque sed ipsum. Nam quam nunc, blandit vel, luctus pulvinar, hendrerit id, lorem. Maecenas nec odio et ante tincidunt tempus. Donec vitae sapien ut libero venenatis faucibus. Nullam quis ante. Etiam sit amet orci eget eros faucibus tincidunt.<\/span>[\/vc_column_text][vc_empty_space height=&#8221;30px&#8221;][vc_single_image image=&#8221;11031&#8243; img_size=&#8221;full&#8221;]\t\t<\/div>\n\t<\/div>\n<\/div><div class=\"edgt-eh-item    \" style=\"background-image: url()\" data-item-class=\"edgt-eh-custom-7737\" data-1024-1280=\"30% 0%\">\n\t<div class=\"edgt-eh-item-inner\">\n\t\t<div class=\"edgt-eh-item-content edgt-eh-custom-7737\" style=\"padding: 21% 0%\">\n\t\t\t[vc_single_image image=&#8221;11024&#8243; img_size=&#8221;full&#8221; alignment=&#8221;center&#8221;]\t\t<\/div>\n\t<\/div>\n<\/div><\/div>[\/vc_column][\/vc_row][vc_row css=&#8221;.vc_custom_1493293962504{padding-top: 75px !important;padding-bottom: 100px !important;background-color: #f7f7f7 !important;}&#8221;][vc_column][vc_row_inner row_content_width=&#8221;grid&#8221;][vc_column_inner]<div class=\"edgt-clients-carousel-holder  edgt-cc-hover-roll-over\">\n\t<div class=\"edgt-cc-inner edgt-owl-slider\" data-number-of-items=\"5\" data-enable-loop=\"yes\" data-enable-autoplay=\"yes\" data-slider-speed=\"3000\" data-slider-speed-animation=\"600\" data-enable-navigation=\"no\" data-enable-pagination=\"no\">\n\t\t<div class=\"edgt-cc-item\">\n\t\t\t<a itemprop=\"url\" class=\"edgt-cc-link edgt-block-drag-link\" href=\"#\" target=\"_self\">\n\t\t\t\t\t\t<img itemprop=\"image\" class=\"edgt-cc-image\" src=\"\" alt=\"\" \/>\n\t\t\t\t\t\t\t<img itemprop=\"image\" class=\"edgt-cc-hover-image\" src=\"\" alt=\"\" \/>\n\t\t\t\t\t<\/a>\n\t<\/div><div class=\"edgt-cc-item\">\n\t\t\t<a itemprop=\"url\" class=\"edgt-cc-link edgt-block-drag-link\" href=\"#\" target=\"_self\">\n\t\t\t\t\t\t<img itemprop=\"image\" class=\"edgt-cc-image\" src=\"\" alt=\"\" \/>\n\t\t\t\t\t\t\t<img itemprop=\"image\" class=\"edgt-cc-hover-image\" src=\"\" alt=\"\" \/>\n\t\t\t\t\t<\/a>\n\t<\/div><div class=\"edgt-cc-item\">\n\t\t\t<a itemprop=\"url\" class=\"edgt-cc-link edgt-block-drag-link\" href=\"#\" target=\"_self\">\n\t\t\t\t\t\t<img itemprop=\"image\" class=\"edgt-cc-image\" src=\"\" alt=\"\" \/>\n\t\t\t\t\t\t\t<img itemprop=\"image\" class=\"edgt-cc-hover-image\" src=\"\" alt=\"\" \/>\n\t\t\t\t\t<\/a>\n\t<\/div><div class=\"edgt-cc-item\">\n\t\t\t<a itemprop=\"url\" class=\"edgt-cc-link edgt-block-drag-link\" href=\"#\" target=\"_self\">\n\t\t\t\t\t\t<img itemprop=\"image\" class=\"edgt-cc-image\" src=\"\" alt=\"\" \/>\n\t\t\t\t\t\t\t<img itemprop=\"image\" class=\"edgt-cc-hover-image\" src=\"\" alt=\"\" \/>\n\t\t\t\t\t<\/a>\n\t<\/div><div class=\"edgt-cc-item\">\n\t\t\t<a itemprop=\"url\" class=\"edgt-cc-link edgt-block-drag-link\" href=\"#\" target=\"_self\">\n\t\t\t\t\t\t<img itemprop=\"image\" class=\"edgt-cc-image\" src=\"\" alt=\"\" \/>\n\t\t\t\t\t\t\t<img itemprop=\"image\" class=\"edgt-cc-hover-image\" src=\"\" alt=\"\" \/>\n\t\t\t\t\t<\/a>\n\t<\/div><div class=\"edgt-cc-item\">\n\t\t\t<a itemprop=\"url\" class=\"edgt-cc-link edgt-block-drag-link\" href=\"#\" target=\"_self\">\n\t\t\t\t\t\t<img itemprop=\"image\" class=\"edgt-cc-image\" src=\"\" alt=\"\" \/>\n\t\t\t\t\t\t\t<img itemprop=\"image\" class=\"edgt-cc-hover-image\" src=\"\" alt=\"\" \/>\n\t\t\t\t\t<\/a>\n\t<\/div><div class=\"edgt-cc-item\">\n\t\t\t\t\t\t<img itemprop=\"image\" class=\"edgt-cc-image\" src=\"\" alt=\"\" \/>\n\t\t\t\t\t\t\t<img itemprop=\"image\" class=\"edgt-cc-hover-image\" src=\"\" alt=\"\" \/>\n\t\t\t<\/div><div class=\"edgt-cc-item\">\n\t\t\t<a itemprop=\"url\" class=\"edgt-cc-link edgt-block-drag-link\" href=\"#\" target=\"_self\">\n\t\t\t\t\t\t<img itemprop=\"image\" class=\"edgt-cc-image\" src=\"\" alt=\"\" \/>\n\t\t\t\t\t\t\t<img itemprop=\"image\" class=\"edgt-cc-hover-image\" src=\"\" alt=\"\" \/>\n\t\t\t\t\t<\/a>\n\t<\/div>\t<\/div>\n<\/div>[\/vc_column_inner][\/vc_row_inner][\/vc_column][\/vc_row]<\/p>\n","protected":false},"excerpt":{"rendered":"<p>[vc_row full_height=&#8221;yes&#8221; row_type=&#8221;parallax&#8221; parallax_background_image=&#8221;11423&#8243;][vc_column][\/vc_column][\/vc_row][vc_row css=&#8221;.vc_custom_1494242979595{background-image: url(http:\/\/shade.edge-themes.com\/wp-content\/uploads\/2017\/04\/our-services-img-1.png?id=11436) !important;background-position: center !important;background-repeat: no-repeat !important;background-size: cover !important;}&#8221;][vc_column][vc_row_inner row_content_width=&#8221;grid&#8221; content_text_aligment=&#8221;center&#8221; css=&#8221;.vc_custom_1495536568580{padding-top: 6% !important;}&#8221;][vc_column_inner][vc_column_text] Subscribe To Our Newsletter [\/vc_column_text][vc_empty_space height=&#8221;30px&#8221;][vc_empty_space height=&#8221;45px&#8221;][\/vc_column_inner][\/vc_row_inner][vc_row_inner row_content_width=&#8221;grid&#8221; content_text_aligment=&#8221;center&#8221; css=&#8221;.vc_custom_1495536561437{padding-bottom: 8% !important;}&#8221;][vc_column_inner offset=&#8221;vc_col-lg-offset-2 vc_col-lg-8 vc_col-md-offset-2 vc_col-md-8&#8243; css=&#8221;.vc_custom_1493822830773{padding-right: 5% !important;padding-left: 5% !important;}&#8221;][contact-form-7 id=&#8221;11245&#8243;][\/vc_column_inner][\/vc_row_inner][\/vc_column][\/vc_row][vc_row css=&#8221;.vc_custom_1494243032418{background-color: #fbfbfb !important;}&#8221;][vc_column][vc_row_inner row_content_width=&#8221;grid&#8221; content_text_aligment=&#8221;center&#8221; simple_background_color=&#8221;#fbfbfb&#8221; [&hellip;]<\/p>\n","protected":false},"author":1,"featured_media":0,"parent":0,"menu_order":0,"comment_status":"closed","ping_status":"closed","template":"full-width.php","meta":[],"_links":{"self":[{"href":"https:\/\/rene-gaston-lagorre.fr\/index.php\/wp-json\/wp\/v2\/pages\/10943"}],"collection":[{"href":"https:\/\/rene-gaston-lagorre.fr\/index.php\/wp-json\/wp\/v2\/pages"}],"about":[{"href":"https:\/\/rene-gaston-lagorre.fr\/index.php\/wp-json\/wp\/v2\/types\/page"}],"author":[{"embeddable":true,"href":"https:\/\/rene-gaston-lagorre.fr\/index.php\/wp-json\/wp\/v2\/users\/1"}],"replies":[{"embeddable":true,"href":"https:\/\/rene-gaston-lagorre.fr\/index.php\/wp-json\/wp\/v2\/comments?post=10943"}],"version-history":[{"count":0,"href":"https:\/\/rene-gaston-lagorre.fr\/index.php\/wp-json\/wp\/v2\/pages\/10943\/revisions"}],"wp:attachment":[{"href":"https:\/\/rene-gaston-lagorre.fr\/index.php\/wp-json\/wp\/v2\/media?parent=10943"}],"curies":[{"name":"wp","href":"https:\/\/api.w.org\/{rel}","templated":true}]}}