{"id":11145,"date":"2017-04-27T14:56:38","date_gmt":"2017-04-27T14:56:38","guid":{"rendered":"http:\/\/shade.edge-themes.com\/?page_id=11145"},"modified":"2017-04-27T14:56:38","modified_gmt":"2017-04-27T14:56:38","slug":"what-we-offer","status":"publish","type":"page","link":"https:\/\/rene-gaston-lagorre.fr\/index.php\/what-we-offer\/","title":{"rendered":"What We Offer"},"content":{"rendered":"<p>[vc_row row_type=&#8221;parallax&#8221; parallax_background_image=&#8221;11909&#8243;][vc_column]<div class=\"edgt-elements-holder   edgt-one-column  edgt-responsive-mode-768 \" ><div class=\"edgt-eh-item    \"  data-item-class=\"edgt-eh-custom-7852\" data-1280-1600=\"15% 54% 15% 7%\" data-1024-1280=\"18% 50% 16% 7%\" data-768-1024=\"11% 39% 10% 10%\" data-680-768=\"15% 34% 15% 10%\" data-680=\"20% 13% 20% 6%\">\n\t<div class=\"edgt-eh-item-inner\">\n\t\t<div class=\"edgt-eh-item-content edgt-eh-custom-7852\" style=\"padding: 13.7% 56% 15% 16%\">\n\t\t\t[vc_column_text]<\/p>\n<h6>photography studio shade<\/h6>\n<p>[\/vc_column_text][vc_empty_space height=&#8221;6px&#8221;][vc_column_text]<\/p>\n<h1>get in touch<\/h1>\n<p>[\/vc_column_text][vc_empty_space height=&#8221;27px&#8221;]<h2 class=\"edgt-custom-font-holder  edgt-cf-7967\" style=\"font-family: Times New Roman;font-size: 18px;line-height: 28px;font-style: italic;letter-spacing: -0.01em;text-transform: none;color: #707070\" data-item-class=\"edgt-cf-7967\">\n\tLorem ipsum dolor sit amet, consectetuer adipiscing elit. Aenean commodo ligula eget dolor. Aenean massa. Cum sociis Theme natoque penatibus et magnis dis parturient montes, nascetur ridiculus mus.<\/h2>\t\t<\/div>\n\t<\/div>\n<\/div><\/div>[\/vc_column][\/vc_row][vc_row row_content_width=&#8221;grid&#8221;][vc_column offset=&#8221;vc_col-lg-6 vc_col-md-12&#8243;]<div class=\"edgt-elements-holder   edgt-one-column  edgt-responsive-mode-768 \" ><div class=\"edgt-eh-item    \"  data-item-class=\"edgt-eh-custom-1810\" data-1280-1600=\"19.5% 11% 19% 0%\" data-1024-1280=\"18.5% 8% 23% 5%\" data-768-1024=\"14% 10% 0% 0%\" data-680-768=\"20% 10% 0% 0%\" data-680=\"26.5% 9% 15% 5%\">\n\t<div class=\"edgt-eh-item-inner\">\n\t\t<div class=\"edgt-eh-item-content edgt-eh-custom-1810\" style=\"padding: 18.5% 11% 23% 0%\">\n\t\t\t[vc_column_text]<\/p>\n<h6>photography<\/h6>\n<p>[\/vc_column_text][vc_empty_space height=&#8221;11px&#8221;][vc_column_text]<\/p>\n<h2>our services<\/h2>\n<p>[\/vc_column_text][vc_empty_space height=&#8221;13px&#8221;][vc_column_text]Lorem ipsum dolor sit amet, consectetuer adipiscing elit. Aenean commodo ligula eget dolor. Aenean massa. Cum sociis Theme natoque penatibus et magnis dis parturient montes, nascetur ridiculus mus. Aliquam lorem ante, dapibus in, viverra quis, feugiat a, tellus. Phasellus viverra nulla ut metus varius laoreet. Quisque rutrum. Aenean imperdiet. Etiam ultricies nisi vel augue. Curabitur ullamcorper ultricies nisi. Nam eget dui. Etiam rhoncus.[\/vc_column_text]\t\t<\/div>\n\t<\/div>\n<\/div><\/div>[\/vc_column][vc_column offset=&#8221;vc_col-lg-6 vc_col-md-12&#8243;]<div class=\"edgt-elements-holder   edgt-one-column  edgt-responsive-mode-768 \" ><div class=\"edgt-eh-item    \"  data-item-class=\"edgt-eh-custom-9775\" data-1280-1600=\"15.5% 5% 5% 8%\" data-1024-1280=\"18% 5% 5% 8%\" data-768-1024=\"7% 5% 13% 0%\" data-680-768=\"10% 10% 20% 0%\" data-680=\"0% 5% 30% 5%\">\n\t<div class=\"edgt-eh-item-inner\">\n\t\t<div class=\"edgt-eh-item-content edgt-eh-custom-9775\" style=\"padding: 14% 5% 5% 8%\">\n\t\t\t<div class=\"edgt-progress-bar  dark-skin\">\n\t<h6 class=\"edgt-pb-title-holder\">\n\t\t<span class=\"edgt-pb-title\">design<\/span>\n\t\t<span class=\"floating-procent-holder\">\n\t\t\t<span class=\"edgt-progress-number\">\n\t\t\t\t<span class=\"edgt-pb-percent\">0<\/span>\n\t\t\t\t<span class=\"edgt-down-arrow\"><\/span>\n\t\t\t<\/span>\n\t\t<\/span>\n\t<\/h6>\n\t<div class=\"edgt-pb-content-holder\">\n\t\t<div data-percentage=87 class=\"edgt-pb-content\"><\/div>\n\t<\/div>\n<\/div><div class=\"edgt-progress-bar  dark-skin\">\n\t<h6 class=\"edgt-pb-title-holder\">\n\t\t<span class=\"edgt-pb-title\">shooting<\/span>\n\t\t<span class=\"floating-procent-holder\">\n\t\t\t<span class=\"edgt-progress-number\">\n\t\t\t\t<span class=\"edgt-pb-percent\">0<\/span>\n\t\t\t\t<span class=\"edgt-down-arrow\"><\/span>\n\t\t\t<\/span>\n\t\t<\/span>\n\t<\/h6>\n\t<div class=\"edgt-pb-content-holder\">\n\t\t<div data-percentage=90 class=\"edgt-pb-content\"><\/div>\n\t<\/div>\n<\/div><div class=\"edgt-progress-bar  dark-skin\">\n\t<h6 class=\"edgt-pb-title-holder\">\n\t\t<span class=\"edgt-pb-title\">shooting<\/span>\n\t\t<span class=\"floating-procent-holder\">\n\t\t\t<span class=\"edgt-progress-number\">\n\t\t\t\t<span class=\"edgt-pb-percent\">0<\/span>\n\t\t\t\t<span class=\"edgt-down-arrow\"><\/span>\n\t\t\t<\/span>\n\t\t<\/span>\n\t<\/h6>\n\t<div class=\"edgt-pb-content-holder\">\n\t\t<div data-percentage=90 class=\"edgt-pb-content\"><\/div>\n\t<\/div>\n<\/div><div class=\"edgt-progress-bar  dark-skin\">\n\t<h6 class=\"edgt-pb-title-holder\">\n\t\t<span class=\"edgt-pb-title\">editorials<\/span>\n\t\t<span class=\"floating-procent-holder\">\n\t\t\t<span class=\"edgt-progress-number\">\n\t\t\t\t<span class=\"edgt-pb-percent\">0<\/span>\n\t\t\t\t<span class=\"edgt-down-arrow\"><\/span>\n\t\t\t<\/span>\n\t\t<\/span>\n\t<\/h6>\n\t<div class=\"edgt-pb-content-holder\">\n\t\t<div data-percentage=62 class=\"edgt-pb-content\"><\/div>\n\t<\/div>\n<\/div>\t\t<\/div>\n\t<\/div>\n<\/div><\/div>[\/vc_column][\/vc_row][vc_row row_type=&#8221;parallax&#8221; parallax_background_image=&#8221;12603&#8243;][vc_column][vc_row_inner row_content_width=&#8221;grid&#8221; content_text_aligment=&#8221;center&#8221; css=&#8221;.vc_custom_1495536707468{padding-top: 9% !important;}&#8221;][vc_column_inner][vc_column_text]<\/p>\n<h2><span style=\"color: #ffffff;\">Subscribe To Our Newsletter<\/span><\/h2>\n<p>[\/vc_column_text][vc_empty_space height=&#8221;30px&#8221;]<div class=\"edgt-elements-holder   edgt-one-column  edgt-responsive-mode-768 \" ><div class=\"edgt-eh-item   edgt-horizontal-alignment-center \"  data-item-class=\"edgt-eh-custom-5277\" data-1280-1600=\"0% 15%\" data-1024-1280=\"0% 12%\" data-768-1024=\"0% 14%\" data-680-768=\"0% 5%\" data-680=\"0% 5%\">\n\t<div class=\"edgt-eh-item-inner\">\n\t\t<div class=\"edgt-eh-item-content edgt-eh-custom-5277\" style=\"padding: 0% 19%\">\n\t\t\t<h2 class=\"edgt-custom-font-holder  edgt-cf-6500\" style=\"font-family: Times New Roman;font-size: 18px;line-height: 28px;font-style: italic;letter-spacing: -0.01em;text-transform: none;color: #dedede\" data-item-class=\"edgt-cf-6500\">\n\tLorem ipsum dolor sit amet, consectetuer adipiscing elit. Aenean commodo ligula eget dolor. Aenean massa. Cum sociis Theme natoque penatibus et magnis dis parturient montes viverra quis, feugiat<\/h2>\t\t<\/div>\n\t<\/div>\n<\/div><\/div>[vc_empty_space height=&#8221;45px&#8221;][\/vc_column_inner][\/vc_row_inner][vc_row_inner row_content_width=&#8221;grid&#8221; content_text_aligment=&#8221;center&#8221; css=&#8221;.vc_custom_1494339007028{padding-bottom: 8.5% !important;}&#8221;][vc_column_inner offset=&#8221;vc_col-lg-offset-2 vc_col-lg-8 vc_col-md-offset-2 vc_col-md-8&#8243; css=&#8221;.vc_custom_1493822830773{padding-right: 5% !important;padding-left: 5% !important;}&#8221;][contact-form-7 id=&#8221;11245&#8243;][\/vc_column_inner][\/vc_row_inner][\/vc_column][\/vc_row][vc_row disable_background_image=&#8221;&#8221; simple_background_image=&#8221;11929&#8243;][vc_column][vc_row_inner row_content_width=&#8221;grid&#8221; content_text_aligment=&#8221;center&#8221; css=&#8221;.vc_custom_1494250346384{padding-top: 100px !important;padding-bottom: 65px !important;}&#8221;][vc_column_inner][vc_column_text]<\/p>\n<h6>design &amp; photographer<\/h6>\n<p>[\/vc_column_text][vc_empty_space height=&#8221;14px&#8221;][vc_column_text]<\/p>\n<h2>Creative Elements<\/h2>\n<p>[\/vc_column_text][vc_empty_space height=&#8221;20px&#8221;]<div class=\"edgt-elements-holder   edgt-one-column  edgt-responsive-mode-768 \" ><div class=\"edgt-eh-item   edgt-horizontal-alignment-center \"  data-item-class=\"edgt-eh-custom-1938\" data-1280-1600=\"0% 15%\" data-1024-1280=\"0% 12%\" data-768-1024=\"0% 14%\" data-680-768=\"0% 5%\" data-680=\"0% 5%\">\n\t<div class=\"edgt-eh-item-inner\">\n\t\t<div class=\"edgt-eh-item-content edgt-eh-custom-1938\" style=\"padding: 0% 19%\">\n\t\t\t<h2 class=\"edgt-custom-font-holder  edgt-cf-6377\" style=\"font-family: Times New Roman;font-size: 18px;line-height: 28px;font-style: italic;letter-spacing: -0.01em;text-transform: none;color: #707070\" data-item-class=\"edgt-cf-6377\">\n\tLorem ipsum dolor sit amet, consectetuer adipiscing elit. Aenean commodo ligula eget dolor. Aenean massa. Cum sociis Theme natoque penatibus et magnis dis parturient montes viverra quis, feugiat<\/h2>\t\t<\/div>\n\t<\/div>\n<\/div><\/div>[\/vc_column_inner][\/vc_row_inner][vc_row_inner row_content_width=&#8221;grid&#8221; css=&#8221;.vc_custom_1494250429208{padding-bottom: 87px !important;}&#8221;][vc_column_inner]<div class=\"edgt-pricing-tables clearfix  edgt-four-columns edgt-pt-normal-space\"><div class=\"edgt-pt-wrapper\"><div class=\"edgt-price-table \">\n\t<div class=\"edgt-pt-inner\" style=\"background-color: #fff\">\n\t\t<ul>\n\t\t\t<li class=\"edgt-pt-title-holder\">\n\t\t\t\t<h4 class=\"edgt-pt-title\" >package 01<\/h4>\n\t\t\t<\/li>\n\t\t\t<li class=\"edgt-pt-prices\">\n\t\t\t\t<h4\t class=\"edgt-pt-price\" >250<\/h4>\n\t\t\t\t<span class=\"edgt-pt-value\" >$<\/span>\n\t\t\t\t\t\t\t<\/li>\n\t\t\t<li class=\"edgt-pt-content\">\n\t\t\t\t\n<ul>\n<li>60 Minutes Session<\/li>\n<li>Photo Editing<\/li>\n<li>10 Digital Editing<\/li>\n<li>Online Gallery<\/li>\n<li>1 Photographer<\/li>\n<\/ul>\n\t\t\t<\/li>\n\t\t\t\t\t\t\t<li class=\"edgt-pt-button\">\n\t\t\t\t\t<a itemprop=\"url\" href=\"#\" target=\"_self\"  class=\"edgt-btn edgt-btn-medium edgt-btn-outline dark\"  >    <span class=\"edgt-btn-text\">read more<\/span>        <\/a>\t\t\t\t<\/li>\t\t\t\t\n\t\t\t\t\t<\/ul>\n\t<\/div>\n<\/div><div class=\"edgt-price-table \">\n\t<div class=\"edgt-pt-inner\" style=\"background-color: #fff\">\n\t\t<ul>\n\t\t\t<li class=\"edgt-pt-title-holder\">\n\t\t\t\t<h4 class=\"edgt-pt-title\" >package 02<\/h4>\n\t\t\t<\/li>\n\t\t\t<li class=\"edgt-pt-prices\">\n\t\t\t\t<h4\t class=\"edgt-pt-price\" >270<\/h4>\n\t\t\t\t<span class=\"edgt-pt-value\" >$<\/span>\n\t\t\t\t\t\t\t<\/li>\n\t\t\t<li class=\"edgt-pt-content\">\n\t\t\t\t\n<ul>\n<li>60 Minutes Session<\/li>\n<li>Photo Editing<\/li>\n<li>10 Digital Editing<\/li>\n<li>Online Gallery<\/li>\n<li>1 Photographer<\/li>\n<\/ul>\n\t\t\t<\/li>\n\t\t\t\t\t\t\t<li class=\"edgt-pt-button\">\n\t\t\t\t\t<a itemprop=\"url\" href=\"#\" target=\"_self\"  class=\"edgt-btn edgt-btn-medium edgt-btn-outline dark\"  >    <span class=\"edgt-btn-text\">read more<\/span>        <\/a>\t\t\t\t<\/li>\t\t\t\t\n\t\t\t\t\t<\/ul>\n\t<\/div>\n<\/div><div class=\"edgt-price-table \">\n\t<div class=\"edgt-pt-inner\" style=\"background-color: #fff\">\n\t\t<ul>\n\t\t\t<li class=\"edgt-pt-title-holder\">\n\t\t\t\t<h4 class=\"edgt-pt-title\" >package 03<\/h4>\n\t\t\t<\/li>\n\t\t\t<li class=\"edgt-pt-prices\">\n\t\t\t\t<h4\t class=\"edgt-pt-price\" >300<\/h4>\n\t\t\t\t<span class=\"edgt-pt-value\" >$<\/span>\n\t\t\t\t\t\t\t<\/li>\n\t\t\t<li class=\"edgt-pt-content\">\n\t\t\t\t\n<ul>\n<li>60 Minutes Session<\/li>\n<li>Photo Editing<\/li>\n<li>10 Digital Editing<\/li>\n<li>Online Gallery<\/li>\n<li>1 Photographer<\/li>\n<\/ul>\n\t\t\t<\/li>\n\t\t\t\t\t\t\t<li class=\"edgt-pt-button\">\n\t\t\t\t\t<a itemprop=\"url\" href=\"#\" target=\"_self\"  class=\"edgt-btn edgt-btn-medium edgt-btn-outline dark\"  >    <span class=\"edgt-btn-text\">read more<\/span>        <\/a>\t\t\t\t<\/li>\t\t\t\t\n\t\t\t\t\t<\/ul>\n\t<\/div>\n<\/div><div class=\"edgt-price-table \">\n\t<div class=\"edgt-pt-inner\" style=\"background-color: #fff\">\n\t\t<ul>\n\t\t\t<li class=\"edgt-pt-title-holder\">\n\t\t\t\t<h4 class=\"edgt-pt-title\" >package 01<\/h4>\n\t\t\t<\/li>\n\t\t\t<li class=\"edgt-pt-prices\">\n\t\t\t\t<h4\t class=\"edgt-pt-price\" >320<\/h4>\n\t\t\t\t<span class=\"edgt-pt-value\" >$<\/span>\n\t\t\t\t\t\t\t<\/li>\n\t\t\t<li class=\"edgt-pt-content\">\n\t\t\t\t\n<ul>\n<li>60 Minutes Session<\/li>\n<li>Photo Editing<\/li>\n<li>10 Digital Editing<\/li>\n<li>Online Gallery<\/li>\n<li>1 Photographer<\/li>\n<\/ul>\n\t\t\t<\/li>\n\t\t\t\t\t\t\t<li class=\"edgt-pt-button\">\n\t\t\t\t\t<a itemprop=\"url\" href=\"#\" target=\"_self\"  class=\"edgt-btn edgt-btn-medium edgt-btn-outline dark\"  >    <span class=\"edgt-btn-text\">read more<\/span>        <\/a>\t\t\t\t<\/li>\t\t\t\t\n\t\t\t\t\t<\/ul>\n\t<\/div>\n<\/div><\/div><\/div>[\/vc_column_inner][\/vc_row_inner][\/vc_column][\/vc_row][vc_row row_type=&#8221;parallax&#8221; parallax_background_image=&#8221;12607&#8243;][vc_column]<div class=\"edgt-elements-holder   edgt-one-column  edgt-responsive-mode-768 \" ><div class=\"edgt-eh-item   edgt-horizontal-alignment-center \"  data-item-class=\"edgt-eh-custom-8115\">\n\t<div class=\"edgt-eh-item-inner\">\n\t\t<div class=\"edgt-eh-item-content edgt-eh-custom-8115\" style=\"padding: 5.5% 0% 6% 0%\">\n\t\t\t<div class=\"edgt-testimonials-holder edgt-testimonials-navigation edgt-testimonials-standard edgt-testimonials-light clearfix\"><div class=\"edgt-grid\"><div class=\"edgt-testimonials edgt-owl-testimonials edgt-testimonials-navigation\" data-enable-loop=\"yes\" data-enable-autoplay=\"yes\" data-slider-speed=\"5000\" data-slider-speed-animation=\"600\" data-enable-navigation=\"yes\" data-enable-pagination=\"yes\"><div class=\"edgt-testimonial-content\" id=\"edgt-testimonials-10552\">\n        <div class=\"edgt-testimonial-text-holder\">\n                    <h6 class=\"edgt-testimonial-author\">Vu par ses amis<\/h6>\n                            <h2 itemprop=\"name\" class=\"edgt-testimonial-title entry-title\">Ryton Cazenave<\/h2>\n                            <p class=\"edgt-testimonial-text\">J\u2019ai connu Lagorre, j\u2019ai voyag\u00e9 et travaill\u00e9 avec lui pendant cinquante ans ! C\u2019est un peintre exceptionnel.<\/p>\n            <\/div>\n<\/div><div class=\"edgt-testimonial-content\" id=\"edgt-testimonials-10551\">\n        <div class=\"edgt-testimonial-text-holder\">\n                    <h6 class=\"edgt-testimonial-author\">Vu par ses amis<\/h6>\n                            <h2 itemprop=\"name\" class=\"edgt-testimonial-title entry-title\">Ren\u00e9-Victor PILHES<\/h2>\n                            <p class=\"edgt-testimonial-text\"> Du plus loin qu\u2019il m\u2019en souvienne, \u00e0 savoir des lustres, en notre commun village de Seix en Couserans, le personnage n\u2019a pas chang\u00e9\u00a0: petit bonhomme sec, cep des Corbi\u00e8res, p\u00e9tillant, et aujourd\u2019hui, \u00e0 90 ans, immuable, droit comme un I.  Un visage \u00e9clair\u00e9 par l\u2019intelligence, la malice, la bont\u00e9.<\/p>\n            <\/div>\n<\/div><div class=\"edgt-testimonial-content\" id=\"edgt-testimonials-10540\">\n        <div class=\"edgt-testimonial-text-holder\">\n                    <h6 class=\"edgt-testimonial-author\">Vu par ses amis<\/h6>\n                            <h2 itemprop=\"name\" class=\"edgt-testimonial-title entry-title\">Jacques Thibal<\/h2>\n                            <p class=\"edgt-testimonial-text\">Il y a de la lumi\u00e8re, beaucoup de lumi\u00e8re dans les toiles de Lagorre, une lumi\u00e8re qui \u00e9clate, qui inonde tous les d\u00e9tails...<\/p>\n            <\/div>\n<\/div><\/div><\/div><div class=\"edgt-tes-nav edgt-tes-controls\"><span class=\"edgt-tes-nav-prev\"><span class=\"edgt-icon-line\"><\/span><\/span><span class=\"edgt-tes-nav-next\"><span class=\"edgt-icon-line\"><\/span><\/span><\/div><\/div>\t\t<\/div>\n\t<\/div>\n<\/div><\/div>[\/vc_column][\/vc_row]<\/p>\n","protected":false},"excerpt":{"rendered":"<p>[vc_row row_type=&#8221;parallax&#8221; parallax_background_image=&#8221;11909&#8243;][vc_column][\/vc_column][\/vc_row][vc_row row_content_width=&#8221;grid&#8221;][vc_column offset=&#8221;vc_col-lg-6 vc_col-md-12&#8243;][\/vc_column][vc_column offset=&#8221;vc_col-lg-6 vc_col-md-12&#8243;][\/vc_column][\/vc_row][vc_row row_type=&#8221;parallax&#8221; parallax_background_image=&#8221;12603&#8243;][vc_column][vc_row_inner row_content_width=&#8221;grid&#8221; content_text_aligment=&#8221;center&#8221; css=&#8221;.vc_custom_1495536707468{padding-top: 9% !important;}&#8221;][vc_column_inner][vc_column_text] Subscribe To Our Newsletter [\/vc_column_text][vc_empty_space height=&#8221;30px&#8221;][vc_empty_space height=&#8221;45px&#8221;][\/vc_column_inner][\/vc_row_inner][vc_row_inner row_content_width=&#8221;grid&#8221; content_text_aligment=&#8221;center&#8221; css=&#8221;.vc_custom_1494339007028{padding-bottom: 8.5% !important;}&#8221;][vc_column_inner offset=&#8221;vc_col-lg-offset-2 vc_col-lg-8 vc_col-md-offset-2 vc_col-md-8&#8243; css=&#8221;.vc_custom_1493822830773{padding-right: 5% !important;padding-left: 5% !important;}&#8221;][contact-form-7 id=&#8221;11245&#8243;][\/vc_column_inner][\/vc_row_inner][\/vc_column][\/vc_row][vc_row disable_background_image=&#8221;&#8221; simple_background_image=&#8221;11929&#8243;][vc_column][vc_row_inner row_content_width=&#8221;grid&#8221; content_text_aligment=&#8221;center&#8221; css=&#8221;.vc_custom_1494250346384{padding-top: 100px !important;padding-bottom: 65px !important;}&#8221;][vc_column_inner][vc_column_text] [&hellip;]<\/p>\n","protected":false},"author":1,"featured_media":0,"parent":0,"menu_order":0,"comment_status":"closed","ping_status":"closed","template":"full-width.php","meta":[],"_links":{"self":[{"href":"https:\/\/rene-gaston-lagorre.fr\/index.php\/wp-json\/wp\/v2\/pages\/11145"}],"collection":[{"href":"https:\/\/rene-gaston-lagorre.fr\/index.php\/wp-json\/wp\/v2\/pages"}],"about":[{"href":"https:\/\/rene-gaston-lagorre.fr\/index.php\/wp-json\/wp\/v2\/types\/page"}],"author":[{"embeddable":true,"href":"https:\/\/rene-gaston-lagorre.fr\/index.php\/wp-json\/wp\/v2\/users\/1"}],"replies":[{"embeddable":true,"href":"https:\/\/rene-gaston-lagorre.fr\/index.php\/wp-json\/wp\/v2\/comments?post=11145"}],"version-history":[{"count":0,"href":"https:\/\/rene-gaston-lagorre.fr\/index.php\/wp-json\/wp\/v2\/pages\/11145\/revisions"}],"wp:attachment":[{"href":"https:\/\/rene-gaston-lagorre.fr\/index.php\/wp-json\/wp\/v2\/media?parent=11145"}],"curies":[{"name":"wp","href":"https:\/\/api.w.org\/{rel}","templated":true}]}}