{"id":1141,"date":"2023-07-15T09:11:50","date_gmt":"2023-07-15T07:11:50","guid":{"rendered":"https:\/\/rene-gaston-lagorre.fr\/?page_id=1141"},"modified":"2023-09-05T21:41:09","modified_gmt":"2023-09-05T19:41:09","slug":"les-cartes-de-voeux-annuelles","status":"publish","type":"page","link":"https:\/\/rene-gaston-lagorre.fr\/index.php\/les-cartes-de-voeux-annuelles\/","title":{"rendered":"Les cartes de v\u0153ux annuelles"},"content":{"rendered":"<p>[vc_row][vc_column][vc_column_text]Preuve, s\u2019il en \u00e9tait encore besoin de son \u00ab\u00a0humanit\u00e9\u00a0\u00bb et de l\u2019attention que le peintre portait \u00e0 tout un chacun, l\u2019envoi annuel de ses propres cartes de v\u0153ux en r\u00e9ponse aux souhaits de bonne ann\u00e9e qu\u2019on lui adressait.<\/p>\r\n\r\n<p>Le peintre prenait soin de personnaliser ses cartes, de les parapher, les accompagnant le plus souvent d\u2019un petit mot chaleureux. Bon nombre de familles y \u00e9taient si sensibles au point que certaines d\u2019entre elles conservent encore dans leurs tiroirs ces petits rectangles aux couleurs vives comme un v\u00e9ritable tr\u00e9sor et un t\u00e9moignage d\u2019amiti\u00e9.<\/p>\r\n\r\n<p>La carte de v\u0153ux annuelle du peintre avait aussi une autre fonction\u00a0: elle lui permettait de pr\u00e9senter le plus g\u00e9n\u00e9ralement le th\u00e8me de l\u2019exposition \u00e0 venir et d\u2019\u00e9veiller ainsi la curiosit\u00e9 des amateurs.<\/p>\r\n<p>[\/vc_column_text][\/vc_column][\/vc_row][vc_row][vc_column][vc_empty_space]<div class=\"edgt-portfolio-list-holder edgt-pl-gallery edgt-pl-normal-space edgt-pl-three-columns edgt-pl-standard-overlay light    edgt-pl-pag-no-pagination     \"  data-type=gallery data-space-between-items=normal data-number-of-items=-1 data-image-proportions=full data-enable-fixed-proportions=no data-enable-image-shadow=no data-category=cartes-de-voeux data-order-by=date data-order=ASC data-item-style=standard-overlay data-item-style-skin=light data-enable-title=yes data-title-tag=h4 data-title-text-transform=uppercase data-enable-category=yes data-enable-like=no data-enable-count-images=yes data-enable-excerpt=no data-excerpt-length=20 data-pagination-type=no-pagination data-filter=no data-filter-order-by=name data-enable-article-parallax-animation=no data-portfolio-slider-on=no data-enable-loop=yes data-enable-autoplay=yes data-slider-speed=5000 data-slider-speed-animation=600 data-enable-navigation=yes data-enable-pagination=yes data-max-num-pages=0 data-next-page=2>\n\t\t\n\t<div class=\"edgt-pl-inner  clearfix\">\n\t\t\n<article class=\"edgt-pl-item  post-14515 portfolio-item type-portfolio-item status-publish has-post-thumbnail hentry portfolio-category-cartes-de-voeux\">\n\t<div class=\"edgt-pl-item-inner\" >\n\t\t<div class=\"edgt-pli-image\">\n\t\t\t<img width=\"768\" height=\"1685\" src=\"https:\/\/rene-gaston-lagorre.fr\/wp-content\/uploads\/2023\/07\/sd.carte-de-voeux-seix.jpg\" class=\"attachment-full size-full wp-post-image\" alt=\"Carte de v\u0153ux annuelle\" decoding=\"async\" loading=\"lazy\" srcset=\"https:\/\/rene-gaston-lagorre.fr\/wp-content\/uploads\/2023\/07\/sd.carte-de-voeux-seix.jpg 768w, https:\/\/rene-gaston-lagorre.fr\/wp-content\/uploads\/2023\/07\/sd.carte-de-voeux-seix-600x1316.jpg 600w, https:\/\/rene-gaston-lagorre.fr\/wp-content\/uploads\/2023\/07\/sd.carte-de-voeux-seix-137x300.jpg 137w, https:\/\/rene-gaston-lagorre.fr\/wp-content\/uploads\/2023\/07\/sd.carte-de-voeux-seix-467x1024.jpg 467w, https:\/\/rene-gaston-lagorre.fr\/wp-content\/uploads\/2023\/07\/sd.carte-de-voeux-seix-700x1536.jpg 700w\" sizes=\"(max-width: 768px) 100vw, 768px\" \/>\t\t<\/div>\n<div class=\"edgt-pli-text-holder\">\n\t<div class=\"edgt-pli-text-wrapper\">\n\t\t<div class=\"edgt-pli-text\">\n\t\t\t\t<h4 itemprop=\"name\" class=\"edgt-pli-title entry-title\" style=\"text-transform: uppercase\">\n\t\tLes cartes de v\u0153ux annuelles\t<\/h4>\n\n\t\t\t\t\t<div class=\"edgt-pli-category-holder\">\n\t\t\t\t\t\t\t<a itemprop=\"url\" class=\"edgt-pli-category\" href=\"https:\/\/rene-gaston-lagorre.fr\/index.php\/portfolio-category\/cartes-de-voeux\/\">\"Cartes de v\u0153ux\"<\/a>\n\t\t\t\t\t<\/div>\n\t\n\t\t\t    <div class=\"edgt-gli-number-of-images-holder\" >\n        <span>48 pics.<\/span>\n    <\/div>\n\n\n\t\t\t\t\t<\/div>\n\t<\/div>\n<\/div>\t\t\n\t\t<a itemprop=\"url\" class=\"edgt-pli-link edgt-block-drag-link\" href=\"https:\/\/rene-gaston-lagorre.fr\/index.php\/portfolio-item\/cartes-de-voeux\/\" target=\"_self\"><\/a>\n\t<\/div>\n<\/article>\t<\/div>\n\t\n\t<\/div>[vc_empty_space][\/vc_column][\/vc_row]<\/p>","protected":false},"excerpt":{"rendered":"<p>[vc_row][vc_column][vc_column_text]Preuve, s\u2019il en \u00e9tait encore besoin de son \u00ab\u00a0humanit\u00e9\u00a0\u00bb et de l\u2019attention que le peintre portait \u00e0 tout un chacun, l\u2019envoi annuel de ses propres cartes de v\u0153ux en r\u00e9ponse aux souhaits de bonne ann\u00e9e qu\u2019on lui adressait. Le peintre prenait soin de personnaliser ses cartes, [&hellip;]<\/p>\n","protected":false},"author":2,"featured_media":0,"parent":0,"menu_order":0,"comment_status":"closed","ping_status":"closed","template":"","meta":[],"_links":{"self":[{"href":"https:\/\/rene-gaston-lagorre.fr\/index.php\/wp-json\/wp\/v2\/pages\/1141"}],"collection":[{"href":"https:\/\/rene-gaston-lagorre.fr\/index.php\/wp-json\/wp\/v2\/pages"}],"about":[{"href":"https:\/\/rene-gaston-lagorre.fr\/index.php\/wp-json\/wp\/v2\/types\/page"}],"author":[{"embeddable":true,"href":"https:\/\/rene-gaston-lagorre.fr\/index.php\/wp-json\/wp\/v2\/users\/2"}],"replies":[{"embeddable":true,"href":"https:\/\/rene-gaston-lagorre.fr\/index.php\/wp-json\/wp\/v2\/comments?post=1141"}],"version-history":[{"count":2,"href":"https:\/\/rene-gaston-lagorre.fr\/index.php\/wp-json\/wp\/v2\/pages\/1141\/revisions"}],"predecessor-version":[{"id":15179,"href":"https:\/\/rene-gaston-lagorre.fr\/index.php\/wp-json\/wp\/v2\/pages\/1141\/revisions\/15179"}],"wp:attachment":[{"href":"https:\/\/rene-gaston-lagorre.fr\/index.php\/wp-json\/wp\/v2\/media?parent=1141"}],"curies":[{"name":"wp","href":"https:\/\/api.w.org\/{rel}","templated":true}]}}