{"id":12071,"date":"2017-05-09T11:50:43","date_gmt":"2017-05-09T11:50:43","guid":{"rendered":"http:\/\/shade.edge-themes.com\/?page_id=12071"},"modified":"2017-05-09T11:50:43","modified_gmt":"2017-05-09T11:50:43","slug":"testimonials","status":"publish","type":"page","link":"https:\/\/rene-gaston-lagorre.fr\/index.php\/testimonials\/","title":{"rendered":"Testimonials"},"content":{"rendered":"<p>[vc_row css=&#8221;.vc_custom_1495026743040{padding-top: 120px !important;padding-bottom: 120px !important;}&#8221;][vc_column]<div class=\"edgt-testimonials-holder edgt-testimonials-navigation edgt-testimonials-standard edgt-testimonials-dark clearfix\"><div class=\"edgt-grid\"><div class=\"edgt-testimonials edgt-owl-testimonials edgt-testimonials-navigation\" data-enable-loop=\"yes\" data-enable-autoplay=\"yes\" data-slider-speed=\"5000\" data-slider-speed-animation=\"600\" data-enable-navigation=\"yes\" data-enable-pagination=\"yes\"><div class=\"edgt-testimonial-content\" id=\"edgt-testimonials-10552\">\n        <div class=\"edgt-testimonial-text-holder\">\n                    <h6 class=\"edgt-testimonial-author\">Vu par ses amis<\/h6>\n                            <h2 itemprop=\"name\" class=\"edgt-testimonial-title entry-title\">Ryton Cazenave<\/h2>\n                            <p class=\"edgt-testimonial-text\">J\u2019ai connu Lagorre, j\u2019ai voyag\u00e9 et travaill\u00e9 avec lui pendant cinquante ans ! C\u2019est un peintre exceptionnel.<\/p>\n            <\/div>\n<\/div><div class=\"edgt-testimonial-content\" id=\"edgt-testimonials-10551\">\n        <div class=\"edgt-testimonial-text-holder\">\n                    <h6 class=\"edgt-testimonial-author\">Vu par ses amis<\/h6>\n                            <h2 itemprop=\"name\" class=\"edgt-testimonial-title entry-title\">Ren\u00e9-Victor PILHES<\/h2>\n                            <p class=\"edgt-testimonial-text\"> Du plus loin qu\u2019il m\u2019en souvienne, \u00e0 savoir des lustres, en notre commun village de Seix en Couserans, le personnage n\u2019a pas chang\u00e9\u00a0: petit bonhomme sec, cep des Corbi\u00e8res, p\u00e9tillant, et aujourd\u2019hui, \u00e0 90 ans, immuable, droit comme un I.  Un visage \u00e9clair\u00e9 par l\u2019intelligence, la malice, la bont\u00e9.<\/p>\n            <\/div>\n<\/div><div class=\"edgt-testimonial-content\" id=\"edgt-testimonials-10540\">\n        <div class=\"edgt-testimonial-text-holder\">\n                    <h6 class=\"edgt-testimonial-author\">Vu par ses amis<\/h6>\n                            <h2 itemprop=\"name\" class=\"edgt-testimonial-title entry-title\">Jacques Thibal<\/h2>\n                            <p class=\"edgt-testimonial-text\">Il y a de la lumi\u00e8re, beaucoup de lumi\u00e8re dans les toiles de Lagorre, une lumi\u00e8re qui \u00e9clate, qui inonde tous les d\u00e9tails...<\/p>\n            <\/div>\n<\/div><\/div><\/div><div class=\"edgt-tes-nav edgt-tes-controls\"><span class=\"edgt-tes-nav-prev\"><span class=\"edgt-icon-line\"><\/span><\/span><span class=\"edgt-tes-nav-next\"><span class=\"edgt-icon-line\"><\/span><\/span><\/div><\/div>[\/vc_column][\/vc_row][vc_row simple_background_color=&#8221;#000000&#8243; css=&#8221;.vc_custom_1495026840605{padding-top: 120px !important;padding-bottom: 110px !important;}&#8221;][vc_column]<div class=\"edgt-testimonials-holder edgt-testimonials-navigation edgt-testimonials-standard edgt-testimonials-light clearfix\"><div class=\"edgt-grid\"><div class=\"edgt-testimonials edgt-owl-testimonials edgt-testimonials-navigation\" data-enable-loop=\"yes\" data-enable-autoplay=\"yes\" data-slider-speed=\"5000\" data-slider-speed-animation=\"600\" data-enable-navigation=\"yes\" data-enable-pagination=\"yes\"><div class=\"edgt-testimonial-content\" id=\"edgt-testimonials-10552\">\n        <div class=\"edgt-testimonial-text-holder\">\n                    <h6 class=\"edgt-testimonial-author\">Vu par ses amis<\/h6>\n                            <h2 itemprop=\"name\" class=\"edgt-testimonial-title entry-title\">Ryton Cazenave<\/h2>\n                            <p class=\"edgt-testimonial-text\">J\u2019ai connu Lagorre, j\u2019ai voyag\u00e9 et travaill\u00e9 avec lui pendant cinquante ans ! C\u2019est un peintre exceptionnel.<\/p>\n            <\/div>\n<\/div><div class=\"edgt-testimonial-content\" id=\"edgt-testimonials-10551\">\n        <div class=\"edgt-testimonial-text-holder\">\n                    <h6 class=\"edgt-testimonial-author\">Vu par ses amis<\/h6>\n                            <h2 itemprop=\"name\" class=\"edgt-testimonial-title entry-title\">Ren\u00e9-Victor PILHES<\/h2>\n                            <p class=\"edgt-testimonial-text\"> Du plus loin qu\u2019il m\u2019en souvienne, \u00e0 savoir des lustres, en notre commun village de Seix en Couserans, le personnage n\u2019a pas chang\u00e9\u00a0: petit bonhomme sec, cep des Corbi\u00e8res, p\u00e9tillant, et aujourd\u2019hui, \u00e0 90 ans, immuable, droit comme un I.  Un visage \u00e9clair\u00e9 par l\u2019intelligence, la malice, la bont\u00e9.<\/p>\n            <\/div>\n<\/div><div class=\"edgt-testimonial-content\" id=\"edgt-testimonials-10540\">\n        <div class=\"edgt-testimonial-text-holder\">\n                    <h6 class=\"edgt-testimonial-author\">Vu par ses amis<\/h6>\n                            <h2 itemprop=\"name\" class=\"edgt-testimonial-title entry-title\">Jacques Thibal<\/h2>\n                            <p class=\"edgt-testimonial-text\">Il y a de la lumi\u00e8re, beaucoup de lumi\u00e8re dans les toiles de Lagorre, une lumi\u00e8re qui \u00e9clate, qui inonde tous les d\u00e9tails...<\/p>\n            <\/div>\n<\/div><\/div><\/div><div class=\"edgt-tes-nav edgt-tes-controls\"><span class=\"edgt-tes-nav-prev\"><span class=\"edgt-icon-line\"><\/span><\/span><span class=\"edgt-tes-nav-next\"><span class=\"edgt-icon-line\"><\/span><\/span><\/div><\/div>[\/vc_column][\/vc_row]<\/p>\n","protected":false},"excerpt":{"rendered":"<p>[vc_row css=&#8221;.vc_custom_1495026743040{padding-top: 120px !important;padding-bottom: 120px !important;}&#8221;][vc_column][\/vc_column][\/vc_row][vc_row simple_background_color=&#8221;#000000&#8243; css=&#8221;.vc_custom_1495026840605{padding-top: 120px !important;padding-bottom: 110px !important;}&#8221;][vc_column][\/vc_column][\/vc_row]<\/p>\n","protected":false},"author":1,"featured_media":0,"parent":0,"menu_order":0,"comment_status":"closed","ping_status":"closed","template":"full-width.php","meta":[],"_links":{"self":[{"href":"https:\/\/rene-gaston-lagorre.fr\/index.php\/wp-json\/wp\/v2\/pages\/12071"}],"collection":[{"href":"https:\/\/rene-gaston-lagorre.fr\/index.php\/wp-json\/wp\/v2\/pages"}],"about":[{"href":"https:\/\/rene-gaston-lagorre.fr\/index.php\/wp-json\/wp\/v2\/types\/page"}],"author":[{"embeddable":true,"href":"https:\/\/rene-gaston-lagorre.fr\/index.php\/wp-json\/wp\/v2\/users\/1"}],"replies":[{"embeddable":true,"href":"https:\/\/rene-gaston-lagorre.fr\/index.php\/wp-json\/wp\/v2\/comments?post=12071"}],"version-history":[{"count":0,"href":"https:\/\/rene-gaston-lagorre.fr\/index.php\/wp-json\/wp\/v2\/pages\/12071\/revisions"}],"wp:attachment":[{"href":"https:\/\/rene-gaston-lagorre.fr\/index.php\/wp-json\/wp\/v2\/media?parent=12071"}],"curies":[{"name":"wp","href":"https:\/\/api.w.org\/{rel}","templated":true}]}}