{"id":1230,"date":"2023-07-15T09:10:01","date_gmt":"2023-07-15T07:10:01","guid":{"rendered":"https:\/\/rene-gaston-lagorre.fr\/?page_id=1230"},"modified":"2023-09-05T16:51:42","modified_gmt":"2023-09-05T14:51:42","slug":"danse-dans-le-z","status":"publish","type":"page","link":"https:\/\/rene-gaston-lagorre.fr\/index.php\/danse-dans-le-z\/","title":{"rendered":"Danse dans le Z"},"content":{"rendered":"<p>[vc_row][vc_column][vc_column_text]<\/p>\r\n\r\n<p> Lagorre inscrit la danse dans le Z en avril 1999, ce qui fait \u00e9crire \u00e0 Robert Marteau, son grand ami, po\u00e8te et plasticien lui -m\u00eame, ces quelques phrases :<\/p>\r\n<p>\u00a0\u00ab\u00a0<em><strong>Z<\/strong><\/em><em>, c\u2019est l\u2019\u00e9clair, c\u2019est l\u2019\u00e9ph\u00e9m\u00e8re\u00a0: la vie, notre vie, \u00e9crite sur la perp\u00e9tuelle \u00e9ternit\u00e9. Je ne crois qu\u2019en un dieu qui danse, aurait dit Nietszche, et c\u2019est bien par la danse que se manifeste le dieu de l\u2019Inde. Chor\u00e9graphie\u00a0: l\u2019irr\u00e9pressible d\u00e9sir me vient de l\u2019\u00e9crire Cor\u00e9graphie, soit l\u2019\u00e9criture de pers\u00e9phone-Cor\u00e8, la divinit\u00e9 du printemps, celle qui jaillit des profondeurs de la terre et dont les pas et les gestes font na\u00eetre les fleurs. Que l\u2019irr\u00e9pressible d\u00e9sir d\u2019\u00e9crire la geste de la danse soit venu \u00e0 Ren\u00e9 Lagorre\u00a0; que sa r\u00e9alisation soit un hommage aux a\u00een\u00e9s, c\u2019est ce que nous lisons, dit en couleurs d\u2019un pinceau que ni la science ni la m\u00e9moire n\u2019appesantissent, mais qui trouve au contraire \u00e0 puiser l\u00e0 de nouvelles raisons de s\u2019aventurer.\u00a0<\/em>\u00bb \u00a0Robert Marteau, mai 1999<\/p>\r\n\r\n<p>Lagorre, peintre f\u00e9ru d\u2019op\u00e9ra, un art-spectacle autant visuel qu\u2019auditif qui associe chant, musique, danse et costumes d\u2019apparat-, commence \u00e0 dessiner des danseurs au visage ovale et vide, qui semblent glisser sur la toile \u00e0 la fa\u00e7on de patineurs.<\/p>\r\n<p>En avril-mai 1999 la Galerie Weiller (Paris) d\u00e9cide de monter une exposition qui, de l\u2019aveu m\u00eame du peintre, r\u00e9sonne comme un hommage \u00e0 son ma\u00eetre incontest\u00e9, Henri Matisse. Lagorre inscrit la danse dans le Z. L\u00e9g\u00e8ret\u00e9 et libert\u00e9 sont ici les ma\u00eetres-mots et c\u2019est bien la sensation que procurent ces danseurs qui semblent venir \u00e0 notre rencontre ou se saluer avec gr\u00e2ce sur la piste de danse.<\/p>\r\n<p>[\/vc_column_text][\/vc_column][\/vc_row][vc_row][vc_column][vc_empty_space]<div class=\"edgt-portfolio-list-holder edgt-pl-gallery edgt-pl-normal-space edgt-pl-three-columns edgt-pl-standard-overlay light    edgt-pl-pag-no-pagination     \"  data-type=gallery data-space-between-items=normal data-number-of-items=-1 data-image-proportions=full data-enable-fixed-proportions=no data-enable-image-shadow=no data-category=danse-dans-le-z data-order-by=date data-order=ASC data-item-style=standard-overlay data-item-style-skin=light data-enable-title=yes data-title-tag=h4 data-title-text-transform=uppercase data-enable-category=yes data-enable-like=no data-enable-count-images=yes data-enable-excerpt=no data-excerpt-length=20 data-pagination-type=no-pagination data-filter=no data-filter-order-by=name data-enable-article-parallax-animation=no data-portfolio-slider-on=no data-enable-loop=yes data-enable-autoplay=yes data-slider-speed=5000 data-slider-speed-animation=600 data-enable-navigation=yes data-enable-pagination=yes data-max-num-pages=0 data-next-page=2>\n\t\t\n\t<div class=\"edgt-pl-inner  clearfix\">\n\t\t\n<article class=\"edgt-pl-item  post-14498 portfolio-item type-portfolio-item status-publish has-post-thumbnail hentry portfolio-category-danse-dans-le-z\">\n\t<div class=\"edgt-pl-item-inner\" >\n\t\t<div class=\"edgt-pli-image\">\n\t\t\t<img width=\"1804\" height=\"2218\" src=\"https:\/\/rene-gaston-lagorre.fr\/wp-content\/uploads\/2023\/07\/22a.1999.Danse-dans-le-Z.HST_.1999.81x65cm-Coll.-mairie-de-seix1b.jpg\" class=\"attachment-full size-full wp-post-image\" alt=\"Danse dans le Z.\" decoding=\"async\" loading=\"lazy\" srcset=\"https:\/\/rene-gaston-lagorre.fr\/wp-content\/uploads\/2023\/07\/22a.1999.Danse-dans-le-Z.HST_.1999.81x65cm-Coll.-mairie-de-seix1b.jpg 1804w, https:\/\/rene-gaston-lagorre.fr\/wp-content\/uploads\/2023\/07\/22a.1999.Danse-dans-le-Z.HST_.1999.81x65cm-Coll.-mairie-de-seix1b-600x738.jpg 600w, https:\/\/rene-gaston-lagorre.fr\/wp-content\/uploads\/2023\/07\/22a.1999.Danse-dans-le-Z.HST_.1999.81x65cm-Coll.-mairie-de-seix1b-244x300.jpg 244w, https:\/\/rene-gaston-lagorre.fr\/wp-content\/uploads\/2023\/07\/22a.1999.Danse-dans-le-Z.HST_.1999.81x65cm-Coll.-mairie-de-seix1b-833x1024.jpg 833w, https:\/\/rene-gaston-lagorre.fr\/wp-content\/uploads\/2023\/07\/22a.1999.Danse-dans-le-Z.HST_.1999.81x65cm-Coll.-mairie-de-seix1b-768x944.jpg 768w, https:\/\/rene-gaston-lagorre.fr\/wp-content\/uploads\/2023\/07\/22a.1999.Danse-dans-le-Z.HST_.1999.81x65cm-Coll.-mairie-de-seix1b-1249x1536.jpg 1249w, https:\/\/rene-gaston-lagorre.fr\/wp-content\/uploads\/2023\/07\/22a.1999.Danse-dans-le-Z.HST_.1999.81x65cm-Coll.-mairie-de-seix1b-1666x2048.jpg 1666w\" sizes=\"(max-width: 1804px) 100vw, 1804px\" \/>\t\t<\/div>\n<div class=\"edgt-pli-text-holder\">\n\t<div class=\"edgt-pli-text-wrapper\">\n\t\t<div class=\"edgt-pli-text\">\n\t\t\t\t<h4 itemprop=\"name\" class=\"edgt-pli-title entry-title\" style=\"text-transform: uppercase\">\n\t\tDanse dans le Z\t<\/h4>\n\n\t\t\t\t\t<div class=\"edgt-pli-category-holder\">\n\t\t\t\t\t\t\t<a itemprop=\"url\" class=\"edgt-pli-category\" href=\"https:\/\/rene-gaston-lagorre.fr\/index.php\/portfolio-category\/danse-dans-le-z\/\">\"Danse dans le Z\"<\/a>\n\t\t\t\t\t<\/div>\n\t\n\t\t\t    <div class=\"edgt-gli-number-of-images-holder\" >\n        <span>34 pics.<\/span>\n    <\/div>\n\n\n\t\t\t\t\t<\/div>\n\t<\/div>\n<\/div>\t\t\n\t\t<a itemprop=\"url\" class=\"edgt-pli-link edgt-block-drag-link\" href=\"https:\/\/rene-gaston-lagorre.fr\/index.php\/portfolio-item\/danse-dans-le-z\/\" target=\"_self\"><\/a>\n\t<\/div>\n<\/article>\t<\/div>\n\t\n\t<\/div>[vc_empty_space][\/vc_column][\/vc_row]<\/p>","protected":false},"excerpt":{"rendered":"<p>[vc_row][vc_column][vc_column_text] Lagorre inscrit la danse dans le Z en avril 1999, ce qui fait \u00e9crire \u00e0 Robert Marteau, son grand ami, po\u00e8te et plasticien lui -m\u00eame, ces quelques phrases : \u00a0\u00ab\u00a0Z, c\u2019est l\u2019\u00e9clair, c\u2019est l\u2019\u00e9ph\u00e9m\u00e8re\u00a0: la vie, notre vie, \u00e9crite sur la perp\u00e9tuelle \u00e9ternit\u00e9. Je ne [&hellip;]<\/p>\n","protected":false},"author":2,"featured_media":0,"parent":0,"menu_order":0,"comment_status":"closed","ping_status":"closed","template":"","meta":[],"_links":{"self":[{"href":"https:\/\/rene-gaston-lagorre.fr\/index.php\/wp-json\/wp\/v2\/pages\/1230"}],"collection":[{"href":"https:\/\/rene-gaston-lagorre.fr\/index.php\/wp-json\/wp\/v2\/pages"}],"about":[{"href":"https:\/\/rene-gaston-lagorre.fr\/index.php\/wp-json\/wp\/v2\/types\/page"}],"author":[{"embeddable":true,"href":"https:\/\/rene-gaston-lagorre.fr\/index.php\/wp-json\/wp\/v2\/users\/2"}],"replies":[{"embeddable":true,"href":"https:\/\/rene-gaston-lagorre.fr\/index.php\/wp-json\/wp\/v2\/comments?post=1230"}],"version-history":[{"count":6,"href":"https:\/\/rene-gaston-lagorre.fr\/index.php\/wp-json\/wp\/v2\/pages\/1230\/revisions"}],"predecessor-version":[{"id":15166,"href":"https:\/\/rene-gaston-lagorre.fr\/index.php\/wp-json\/wp\/v2\/pages\/1230\/revisions\/15166"}],"wp:attachment":[{"href":"https:\/\/rene-gaston-lagorre.fr\/index.php\/wp-json\/wp\/v2\/media?parent=1230"}],"curies":[{"name":"wp","href":"https:\/\/api.w.org\/{rel}","templated":true}]}}