{"id":1270,"date":"2023-07-15T09:11:25","date_gmt":"2023-07-15T07:11:25","guid":{"rendered":"https:\/\/rene-gaston-lagorre.fr\/?page_id=1270"},"modified":"2023-08-31T21:13:37","modified_gmt":"2023-08-31T19:13:37","slug":"les-gitans","status":"publish","type":"page","link":"https:\/\/rene-gaston-lagorre.fr\/index.php\/les-gitans\/","title":{"rendered":"Les gitans"},"content":{"rendered":"<p>[vc_row][vc_column][vc_column_text]D\u00e8s son enfance, les aller-retours entre son pays natal (Les \u00c9tats-Unis) et la France et, par la suite, ses multiples voyages sur le pourtour du Bassin m\u00e9diterran\u00e9en (Espagne, Alg\u00e9rie, Tunisie, Maroc, Corse \u2026), ses all\u00e9es et venues incessantes entre Paris, la Normandie et les Pyr\u00e9n\u00e9es (Ari\u00e8ge, Andorre et Pays basque), vont sans nul doute contribuer \u00e0 faire du peintre un voyageur particuli\u00e8rement attentif et sensible \u00e0 l\u2019errance et au nomadisme.<\/p>\r\n\r\n<p>Sur les traces de Vincent van Gogh qui a peint en 1888, \u00e0 cet endroit m\u00eame, les barques en mer et sur la plage, c\u2019est dans ce petit village fr\u00e9quent\u00e9 par nombre d\u2019artistes et \u00e9crivains de renom tels Hemingway en 1920 ou Pablo Picasso et Yves Brayer dans les ann\u00e9es 50, que Lagorre va partager pour la premi\u00e8re fois pendant quelques mois la vie des gitans, quand dans les ann\u00e9es 60, il d\u00e9couvre \u00e0 son tour les Saintes-Maries de la mer.<\/p>\r\n\r\n<p>S\u00e9duit par l\u2019id\u00e9al de libert\u00e9 pr\u00f4n\u00e9 par les gitans mais aussi par leur sens tr\u00e8s pouss\u00e9 de la famille &#8211; nourrissons, enfants, parents, mais aussi grands-parents figureront sur ses toiles-, \u00e9mu par le mode de vie d\u2019 hommes et de femmes qui vivent chichement, dans une forme de d\u00e9nuement extr\u00eame mais qui n\u2019en abandonnent pas pour autant, bien au contraire, la musique et la danse, \u00e9bloui par leur joie de vivre au plus pr\u00e8s de la nature, le peintre d\u00e9cide de faire des gitans l\u2019un des sujets majeurs de ses tableaux.<\/p>\r\n\r\n<p>Sur le mode r\u00e9aliste, mais dans un v\u00e9ritable d\u00e9ferlement de couleurs et de lumi\u00e8re, Lagorre va peindre ces familles gitanes, nous pr\u00e9senter leurs gestes de maternit\u00e9 ou de paternit\u00e9, leurs danses, la nostalgie qui peut se lire dans leurs regards mais aussi les couleurs chatoyantes des jupes des femmes quand elles s\u2019envolent au vent. Sur des aquarelles couleur menthe, il va peindre de jeunes amoureux allong\u00e9s sur le sable, des femmes alanguies et nous donnera \u00e0 voir toute une s\u00e9rie de portraits d\u2019hommes jeunes. Il peindra m\u00eame &#8211; ce qui , il faut bien en convenir, ne nous semble gu\u00e8re \u00eatre une vraie r\u00e9ussite, un tableau sombre et tr\u00e8s \u00e9trange, une sc\u00e8ne traditionnelle de la vie des gitans, l\u2019enl\u00e8vement nocturne par un jeune gitan de sa fianc\u00e9e sous le regard s\u00e9v\u00e8re d\u2019un gros hibou perch\u00e9 sur une branche qui, tout comme nous, assiste \u00e0 la sc\u00e8ne&#8230;<\/p>\r\n\r\n<p>Lagorre peindra la fatigue quand le soir venu , \u00e9puis\u00e9s par la chaleur et la poussi\u00e8re de la route, les gitans s\u2019arr\u00eatent pour camper \u00e0 la belle \u00e9toile et allument un grand feu. On aper\u00e7oit parfois sur la toile le ch\u00e2teau de Tol\u00e8de qui sert d&#8217;arri\u00e8re-plan.<\/p>\r\n\r\n<p>Sous des ciels incendiaires, \u00e0 coups de larges aplats tant\u00f4t jaunes, tant\u00f4t mauves, il repr\u00e9sentera le d\u00e9part des roulottes et leur cheminement. Autant de sc\u00e8nes qui, comme des t\u00e9moignages nous donnent \u00e0 voir, transfigur\u00e9es et magnifi\u00e9es par le regard que l\u2019artiste pose sur elles, les figures de l\u2019errance. Une errance infinie. Une errance \u00e9ternelle.<\/p>\r\n<p>[\/vc_column_text][\/vc_column][\/vc_row][vc_row][vc_column][vc_empty_space]<div class=\"edgt-portfolio-list-holder edgt-pl-gallery edgt-pl-normal-space edgt-pl-three-columns edgt-pl-standard-overlay light    edgt-pl-pag-no-pagination     \"  data-type=gallery data-space-between-items=normal data-number-of-items=-1 data-image-proportions=full data-enable-fixed-proportions=no data-enable-image-shadow=no data-category=gitans data-order-by=date data-order=ASC data-item-style=standard-overlay data-item-style-skin=light data-enable-title=yes data-title-tag=h4 data-title-text-transform=uppercase data-enable-category=yes data-enable-like=no data-enable-count-images=yes data-enable-excerpt=no data-excerpt-length=20 data-pagination-type=no-pagination data-filter=no data-filter-order-by=name data-enable-article-parallax-animation=no data-portfolio-slider-on=no data-enable-loop=yes data-enable-autoplay=yes data-slider-speed=5000 data-slider-speed-animation=600 data-enable-navigation=yes data-enable-pagination=yes data-max-num-pages=0 data-next-page=2>\n\t\t\n\t<div class=\"edgt-pl-inner  clearfix\">\n\t\t\n<article class=\"edgt-pl-item  post-14485 portfolio-item type-portfolio-item status-publish has-post-thumbnail hentry portfolio-category-gitans\">\n\t<div class=\"edgt-pl-item-inner\" >\n\t\t<div class=\"edgt-pli-image\">\n\t\t\t<img width=\"1687\" height=\"1397\" src=\"https:\/\/rene-gaston-lagorre.fr\/wp-content\/uploads\/2023\/07\/19.Gitans.Hst_.sd_.jpg\" class=\"attachment-full size-full wp-post-image\" alt=\"Gitans\" decoding=\"async\" loading=\"lazy\" srcset=\"https:\/\/rene-gaston-lagorre.fr\/wp-content\/uploads\/2023\/07\/19.Gitans.Hst_.sd_.jpg 1687w, https:\/\/rene-gaston-lagorre.fr\/wp-content\/uploads\/2023\/07\/19.Gitans.Hst_.sd_-600x497.jpg 600w, https:\/\/rene-gaston-lagorre.fr\/wp-content\/uploads\/2023\/07\/19.Gitans.Hst_.sd_-300x248.jpg 300w, https:\/\/rene-gaston-lagorre.fr\/wp-content\/uploads\/2023\/07\/19.Gitans.Hst_.sd_-1024x848.jpg 1024w, https:\/\/rene-gaston-lagorre.fr\/wp-content\/uploads\/2023\/07\/19.Gitans.Hst_.sd_-768x636.jpg 768w, https:\/\/rene-gaston-lagorre.fr\/wp-content\/uploads\/2023\/07\/19.Gitans.Hst_.sd_-1536x1272.jpg 1536w\" sizes=\"(max-width: 1687px) 100vw, 1687px\" \/>\t\t<\/div>\n<div class=\"edgt-pli-text-holder\">\n\t<div class=\"edgt-pli-text-wrapper\">\n\t\t<div class=\"edgt-pli-text\">\n\t\t\t\t<h4 itemprop=\"name\" class=\"edgt-pli-title entry-title\" style=\"text-transform: uppercase\">\n\t\tFigures de l&#8217;errance, les Gitans\t<\/h4>\n\n\t\t\t\t\t<div class=\"edgt-pli-category-holder\">\n\t\t\t\t\t\t\t<a itemprop=\"url\" class=\"edgt-pli-category\" href=\"https:\/\/rene-gaston-lagorre.fr\/index.php\/portfolio-category\/gitans\/\">\"Gitans\"<\/a>\n\t\t\t\t\t<\/div>\n\t\n\t\t\t    <div class=\"edgt-gli-number-of-images-holder\" >\n        <span>98 pics.<\/span>\n    <\/div>\n\n\n\t\t\t\t\t<\/div>\n\t<\/div>\n<\/div>\t\t\n\t\t<a itemprop=\"url\" class=\"edgt-pli-link edgt-block-drag-link\" href=\"https:\/\/rene-gaston-lagorre.fr\/index.php\/portfolio-item\/les-gitans\/\" target=\"_self\"><\/a>\n\t<\/div>\n<\/article>\t<\/div>\n\t\n\t<\/div>[vc_empty_space][\/vc_column][\/vc_row]<\/p>","protected":false},"excerpt":{"rendered":"<p>[vc_row][vc_column][vc_column_text]D\u00e8s son enfance, les aller-retours entre son pays natal (Les \u00c9tats-Unis) et la France et, par la suite, ses multiples voyages sur le pourtour du Bassin m\u00e9diterran\u00e9en (Espagne, Alg\u00e9rie, Tunisie, Maroc, Corse \u2026), ses all\u00e9es et venues incessantes entre Paris, la Normandie et les Pyr\u00e9n\u00e9es (Ari\u00e8ge, [&hellip;]<\/p>\n","protected":false},"author":2,"featured_media":0,"parent":0,"menu_order":0,"comment_status":"closed","ping_status":"closed","template":"","meta":[],"_links":{"self":[{"href":"https:\/\/rene-gaston-lagorre.fr\/index.php\/wp-json\/wp\/v2\/pages\/1270"}],"collection":[{"href":"https:\/\/rene-gaston-lagorre.fr\/index.php\/wp-json\/wp\/v2\/pages"}],"about":[{"href":"https:\/\/rene-gaston-lagorre.fr\/index.php\/wp-json\/wp\/v2\/types\/page"}],"author":[{"embeddable":true,"href":"https:\/\/rene-gaston-lagorre.fr\/index.php\/wp-json\/wp\/v2\/users\/2"}],"replies":[{"embeddable":true,"href":"https:\/\/rene-gaston-lagorre.fr\/index.php\/wp-json\/wp\/v2\/comments?post=1270"}],"version-history":[{"count":3,"href":"https:\/\/rene-gaston-lagorre.fr\/index.php\/wp-json\/wp\/v2\/pages\/1270\/revisions"}],"predecessor-version":[{"id":14562,"href":"https:\/\/rene-gaston-lagorre.fr\/index.php\/wp-json\/wp\/v2\/pages\/1270\/revisions\/14562"}],"wp:attachment":[{"href":"https:\/\/rene-gaston-lagorre.fr\/index.php\/wp-json\/wp\/v2\/media?parent=1270"}],"curies":[{"name":"wp","href":"https:\/\/api.w.org\/{rel}","templated":true}]}}