{"id":13630,"date":"2023-07-15T17:39:54","date_gmt":"2023-07-15T15:39:54","guid":{"rendered":"https:\/\/rene-gaston-lagorre.fr\/?page_id=13630"},"modified":"2023-09-01T21:47:22","modified_gmt":"2023-09-01T19:47:22","slug":"z-2000","status":"publish","type":"page","link":"https:\/\/rene-gaston-lagorre.fr\/index.php\/z-2000\/","title":{"rendered":"Z 2000"},"content":{"rendered":"<p>[vc_row][vc_column][vc_column_text]&#8230;\u00ab\u00a0<em>Devons-nous dire que la peinture de Ren\u00e9 Lagorre doit tout \u00e0 la peinture\u00a0? Il y a l\u00e0 une ferveur qui n\u2019est pas sans nous porter vers la tradition des peintres d\u2019ic\u00f4nes\u00a0; vers l\u2019artisanat merveilleux des Siennois. L\u2019offrande ici pr\u00e9side \u00e0 la floraison. Ce qui surprend, c\u2019est la force contenue en cette organisation magique. On comprend en m\u00eame temps qu\u2019il s\u2019agit de poids et de mesures mais qui entrent dans le calcul selon les lois non \u00e9crites, variables comme l\u2019est la couleur du temps. D\u00e9rangez si peu que ce soit l\u2019ordre instable dont se constitue telle ou telle peinture, et vous n\u2019avez plus que juxtaposition de formes fig\u00e9es. C\u2019est donc par la seule magie que se d\u00e9terminent l\u2019\u00e2me et la main, et que l\u2019\u0153uvre na\u00eet comme surprise, invention, d\u00e9couverte heureuse, l\u2019esprit alert\u00e9 recevant, ne serait-ce qu\u2019un instant, le don de contempler.\u00a0<\/em>\u00bb<\/p>\r\n\r\n<p>Robert Marteau, Pr\u00e9face du catalogue de l\u2019exposition \u00ab\u00a0Z 2000\u00a0\u00bb. Galerie Weiller. Paris, Mai-juin 2001.<\/p>\r\n<p>[\/vc_column_text][\/vc_column][\/vc_row][vc_row][vc_column][vc_empty_space]<div class=\"edgt-portfolio-list-holder edgt-pl-gallery edgt-pl-normal-space edgt-pl-three-columns edgt-pl-standard-overlay light    edgt-pl-pag-no-pagination     \"  data-type=gallery data-space-between-items=normal data-number-of-items=-1 data-image-proportions=full data-enable-fixed-proportions=no data-enable-image-shadow=no data-category=z-2000 data-order-by=date data-order=ASC data-item-style=standard-overlay data-item-style-skin=light data-enable-title=yes data-title-tag=h4 data-title-text-transform=uppercase data-enable-category=yes data-enable-like=no data-enable-count-images=yes data-enable-excerpt=no data-excerpt-length=20 data-pagination-type=no-pagination data-filter=no data-filter-order-by=name data-enable-article-parallax-animation=no data-portfolio-slider-on=no data-enable-loop=yes data-enable-autoplay=yes data-slider-speed=5000 data-slider-speed-animation=600 data-enable-navigation=yes data-enable-pagination=yes data-max-num-pages=0 data-next-page=2>\n\t\t\n\t<div class=\"edgt-pl-inner  clearfix\">\n\t\t\n<article class=\"edgt-pl-item  post-14502 portfolio-item type-portfolio-item status-publish has-post-thumbnail hentry portfolio-category-z-2000\">\n\t<div class=\"edgt-pl-item-inner\" >\n\t\t<div class=\"edgt-pli-image\">\n\t\t\t<img width=\"841\" height=\"1200\" src=\"https:\/\/rene-gaston-lagorre.fr\/wp-content\/uploads\/2023\/07\/9a.Z.Hst_.2000.22x165cm.Signedate-au-dos.webp\" class=\"attachment-full size-full wp-post-image\" alt=\"Z 2000\" decoding=\"async\" loading=\"lazy\" srcset=\"https:\/\/rene-gaston-lagorre.fr\/wp-content\/uploads\/2023\/07\/9a.Z.Hst_.2000.22x165cm.Signedate-au-dos.webp 841w, https:\/\/rene-gaston-lagorre.fr\/wp-content\/uploads\/2023\/07\/9a.Z.Hst_.2000.22x165cm.Signedate-au-dos-600x856.webp 600w, https:\/\/rene-gaston-lagorre.fr\/wp-content\/uploads\/2023\/07\/9a.Z.Hst_.2000.22x165cm.Signedate-au-dos-210x300.webp 210w, https:\/\/rene-gaston-lagorre.fr\/wp-content\/uploads\/2023\/07\/9a.Z.Hst_.2000.22x165cm.Signedate-au-dos-718x1024.webp 718w, https:\/\/rene-gaston-lagorre.fr\/wp-content\/uploads\/2023\/07\/9a.Z.Hst_.2000.22x165cm.Signedate-au-dos-768x1096.webp 768w\" sizes=\"(max-width: 841px) 100vw, 841px\" \/>\t\t<\/div>\n<div class=\"edgt-pli-text-holder\">\n\t<div class=\"edgt-pli-text-wrapper\">\n\t\t<div class=\"edgt-pli-text\">\n\t\t\t\t<h4 itemprop=\"name\" class=\"edgt-pli-title entry-title\" style=\"text-transform: uppercase\">\n\t\tZ 2000\t<\/h4>\n\n\t\t\t\t\t<div class=\"edgt-pli-category-holder\">\n\t\t\t\t\t\t\t<a itemprop=\"url\" class=\"edgt-pli-category\" href=\"https:\/\/rene-gaston-lagorre.fr\/index.php\/portfolio-category\/z-2000\/\">\"Z 2000\"<\/a>\n\t\t\t\t\t<\/div>\n\t\n\t\t\t    <div class=\"edgt-gli-number-of-images-holder\" >\n        <span>24 pics.<\/span>\n    <\/div>\n\n\n\t\t\t\t\t<\/div>\n\t<\/div>\n<\/div>\t\t\n\t\t<a itemprop=\"url\" class=\"edgt-pli-link edgt-block-drag-link\" href=\"https:\/\/rene-gaston-lagorre.fr\/index.php\/portfolio-item\/z-2000\/\" target=\"_self\"><\/a>\n\t<\/div>\n<\/article>\t<\/div>\n\t\n\t<\/div>[vc_empty_space][\/vc_column][\/vc_row]<\/p>","protected":false},"excerpt":{"rendered":"<p>[vc_row][vc_column][vc_column_text]&#8230;\u00ab\u00a0Devons-nous dire que la peinture de Ren\u00e9 Lagorre doit tout \u00e0 la peinture\u00a0? Il y a l\u00e0 une ferveur qui n\u2019est pas sans nous porter vers la tradition des peintres d\u2019ic\u00f4nes\u00a0; vers l\u2019artisanat merveilleux des Siennois. L\u2019offrande ici pr\u00e9side \u00e0 la floraison. Ce qui surprend, c\u2019est [&hellip;]<\/p>\n","protected":false},"author":2,"featured_media":0,"parent":0,"menu_order":0,"comment_status":"closed","ping_status":"closed","template":"","meta":[],"_links":{"self":[{"href":"https:\/\/rene-gaston-lagorre.fr\/index.php\/wp-json\/wp\/v2\/pages\/13630"}],"collection":[{"href":"https:\/\/rene-gaston-lagorre.fr\/index.php\/wp-json\/wp\/v2\/pages"}],"about":[{"href":"https:\/\/rene-gaston-lagorre.fr\/index.php\/wp-json\/wp\/v2\/types\/page"}],"author":[{"embeddable":true,"href":"https:\/\/rene-gaston-lagorre.fr\/index.php\/wp-json\/wp\/v2\/users\/2"}],"replies":[{"embeddable":true,"href":"https:\/\/rene-gaston-lagorre.fr\/index.php\/wp-json\/wp\/v2\/comments?post=13630"}],"version-history":[{"count":3,"href":"https:\/\/rene-gaston-lagorre.fr\/index.php\/wp-json\/wp\/v2\/pages\/13630\/revisions"}],"predecessor-version":[{"id":14979,"href":"https:\/\/rene-gaston-lagorre.fr\/index.php\/wp-json\/wp\/v2\/pages\/13630\/revisions\/14979"}],"wp:attachment":[{"href":"https:\/\/rene-gaston-lagorre.fr\/index.php\/wp-json\/wp\/v2\/media?parent=13630"}],"curies":[{"name":"wp","href":"https:\/\/api.w.org\/{rel}","templated":true}]}}