{"id":13656,"date":"2023-07-16T15:56:52","date_gmt":"2023-07-16T13:56:52","guid":{"rendered":"https:\/\/rene-gaston-lagorre.fr\/?page_id=13656"},"modified":"2023-09-03T17:14:52","modified_gmt":"2023-09-03T15:14:52","slug":"peintures-z-2003","status":"publish","type":"page","link":"https:\/\/rene-gaston-lagorre.fr\/index.php\/peintures-z-2003\/","title":{"rendered":"Peintures Z 2003"},"content":{"rendered":"<p>[vc_row][vc_column][vc_column_text]A presque 90 ans, le peintre , de plus en plus tourn\u00e9 vers l\u2019abstraction, r\u00e9alise pour son plus grand bonheur l\u2019 exposition \u00ab\u00a0Peintures Z 2003 \u00ab\u00a0\u00e0 la Galerie Weiller o\u00f9 il a, depuis longtemps d\u00e9j\u00e0, pris ses habitudes.<\/p>\r\n\r\n<p>Il dira de vive voix, mais aussi par \u00e9crit, sa satisfaction d\u2019avoir pu mener \u00e0 terme ce travail de longue haleine malgr\u00e9 les difficult\u00e9s inh\u00e9rentes \u00e0 l\u2019\u00e2ge, son souci principal dans l\u2019imm\u00e9diat \u00e9tant alors d\u2019avoir \u00e0 affronter et \u00e0 surmonter la perte progressive de la vue.<\/p>\r\n\r\n<p>Que peut-il bien exister de plus terrible pour celui qui s\u2019est av\u00e9r\u00e9 \u00eatre un coloriste d\u2019exception et un incorrigible amoureux de la vie\u00a0 que cette infirmit\u00e9\u00a0 qui cherche \u00e0 lui voler ses yeux ?<\/p>\r\n\r\n<p>L\u2019exposition sera accueillie tr\u00e8s favorablement par la critique (cf article Gazette Drouot)<\/p>\r\n\r\n<p>\u00ab\u00a0<em>Saisir au vol la vie, c\u2019est ce que Hokusa\u00ef attendait du grand \u00e2ge. Plus les pas se perp\u00e9tuent sur le chemin temporel plus le myst\u00e8re vital se fait pr\u00e9sent. C\u2019est que le peintre, le po\u00e8te, le musicien avancent dans la m\u00e9moire et qu\u2019ils cueillent ainsi plus pr\u00e9s de la source le signe et le son dans leur soudain av\u00e8nement. Ren\u00e9, notre ami, nous enseigne\u00a0: sans didactisme, mais plut\u00f4t avec la spontan\u00e9it\u00e9 primesauti\u00e8re qu\u2019on attribue \u00e0 la jeunesse&#8230;<\/em>\u00a0\u00bb<\/p>\r\n\r\n<p>&nbsp;<\/p>\r\n\r\n<p class=\"has-small-font-size\">Robert Marteau, Pr\u00e9face du catalogue d\u2019exposition \u00ab\u00a0Peintures Z 2003\u00a0\u00bb<\/p>\r\n\r\n<p>Quelques mois apr\u00e8s cette exposition Ren\u00e9 Lagorre s\u2019\u00e9teindra paisiblement en son domicile parisien, au 44 Avenue Duranton.<\/p>\r\n\r\n<p>Selon son souhait il sera incin\u00e9r\u00e9 au cr\u00e9matorium de Tarbes et ses cendres d\u00e9pos\u00e9es au cimeti\u00e8re de Seix (Ari\u00e8ge).<\/p>\r\n\r\n<p>Depuis, chaque ann\u00e9e, la bourgade honore le peintre en organisant un petit festival, \u00ab\u00a0Les Estivales Lagorre\u00a0\u00bb durant lequel peintres et sculpteurs exposent leurs \u0153uvres au sein m\u00eame du village. C\u2019est de cette mani\u00e8re que l\u2019on continue au village de faire r\u00e9sonner le souvenir du peintre. D\u2019autres signes marquent eux aussi la reconnaissance des personnes envers l\u2019artiste, ainsi l\u2019une des rues du village a-t-elle pris son nom. A l\u2019Isle-en-Dodon, la municipalit\u00e9 vient tout juste d\u2019 inaugurer une all\u00e9e baptis\u00e9e \u00ab\u00a0All\u00e9e Ren\u00e9 Gaston-Lagorre\u00a0\u00bb&#8230;<\/p>\r\n\r\n<p>Pour moi qui \u00e9cris aujourd\u2019hui ces quelques pages d\u00e9di\u00e9es \u00e0 l\u2019artiste qu\u2019il a \u00e9t\u00e9, il est surtout r\u00e9confortant de savoir qu\u2019\u00e0 Seix, \u00e0 Saint-Lizier, \u00e0 Toulouse, \u00e0 Bordeaux, \u00e0 Marseille, \u00e0 Cannes ou \u00e0 Antibes, \u00e0 Lyon, \u00e0 Rouen, \u00e0 Paris ou aux Etats-Unis nombre d\u2019\u0153uvres du peintre continuent de voyager et de se transmettre pour finalement vivre au c\u0153ur m\u00eame des villes et des villages !<\/p>\r\n\r\n<p>Puissent ces \u0153uvres continuer de vivre et d\u2019 enchanter longtemps encore les murs de nos maisons\u00a0!<\/p>\r\n<p>[\/vc_column_text][\/vc_column][\/vc_row][vc_row][vc_column][vc_empty_space]<div class=\"edgt-portfolio-list-holder edgt-pl-gallery edgt-pl-normal-space edgt-pl-three-columns edgt-pl-standard-overlay light    edgt-pl-pag-no-pagination     \"  data-type=gallery data-space-between-items=normal data-number-of-items=-1 data-image-proportions=full data-enable-fixed-proportions=no data-enable-image-shadow=no data-category=z-2003 data-order-by=date data-order=ASC data-item-style=standard-overlay data-item-style-skin=light data-enable-title=yes data-title-tag=h4 data-title-text-transform=uppercase data-enable-category=yes data-enable-like=no data-enable-count-images=yes data-enable-excerpt=no data-excerpt-length=20 data-pagination-type=no-pagination data-filter=no data-filter-order-by=name data-enable-article-parallax-animation=no data-portfolio-slider-on=no data-enable-loop=yes data-enable-autoplay=yes data-slider-speed=5000 data-slider-speed-animation=600 data-enable-navigation=yes data-enable-pagination=yes data-max-num-pages=0 data-next-page=2>\n\t\t\n\t<div class=\"edgt-pl-inner  clearfix\">\n\t\t\n<article class=\"edgt-pl-item  post-14504 portfolio-item type-portfolio-item status-publish has-post-thumbnail hentry portfolio-category-z-2003\">\n\t<div class=\"edgt-pl-item-inner\" >\n\t\t<div class=\"edgt-pli-image\">\n\t\t\t<img width=\"1432\" height=\"1864\" src=\"https:\/\/rene-gaston-lagorre.fr\/wp-content\/uploads\/2023\/07\/9.Z.-hst.2003.8.jpg\" class=\"attachment-full size-full wp-post-image\" alt=\"Z 2003\" decoding=\"async\" loading=\"lazy\" srcset=\"https:\/\/rene-gaston-lagorre.fr\/wp-content\/uploads\/2023\/07\/9.Z.-hst.2003.8.jpg 1432w, https:\/\/rene-gaston-lagorre.fr\/wp-content\/uploads\/2023\/07\/9.Z.-hst.2003.8-600x781.jpg 600w, https:\/\/rene-gaston-lagorre.fr\/wp-content\/uploads\/2023\/07\/9.Z.-hst.2003.8-230x300.jpg 230w, https:\/\/rene-gaston-lagorre.fr\/wp-content\/uploads\/2023\/07\/9.Z.-hst.2003.8-787x1024.jpg 787w, https:\/\/rene-gaston-lagorre.fr\/wp-content\/uploads\/2023\/07\/9.Z.-hst.2003.8-768x1000.jpg 768w, https:\/\/rene-gaston-lagorre.fr\/wp-content\/uploads\/2023\/07\/9.Z.-hst.2003.8-1180x1536.jpg 1180w\" sizes=\"(max-width: 1432px) 100vw, 1432px\" \/>\t\t<\/div>\n<div class=\"edgt-pli-text-holder\">\n\t<div class=\"edgt-pli-text-wrapper\">\n\t\t<div class=\"edgt-pli-text\">\n\t\t\t\t<h4 itemprop=\"name\" class=\"edgt-pli-title entry-title\" style=\"text-transform: uppercase\">\n\t\tZ 2003\t<\/h4>\n\n\t\t\t\t\t<div class=\"edgt-pli-category-holder\">\n\t\t\t\t\t\t\t<a itemprop=\"url\" class=\"edgt-pli-category\" href=\"https:\/\/rene-gaston-lagorre.fr\/index.php\/portfolio-category\/z-2003\/\">\"Z 2003\"<\/a>\n\t\t\t\t\t<\/div>\n\t\n\t\t\t    <div class=\"edgt-gli-number-of-images-holder\" >\n        <span>33 pics.<\/span>\n    <\/div>\n\n\n\t\t\t\t\t<\/div>\n\t<\/div>\n<\/div>\t\t\n\t\t<a itemprop=\"url\" class=\"edgt-pli-link edgt-block-drag-link\" href=\"https:\/\/rene-gaston-lagorre.fr\/index.php\/portfolio-item\/z-2003\/\" target=\"_self\"><\/a>\n\t<\/div>\n<\/article>\t<\/div>\n\t\n\t<\/div>[vc_empty_space][\/vc_column][\/vc_row]<\/p>","protected":false},"excerpt":{"rendered":"<p>[vc_row][vc_column][vc_column_text]A presque 90 ans, le peintre , de plus en plus tourn\u00e9 vers l\u2019abstraction, r\u00e9alise pour son plus grand bonheur l\u2019 exposition \u00ab\u00a0Peintures Z 2003 \u00ab\u00a0\u00e0 la Galerie Weiller o\u00f9 il a, depuis longtemps d\u00e9j\u00e0, pris ses habitudes. Il dira de vive voix, mais aussi par [&hellip;]<\/p>\n","protected":false},"author":2,"featured_media":0,"parent":0,"menu_order":0,"comment_status":"closed","ping_status":"closed","template":"","meta":[],"_links":{"self":[{"href":"https:\/\/rene-gaston-lagorre.fr\/index.php\/wp-json\/wp\/v2\/pages\/13656"}],"collection":[{"href":"https:\/\/rene-gaston-lagorre.fr\/index.php\/wp-json\/wp\/v2\/pages"}],"about":[{"href":"https:\/\/rene-gaston-lagorre.fr\/index.php\/wp-json\/wp\/v2\/types\/page"}],"author":[{"embeddable":true,"href":"https:\/\/rene-gaston-lagorre.fr\/index.php\/wp-json\/wp\/v2\/users\/2"}],"replies":[{"embeddable":true,"href":"https:\/\/rene-gaston-lagorre.fr\/index.php\/wp-json\/wp\/v2\/comments?post=13656"}],"version-history":[{"count":4,"href":"https:\/\/rene-gaston-lagorre.fr\/index.php\/wp-json\/wp\/v2\/pages\/13656\/revisions"}],"predecessor-version":[{"id":14980,"href":"https:\/\/rene-gaston-lagorre.fr\/index.php\/wp-json\/wp\/v2\/pages\/13656\/revisions\/14980"}],"wp:attachment":[{"href":"https:\/\/rene-gaston-lagorre.fr\/index.php\/wp-json\/wp\/v2\/media?parent=13656"}],"curies":[{"name":"wp","href":"https:\/\/api.w.org\/{rel}","templated":true}]}}