{"id":1370,"date":"2023-07-15T09:10:51","date_gmt":"2023-07-15T07:10:51","guid":{"rendered":"https:\/\/rene-gaston-lagorre.fr\/?page_id=1370"},"modified":"2023-08-26T11:47:11","modified_gmt":"2023-08-26T09:47:11","slug":"don-quichotte-de-la-manche","status":"publish","type":"page","link":"https:\/\/rene-gaston-lagorre.fr\/index.php\/don-quichotte-de-la-manche\/","title":{"rendered":"Don Quichotte de la Manche"},"content":{"rendered":"<p>[vc_row][vc_column][vc_column_text]<\/p>\r\n<p class=\"has-medium-font-size\"><em>Don Quichotte de la Manche, el caballero de la trista figura, symbole de l\u2019errance<\/em><\/p>\r\n\r\n<p>Le roman de Cervant\u00e8s est consid\u00e9r\u00e9 \u00e0 juste titre comme l&#8217;un des romans les plus importants de la litt\u00e9rature mondiale. On sait comment le h\u00e9ros de Cervant\u00e8s, Don Quichotte, contamin\u00e9 par ses lectures, s\u2019installe dans une vie fantasm\u00e9e de chevalier errant, comment il vit alors dans un r\u00e9el m\u00e9tamorphos\u00e9 ce qui le conduit un beau matin, \u00e0 quitter sa patrie, la Mancha, une r\u00e9gion pauvre, une terre de moutons et de moulins \u00e0 vent pour dit-il \u00ab\u00a0<em>venger les injures, secourir et venir en aide aux opprim\u00e9s\u00a0<\/em><em>\u00bb\u2026<\/em> devenant de ce fait une sorte de chevalier id\u00e9aliste au grand c\u0153ur.<\/p>\r\n\r\n<p>Ins\u00e9parable de son fid\u00e8le \u00e9cuyer, Sancho Pan\u00e7a, un paysan p\u00e9tri de culture populaire associ\u00e9 sans cesse au th\u00e8me de la faim et de la nourriture, Don Quichotte va cheminer. Au rythme de leur monture, pour l\u2019un Rossinante, vieux cheval efflanqu\u00e9 et pour l\u2019autre son \u00e2ne, ils vivront de folles aventures avant que la mort ne vienne clore le retour \u00e0 la maison en m\u00eame temps que celui \u00e0 la raison.<\/p>\r\n\r\n<p>Si Don Quichotte a parcouru la Mancha en tous sens en compagnie de Sancho, le roman de Cervant\u00e8s dont il est le h\u00e9ros\u00a0, lui, a parcouru le monde entier, conf\u00e9rant au personnage de Don Quichotte la dimension d\u2019un mythe.<\/p>\r\n\r\n<p>Dans le domaine pictural, bien avant que Salvador Dali, Pablo Picasso, Andr\u00e9 Masson ou encore, plus pr\u00e8s de nous, G\u00e9rard Garouste ne s\u2019emparent de Don Quichotte, Honor\u00e9 Daumier mais surtout Gustave Dor\u00e9 avec ses fabuleux dessins grav\u00e9s de Don Quichotte vont participer \u00e0 la diffusion du mythe. Sainte-Beuve ne s\u2019y trompe pas qui affirme\u00a0:<\/p>\r\n\r\n<p>\u00ab <em>pour la libert\u00e9 et l\u2019audace du dessinateur. La connaissance directe de l\u2019Espagne, de ses paysages et de son architecture, fournit \u00e0 Dor\u00e9 la mati\u00e8re \u00e0 des compositions tr\u00e8s fid\u00e8les. [\u2026] C\u2019est par ces voyages en Espagne qu\u2019il a su reproduire les horizons nus, d\u00e9charn\u00e9s, les solitudes ou les \u00e2pret\u00e9s sauvages comme aussi les plus fra\u00eeches oasis et les plus secrets vallons, les h\u00f4telleries d\u00e9labr\u00e9es comme les r\u00e9sidences seigneuriales pompeuses et les architectures histori\u00e9es et fleuries. [\u2026] Ce n\u2019est point en Beauce ou en Brie que le chevalier de la Manche fait ses prouesses ; il traverse les gorges de la Sierra ; il assiste dans ses courtes heures de repos \u00e0 des r\u00e9cits divers et anim\u00e9s qui varient les sc\u00e8nes et transportent le lecteur jusque sous le ciel africain : autant de motifs ou d\u2019ing\u00e9nieux pr\u00e9textes pour le crayon. [\u2026] Dor\u00e9 a donc refait un <\/em><strong>Don Quichotte <\/strong><em>espagnol : il l\u2019a d\u00e9francis\u00e9.<\/em> \u00bb<\/p>\r\n\r\n<p>et Cyril Dev\u00e8s d\u2019affirmer\u00a0:<\/p>\r\n\r\n<p>\u00ab<em>Gustave Dor\u00e9 fixe d\u00e9finitivement le visage, la silhouette et les aventures de <\/em><strong>Don Quichotte<\/strong><em>. De fait, il permettra \u00e0 des artistes comme Honor\u00e9 Daumier, Picasso, Dali, Weisbuch, etc, de le r\u00e9duire \u00e0 sa forme la plus simple. Le Don Quichotte de Dor\u00e9 est un maillon essentiel pour comprendre l\u2019\u00e9volution iconographique de ce h\u00e9ros et le processus d\u2019autonomie plastique lui permettant de s\u2019ancrer profond\u00e9ment et durablement dans notre imaginaire collectif. Pourfendeur de moulins \u00e0 vent, de troupeaux de moutons et autres outres de vin, le monde n\u2019aura jamais vu aussi fier faiseur de chim\u00e8res dont la plus belle de toutes restera Dulcin\u00e9e, la femme de ses pens\u00e9es et pour laquelle il ressuscite cette chevalerie d\u00e9funte. Au cours des si\u00e8cles, les lecteurs sont tiraill\u00e9s dans leur sensibilit\u00e9. Si l\u2019aspect risible du personnage est la premi\u00e8re id\u00e9e qui s\u2019impose, se peut-il que derri\u00e8re le rire se cache une larme ? Ce fou n\u2019est-il pas le repr\u00e9sentant de la condition humaine ?<\/em> \u00bb .<\/p>\r\n\r\n<p>Cyril Dev\u00e8s est un historien de l\u2019art , conf\u00e9rencier et Chercheur (Universit\u00e9 de Lyon)<\/p>\r\n\r\n<p>La douce folie et l\u2019humanit\u00e9 de Don Quichotte \u00e9meuvent \u00e9galement Lagorre comme l\u2019 atteste cette lettre \u00e9crite \u00e0 sa ni\u00e8ce. Don Quichotte deviendra le th\u00e8me \u00e0 part enti\u00e8re de l\u2019une de ses expositions, le peintre nous donnera \u00e0 voir la folie du personnage (\u00e9pisode des moulins \u00e0 vent confondus avec des g\u00e9ants) mais nous rendra \u00e9galement sensible ses r\u00eaves d\u2019altruisme et son besoin de libert\u00e9.<\/p>\r\n<p>[\/vc_column_text][\/vc_column][\/vc_row][vc_row][vc_column][vc_empty_space]<div class=\"edgt-portfolio-list-holder edgt-pl-gallery edgt-pl-normal-space edgt-pl-three-columns edgt-pl-standard-overlay light    edgt-pl-pag-no-pagination     \"  data-type=gallery data-space-between-items=normal data-number-of-items=-1 data-image-proportions=full data-enable-fixed-proportions=no data-enable-image-shadow=no data-category=don-quichotte data-order-by=date data-order=ASC data-item-style=standard-overlay data-item-style-skin=light data-enable-title=yes data-title-tag=h4 data-title-text-transform=uppercase data-enable-category=yes data-enable-like=no data-enable-count-images=yes data-enable-excerpt=no data-excerpt-length=20 data-pagination-type=no-pagination data-filter=no data-filter-order-by=name data-enable-article-parallax-animation=no data-portfolio-slider-on=no data-enable-loop=yes data-enable-autoplay=yes data-slider-speed=5000 data-slider-speed-animation=600 data-enable-navigation=yes data-enable-pagination=yes data-max-num-pages=0 data-next-page=2>\n\t\t\n\t<div class=\"edgt-pl-inner  clearfix\">\n\t\t\n<article class=\"edgt-pl-item  post-14473 portfolio-item type-portfolio-item status-publish has-post-thumbnail hentry portfolio-category-don-quichotte\">\n\t<div class=\"edgt-pl-item-inner\" >\n\t\t<div class=\"edgt-pli-image\">\n\t\t\t<img width=\"1849\" height=\"2560\" src=\"https:\/\/rene-gaston-lagorre.fr\/wp-content\/uploads\/2023\/07\/26.DQ-ds-le-Z-22x16cm-Mairie-de-Seix-scaled.jpg\" class=\"attachment-full size-full wp-post-image\" alt=\"Don Quichotte dans le Z\" decoding=\"async\" loading=\"lazy\" srcset=\"https:\/\/rene-gaston-lagorre.fr\/wp-content\/uploads\/2023\/07\/26.DQ-ds-le-Z-22x16cm-Mairie-de-Seix-scaled.jpg 1849w, https:\/\/rene-gaston-lagorre.fr\/wp-content\/uploads\/2023\/07\/26.DQ-ds-le-Z-22x16cm-Mairie-de-Seix-scaled-600x831.jpg 600w, https:\/\/rene-gaston-lagorre.fr\/wp-content\/uploads\/2023\/07\/26.DQ-ds-le-Z-22x16cm-Mairie-de-Seix-217x300.jpg 217w, https:\/\/rene-gaston-lagorre.fr\/wp-content\/uploads\/2023\/07\/26.DQ-ds-le-Z-22x16cm-Mairie-de-Seix-740x1024.jpg 740w, https:\/\/rene-gaston-lagorre.fr\/wp-content\/uploads\/2023\/07\/26.DQ-ds-le-Z-22x16cm-Mairie-de-Seix-768x1063.jpg 768w, https:\/\/rene-gaston-lagorre.fr\/wp-content\/uploads\/2023\/07\/26.DQ-ds-le-Z-22x16cm-Mairie-de-Seix-1109x1536.jpg 1109w, https:\/\/rene-gaston-lagorre.fr\/wp-content\/uploads\/2023\/07\/26.DQ-ds-le-Z-22x16cm-Mairie-de-Seix-1479x2048.jpg 1479w\" sizes=\"(max-width: 1849px) 100vw, 1849px\" \/>\t\t<\/div>\n<div class=\"edgt-pli-text-holder\">\n\t<div class=\"edgt-pli-text-wrapper\">\n\t\t<div class=\"edgt-pli-text\">\n\t\t\t\t<h4 itemprop=\"name\" class=\"edgt-pli-title entry-title\" style=\"text-transform: uppercase\">\n\t\tDon Quichotte de la Manche\t<\/h4>\n\n\t\t\t\t\t<div class=\"edgt-pli-category-holder\">\n\t\t\t\t\t\t\t<a itemprop=\"url\" class=\"edgt-pli-category\" href=\"https:\/\/rene-gaston-lagorre.fr\/index.php\/portfolio-category\/don-quichotte\/\">\"Don Quichotte\"<\/a>\n\t\t\t\t\t<\/div>\n\t\n\t\t\t    <div class=\"edgt-gli-number-of-images-holder\" >\n        <span>30 pics.<\/span>\n    <\/div>\n\n\n\t\t\t\t\t<\/div>\n\t<\/div>\n<\/div>\t\t\n\t\t<a itemprop=\"url\" class=\"edgt-pli-link edgt-block-drag-link\" href=\"https:\/\/rene-gaston-lagorre.fr\/index.php\/portfolio-item\/don-quichotte\/\" target=\"_self\"><\/a>\n\t<\/div>\n<\/article>\t<\/div>\n\t\n\t<\/div>[vc_empty_space][\/vc_column][\/vc_row]<\/p>","protected":false},"excerpt":{"rendered":"<p>[vc_row][vc_column][vc_column_text] Don Quichotte de la Manche, el caballero de la trista figura, symbole de l\u2019errance Le roman de Cervant\u00e8s est consid\u00e9r\u00e9 \u00e0 juste titre comme l&#8217;un des romans les plus importants de la litt\u00e9rature mondiale. On sait comment le h\u00e9ros de Cervant\u00e8s, Don Quichotte, contamin\u00e9 par [&hellip;]<\/p>\n","protected":false},"author":2,"featured_media":0,"parent":0,"menu_order":0,"comment_status":"closed","ping_status":"closed","template":"","meta":[],"_links":{"self":[{"href":"https:\/\/rene-gaston-lagorre.fr\/index.php\/wp-json\/wp\/v2\/pages\/1370"}],"collection":[{"href":"https:\/\/rene-gaston-lagorre.fr\/index.php\/wp-json\/wp\/v2\/pages"}],"about":[{"href":"https:\/\/rene-gaston-lagorre.fr\/index.php\/wp-json\/wp\/v2\/types\/page"}],"author":[{"embeddable":true,"href":"https:\/\/rene-gaston-lagorre.fr\/index.php\/wp-json\/wp\/v2\/users\/2"}],"replies":[{"embeddable":true,"href":"https:\/\/rene-gaston-lagorre.fr\/index.php\/wp-json\/wp\/v2\/comments?post=1370"}],"version-history":[{"count":6,"href":"https:\/\/rene-gaston-lagorre.fr\/index.php\/wp-json\/wp\/v2\/pages\/1370\/revisions"}],"predecessor-version":[{"id":14564,"href":"https:\/\/rene-gaston-lagorre.fr\/index.php\/wp-json\/wp\/v2\/pages\/1370\/revisions\/14564"}],"wp:attachment":[{"href":"https:\/\/rene-gaston-lagorre.fr\/index.php\/wp-json\/wp\/v2\/media?parent=1370"}],"curies":[{"name":"wp","href":"https:\/\/api.w.org\/{rel}","templated":true}]}}