{"id":13703,"date":"2023-07-16T16:56:33","date_gmt":"2023-07-16T14:56:33","guid":{"rendered":"https:\/\/rene-gaston-lagorre.fr\/?page_id=13703"},"modified":"2023-09-03T21:46:56","modified_gmt":"2023-09-03T19:46:56","slug":"lecture-comparee-de-deux-representations-de-bergers-par-pauline-chaboussou-2","status":"publish","type":"page","link":"https:\/\/rene-gaston-lagorre.fr\/index.php\/lectures-plurielles\/lecture-comparee-de-deux-representations-de-bergers-par-pauline-chaboussou-2\/","title":{"rendered":"Lecture compar\u00e9e de deux repr\u00e9sentations de bergers par Pauline Chaboussou"},"content":{"rendered":"<p>[vc_row row_type=&#8221;parallax&#8221; parallax_background_image=&#8221;717&#8243;][vc_column]<div class=\"edgt-elements-holder   edgt-one-column  edgt-responsive-mode-768 edgt-one-column-alignment-center\" ><div class=\"edgt-eh-item   edgt-horizontal-alignment-center \"  data-item-class=\"edgt-eh-custom-7656\">\n\t<div class=\"edgt-eh-item-inner\">\n\t\t<div class=\"edgt-eh-item-content edgt-eh-custom-7656\" style=\"padding: 11% 0%\">\n\t\t\t[vc_column_text]<\/p>\n<h6><span style=\"color: #ffffff;\">Lecture d&#8217;oeuvres<br \/>\n<\/span><\/h6>\n<p>[\/vc_column_text][vc_empty_space height=&#8221;8px&#8221;][vc_column_text]<\/p>\n<h1><span style=\"color: #ffffff;\">Repr\u00e9sentions de bergers par Pauline Chaboussou<\/span><\/h1>\n<p>[\/vc_column_text]\t\t<\/div>\n\t<\/div>\n<\/div><\/div>[\/vc_column][\/vc_row][vc_row row_content_width=&#8221;grid&#8221; css=&#8221;.vc_custom_1493283590395{padding-top: 100px !important;padding-bottom: 100px !important;}&#8221;][vc_column]<div class=\"edgt-process-holder process-text-left \">\n    <div class=\"edgt-process-inner\">\n                <div class=\"edgt-process-text-holder\">\n                            <span class=\"process-subtitle\"> Huile sur toile. 81x100,5cm. 3e quart du XXe si\u00e8cle. Coll. Mairie de Seix<\/span>\n            \n                        <h2 class=\"edgt-process-title\">\n            LE VIEUX BERGER        <\/h2>\n                        <p class=\"process-text\">Le premier tableau repr\u00e9sente un vieux paysan en costume traditionnel de berger. Derri\u00e8re lui se trouvent des objets typiques du monde pastoral comme les licous et les clarines, suspendus sur une rampe de bois, ou le grand l\u00e9rou plac\u00e9 \u00e0 gauche de la toile. Le peintre a ajout\u00e9 un chien de profil aux c\u00f4t\u00e9s du berger, la t\u00eate pos\u00e9e sur ses genoux.&lt;\/p&gt;\n&lt;p&gt;Le visage et les mains rid\u00e9s et creus\u00e9s du personnage t\u00e9moignent de son \u00e2ge certain mais aussi de la rudesse de son travail. De par leur aspect us\u00e9, dans les tons de gris, les couleurs du costume, tout comme le traitement des plis du v\u00eatement, accentuent l\u2019impression de fatigue et de vieillesse. Toutefois, l\u2019attitude bien droite du vieil homme, et l\u2019amplitude de sa cape qui l\u2019enveloppe d\u2019un halo lumineux, conf\u00e8re de la noblesse \u00e0 sa personne, impression encore renforc\u00e9e par la composition classique, parfaite, en triangle.&lt;\/p&gt;\n&lt;p&gt;Le berger pose au centre de ses objets de travail comme si Lagorre avait voulu fixer sur la toile les principales caract\u00e9ristiques d\u2019un m\u00e9tier qui conna\u00eet alors une forte d\u00e9saffection. Le chien joue un r\u00f4le important : certes, il est l\u00e0 pour rappeler l\u2019aide pr\u00e9cieuse qu\u2019il apporte aux bergers dans la surveillance et la protection du troupeau, mais il symbolise surtout la fid\u00e9lit\u00e9 : fid\u00e9lit\u00e9 du chien envers son ma\u00eetre et fid\u00e9lit\u00e9 du berger envers ses b\u00eates et son m\u00e9tier.&lt;\/p&gt;\n&lt;p&gt;La ma\u00eetrise des couleurs est ici remarquable. Malgr\u00e9 la pr\u00e9dominance de tons froids ou sourds, le tableau reste lumineux et le berger se d\u00e9tache bien de l\u2019ensemble. Le bleu fonc\u00e9 tr\u00e8s intense, visible \u00e0 la gauche du tableau et sur le costume du berger, qui rappelle celui des vitraux des cath\u00e9drales, repr\u00e9sente une v\u00e9ritable source de lumi\u00e8re qui capte l\u2019attention pour mettre en valeur le personnage. Le blanc nacr\u00e9 de la cape, qui ressort sur le fond sombre, participe aussi \u00e0 cette valorisation. Les \u00e9clairs de verdure qui transparaissent \u00e0 travers les planches disjointes des murs de al cabane, en arri\u00e8re-plan, apportent de la profondeur \u00e0 la sc\u00e8ne, alors que la pr\u00e9sence de nuances rougeoyantes sur le chien et certains colliers de clarines contribue \u00e0 r\u00e9chauffer le tableau.&lt;\/p&gt;\n&lt;p&gt;Par la pr\u00e9cision de la technique, le classicisme de la composition et la qualit\u00e9 du traitement des couleurs, cette toile peut \u00eatre consid\u00e9r\u00e9e comme une \u0153uvre majeure de Ren\u00e9 Gaston-Lagorre. L\u2019artiste en \u00e9tait d\u2019ailleurs tr\u00e8s fier ; il a toujours refus\u00e9 de vendre cette toile, et se justifiait en disant que c\u2019\u00e9tait \u00ab le berger de ses bergers \u00bb, le berger de ses tableaux.<\/p>\n            <\/div>\n                <div class=\"edgt-process-image\">\n            <img width=\"2046\" height=\"2560\" src=\"https:\/\/rene-gaston-lagorre.fr\/wp-content\/uploads\/2023\/07\/3.-Le-vieux-berger.HST_.181x1005cm-Coll.-part-1-scaled.jpg\" class=\"attachment-full size-full\" alt=\"Le vieux berger\" decoding=\"async\" loading=\"lazy\" srcset=\"https:\/\/rene-gaston-lagorre.fr\/wp-content\/uploads\/2023\/07\/3.-Le-vieux-berger.HST_.181x1005cm-Coll.-part-1-scaled.jpg 2046w, https:\/\/rene-gaston-lagorre.fr\/wp-content\/uploads\/2023\/07\/3.-Le-vieux-berger.HST_.181x1005cm-Coll.-part-1-scaled-600x751.jpg 600w, https:\/\/rene-gaston-lagorre.fr\/wp-content\/uploads\/2023\/07\/3.-Le-vieux-berger.HST_.181x1005cm-Coll.-part-1-240x300.jpg 240w, https:\/\/rene-gaston-lagorre.fr\/wp-content\/uploads\/2023\/07\/3.-Le-vieux-berger.HST_.181x1005cm-Coll.-part-1-818x1024.jpg 818w, https:\/\/rene-gaston-lagorre.fr\/wp-content\/uploads\/2023\/07\/3.-Le-vieux-berger.HST_.181x1005cm-Coll.-part-1-768x961.jpg 768w, https:\/\/rene-gaston-lagorre.fr\/wp-content\/uploads\/2023\/07\/3.-Le-vieux-berger.HST_.181x1005cm-Coll.-part-1-1228x1536.jpg 1228w, https:\/\/rene-gaston-lagorre.fr\/wp-content\/uploads\/2023\/07\/3.-Le-vieux-berger.HST_.181x1005cm-Coll.-part-1-1637x2048.jpg 1637w, https:\/\/rene-gaston-lagorre.fr\/wp-content\/uploads\/2023\/07\/3.-Le-vieux-berger.HST_.181x1005cm-Coll.-part-1-1320x1652.jpg 1320w\" sizes=\"(max-width: 2046px) 100vw, 2046px\" \/>        <\/div>\n                <div class=\"edgt-process-number\">01<\/div>\n    <\/div>\n<\/div>[\/vc_column][\/vc_row][vc_row][vc_column]<div class=\"edgt-separator-holder clearfix  edgt-separator-center edgt-separator-full-width\">\n\t<div class=\"edgt-separator\" style=\"border-color: #e9e9e9;border-style: solid;border-bottom-width: 1px;margin-top: 5px;margin-bottom: 5px\"><\/div>\n<\/div>\n[\/vc_column][\/vc_row][vc_row row_content_width=&#8221;grid&#8221; css=&#8221;.vc_custom_1493283608340{padding-top: 100px !important;padding-bottom: 100px !important;}&#8221;][vc_column]<div class=\"edgt-process-holder process-text-right \">\n    <div class=\"edgt-process-inner\">\n                    <div class=\"edgt-process-image\">\n                <img width=\"824\" height=\"1069\" src=\"https:\/\/rene-gaston-lagorre.fr\/wp-content\/uploads\/2023\/07\/14.Berger.Gouache.255x34cm.1998.Coll_.part_-1.jpg\" class=\"attachment-full size-full\" alt=\"\" decoding=\"async\" loading=\"lazy\" srcset=\"https:\/\/rene-gaston-lagorre.fr\/wp-content\/uploads\/2023\/07\/14.Berger.Gouache.255x34cm.1998.Coll_.part_-1.jpg 824w, https:\/\/rene-gaston-lagorre.fr\/wp-content\/uploads\/2023\/07\/14.Berger.Gouache.255x34cm.1998.Coll_.part_-1-600x778.jpg 600w, https:\/\/rene-gaston-lagorre.fr\/wp-content\/uploads\/2023\/07\/14.Berger.Gouache.255x34cm.1998.Coll_.part_-1-231x300.jpg 231w, https:\/\/rene-gaston-lagorre.fr\/wp-content\/uploads\/2023\/07\/14.Berger.Gouache.255x34cm.1998.Coll_.part_-1-789x1024.jpg 789w, https:\/\/rene-gaston-lagorre.fr\/wp-content\/uploads\/2023\/07\/14.Berger.Gouache.255x34cm.1998.Coll_.part_-1-768x996.jpg 768w\" sizes=\"(max-width: 824px) 100vw, 824px\" \/>            <\/div>\n        \n                <div class=\"edgt-process-text-holder\">\n                            <span class=\"process-subtitle\"> Gouache sur papier. 25,5x34 cm. Collection priv\u00e9e<\/span>\n            \n                        <h2 class=\"edgt-process-title\">\n                BERGER             <\/h2>\n                                <p class=\"process-text\">Dans la deuxi\u00e8me toile, le berger occupe aussi une place centrale. Si comme le pr\u00e9c\u00e9dent, il porte un b\u00e9ret, la cape traditionnelle a \u00e9t\u00e9 ici remplac\u00e9e par une \u00e9paisse veste plus moderne. Le b\u00e2ton de p\u00e2tre, que le personnage tient entre ses imposantes mains, compl\u00e8te la panoplie. La disproportion des mains par rapport au reste du corps symbolise sans nul doute la duret\u00e9 de ce m\u00e9tier manuel, l\u2019habilet\u00e9 et la puissance qu\u2019il faut pour l\u2019exercer. Un choix volontaire du peintre\u2026 Bien que la fatigue soit moins perceptible que sur l\u2019autre berger, les traits marqu\u00e9s du visage et les cheveux grisonnants t\u00e9moignent d\u2019un \u00e2ge avanc\u00e9. Le personnage s\u2019int\u00e8gre dans cette \u0153uvre \u00e0 une sc\u00e8ne ext\u00e9rieure dans laquelle se retrouvent des \u00e9l\u00e9ments de l\u2019univers du berger comme le chien ou le troupeau de brebis. Le d\u00e9cor de hautes montagnes \u00e0 l\u2019arri\u00e8re-plan, sur lesquelles il reste encore un peu de neige, laisse supposer que la sc\u00e8ne se d\u00e9roule durant l\u2019estive, c\u2019est-\u00e0-dire l\u2019\u00e9t\u00e9, quand le berger garde pendant plusieurs semaines son troupeau dans les montagnes.<\/p>\n                <\/div>\n                    <div class=\"edgt-process-number\">02<\/div>\n        <\/div>\n<\/div>[\/vc_column][\/vc_row][vc_row][vc_column]<div class=\"edgt-separator-holder clearfix  edgt-separator-center edgt-separator-full-width\">\n\t<div class=\"edgt-separator\" style=\"border-color: #e9e9e9;border-style: solid;border-bottom-width: 1px;margin-top: 5px;margin-bottom: 5px\"><\/div>\n<\/div>\n[\/vc_column][\/vc_row][vc_row row_content_width=&#8221;grid&#8221; css=&#8221;.vc_custom_1493283573780{padding-top: 100px !important;padding-bottom: 100px !important;}&#8221;][vc_column]<div class=\"edgt-process-holder process-text-right \">\n    <div class=\"edgt-process-inner\">\n        \n                <div class=\"edgt-process-text-holder\">\n            \n                        <h2 class=\"edgt-process-title\">\n                Pauline Chaboussou             <\/h2>\n                                <p class=\"process-text\">Pauline Chaboussou, anciennement charg\u00e9e de mission patrimoine pour la Communaut\u00e9 de Communes du Canton d&#039;Oust \/ Ch\u00e2teau de Seix est l\u2019actuelle directrice du patrimoine \u00e0 la Communaut\u00e9 de communes du Couserans-Pyr\u00e9n\u00e9es (r\u00e9seau Patrim) et Conservatrice d\u00e9l\u00e9gu\u00e9e des antiquit\u00e9s et objets d\u2019art pour l\u2019Ari\u00e8ge (CDAOA 09). Cet article est paru dans \u00ab La montagne de Ren\u00e9 Gaston-Lagorre \u00bb, juillet 2009. Ch\u00e2teau de Seix.<\/p>\n                <\/div>\n                <\/div>\n<\/div>[\/vc_column][\/vc_row]<\/p>\n","protected":false},"excerpt":{"rendered":"<p>[vc_row row_type=&#8221;parallax&#8221; parallax_background_image=&#8221;717&#8243;][vc_column][\/vc_column][\/vc_row][vc_row row_content_width=&#8221;grid&#8221; css=&#8221;.vc_custom_1493283590395{padding-top: 100px !important;padding-bottom: 100px !important;}&#8221;][vc_column][\/vc_column][\/vc_row][vc_row][vc_column][\/vc_column][\/vc_row][vc_row row_content_width=&#8221;grid&#8221; css=&#8221;.vc_custom_1493283608340{padding-top: 100px !important;padding-bottom: 100px !important;}&#8221;][vc_column][\/vc_column][\/vc_row][vc_row][vc_column][\/vc_column][\/vc_row][vc_row row_content_width=&#8221;grid&#8221; css=&#8221;.vc_custom_1493283573780{padding-top: 100px !important;padding-bottom: 100px !important;}&#8221;][vc_column][\/vc_column][\/vc_row]<\/p>\n","protected":false},"author":1,"featured_media":0,"parent":14355,"menu_order":0,"comment_status":"closed","ping_status":"closed","template":"full-width.php","meta":[],"_links":{"self":[{"href":"https:\/\/rene-gaston-lagorre.fr\/index.php\/wp-json\/wp\/v2\/pages\/13703"}],"collection":[{"href":"https:\/\/rene-gaston-lagorre.fr\/index.php\/wp-json\/wp\/v2\/pages"}],"about":[{"href":"https:\/\/rene-gaston-lagorre.fr\/index.php\/wp-json\/wp\/v2\/types\/page"}],"author":[{"embeddable":true,"href":"https:\/\/rene-gaston-lagorre.fr\/index.php\/wp-json\/wp\/v2\/users\/1"}],"replies":[{"embeddable":true,"href":"https:\/\/rene-gaston-lagorre.fr\/index.php\/wp-json\/wp\/v2\/comments?post=13703"}],"version-history":[{"count":22,"href":"https:\/\/rene-gaston-lagorre.fr\/index.php\/wp-json\/wp\/v2\/pages\/13703\/revisions"}],"predecessor-version":[{"id":14400,"href":"https:\/\/rene-gaston-lagorre.fr\/index.php\/wp-json\/wp\/v2\/pages\/13703\/revisions\/14400"}],"up":[{"embeddable":true,"href":"https:\/\/rene-gaston-lagorre.fr\/index.php\/wp-json\/wp\/v2\/pages\/14355"}],"wp:attachment":[{"href":"https:\/\/rene-gaston-lagorre.fr\/index.php\/wp-json\/wp\/v2\/media?parent=13703"}],"curies":[{"name":"wp","href":"https:\/\/api.w.org\/{rel}","templated":true}]}}