{"id":13720,"date":"2023-07-16T17:49:43","date_gmt":"2023-07-16T15:49:43","guid":{"rendered":"https:\/\/rene-gaston-lagorre.fr\/?page_id=13720"},"modified":"2025-11-08T16:10:11","modified_gmt":"2025-11-08T15:10:11","slug":"lecture-comparee-le-berger-brigitte-gaston-lagorre","status":"publish","type":"page","link":"https:\/\/rene-gaston-lagorre.fr\/index.php\/lecture-comparee-le-berger-brigitte-gaston-lagorre\/","title":{"rendered":"\u201cLe berger-fromager\u201d par Brigitte Gaston-Lagorre"},"content":{"rendered":"<p>[vc_row row_type=&#8221;parallax&#8221; parallax_background_image=&#8221;853&#8243;][vc_column]<div class=\"edgt-elements-holder   edgt-one-column  edgt-responsive-mode-768 edgt-one-column-alignment-center\" ><div class=\"edgt-eh-item   edgt-horizontal-alignment-center \"  data-item-class=\"edgt-eh-custom-3856\">\n\t<div class=\"edgt-eh-item-inner\">\n\t\t<div class=\"edgt-eh-item-content edgt-eh-custom-3856\" style=\"padding: 11% 0%\">\n\t\t\t[vc_column_text]<\/p>\n<h6><span style=\"color: #ffffff;\">Lecture d&#8217;oeuvres<br \/>\n<\/span><\/h6>\n<p>[\/vc_column_text][vc_empty_space height=&#8221;8px&#8221;][vc_column_text]<\/p>\n<h1><span style=\"color: #ffffff;\">\u201cLe berger-fromager\u201d<br \/>\n<\/span><span style=\"color: #ffffff;\">par Brigitte Gaston-Lagorre<\/span><\/h1>\n<p>[\/vc_column_text]\t\t<\/div>\n\t<\/div>\n<\/div><\/div>[\/vc_column][\/vc_row][vc_row row_content_width=&#8221;grid&#8221; css=&#8221;.vc_custom_1493283590395{padding-top: 100px !important;padding-bottom: 100px !important;}&#8221;][vc_column]<div class=\"edgt-process-holder process-text-left \">\n    <div class=\"edgt-process-inner\">\n                <div class=\"edgt-process-text-holder\">\n                            <span class=\"process-subtitle\"> Huile sur toile. 49x73cm. Coll. particuli\u00e8re<\/span>\n            \n                        <h2 class=\"edgt-process-title\">\n            LE BERGER FROMAGER        <\/h2>\n                        <p class=\"process-text\">\u00c0 l\u2019int\u00e9rieur d\u2019une cabane d\u2019 estive, assis sur une peau de mouton, un berger aux traits anguleux semble s\u2019appliquer \u00e0 la t\u00e2che, celle de la traditionnelle fabrication du fromage. Pr\u00e8s de lui, un chaudron \u2013 le caoud\u00e8 \u2013, pendu \u00e0 une ch\u00e8vre, semble encore plein du lait de la r\u00e9cente traite tandis que sur le tr\u00e9pied \u2013 le banquet \u2013 est pos\u00e9e une casserole qui sert probablement de louche. Pieds nus, chauss\u00e9 de gros sabots de bois, le berger porte des v\u00eatements couleur de pierre : b\u00e9ret, chemise et pantalon de gros drap. Tout ici prend la couleur de l\u2019ardoise, seul le bois brun et les reflets du gros chaudron de cuivre donnent un peu de chaleur \u00e0 la sc\u00e8ne. Apr\u00e8s avoir recueilli le caill\u00e9 \u00e0 la main, le berger fromager presse la boule dans un moule de bouleau, perc\u00e9 de trous. Le moule, pos\u00e9 sur une planche creus\u00e9e d\u2019une gorge circulaire et munie d\u2019un bec verseur, permet de r\u00e9cup\u00e9rer le petit-lait recueilli dans le grand r\u00e9cipient de bois, d\u00e9pos\u00e9 entre les jambes du berger \u00e0 m\u00eame le sol.&lt;\/p&gt;\n&lt;p&gt;La sc\u00e8ne acquiert une valeur quasi documentaire, laissant deviner la suite : le berger placera sa marque sur le fromage, qui, longuement affin\u00e9, essuy\u00e9, frott\u00e9 sera retourn\u00e9 tous les deux jours sur les planches de sapin jusqu\u2019\u00e0 compl\u00e8te maturit\u00e9\u2026&lt;\/p&gt;\n&lt;p&gt;Tout ici semble vrai. L\u2019exactitude du geste \u00e9voque avec force une civilisation agro-pastorale fond\u00e9e sur l\u2019\u00e9levage, o\u00f9 la production laiti\u00e8re et la fabrication de fromages tenait la premi\u00e8re place. Celle des bergers transhumants d\u2019Ari\u00e8ge. Depuis longtemps d\u00e9j\u00e0, la fabrication du fromage ob\u00e9it \u00e0 un rite. La concentration, le quasi recueillement du berger nous montre que dans ce rituel chaque objet r\u00e9pond \u00e0 une fonction pr\u00e9cise.&lt;\/p&gt;\n&lt;p&gt;Cet homme renouvelle des gestes ancestraux, devenant ainsi le nouvel interpr\u00e8te d\u2019une t\u00e2che sacr\u00e9e marqu\u00e9e du sceau de l\u2019\u00e9ternit\u00e9. Il prend d\u00e8s lors \u00e0 nos yeux de profane une autre dimension.<\/p>\n            <\/div>\n                <div class=\"edgt-process-image\">\n            <img width=\"1640\" height=\"1349\" src=\"https:\/\/rene-gaston-lagorre.fr\/wp-content\/uploads\/2023\/07\/3.Berger.-Le-Berger-Fromager.-Hst-49x73cm.jpg\" class=\"attachment-full size-full\" alt=\"Le Berger Fromager\" decoding=\"async\" loading=\"lazy\" srcset=\"https:\/\/rene-gaston-lagorre.fr\/wp-content\/uploads\/2023\/07\/3.Berger.-Le-Berger-Fromager.-Hst-49x73cm.jpg 1640w, https:\/\/rene-gaston-lagorre.fr\/wp-content\/uploads\/2023\/07\/3.Berger.-Le-Berger-Fromager.-Hst-49x73cm-600x494.jpg 600w, https:\/\/rene-gaston-lagorre.fr\/wp-content\/uploads\/2023\/07\/3.Berger.-Le-Berger-Fromager.-Hst-49x73cm-300x247.jpg 300w, https:\/\/rene-gaston-lagorre.fr\/wp-content\/uploads\/2023\/07\/3.Berger.-Le-Berger-Fromager.-Hst-49x73cm-1024x842.jpg 1024w, https:\/\/rene-gaston-lagorre.fr\/wp-content\/uploads\/2023\/07\/3.Berger.-Le-Berger-Fromager.-Hst-49x73cm-768x632.jpg 768w, https:\/\/rene-gaston-lagorre.fr\/wp-content\/uploads\/2023\/07\/3.Berger.-Le-Berger-Fromager.-Hst-49x73cm-1536x1263.jpg 1536w\" sizes=\"(max-width: 1640px) 100vw, 1640px\" \/>        <\/div>\n                <div class=\"edgt-process-number\">01<\/div>\n    <\/div>\n<\/div>[\/vc_column][\/vc_row]<\/p>\n","protected":false},"excerpt":{"rendered":"<p>[vc_row row_type=&#8221;parallax&#8221; parallax_background_image=&#8221;853&#8243;][vc_column][\/vc_column][\/vc_row][vc_row row_content_width=&#8221;grid&#8221; css=&#8221;.vc_custom_1493283590395{padding-top: 100px !important;padding-bottom: 100px !important;}&#8221;][vc_column][\/vc_column][\/vc_row]<\/p>\n","protected":false},"author":1,"featured_media":0,"parent":0,"menu_order":0,"comment_status":"closed","ping_status":"closed","template":"full-width.php","meta":[],"_links":{"self":[{"href":"https:\/\/rene-gaston-lagorre.fr\/index.php\/wp-json\/wp\/v2\/pages\/13720"}],"collection":[{"href":"https:\/\/rene-gaston-lagorre.fr\/index.php\/wp-json\/wp\/v2\/pages"}],"about":[{"href":"https:\/\/rene-gaston-lagorre.fr\/index.php\/wp-json\/wp\/v2\/types\/page"}],"author":[{"embeddable":true,"href":"https:\/\/rene-gaston-lagorre.fr\/index.php\/wp-json\/wp\/v2\/users\/1"}],"replies":[{"embeddable":true,"href":"https:\/\/rene-gaston-lagorre.fr\/index.php\/wp-json\/wp\/v2\/comments?post=13720"}],"version-history":[{"count":12,"href":"https:\/\/rene-gaston-lagorre.fr\/index.php\/wp-json\/wp\/v2\/pages\/13720\/revisions"}],"predecessor-version":[{"id":15992,"href":"https:\/\/rene-gaston-lagorre.fr\/index.php\/wp-json\/wp\/v2\/pages\/13720\/revisions\/15992"}],"wp:attachment":[{"href":"https:\/\/rene-gaston-lagorre.fr\/index.php\/wp-json\/wp\/v2\/media?parent=13720"}],"curies":[{"name":"wp","href":"https:\/\/api.w.org\/{rel}","templated":true}]}}