{"id":13732,"date":"2023-07-16T18:14:29","date_gmt":"2023-07-16T16:14:29","guid":{"rendered":"https:\/\/rene-gaston-lagorre.fr\/?page_id=13732"},"modified":"2024-02-10T11:18:10","modified_gmt":"2024-02-10T10:18:10","slug":"lecture-d-une-oeuvre-marronnier-en-fleur-par-denis-puech","status":"publish","type":"page","link":"https:\/\/rene-gaston-lagorre.fr\/index.php\/lecture-d-une-oeuvre-marronnier-en-fleur-par-denis-puech\/","title":{"rendered":"Marronnier en fleur, une gouache des ann\u00e9es 50 par Denis PUECH"},"content":{"rendered":"<p>[vc_row row_type=&#8221;parallax&#8221; parallax_background_image=&#8221;461&#8243;][vc_column]<div class=\"edgt-elements-holder   edgt-one-column  edgt-responsive-mode-768 edgt-one-column-alignment-center\" ><div class=\"edgt-eh-item   edgt-horizontal-alignment-center \"  data-item-class=\"edgt-eh-custom-5366\">\n\t<div class=\"edgt-eh-item-inner\">\n\t\t<div class=\"edgt-eh-item-content edgt-eh-custom-5366\" style=\"padding: 11% 0%\">\n\t\t\t[vc_column_text]<\/p>\n<h6><span style=\"color: #ffffff;\">Lecture d&#8217;oeuvres<br \/>\n<\/span><\/h6>\n<p>[\/vc_column_text][vc_empty_space height=&#8221;8px&#8221;][vc_column_text]<\/p>\n<h1><span style=\"color: #ffffff;\">Marronnier en fleur par Denis Puech<br \/>\n<\/span><\/h1>\n<p>[\/vc_column_text]\t\t<\/div>\n\t<\/div>\n<\/div><\/div>[\/vc_column][\/vc_row][vc_row row_content_width=&#8221;grid&#8221; css=&#8221;.vc_custom_1493283590395{padding-top: 100px !important;padding-bottom: 100px !important;}&#8221;][vc_column]<div class=\"edgt-process-holder process-text-left \">\n    <div class=\"edgt-process-inner\">\n                <div class=\"edgt-process-text-holder\">\n                            <span class=\"process-subtitle\"> Gouache. 1950. 31x23,5cm. Coll.Ch\u00e2teau de Seix.Comcom<\/span>\n            \n                        <h2 class=\"edgt-process-title\">\n            MARRONNIER EN FLEUR        <\/h2>\n                        <p class=\"process-text\">Au centre exact du tableau , la masse sombre d\u2019un arbre majeur, tachet\u00e9e d\u2019\u00e9clats blancs. C\u2019est un marronnier en fleur, qui focalise le regard, comme si le sujet principal du tableau n\u2019\u00e9tait ni le ch\u00e2teau, ni une vue sur le village, mais cet arbre dont la floraison blanche symbolise le printemps. La couleur y est fortement appuy\u00e9e : vert et bleu profonds du feuillage, blancheur lumineuse de ses fleurs. Toute la sc\u00e8ne tourne autour de lui : \u00e0 gauche la ch\u00e2teau, l\u00e9g\u00e8rement estomp\u00e9, presque en retrait, ressemble plus \u00e0 une grosse maison qu\u2019\u00e0 un site d\u00e9fensif. A droite, en contrebas, le village de Seix, o\u00f9 sur les toits l\u2019ardoise le dispute \u00e0 la tuile. Mais le marronnier se situe aussi au croisement de l\u2019axe horizontal qui coupe en deux le tableau dans sa hauteur. La limite sup\u00e9rieure du village est justement positionn\u00e9e sur cet axe, le contenant \u00e0 l\u2019int\u00e9rieur de la partie basse du tableau, tandis qu\u2019au-dessus r\u00e8gne le domaine de la nature, pr\u00e9s de fauche, montagne foresti\u00e8re du Mirabat, jusqu\u2019aux sommets enneig\u00e9s.&lt;\/p&gt;\n&lt;p&gt;Au premier plan, les branchages de deux jeunes arbres renvoient toute la sc\u00e8ne vers l\u2019arri\u00e8re et accentuent la profondeur du paysage.&lt;\/p&gt;\n&lt;p&gt;On voit l\u00e0 comment, par la composition tr\u00e8s \u00e9tudi\u00e9e de sa peinture, Gaston-Lagorre a organis\u00e9 autour du marronnier en fleur, les th\u00e8mes qui lui sont chers. La nature, le printemps qui est aussi pour lui la joie de vivre, la vie d\u2019un village dans une vall\u00e9e de montagne. Mais ce n\u2019est pas tellement ce qui est peint qui fait l\u2019int\u00e9r\u00eat de ce tableau. C\u2019est la fa\u00e7on don il est fait, et l\u2019art d\u2019en articuler les \u00e9l\u00e9ments . Car la composition, apr\u00e8s qu\u2019il a balay\u00e9 le spectre de la couleur, est une donn\u00e9e fondamentale pour Lagorre. A partir des ann\u00e9es soixante, cela deviendra l\u2019objet principal de son travail, dont l\u2019aboutissement sera la fameuse s\u00e9rie des Z.<\/p>\n            <\/div>\n                <div class=\"edgt-process-image\">\n            <img width=\"1474\" height=\"1129\" src=\"https:\/\/rene-gaston-lagorre.fr\/wp-content\/uploads\/2023\/06\/1.Seix-et-le-chateau-Gouache.-fin-des-annees-1940Chateau-de-Seix-Comcom.jpg\" class=\"attachment-full size-full\" alt=\"&quot;Marronnier en fleur&quot;\" decoding=\"async\" loading=\"lazy\" srcset=\"https:\/\/rene-gaston-lagorre.fr\/wp-content\/uploads\/2023\/06\/1.Seix-et-le-chateau-Gouache.-fin-des-annees-1940Chateau-de-Seix-Comcom.jpg 1474w, https:\/\/rene-gaston-lagorre.fr\/wp-content\/uploads\/2023\/06\/1.Seix-et-le-chateau-Gouache.-fin-des-annees-1940Chateau-de-Seix-Comcom-600x460.jpg 600w, https:\/\/rene-gaston-lagorre.fr\/wp-content\/uploads\/2023\/06\/1.Seix-et-le-chateau-Gouache.-fin-des-annees-1940Chateau-de-Seix-Comcom-300x230.jpg 300w, https:\/\/rene-gaston-lagorre.fr\/wp-content\/uploads\/2023\/06\/1.Seix-et-le-chateau-Gouache.-fin-des-annees-1940Chateau-de-Seix-Comcom-1024x784.jpg 1024w, https:\/\/rene-gaston-lagorre.fr\/wp-content\/uploads\/2023\/06\/1.Seix-et-le-chateau-Gouache.-fin-des-annees-1940Chateau-de-Seix-Comcom-768x588.jpg 768w\" sizes=\"(max-width: 1474px) 100vw, 1474px\" \/>        <\/div>\n                <div class=\"edgt-process-number\">01<\/div>\n    <\/div>\n<\/div>[\/vc_column][\/vc_row][vc_row][vc_column]<div class=\"edgt-separator-holder clearfix  edgt-separator-center edgt-separator-full-width\">\n\t<div class=\"edgt-separator\" style=\"border-color: #e9e9e9;border-style: solid;border-bottom-width: 1px;margin-top: 5px;margin-bottom: 5px\"><\/div>\n<\/div>\n[\/vc_column][\/vc_row][vc_row row_content_width=&#8221;grid&#8221; css=&#8221;.vc_custom_1493283573780{padding-top: 100px !important;padding-bottom: 100px !important;}&#8221;][vc_column]<div class=\"edgt-process-holder process-text-right \">\n    <div class=\"edgt-process-inner\">\n        \n                <div class=\"edgt-process-text-holder\">\n            \n                        <h2 class=\"edgt-process-title\">\n                Denis Puech             <\/h2>\n                                <p class=\"process-text\">Pr\u00e9sident de l\u2019Agence de D\u00e9veloppement de l\u2019\u00c9conomie Culturelle du Couserans (ADECC) est le maire actuel du petit village d\u2019Alli\u00e8res (Ari\u00e8ge), ainsi que le vice-pr\u00e9sident Culture de Couserans-Pyr\u00e9n\u00e9es mais c\u2019est aussi et surtout pour nous un peintre de talent qui excelle dans la critique d\u2019art. L\u2019 article ci-dessus, r\u00e9dig\u00e9 par ses soins, est paru dans Le Colporteur en d\u00e9cembre 2021 suite \u00e0 l\u2019acquisition de cette gouache par Pauline CHABOUSSOU pour le Ch\u00e2teau de Seix dont elle \u00e9tait alors responsable dans le cadre du projet Patrim\u2019. La gouache est visible au ch\u00e2teau.<\/p>\n                <\/div>\n                <\/div>\n<\/div>[\/vc_column][\/vc_row]<\/p>\n","protected":false},"excerpt":{"rendered":"<p>[vc_row row_type=&#8221;parallax&#8221; parallax_background_image=&#8221;461&#8243;][vc_column][\/vc_column][\/vc_row][vc_row row_content_width=&#8221;grid&#8221; css=&#8221;.vc_custom_1493283590395{padding-top: 100px !important;padding-bottom: 100px !important;}&#8221;][vc_column][\/vc_column][\/vc_row][vc_row][vc_column][\/vc_column][\/vc_row][vc_row row_content_width=&#8221;grid&#8221; css=&#8221;.vc_custom_1493283573780{padding-top: 100px !important;padding-bottom: 100px !important;}&#8221;][vc_column][\/vc_column][\/vc_row]<\/p>\n","protected":false},"author":1,"featured_media":0,"parent":0,"menu_order":0,"comment_status":"closed","ping_status":"closed","template":"full-width.php","meta":[],"_links":{"self":[{"href":"https:\/\/rene-gaston-lagorre.fr\/index.php\/wp-json\/wp\/v2\/pages\/13732"}],"collection":[{"href":"https:\/\/rene-gaston-lagorre.fr\/index.php\/wp-json\/wp\/v2\/pages"}],"about":[{"href":"https:\/\/rene-gaston-lagorre.fr\/index.php\/wp-json\/wp\/v2\/types\/page"}],"author":[{"embeddable":true,"href":"https:\/\/rene-gaston-lagorre.fr\/index.php\/wp-json\/wp\/v2\/users\/1"}],"replies":[{"embeddable":true,"href":"https:\/\/rene-gaston-lagorre.fr\/index.php\/wp-json\/wp\/v2\/comments?post=13732"}],"version-history":[{"count":12,"href":"https:\/\/rene-gaston-lagorre.fr\/index.php\/wp-json\/wp\/v2\/pages\/13732\/revisions"}],"predecessor-version":[{"id":15665,"href":"https:\/\/rene-gaston-lagorre.fr\/index.php\/wp-json\/wp\/v2\/pages\/13732\/revisions\/15665"}],"wp:attachment":[{"href":"https:\/\/rene-gaston-lagorre.fr\/index.php\/wp-json\/wp\/v2\/media?parent=13732"}],"curies":[{"name":"wp","href":"https:\/\/api.w.org\/{rel}","templated":true}]}}