{"id":13746,"date":"2023-07-16T19:01:03","date_gmt":"2023-07-16T17:01:03","guid":{"rendered":"https:\/\/rene-gaston-lagorre.fr\/?page_id=13746"},"modified":"2023-08-26T16:57:21","modified_gmt":"2023-08-26T14:57:21","slug":"foix","status":"publish","type":"page","link":"https:\/\/rene-gaston-lagorre.fr\/index.php\/foix\/","title":{"rendered":"Foix"},"content":{"rendered":"<p>[vc_row][vc_column][vc_column_text]Sur la route de l\u2019Andorre se trouve la ville de Foix, comme blottie \u00e0 l\u2019abri d\u2019un piton rocheux sur lequel se dresse encore fi\u00e8rement l\u2019ancien ch\u00e2teau. Au nord, on distingue la plus ancienne des tours, la tour carr\u00e9e, recouverte tardivement d&#8217;un toit d\u2019ardoises puis on distingue la tour du milieu construite au XIIIe s et r\u00e9am\u00e9nag\u00e9e au XIVe si\u00e8cle et enfin la tour ronde dont l\u2019architecture gothique nous indique qu\u2019elle a \u00e9t\u00e9 construite post\u00e9rieurement.<\/p>\r\n\r\n<p>Foix, pour les ari\u00e9geois reste une ville symbole. Elle est une ville de r\u00e9sistance. R\u00e9sistance aux assauts r\u00e9p\u00e9t\u00e9s de Simon de Montfort qui entre 1211 et 1217, lors de la croisade des albigeois, tentera de l\u2019annexer et mettra \u00e0 feu et \u00e0 sang tout le comt\u00e9. R\u00e9sistance aussi au pouvoir central quand, en 1272, le comte de Foix refusera de reconna\u00eetre la souverainet\u00e9 du roi de France&#8230; Philippe le Hardi prendra alors en personne la direction d&#8217;une exp\u00e9dition contre la ville obligeant le comte \u00e0 capituler.<\/p>\r\n\r\n<p>Lagorre est sensible \u00e0 l\u2019histoire, sensible aussi \u00e0 l\u2019architecture de la ville construite au pied du ch\u00e2teau, sensible \u00e0 son implantation g\u00e9ographique qui en fait une ville fronti\u00e8re, ouverte sur l\u2019Andorre et l\u2019Espagne si proches.<\/p>\r\n\r\n<p>Il suffit de contempler quelques unes des \u0153uvres du peintre pour en prendre conscience.<\/p>\r\n\r\n<p>Foix, Lagorre la peint avec minutie, &#8211; on dirait presque alors qu\u2019il la dessine comme le ferait un architecte, tant le dessin est pr\u00e9cis-\u00a0; il la peint, lumineuse, en tons de bleut\u00e9, d&#8217;argent\u00e9 et de vert tendre, quand on per\u00e7oit le ch\u00e2teau haut perch\u00e9 derri\u00e8re les peupliers qui bruissent au pied de la rivi\u00e8re, \u00a0puis il la magnifie soudain, au milieu de la nuit, quand il illumine le ch\u00e2teau d\u2019un flamboyant feu d\u2019artifice&#8230;<\/p>\r\n\r\n<p>\u00a0<\/p>\r\n<p>[\/vc_column_text][\/vc_column][\/vc_row][vc_row][vc_column][vc_empty_space]<div class=\"edgt-portfolio-list-holder edgt-pl-gallery edgt-pl-normal-space edgt-pl-three-columns edgt-pl-standard-overlay light    edgt-pl-pag-no-pagination     \"  data-type=gallery data-space-between-items=normal data-number-of-items=-1 data-image-proportions=full data-enable-fixed-proportions=no data-enable-image-shadow=no data-category=foix data-order-by=date data-order=ASC data-item-style=standard-overlay data-item-style-skin=light data-enable-title=yes data-title-tag=h4 data-title-text-transform=uppercase data-enable-category=yes data-enable-like=no data-enable-count-images=yes data-enable-excerpt=no data-excerpt-length=20 data-pagination-type=no-pagination data-filter=no data-filter-order-by=name data-enable-article-parallax-animation=no data-portfolio-slider-on=no data-enable-loop=yes data-enable-autoplay=yes data-slider-speed=5000 data-slider-speed-animation=600 data-enable-navigation=yes data-enable-pagination=yes data-max-num-pages=0 data-next-page=2>\n\t\t\n\t<div class=\"edgt-pl-inner  clearfix\">\n\t\t\n<article class=\"edgt-pl-item  post-14493 portfolio-item type-portfolio-item status-publish has-post-thumbnail hentry portfolio-category-foix\">\n\t<div class=\"edgt-pl-item-inner\" >\n\t\t<div class=\"edgt-pli-image\">\n\t\t\t<img width=\"628\" height=\"793\" src=\"https:\/\/rene-gaston-lagorre.fr\/wp-content\/uploads\/2023\/07\/3.Foix_.Gouache.-35x46cm.jpg\" class=\"attachment-full size-full wp-post-image\" alt=\"Foix. Gouache sur papier\" decoding=\"async\" loading=\"lazy\" srcset=\"https:\/\/rene-gaston-lagorre.fr\/wp-content\/uploads\/2023\/07\/3.Foix_.Gouache.-35x46cm.jpg 628w, https:\/\/rene-gaston-lagorre.fr\/wp-content\/uploads\/2023\/07\/3.Foix_.Gouache.-35x46cm-600x758.jpg 600w, https:\/\/rene-gaston-lagorre.fr\/wp-content\/uploads\/2023\/07\/3.Foix_.Gouache.-35x46cm-238x300.jpg 238w\" sizes=\"(max-width: 628px) 100vw, 628px\" \/>\t\t<\/div>\n<div class=\"edgt-pli-text-holder\">\n\t<div class=\"edgt-pli-text-wrapper\">\n\t\t<div class=\"edgt-pli-text\">\n\t\t\t\t<h4 itemprop=\"name\" class=\"edgt-pli-title entry-title\" style=\"text-transform: uppercase\">\n\t\tFoix\t<\/h4>\n\n\t\t\t\t\t<div class=\"edgt-pli-category-holder\">\n\t\t\t\t\t\t\t<a itemprop=\"url\" class=\"edgt-pli-category\" href=\"https:\/\/rene-gaston-lagorre.fr\/index.php\/portfolio-category\/foix\/\">\"Foix\"<\/a>\n\t\t\t\t\t<\/div>\n\t\n\t\t\t    <div class=\"edgt-gli-number-of-images-holder\" >\n        <span>7 pics.<\/span>\n    <\/div>\n\n\n\t\t\t\t\t<\/div>\n\t<\/div>\n<\/div>\t\t\n\t\t<a itemprop=\"url\" class=\"edgt-pli-link edgt-block-drag-link\" href=\"https:\/\/rene-gaston-lagorre.fr\/index.php\/portfolio-item\/foix\/\" target=\"_self\"><\/a>\n\t<\/div>\n<\/article>\t<\/div>\n\t\n\t<\/div>[vc_empty_space][\/vc_column][\/vc_row]<\/p>","protected":false},"excerpt":{"rendered":"<p>[vc_row][vc_column][vc_column_text]Sur la route de l\u2019Andorre se trouve la ville de Foix, comme blottie \u00e0 l\u2019abri d\u2019un piton rocheux sur lequel se dresse encore fi\u00e8rement l\u2019ancien ch\u00e2teau. Au nord, on distingue la plus ancienne des tours, la tour carr\u00e9e, recouverte tardivement d&#8217;un toit d\u2019ardoises puis on distingue [&hellip;]<\/p>\n","protected":false},"author":2,"featured_media":0,"parent":0,"menu_order":0,"comment_status":"closed","ping_status":"closed","template":"","meta":[],"_links":{"self":[{"href":"https:\/\/rene-gaston-lagorre.fr\/index.php\/wp-json\/wp\/v2\/pages\/13746"}],"collection":[{"href":"https:\/\/rene-gaston-lagorre.fr\/index.php\/wp-json\/wp\/v2\/pages"}],"about":[{"href":"https:\/\/rene-gaston-lagorre.fr\/index.php\/wp-json\/wp\/v2\/types\/page"}],"author":[{"embeddable":true,"href":"https:\/\/rene-gaston-lagorre.fr\/index.php\/wp-json\/wp\/v2\/users\/2"}],"replies":[{"embeddable":true,"href":"https:\/\/rene-gaston-lagorre.fr\/index.php\/wp-json\/wp\/v2\/comments?post=13746"}],"version-history":[{"count":3,"href":"https:\/\/rene-gaston-lagorre.fr\/index.php\/wp-json\/wp\/v2\/pages\/13746\/revisions"}],"predecessor-version":[{"id":14600,"href":"https:\/\/rene-gaston-lagorre.fr\/index.php\/wp-json\/wp\/v2\/pages\/13746\/revisions\/14600"}],"wp:attachment":[{"href":"https:\/\/rene-gaston-lagorre.fr\/index.php\/wp-json\/wp\/v2\/media?parent=13746"}],"curies":[{"name":"wp","href":"https:\/\/api.w.org\/{rel}","templated":true}]}}