{"id":13897,"date":"2023-09-05T21:42:48","date_gmt":"2023-09-05T19:42:48","guid":{"rendered":"https:\/\/rene-gaston-lagorre.fr\/?page_id=13897"},"modified":"2023-09-05T21:42:48","modified_gmt":"2023-09-05T19:42:48","slug":"publicite-et-logos","status":"publish","type":"page","link":"https:\/\/rene-gaston-lagorre.fr\/index.php\/publicite-et-logos\/","title":{"rendered":"Publicit\u00e9 et logos"},"content":{"rendered":"<p>[vc_row][vc_column][vc_column_text]De temps \u00e0 autre, Lagorre n\u2019h\u00e9sitait pas \u00e0 mettre sa signature au service d\u2019associations amies (Association des anciens Combattants, association de la Ronde de l\u2019Isard\u2026), de services publics comme La Poste &#8211; pour laquelle il r\u00e9alisera une flamme postale-, ou encore de faire de la publicit\u00e9 comme ce sera le cas dans les ann\u00e9es 50 pour les eaux d\u2019Aunac (Audinac en Ari\u00e8ge) en se mettant au service de l\u2019\u00e9conomie de proximit\u00e9\u00a0!<\/p>\r\n\r\n<p>Cette publicit\u00e9 repr\u00e9sente une femme nue sur fond de verdure et d\u2019une cascade qui n\u2019est pas sans rappeler la cascade d\u2019Ars. Le motif dessin\u00e9 et peint sera dupliqu\u00e9 sur carton mais aussi sur t\u00f4le lithographi\u00e9e pour figurer aux comptoirs des bistrots et des murs des \u00e9piceries. Il sera \u00e9galement reproduit \u00e0 des milliers d\u2019exemplaires sur les petites bouteilles de la si pr\u00e9cieuse eau d\u2019Aunac\u00a0!<\/p>\r\n\r\n<p>Pour le logo des Anciens combattants, le peintre a choisi l\u2019ours, animal embl\u00e9matique de la r\u00e9gion qu\u2019il a si souvent peint mais, l\u2019ultime logo r\u00e9alis\u00e9, sera celui qui r\u00e9sonne encore comme un hommage aux passeurs des Chemins de la Libert\u00e9 entre France et Espagne.<\/p>\r\n\r\n<p>Ce logo sera \u00e0 son tour reproduit sur des t-shirts mis en vente au profit de l\u2019association du m\u00eame nom et c\u2019est ce m\u00eame dessin qui jalonne aujourd\u2019hui l\u2019ancien parcours des passeurs de la seconde guerre mondiale et qui reste grav\u00e9 dans la pierre au pied de quelques stations dont fait notamment partie celle du Camp de Peyret, \u00e0 Aunac (09) inaugur\u00e9e le 12 juin 1994.<\/p>\r\n<p>[\/vc_column_text][\/vc_column][\/vc_row][vc_row][vc_column][vc_empty_space]<div class=\"edgt-portfolio-list-holder edgt-pl-gallery edgt-pl-normal-space edgt-pl-three-columns edgt-pl-standard-overlay light    edgt-pl-pag-no-pagination     \"  data-type=gallery data-space-between-items=normal data-number-of-items=-1 data-image-proportions=full data-enable-fixed-proportions=no data-enable-image-shadow=no data-category=logos-et-publicites data-order-by=date data-order=ASC data-item-style=standard-overlay data-item-style-skin=light data-enable-title=yes data-title-tag=h4 data-title-text-transform=uppercase data-enable-category=yes data-enable-like=no data-enable-count-images=yes data-enable-excerpt=no data-excerpt-length=20 data-pagination-type=no-pagination data-filter=no data-filter-order-by=name data-enable-article-parallax-animation=no data-portfolio-slider-on=no data-enable-loop=yes data-enable-autoplay=yes data-slider-speed=5000 data-slider-speed-animation=600 data-enable-navigation=yes data-enable-pagination=yes data-max-num-pages=0 data-next-page=2>\n\t\t\n\t<div class=\"edgt-pl-inner  clearfix\">\n\t\t\n<article class=\"edgt-pl-item  post-14509 portfolio-item type-portfolio-item status-publish has-post-thumbnail hentry portfolio-category-logos-et-publicites\">\n\t<div class=\"edgt-pl-item-inner\" >\n\t\t<div class=\"edgt-pli-image\">\n\t\t\t<img width=\"332\" height=\"500\" src=\"https:\/\/rene-gaston-lagorre.fr\/wp-content\/uploads\/2023\/07\/2.Publicite-pour-les-eaux-dAunac-Tole-lithographieeAudinac.jpg\" class=\"attachment-full size-full wp-post-image\" alt=\"t\u00f4le lithographi\u00e9e sign\u00e9e G.Lagorre\" decoding=\"async\" loading=\"lazy\" srcset=\"https:\/\/rene-gaston-lagorre.fr\/wp-content\/uploads\/2023\/07\/2.Publicite-pour-les-eaux-dAunac-Tole-lithographieeAudinac.jpg 332w, https:\/\/rene-gaston-lagorre.fr\/wp-content\/uploads\/2023\/07\/2.Publicite-pour-les-eaux-dAunac-Tole-lithographieeAudinac-199x300.jpg 199w\" sizes=\"(max-width: 332px) 100vw, 332px\" \/>\t\t<\/div>\n<div class=\"edgt-pli-text-holder\">\n\t<div class=\"edgt-pli-text-wrapper\">\n\t\t<div class=\"edgt-pli-text\">\n\t\t\t\t<h4 itemprop=\"name\" class=\"edgt-pli-title entry-title\" style=\"text-transform: uppercase\">\n\t\tLogos et publicit\u00e9s\t<\/h4>\n\n\t\t\t\t\t<div class=\"edgt-pli-category-holder\">\n\t\t\t\t\t\t\t<a itemprop=\"url\" class=\"edgt-pli-category\" href=\"https:\/\/rene-gaston-lagorre.fr\/index.php\/portfolio-category\/logos-et-publicites\/\">\"Logos et publicit\u00e9s\"<\/a>\n\t\t\t\t\t<\/div>\n\t\n\t\t\t    <div class=\"edgt-gli-number-of-images-holder\" >\n        <span>20 pics.<\/span>\n    <\/div>\n\n\n\t\t\t\t\t<\/div>\n\t<\/div>\n<\/div>\t\t\n\t\t<a itemprop=\"url\" class=\"edgt-pli-link edgt-block-drag-link\" href=\"https:\/\/rene-gaston-lagorre.fr\/index.php\/portfolio-item\/logos-et-publicites\/\" target=\"_self\"><\/a>\n\t<\/div>\n<\/article>\t<\/div>\n\t\n\t<\/div>[vc_empty_space][\/vc_column][\/vc_row]<\/p>","protected":false},"excerpt":{"rendered":"<p>[vc_row][vc_column][vc_column_text]De temps \u00e0 autre, Lagorre n\u2019h\u00e9sitait pas \u00e0 mettre sa signature au service d\u2019associations amies (Association des anciens Combattants, association de la Ronde de l\u2019Isard\u2026), de services publics comme La Poste &#8211; pour laquelle il r\u00e9alisera une flamme postale-, ou encore de faire de la publicit\u00e9 [&hellip;]<\/p>\n","protected":false},"author":2,"featured_media":0,"parent":0,"menu_order":0,"comment_status":"closed","ping_status":"closed","template":"","meta":[],"_links":{"self":[{"href":"https:\/\/rene-gaston-lagorre.fr\/index.php\/wp-json\/wp\/v2\/pages\/13897"}],"collection":[{"href":"https:\/\/rene-gaston-lagorre.fr\/index.php\/wp-json\/wp\/v2\/pages"}],"about":[{"href":"https:\/\/rene-gaston-lagorre.fr\/index.php\/wp-json\/wp\/v2\/types\/page"}],"author":[{"embeddable":true,"href":"https:\/\/rene-gaston-lagorre.fr\/index.php\/wp-json\/wp\/v2\/users\/2"}],"replies":[{"embeddable":true,"href":"https:\/\/rene-gaston-lagorre.fr\/index.php\/wp-json\/wp\/v2\/comments?post=13897"}],"version-history":[{"count":4,"href":"https:\/\/rene-gaston-lagorre.fr\/index.php\/wp-json\/wp\/v2\/pages\/13897\/revisions"}],"predecessor-version":[{"id":15180,"href":"https:\/\/rene-gaston-lagorre.fr\/index.php\/wp-json\/wp\/v2\/pages\/13897\/revisions\/15180"}],"wp:attachment":[{"href":"https:\/\/rene-gaston-lagorre.fr\/index.php\/wp-json\/wp\/v2\/media?parent=13897"}],"curies":[{"name":"wp","href":"https:\/\/api.w.org\/{rel}","templated":true}]}}