{"id":13918,"date":"2023-07-19T16:23:35","date_gmt":"2023-07-19T14:23:35","guid":{"rendered":"https:\/\/rene-gaston-lagorre.fr\/?page_id=13918"},"modified":"2023-08-26T11:53:37","modified_gmt":"2023-08-26T09:53:37","slug":"le-nu-et-la-representation-des-corps","status":"publish","type":"page","link":"https:\/\/rene-gaston-lagorre.fr\/index.php\/le-nu-et-la-representation-des-corps\/","title":{"rendered":"Le Nu et la repr\u00e9sentation des corps"},"content":{"rendered":"<p>[vc_row][vc_column][vc_column_text]La repr\u00e9sentation d&#8217;un corps humain enti\u00e8rement nu est peu pr\u00e9sente dans les tableaux de Lagorre. Elle fait pourtant partie des exercices oblig\u00e9s pour la formation des artistes. Souvenons-nous que c\u2019est d\u2019ailleurs gr\u00e2ce \u00e0 cet exercice que Lagorre remportera en 1935 un premier prix des plus prestigieux, celui de la ville de Toulouse, dont le sujet \u00e9tait ainsi pos\u00e9\u00a0: \u00ab\u00a0<em>Repr\u00e9senter un groupe de jeunes gens se baignant au bord d\u2019une rivi\u00e8re dans un paysage de la r\u00e9gion.<\/em>\u00a0\u00bb Ce sera \u00ab<em>\u00a0La Baignade<\/em>.\u00a0\u00bb Au premier plan on voit deux femmes nues (l\u2019une de dos, l\u2019autre de face) qui sortent du bain tandis que deux hommes, nus \u00e9galement, semblent observer la sc\u00e8ne. L\u2019un est agenouill\u00e9, face \u00e0 elles, l\u2019autre est assis \u00e0 l\u2019arri\u00e8re plan, il se rhabille. Ce prix permettra au tout jeune peintre d\u2019obtenir une bourse et d\u2019int\u00e9grer les Beaux-Arts de Paris.<\/p>\r\n\r\n<p>Parfois, la pr\u00e9sence d\u2019un voile viendra encore masquer une partie du corps, le plus souvent le sexe, comme c\u2019est le cas pour la repr\u00e9sentation de la tr\u00e8s gracieuse Cyb\u00e8le (Huile sur toile, 273x120cm, mairie de Boussens, 1955). Le nu \u00ab\u00a0acad\u00e9mique\u00a0\u00bb reste encore souvent l\u00e9g\u00e8rement couvert.<\/p>\r\n\r\n<p>Par le courrier qu\u2019il a \u00e9chang\u00e9 avec son ami Louis Carsalade, on sait que Lagorre va parfaire la connaissance qu\u2019il a du corps humain en se rendant assez souvent \u00e0 la morgue ou en suivant parfois les cours des \u00e9tudiants en m\u00e9decine charg\u00e9s de la d\u00e9coupe des cadavres \u00e0 des fins d\u2019apprentissage.<\/p>\r\n\r\n<p>Sur certaines sc\u00e8nes de plage ou de bords de rivi\u00e8re en \u00e9t\u00e9 , on peut croiser sur les toiles de Lagorre des femmes enti\u00e8rement nues qui s\u2019abandonnent, lascives, aux rayons du soleil ou encore des hommes, largement d\u00e9v\u00eatus, entrain de converser \u00e0 l\u2019ombre des arbres\u2026 Lagorre peindra \u00e9galement des Christ au corps athl\u00e9tique, des hommes aux \u00e9paules carr\u00e9es et des femmes dot\u00e9es de cuisses larges et solides, dans une veine de r\u00e9alisme assez cru.<\/p>\r\n\r\n<p>Sur certaines sc\u00e8nes de plage ou de bords de rivi\u00e8re en \u00e9t\u00e9 , on peut croiser sur les toiles de Lagorre des femmes enti\u00e8rement nues qui s\u2019abandonnent, lascives, aux rayons du soleil ou encore des hommes, largement d\u00e9v\u00eatus, entrain de converser \u00e0 l\u2019ombre des arbres\u2026 Lagorre peindra \u00e9galement des Christ au corps athl\u00e9tique, des hommes aux \u00e9paules carr\u00e9es et des femmes dot\u00e9es de cuisses larges et solides dans une veine de r\u00e9alisme assez cru.<\/p>\r\n<p>[\/vc_column_text][\/vc_column][\/vc_row][vc_row][vc_column][vc_empty_space]<div class=\"edgt-portfolio-list-holder edgt-pl-gallery edgt-pl-normal-space edgt-pl-three-columns edgt-pl-standard-overlay light    edgt-pl-pag-no-pagination     \"  data-type=gallery data-space-between-items=normal data-number-of-items=-1 data-image-proportions=full data-enable-fixed-proportions=no data-enable-image-shadow=no data-category=nu data-order-by=date data-order=ASC data-item-style=standard-overlay data-item-style-skin=light data-enable-title=yes data-title-tag=h4 data-title-text-transform=uppercase data-enable-category=yes data-enable-like=no data-enable-count-images=yes data-enable-excerpt=no data-excerpt-length=20 data-pagination-type=no-pagination data-filter=no data-filter-order-by=name data-enable-article-parallax-animation=no data-portfolio-slider-on=no data-enable-loop=yes data-enable-autoplay=yes data-slider-speed=5000 data-slider-speed-animation=600 data-enable-navigation=yes data-enable-pagination=yes data-max-num-pages=0 data-next-page=2>\n\t\t\n\t<div class=\"edgt-pl-inner  clearfix\">\n\t\t\n<article class=\"edgt-pl-item  post-14490 portfolio-item type-portfolio-item status-publish has-post-thumbnail hentry portfolio-category-nu\">\n\t<div class=\"edgt-pl-item-inner\" >\n\t\t<div class=\"edgt-pli-image\">\n\t\t\t<img width=\"1659\" height=\"1369\" src=\"https:\/\/rene-gaston-lagorre.fr\/wp-content\/uploads\/2023\/07\/22a.Nu-aux-souliers-rouges1a.Hst_.54-x-65cm.1950.jpg\" class=\"attachment-full size-full wp-post-image\" alt=\"Nu aux souliers rouges2\" decoding=\"async\" loading=\"lazy\" srcset=\"https:\/\/rene-gaston-lagorre.fr\/wp-content\/uploads\/2023\/07\/22a.Nu-aux-souliers-rouges1a.Hst_.54-x-65cm.1950.jpg 1659w, https:\/\/rene-gaston-lagorre.fr\/wp-content\/uploads\/2023\/07\/22a.Nu-aux-souliers-rouges1a.Hst_.54-x-65cm.1950-600x495.jpg 600w, https:\/\/rene-gaston-lagorre.fr\/wp-content\/uploads\/2023\/07\/22a.Nu-aux-souliers-rouges1a.Hst_.54-x-65cm.1950-300x248.jpg 300w, https:\/\/rene-gaston-lagorre.fr\/wp-content\/uploads\/2023\/07\/22a.Nu-aux-souliers-rouges1a.Hst_.54-x-65cm.1950-1024x845.jpg 1024w, https:\/\/rene-gaston-lagorre.fr\/wp-content\/uploads\/2023\/07\/22a.Nu-aux-souliers-rouges1a.Hst_.54-x-65cm.1950-768x634.jpg 768w, https:\/\/rene-gaston-lagorre.fr\/wp-content\/uploads\/2023\/07\/22a.Nu-aux-souliers-rouges1a.Hst_.54-x-65cm.1950-1536x1268.jpg 1536w, https:\/\/rene-gaston-lagorre.fr\/wp-content\/uploads\/2023\/07\/22a.Nu-aux-souliers-rouges1a.Hst_.54-x-65cm.1950-1320x1089.jpg 1320w\" sizes=\"(max-width: 1659px) 100vw, 1659px\" \/>\t\t<\/div>\n<div class=\"edgt-pli-text-holder\">\n\t<div class=\"edgt-pli-text-wrapper\">\n\t\t<div class=\"edgt-pli-text\">\n\t\t\t\t<h4 itemprop=\"name\" class=\"edgt-pli-title entry-title\" style=\"text-transform: uppercase\">\n\t\tLe Nu et la repr\u00e9sentation des corps\t<\/h4>\n\n\t\t\t\t\t<div class=\"edgt-pli-category-holder\">\n\t\t\t\t\t\t\t<a itemprop=\"url\" class=\"edgt-pli-category\" href=\"https:\/\/rene-gaston-lagorre.fr\/index.php\/portfolio-category\/nu\/\">\"Nu\"<\/a>\n\t\t\t\t\t<\/div>\n\t\n\t\t\t    <div class=\"edgt-gli-number-of-images-holder\" >\n        <span>45 pics.<\/span>\n    <\/div>\n\n\n\t\t\t\t\t<\/div>\n\t<\/div>\n<\/div>\t\t\n\t\t<a itemprop=\"url\" class=\"edgt-pli-link edgt-block-drag-link\" href=\"https:\/\/rene-gaston-lagorre.fr\/index.php\/portfolio-item\/nu\/\" target=\"_self\"><\/a>\n\t<\/div>\n<\/article>\t<\/div>\n\t\n\t<\/div>[vc_empty_space][\/vc_column][\/vc_row]<\/p>","protected":false},"excerpt":{"rendered":"<p>[vc_row][vc_column][vc_column_text]La repr\u00e9sentation d&#8217;un corps humain enti\u00e8rement nu est peu pr\u00e9sente dans les tableaux de Lagorre. Elle fait pourtant partie des exercices oblig\u00e9s pour la formation des artistes. Souvenons-nous que c\u2019est d\u2019ailleurs gr\u00e2ce \u00e0 cet exercice que Lagorre remportera en 1935 un premier prix des plus prestigieux, [&hellip;]<\/p>\n","protected":false},"author":2,"featured_media":0,"parent":0,"menu_order":0,"comment_status":"closed","ping_status":"closed","template":"","meta":[],"_links":{"self":[{"href":"https:\/\/rene-gaston-lagorre.fr\/index.php\/wp-json\/wp\/v2\/pages\/13918"}],"collection":[{"href":"https:\/\/rene-gaston-lagorre.fr\/index.php\/wp-json\/wp\/v2\/pages"}],"about":[{"href":"https:\/\/rene-gaston-lagorre.fr\/index.php\/wp-json\/wp\/v2\/types\/page"}],"author":[{"embeddable":true,"href":"https:\/\/rene-gaston-lagorre.fr\/index.php\/wp-json\/wp\/v2\/users\/2"}],"replies":[{"embeddable":true,"href":"https:\/\/rene-gaston-lagorre.fr\/index.php\/wp-json\/wp\/v2\/comments?post=13918"}],"version-history":[{"count":2,"href":"https:\/\/rene-gaston-lagorre.fr\/index.php\/wp-json\/wp\/v2\/pages\/13918\/revisions"}],"predecessor-version":[{"id":14567,"href":"https:\/\/rene-gaston-lagorre.fr\/index.php\/wp-json\/wp\/v2\/pages\/13918\/revisions\/14567"}],"wp:attachment":[{"href":"https:\/\/rene-gaston-lagorre.fr\/index.php\/wp-json\/wp\/v2\/media?parent=13918"}],"curies":[{"name":"wp","href":"https:\/\/api.w.org\/{rel}","templated":true}]}}