{"id":13961,"date":"2023-07-29T17:51:57","date_gmt":"2023-07-29T15:51:57","guid":{"rendered":"https:\/\/rene-gaston-lagorre.fr\/?page_id=13961"},"modified":"2023-08-26T12:02:23","modified_gmt":"2023-08-26T10:02:23","slug":"les-marines-de-lagorre","status":"publish","type":"page","link":"https:\/\/rene-gaston-lagorre.fr\/index.php\/les-marines-de-lagorre\/","title":{"rendered":"Les Marines de Lagorre"},"content":{"rendered":"<p>[vc_row][vc_column][vc_column_text]A la mani\u00e8re de Marquet, le peintre s\u2019attache \u00e0 faire figurer sur ses toiles de petits ports de p\u00eache, mais contrairement \u00e0 lui, Lagorre cherche \u00e0 nous rendre sensible la vie qui les anime. Les retours de p\u00eache, le ravaudage des filets sur les quais, les marins posant fi\u00e8rement sur leur bateau&#8230;autant de sujets d\u2019int\u00e9r\u00eat pour le peintre.<\/p>\r\n\r\n<p>Lagorre ex\u00e9cutera de tr\u00e8s belle huiles dont une qu\u2019il ch\u00e9rira tout particuli\u00e8rement &#8211; il ne voulait d\u2019ailleurs pas s\u2019en s\u00e9parer de son vivant\u00a0!-, et c\u2019est celle qui repr\u00e9sente les p\u00eacheurs du port de S\u00e8te \u00e0 quai , vus de dos, en train de raccommoder leurs filets. Une toile de grandes dimensions qui figurera sur l\u2019affiche et sur le carton d\u2019invitation de l\u2019exposition Lagorre qui se tiendra \u00e0 la Galerie Riv\u00e8re \u00e0 Paris en 1959.<\/p>\r\n\r\n<p>Lagorre peindra plusieurs fois le charmant port d\u2019Honfleur situ\u00e9 en Normandie dans l\u2019estuaire de la Seine, mais aussi et plus souvent encore, les ports si lumineux de la c\u00f4te m\u00e9diterran\u00e9enne, ceux de Cannes, de S\u00e8te, de Collioure, de Port Vendres , de la Corse ou de Pe\u00f1iscola au sud de l\u2019 Espagne \u2026<\/p>\r\n\r\n<p>Il est ainsi tr\u00e8s surprenant en juillet 2023 de voir passer aux ench\u00e8res \u00e0 Drouot une toile dont le motif est exactement le m\u00eame que celui de la toile que le peintre a ex\u00e9cut\u00e9 en 1955 et qu\u2019il montrait alors, tout en la commentant, \u00e0 une dame venue lui rendre visite dans son atelier \u00e0 Seix. Une toile sans titre sur laquelle on reconna\u00eet le vieux port de Cannes\u2026 Au premier plan, tr\u00e8s reconnaissable, un bateau \u00e0 quai et des marins\u00a0; derri\u00e8re eux des voiliers et, \u00e0 l\u2019arri\u00e8re-plan, le quartier du Suquet, quartier m\u00e9di\u00e9val pittoresque sillonn\u00e9 de ruelles pentues\u2026<\/p>\r\n\r\n<p>Preuve, s\u2019il en est besoin, que les tableaux voyagent eux aussi dans le temps et dans l\u2019espace !<\/p>\r\n\r\n<p>Pour peindre ses marines, Lagorre usera du style figuratif mais il magnifiera les sc\u00e8nes peintes en d\u00e9ployant parfois une palette \u00e9clatante qui contribuera \u00e0 id\u00e9aliser ces sc\u00e8nes de genre empreintes d\u2019humanit\u00e9. Sur d\u2019autres toiles, le peintre rendra compte de l\u2019atmosph\u00e8re festive et color\u00e9e des plages de la Cote d\u2019Azur et de la l\u00e9g\u00e8ret\u00e9 de vie qui r\u00e8gne tout particuli\u00e8rement sur ces bords de mer.<\/p>\r\n<p>[\/vc_column_text][\/vc_column][\/vc_row][vc_row][vc_column][vc_empty_space]<div class=\"edgt-portfolio-list-holder edgt-pl-gallery edgt-pl-normal-space edgt-pl-three-columns edgt-pl-standard-overlay light    edgt-pl-pag-no-pagination     \"  data-type=gallery data-space-between-items=normal data-number-of-items=-1 data-image-proportions=full data-enable-fixed-proportions=no data-enable-image-shadow=no data-category=marines data-order-by=date data-order=ASC data-item-style=standard-overlay data-item-style-skin=light data-enable-title=yes data-title-tag=h4 data-title-text-transform=uppercase data-enable-category=yes data-enable-like=no data-enable-count-images=yes data-enable-excerpt=no data-excerpt-length=20 data-pagination-type=no-pagination data-filter=no data-filter-order-by=name data-enable-article-parallax-animation=no data-portfolio-slider-on=no data-enable-loop=yes data-enable-autoplay=yes data-slider-speed=5000 data-slider-speed-animation=600 data-enable-navigation=yes data-enable-pagination=yes data-max-num-pages=0 data-next-page=2>\n\t\t\n\t<div class=\"edgt-pl-inner  clearfix\">\n\t\t\n<article class=\"edgt-pl-item  post-14489 portfolio-item type-portfolio-item status-publish has-post-thumbnail hentry portfolio-category-marines\">\n\t<div class=\"edgt-pl-item-inner\" >\n\t\t<div class=\"edgt-pli-image\">\n\t\t\t<img width=\"2560\" height=\"2154\" src=\"https:\/\/rene-gaston-lagorre.fr\/wp-content\/uploads\/2023\/07\/1a.Vue-du-port.-Hst.-45_5x-55_5-cmmarine-scaled.jpg\" class=\"attachment-full size-full wp-post-image\" alt=\"Vue-du-port\" decoding=\"async\" loading=\"lazy\" srcset=\"https:\/\/rene-gaston-lagorre.fr\/wp-content\/uploads\/2023\/07\/1a.Vue-du-port.-Hst.-45_5x-55_5-cmmarine-scaled.jpg 2560w, https:\/\/rene-gaston-lagorre.fr\/wp-content\/uploads\/2023\/07\/1a.Vue-du-port.-Hst.-45_5x-55_5-cmmarine-scaled-600x505.jpg 600w, https:\/\/rene-gaston-lagorre.fr\/wp-content\/uploads\/2023\/07\/1a.Vue-du-port.-Hst.-45_5x-55_5-cmmarine-300x252.jpg 300w, https:\/\/rene-gaston-lagorre.fr\/wp-content\/uploads\/2023\/07\/1a.Vue-du-port.-Hst.-45_5x-55_5-cmmarine-1024x862.jpg 1024w, https:\/\/rene-gaston-lagorre.fr\/wp-content\/uploads\/2023\/07\/1a.Vue-du-port.-Hst.-45_5x-55_5-cmmarine-768x646.jpg 768w, https:\/\/rene-gaston-lagorre.fr\/wp-content\/uploads\/2023\/07\/1a.Vue-du-port.-Hst.-45_5x-55_5-cmmarine-1536x1292.jpg 1536w, https:\/\/rene-gaston-lagorre.fr\/wp-content\/uploads\/2023\/07\/1a.Vue-du-port.-Hst.-45_5x-55_5-cmmarine-1320x1111.jpg 1320w\" sizes=\"(max-width: 2560px) 100vw, 2560px\" \/>\t\t<\/div>\n<div class=\"edgt-pli-text-holder\">\n\t<div class=\"edgt-pli-text-wrapper\">\n\t\t<div class=\"edgt-pli-text\">\n\t\t\t\t<h4 itemprop=\"name\" class=\"edgt-pli-title entry-title\" style=\"text-transform: uppercase\">\n\t\tMarines\t<\/h4>\n\n\t\t\t\t\t<div class=\"edgt-pli-category-holder\">\n\t\t\t\t\t\t\t<a itemprop=\"url\" class=\"edgt-pli-category\" href=\"https:\/\/rene-gaston-lagorre.fr\/index.php\/portfolio-category\/marines\/\">\"Marines\"<\/a>\n\t\t\t\t\t<\/div>\n\t\n\t\t\t    <div class=\"edgt-gli-number-of-images-holder\" >\n        <span>29 pics.<\/span>\n    <\/div>\n\n\n\t\t\t\t\t<\/div>\n\t<\/div>\n<\/div>\t\t\n\t\t<a itemprop=\"url\" class=\"edgt-pli-link edgt-block-drag-link\" href=\"https:\/\/rene-gaston-lagorre.fr\/index.php\/portfolio-item\/marines\/\" target=\"_self\"><\/a>\n\t<\/div>\n<\/article>\t<\/div>\n\t\n\t<\/div>[vc_empty_space][\/vc_column][\/vc_row]<\/p>","protected":false},"excerpt":{"rendered":"<p>[vc_row][vc_column][vc_column_text]A la mani\u00e8re de Marquet, le peintre s\u2019attache \u00e0 faire figurer sur ses toiles de petits ports de p\u00eache, mais contrairement \u00e0 lui, Lagorre cherche \u00e0 nous rendre sensible la vie qui les anime. Les retours de p\u00eache, le ravaudage des filets sur les quais, les [&hellip;]<\/p>\n","protected":false},"author":2,"featured_media":0,"parent":0,"menu_order":0,"comment_status":"closed","ping_status":"closed","template":"","meta":[],"_links":{"self":[{"href":"https:\/\/rene-gaston-lagorre.fr\/index.php\/wp-json\/wp\/v2\/pages\/13961"}],"collection":[{"href":"https:\/\/rene-gaston-lagorre.fr\/index.php\/wp-json\/wp\/v2\/pages"}],"about":[{"href":"https:\/\/rene-gaston-lagorre.fr\/index.php\/wp-json\/wp\/v2\/types\/page"}],"author":[{"embeddable":true,"href":"https:\/\/rene-gaston-lagorre.fr\/index.php\/wp-json\/wp\/v2\/users\/2"}],"replies":[{"embeddable":true,"href":"https:\/\/rene-gaston-lagorre.fr\/index.php\/wp-json\/wp\/v2\/comments?post=13961"}],"version-history":[{"count":3,"href":"https:\/\/rene-gaston-lagorre.fr\/index.php\/wp-json\/wp\/v2\/pages\/13961\/revisions"}],"predecessor-version":[{"id":14887,"href":"https:\/\/rene-gaston-lagorre.fr\/index.php\/wp-json\/wp\/v2\/pages\/13961\/revisions\/14887"}],"wp:attachment":[{"href":"https:\/\/rene-gaston-lagorre.fr\/index.php\/wp-json\/wp\/v2\/media?parent=13961"}],"curies":[{"name":"wp","href":"https:\/\/api.w.org\/{rel}","templated":true}]}}