{"id":14041,"date":"2023-07-23T15:37:31","date_gmt":"2023-07-23T13:37:31","guid":{"rendered":"https:\/\/rene-gaston-lagorre.fr\/?page_id=14041"},"modified":"2023-09-06T19:12:28","modified_gmt":"2023-09-06T17:12:28","slug":"les-peintures-dinspiration-religieuse-les-chemins-de-croix","status":"publish","type":"page","link":"https:\/\/rene-gaston-lagorre.fr\/index.php\/les-themes\/les-peintures-dinspiration-religieuse-les-chemins-de-croix\/","title":{"rendered":"Les chemins de croix"},"content":{"rendered":"<p>[vc_row][vc_column][vc_column_text]<\/p>\r\n<p>L\u2019inspiration religieuse du peintre se poursuit avec la r\u00e9alisation de <strong>quatre chemins de croix\u00a0:<\/strong> en quatorze toiles ou huiles sur bois, Lagorre retrace la Passion du Christ, de J\u00e9rusalem au mont Golgotha, lieu du supplice.<\/p>\r\n\r\n<p><strong>Celui de l\u2019\u00e9glise de Bonnac<\/strong> <strong>en 1945<\/strong><\/p>\r\n\r\n<p><strong>Celui de l\u2019\u00e9glise de Saint-Laurent sur Save en 1950<\/strong><\/p>\r\n\r\n<p>Par la stylisation des personnages et surtout par la superbe lumi\u00e8re qui \u00e9mane de chacune des stations, le peintre donne libre cours \u00e0 ses talents de coloriste avec ce v\u00e9ritable festival de rouge et de rose nacr\u00e9, de mauve et d\u2019ocres oppos\u00e9s \u00e0 la luminosit\u00e9 du blanc et du bleu marial.<\/p>\r\n\r\n<p><strong>Celui de la chapelle saint Jean de Pamiers<\/strong>, propri\u00e9t\u00e9 de l\u2019h\u00f4pital Val d\u2019Ari\u00e8ge <strong>en 1952<\/strong>*<\/p>\r\n\r\n<p><strong>Celui de l\u2019\u00e9glise de Couflens<\/strong>, village haut perch\u00e9 dans les montagnes du Haut-Couserans, sur la route du Port de Salau. [Le chemin de croix de l\u2019\u00e9glise de Boussens,1980. (Ari\u00e8ge) ex\u00e9cut\u00e9 en noir et blanc [photos n\u00b0 60-73]<\/p>\r\n\r\n<p>Ce dernier chemin de croix reste assez atypique pour \u00eatre peint en noir et blanc. Il s\u2019inscrit en contrepoint du Chemin de croix tr\u00e8s lumineux et tr\u00e8s color\u00e9 de la petite \u00e9glise de Saint-Laurent-sur-Save.Toutefois, \u00e0 y regarder de plus pr\u00e8s, il s\u2019agit plut\u00f4t d\u2019un cama\u00efeu de gris aux reflets d\u2019ardoise o\u00f9 l\u2019on d\u00e9c\u00e8le des touches de dor\u00e9 qui illuminent notamment le halo du Christ port\u00e9 au tombeau.<\/p>\r\n<p align=\"left\">La peinture des chemins de croix est une <b>p<\/b><b>einture narrative <\/b>qui<b> <\/b>raconte toujours la m\u00eame histoire, celle de la <i><b>via crucis<\/b><\/i><b>,<\/b> celle de la Passion du Christ qui se d\u00e9roule en 14 \u00e9tapes oblig\u00e9es telles qu\u2019elles sont d\u00e9crites dans les <u>Evangiles<\/u> :<\/p>\r\n<p align=\"left\">J\u00e9sus condamn\u00e9 par Pilate est condamn\u00e9 \u00e0 mort<\/p>\r\n<p align=\"left\">J\u00e9sus est charg\u00e9 de sa croix<\/p>\r\n<p align=\"left\">J\u00e9sus tombe sous le poids de sa croix<\/p>\r\n<p align=\"left\">J\u00e9sus rencontre sa m\u00e8re<\/p>\r\n<p align=\"left\">Simon de Cyr\u00e8ne aide J\u00e9sus \u00e0 porter sa croixV<\/p>\r\n<p align=\"left\">V\u00e9ronique essuie la face de J\u00e9sus<\/p>\r\n<p align=\"left\">J\u00e9sus tombe pour la seconde fois<\/p>\r\n<p align=\"left\">J\u00e9sus console les femmes de J\u00e9rusalem<\/p>\r\n<p align=\"left\">J\u00e9sus tombe pour la troisi\u00e8me fois<\/p>\r\n<p align=\"left\">J\u00e9sus est d\u00e9pouill\u00e9 de ses v\u00eatements<\/p>\r\n<p align=\"left\">J\u00e9sus est clou\u00e9 sur la croix<\/p>\r\n<p align=\"left\">J\u00e9sus meurt sur la croix<\/p>\r\n<p align=\"left\">J\u00e9sus est descendu de la croix<\/p>\r\n<p align=\"left\">J\u00e9sus est mis au tombeau<\/p>\r\n<!-- \/wp:paragraph -->\r\n<p><!-- wp:paragraph --><strong>*Le mardi 4 avril 2023<\/strong> nous avons appris la disparition inexpliqu\u00e9e du chemin de croix de l\u2019h\u00f4pital Val d\u2019Ari\u00e8ge signal\u00e9e \u00e0 madame la Conservatrice des arts et antiquit\u00e9s de l\u2019Ari\u00e8ge. Plainte a \u00e9t\u00e9 d\u00e9pos\u00e9e.<\/p>\r\n<!-- \/wp:paragraph -->\r\n<p>&nbsp;<\/p>\r\n<p>[\/vc_column_text][\/vc_column][\/vc_row][vc_row][vc_column][vc_empty_space]<div class=\"edgt-portfolio-list-holder edgt-pl-masonry edgt-pl-normal-space edgt-pl-four-columns edgt-pl-standard-overlay light    edgt-pl-pag-no-pagination     \"  data-type=masonry data-number-of-columns=4 data-space-between-items=normal data-number-of-items=-1 data-image-proportions=full data-enable-fixed-proportions=no data-enable-image-shadow=no data-category=chemin-de-croix data-order-by=date data-order=ASC data-item-style=standard-overlay data-item-style-skin=light data-enable-title=yes data-title-tag=h4 data-title-text-transform=uppercase data-enable-category=yes data-enable-like=no data-enable-count-images=yes data-enable-excerpt=no data-excerpt-length=20 data-pagination-type=no-pagination data-filter=no data-filter-order-by=name data-enable-article-parallax-animation=no data-portfolio-slider-on=no data-enable-loop=yes data-enable-autoplay=yes data-slider-speed=5000 data-slider-speed-animation=600 data-enable-navigation=yes data-enable-pagination=yes data-max-num-pages=0 data-next-page=2>\n\t\t\n\t<div class=\"edgt-pl-inner clearfix\">\n\t\t<div class=\"edgt-pl-grid-sizer\"><\/div>\n\t\t<div class=\"edgt-pl-grid-gutter\"><\/div>\n\t\t\n<article class=\"edgt-pl-item edgt-pl-masonry-default post-14296 portfolio-item type-portfolio-item status-publish has-post-thumbnail hentry portfolio-category-chemin-de-croix portfolio-category-croix-de-bonnac\">\n\t<div class=\"edgt-pl-item-inner\" >\n\t\t<div class=\"edgt-pli-image\">\n\t\t\t<img width=\"1953\" height=\"509\" src=\"https:\/\/rene-gaston-lagorre.fr\/wp-content\/uploads\/2023\/06\/33.jpg\" class=\"attachment-full size-full wp-post-image\" alt=\"Eglise de Bonnac\" decoding=\"async\" loading=\"lazy\" srcset=\"https:\/\/rene-gaston-lagorre.fr\/wp-content\/uploads\/2023\/06\/33.jpg 1953w, https:\/\/rene-gaston-lagorre.fr\/wp-content\/uploads\/2023\/06\/33-600x156.jpg 600w, https:\/\/rene-gaston-lagorre.fr\/wp-content\/uploads\/2023\/06\/33-300x78.jpg 300w, https:\/\/rene-gaston-lagorre.fr\/wp-content\/uploads\/2023\/06\/33-1024x267.jpg 1024w, https:\/\/rene-gaston-lagorre.fr\/wp-content\/uploads\/2023\/06\/33-768x200.jpg 768w, https:\/\/rene-gaston-lagorre.fr\/wp-content\/uploads\/2023\/06\/33-1536x400.jpg 1536w\" sizes=\"(max-width: 1953px) 100vw, 1953px\" \/>\t\t<\/div>\n<div class=\"edgt-pli-text-holder\">\n\t<div class=\"edgt-pli-text-wrapper\">\n\t\t<div class=\"edgt-pli-text\">\n\t\t\t\t<h4 itemprop=\"name\" class=\"edgt-pli-title entry-title\" style=\"text-transform: uppercase\">\n\t\tLe Chemin de croix de Bonnac (Ari\u00e8ge).1945\t<\/h4>\n\n\t\t\t\t\t<div class=\"edgt-pli-category-holder\">\n\t\t\t\t\t\t\t<a itemprop=\"url\" class=\"edgt-pli-category\" href=\"https:\/\/rene-gaston-lagorre.fr\/index.php\/portfolio-category\/chemin-de-croix\/\">\"Chemin de croix\"<\/a>\n\t\t\t\t\t\t\t<a itemprop=\"url\" class=\"edgt-pli-category\" href=\"https:\/\/rene-gaston-lagorre.fr\/index.php\/portfolio-category\/croix-de-bonnac\/\">\"croix de bonnac\"<\/a>\n\t\t\t\t\t<\/div>\n\t\n\t\t\t    <div class=\"edgt-gli-number-of-images-holder\" >\n        <span>4 pics.<\/span>\n    <\/div>\n\n\n\t\t\t\t\t<\/div>\n\t<\/div>\n<\/div>\t\t\n\t\t<a itemprop=\"url\" class=\"edgt-pli-link edgt-block-drag-link\" href=\"https:\/\/rene-gaston-lagorre.fr\/index.php\/portfolio-item\/croix-de-bonnac\/\" target=\"_self\"><\/a>\n\t<\/div>\n<\/article>\n<article class=\"edgt-pl-item edgt-pl-masonry-default post-14297 portfolio-item type-portfolio-item status-publish has-post-thumbnail hentry portfolio-category-chemin-de-croix portfolio-category-croix-de-saint-laurent-sur-save portfolio-category-saint-laurent\">\n\t<div class=\"edgt-pl-item-inner\" >\n\t\t<div class=\"edgt-pli-image\">\n\t\t\t<img width=\"1527\" height=\"1842\" src=\"https:\/\/rene-gaston-lagorre.fr\/wp-content\/uploads\/2023\/06\/38.jpg\" class=\"attachment-full size-full wp-post-image\" alt=\"Eglise St laurent\" decoding=\"async\" loading=\"lazy\" srcset=\"https:\/\/rene-gaston-lagorre.fr\/wp-content\/uploads\/2023\/06\/38.jpg 1527w, https:\/\/rene-gaston-lagorre.fr\/wp-content\/uploads\/2023\/06\/38-600x724.jpg 600w, https:\/\/rene-gaston-lagorre.fr\/wp-content\/uploads\/2023\/06\/38-249x300.jpg 249w, https:\/\/rene-gaston-lagorre.fr\/wp-content\/uploads\/2023\/06\/38-849x1024.jpg 849w, https:\/\/rene-gaston-lagorre.fr\/wp-content\/uploads\/2023\/06\/38-768x926.jpg 768w, https:\/\/rene-gaston-lagorre.fr\/wp-content\/uploads\/2023\/06\/38-1273x1536.jpg 1273w\" sizes=\"(max-width: 1527px) 100vw, 1527px\" \/>\t\t<\/div>\n<div class=\"edgt-pli-text-holder\">\n\t<div class=\"edgt-pli-text-wrapper\">\n\t\t<div class=\"edgt-pli-text\">\n\t\t\t\t<h4 itemprop=\"name\" class=\"edgt-pli-title entry-title\" style=\"text-transform: uppercase\">\n\t\tLe Chemin de croix de Saint-Laurent.1950\t<\/h4>\n\n\t\t\t\t\t<div class=\"edgt-pli-category-holder\">\n\t\t\t\t\t\t\t<a itemprop=\"url\" class=\"edgt-pli-category\" href=\"https:\/\/rene-gaston-lagorre.fr\/index.php\/portfolio-category\/chemin-de-croix\/\">\"Chemin de croix\"<\/a>\n\t\t\t\t\t\t\t<a itemprop=\"url\" class=\"edgt-pli-category\" href=\"https:\/\/rene-gaston-lagorre.fr\/index.php\/portfolio-category\/croix-de-saint-laurent-sur-save\/\">\"croix de Saint-Laurent-sur-Save\"<\/a>\n\t\t\t\t\t\t\t<a itemprop=\"url\" class=\"edgt-pli-category\" href=\"https:\/\/rene-gaston-lagorre.fr\/index.php\/portfolio-category\/saint-laurent\/\">\"Saint-Laurent\"<\/a>\n\t\t\t\t\t<\/div>\n\t\n\t\t\t    <div class=\"edgt-gli-number-of-images-holder\" >\n        <span>14 pics.<\/span>\n    <\/div>\n\n\n\t\t\t\t\t<\/div>\n\t<\/div>\n<\/div>\t\t\n\t\t<a itemprop=\"url\" class=\"edgt-pli-link edgt-block-drag-link\" href=\"https:\/\/rene-gaston-lagorre.fr\/index.php\/portfolio-item\/croix-de-saint-laurent-sur-save\/\" target=\"_self\"><\/a>\n\t<\/div>\n<\/article>\n<article class=\"edgt-pl-item edgt-pl-masonry-default post-14298 portfolio-item type-portfolio-item status-publish has-post-thumbnail hentry portfolio-category-chemin-de-croix portfolio-category-chemin-de-croix-de-lhopital-val-dariege\">\n\t<div class=\"edgt-pl-item-inner\" >\n\t\t<div class=\"edgt-pli-image\">\n\t\t\t<img width=\"1484\" height=\"969\" src=\"https:\/\/rene-gaston-lagorre.fr\/wp-content\/uploads\/2023\/06\/53.jpg\" class=\"attachment-full size-full wp-post-image\" alt=\"Hopital val d&#039;Ari\u00e8ge8\" decoding=\"async\" loading=\"lazy\" srcset=\"https:\/\/rene-gaston-lagorre.fr\/wp-content\/uploads\/2023\/06\/53.jpg 1484w, https:\/\/rene-gaston-lagorre.fr\/wp-content\/uploads\/2023\/06\/53-600x392.jpg 600w, https:\/\/rene-gaston-lagorre.fr\/wp-content\/uploads\/2023\/06\/53-300x196.jpg 300w, https:\/\/rene-gaston-lagorre.fr\/wp-content\/uploads\/2023\/06\/53-1024x669.jpg 1024w, https:\/\/rene-gaston-lagorre.fr\/wp-content\/uploads\/2023\/06\/53-768x501.jpg 768w\" sizes=\"(max-width: 1484px) 100vw, 1484px\" \/>\t\t<\/div>\n<div class=\"edgt-pli-text-holder\">\n\t<div class=\"edgt-pli-text-wrapper\">\n\t\t<div class=\"edgt-pli-text\">\n\t\t\t\t<h4 itemprop=\"name\" class=\"edgt-pli-title entry-title\" style=\"text-transform: uppercase\">\n\t\tLe Chemin de croix de l&#8217;h\u00f4pital Val d&#8217;Ari\u00e8ge.1952\t<\/h4>\n\n\t\t\t\t\t<div class=\"edgt-pli-category-holder\">\n\t\t\t\t\t\t\t<a itemprop=\"url\" class=\"edgt-pli-category\" href=\"https:\/\/rene-gaston-lagorre.fr\/index.php\/portfolio-category\/chemin-de-croix\/\">\"Chemin de croix\"<\/a>\n\t\t\t\t\t\t\t<a itemprop=\"url\" class=\"edgt-pli-category\" href=\"https:\/\/rene-gaston-lagorre.fr\/index.php\/portfolio-category\/chemin-de-croix-de-lhopital-val-dariege\/\">\"Chemin de croix de l&#039;h\u00f4pital Val d&#039;Ari\u00e8ge\"<\/a>\n\t\t\t\t\t<\/div>\n\t\n\t\t\t    <div class=\"edgt-gli-number-of-images-holder\" >\n        <span>14 pics.<\/span>\n    <\/div>\n\n\n\t\t\t\t\t<\/div>\n\t<\/div>\n<\/div>\t\t\n\t\t<a itemprop=\"url\" class=\"edgt-pli-link edgt-block-drag-link\" href=\"https:\/\/rene-gaston-lagorre.fr\/index.php\/portfolio-item\/chemin-de-croix-de-lhopital-val-dariege\/\" target=\"_self\"><\/a>\n\t<\/div>\n<\/article>\n<article class=\"edgt-pl-item edgt-pl-masonry-default post-14299 portfolio-item type-portfolio-item status-publish has-post-thumbnail hentry portfolio-category-chemin-de-croix portfolio-category-chemin-de-croix-de-leglise-de-couflens\">\n\t<div class=\"edgt-pl-item-inner\" >\n\t\t<div class=\"edgt-pli-image\">\n\t\t\t<img width=\"2168\" height=\"2560\" src=\"https:\/\/rene-gaston-lagorre.fr\/wp-content\/uploads\/2023\/08\/61-scaled.jpg\" class=\"attachment-full size-full wp-post-image\" alt=\"Couflens2\" decoding=\"async\" loading=\"lazy\" srcset=\"https:\/\/rene-gaston-lagorre.fr\/wp-content\/uploads\/2023\/08\/61-scaled.jpg 2168w, https:\/\/rene-gaston-lagorre.fr\/wp-content\/uploads\/2023\/08\/61-254x300.jpg 254w, https:\/\/rene-gaston-lagorre.fr\/wp-content\/uploads\/2023\/08\/61-867x1024.jpg 867w, https:\/\/rene-gaston-lagorre.fr\/wp-content\/uploads\/2023\/08\/61-768x907.jpg 768w, https:\/\/rene-gaston-lagorre.fr\/wp-content\/uploads\/2023\/08\/61-1301x1536.jpg 1301w, https:\/\/rene-gaston-lagorre.fr\/wp-content\/uploads\/2023\/08\/61-1734x2048.jpg 1734w, https:\/\/rene-gaston-lagorre.fr\/wp-content\/uploads\/2023\/08\/61-1320x1559.jpg 1320w, https:\/\/rene-gaston-lagorre.fr\/wp-content\/uploads\/2023\/08\/61-600x709.jpg 600w\" sizes=\"(max-width: 2168px) 100vw, 2168px\" \/>\t\t<\/div>\n<div class=\"edgt-pli-text-holder\">\n\t<div class=\"edgt-pli-text-wrapper\">\n\t\t<div class=\"edgt-pli-text\">\n\t\t\t\t<h4 itemprop=\"name\" class=\"edgt-pli-title entry-title\" style=\"text-transform: uppercase\">\n\t\tLe Chemin de croix de l&#8217;\u00e9glise de Couflens (Ari\u00e8ge).1980\t<\/h4>\n\n\t\t\t\t\t<div class=\"edgt-pli-category-holder\">\n\t\t\t\t\t\t\t<a itemprop=\"url\" class=\"edgt-pli-category\" href=\"https:\/\/rene-gaston-lagorre.fr\/index.php\/portfolio-category\/chemin-de-croix\/\">\"Chemin de croix\"<\/a>\n\t\t\t\t\t\t\t<a itemprop=\"url\" class=\"edgt-pli-category\" href=\"https:\/\/rene-gaston-lagorre.fr\/index.php\/portfolio-category\/chemin-de-croix-de-leglise-de-couflens\/\">\"Chemin de croix de l&#039;\u00e9glise de Couflens\"<\/a>\n\t\t\t\t\t<\/div>\n\t\n\t\t\t    <div class=\"edgt-gli-number-of-images-holder\" >\n        <span>15 pics.<\/span>\n    <\/div>\n\n\n\t\t\t\t\t<\/div>\n\t<\/div>\n<\/div>\t\t\n\t\t<a itemprop=\"url\" class=\"edgt-pli-link edgt-block-drag-link\" href=\"https:\/\/rene-gaston-lagorre.fr\/index.php\/portfolio-item\/chemin-de-croix-de-leglise-de-couflens\/\" target=\"_self\"><\/a>\n\t<\/div>\n<\/article>\t<\/div>\n\t\n\t<\/div>[vc_empty_space][\/vc_column][\/vc_row]<\/p>","protected":false},"excerpt":{"rendered":"<p>[vc_row][vc_column][vc_column_text] L\u2019inspiration religieuse du peintre se poursuit avec la r\u00e9alisation de quatre chemins de croix\u00a0: en quatorze toiles ou huiles sur bois, Lagorre retrace la Passion du Christ, de J\u00e9rusalem au mont Golgotha, lieu du supplice. Celui de l\u2019\u00e9glise de Bonnac en 1945 Celui de l\u2019\u00e9glise [&hellip;]<\/p>\n","protected":false},"author":1,"featured_media":0,"parent":14310,"menu_order":0,"comment_status":"closed","ping_status":"closed","template":"","meta":[],"_links":{"self":[{"href":"https:\/\/rene-gaston-lagorre.fr\/index.php\/wp-json\/wp\/v2\/pages\/14041"}],"collection":[{"href":"https:\/\/rene-gaston-lagorre.fr\/index.php\/wp-json\/wp\/v2\/pages"}],"about":[{"href":"https:\/\/rene-gaston-lagorre.fr\/index.php\/wp-json\/wp\/v2\/types\/page"}],"author":[{"embeddable":true,"href":"https:\/\/rene-gaston-lagorre.fr\/index.php\/wp-json\/wp\/v2\/users\/1"}],"replies":[{"embeddable":true,"href":"https:\/\/rene-gaston-lagorre.fr\/index.php\/wp-json\/wp\/v2\/comments?post=14041"}],"version-history":[{"count":10,"href":"https:\/\/rene-gaston-lagorre.fr\/index.php\/wp-json\/wp\/v2\/pages\/14041\/revisions"}],"predecessor-version":[{"id":15225,"href":"https:\/\/rene-gaston-lagorre.fr\/index.php\/wp-json\/wp\/v2\/pages\/14041\/revisions\/15225"}],"up":[{"embeddable":true,"href":"https:\/\/rene-gaston-lagorre.fr\/index.php\/wp-json\/wp\/v2\/pages\/14310"}],"wp:attachment":[{"href":"https:\/\/rene-gaston-lagorre.fr\/index.php\/wp-json\/wp\/v2\/media?parent=14041"}],"curies":[{"name":"wp","href":"https:\/\/api.w.org\/{rel}","templated":true}]}}