{"id":14045,"date":"2023-07-23T15:39:57","date_gmt":"2023-07-23T13:39:57","guid":{"rendered":"https:\/\/rene-gaston-lagorre.fr\/?page_id=14045"},"modified":"2023-09-02T17:43:44","modified_gmt":"2023-09-02T15:43:44","slug":"dautres-oeuvres-dinspiration-religieuse-4","status":"publish","type":"page","link":"https:\/\/rene-gaston-lagorre.fr\/index.php\/dautres-oeuvres-dinspiration-religieuse-4\/","title":{"rendered":"Petites \u00e9glises et chapelles de montagne"},"content":{"rendered":"<p>[vc_row][vc_column][vc_column_text]<\/p>\r\n<h5><em><strong>En de\u00e7\u00e0 et par-del\u00e0 les Pyr\u00e9n\u00e9es, petites \u00e9glises et chapelles de montagne<\/strong><\/em><\/h5>\r\n\r\n<p>En Ari\u00e8ge comme dans le Val d\u2019Aran, bon nombre d\u2019\u00e9glises et de chapelles ont \u00e9t\u00e9 \u00e9difi\u00e9es au Moyen -Age, entre le XIe et le XIII e si\u00e8cles pour les plus tardives d\u2019entre elles. En ces lieux, pas de ville ou de village sans \u00e9glise et l\u2019on se laisse parfois surprendre, lors de randonn\u00e9es en montagne, par la d\u00e9couverte ici et l\u00e0, de chapelles isol\u00e9es comme celle que le peintre s\u2019est ici attach\u00e9 \u00e0 magnifier<\/p>\r\n\r\n<p>Dat\u00e9e du XIIe si\u00e8cle, <strong>la chapelle Saint-Sernin de Soueix<\/strong> (Ari\u00e8ge) a gard\u00e9 intact son clocher-mur orn\u00e9 de colonnettes et son chevet d\u00e9cor\u00e9 de modillons. Sur l\u2019une de ces toiles, le peintre la repr\u00e9sente \u00e0 l\u2019automne, vue depuis la rive droite du Salat dont on aper\u00e7oit les eaux limpides qui bondissent joyeusement. Sur l\u2019autre toile, en revanche, m\u00eame si le sujet est similaire l\u2019impression diff\u00e8re grandement. Y dominent le bleu et le vert, couleurs froides, mettant davantage en \u00e9vidence l\u2019approche de l\u2019hiver et le c\u00f4t\u00e9 sombre de la for\u00eat et du lierre qui semble ronger le tronc des arbres.<\/p>\r\n\r\n<p>Non loin de l\u00e0, un autre joyau d\u2019exception de l\u2019art roman, <strong>l\u2019\u00e9glise Notre -Dame de l\u2019Assomption <\/strong>sise<strong> \u00e0 Vic d\u2019Oust<\/strong> (Ari\u00e8ge), est repr\u00e9sent\u00e9 de mani\u00e8re encore bien diff\u00e9rente. Vue de l\u2019ext\u00e9rieur l\u2019\u00e9glise semble pos\u00e9e dans la vall\u00e9e, au milieu des pr\u00e9s avec pour toile de fond une colline bois\u00e9e et les pics des montagnes enneig\u00e9es, au loin. L\u2019\u00e9glise offre l\u2019image riante et gaie de la ruralit\u00e9. On aper\u00e7oit les vaches pa\u00eetre paisiblement au pied de cette \u00e9glise et l\u2019on voit, \u2013 peut-\u00eatre au sortir de la messe\u00a0?-, quelques personnes d\u00e9ambuler non loin. L\u2019\u00e9glise est ici per\u00e7ue comme un lieu de vie, les couleurs douces et compl\u00e9mentaires, (majoritairement le vert; le rouge et le ros\u00e9) entrent en contraste avec le marron utilis\u00e9 pour peindre l\u2019arri\u00e8re-plan. Un paysage serein et souriant.<\/p>\r\n\r\n<p>L\u2019 int\u00e9rieur de cette m\u00eame \u00e9glise peint sur une autre toile, en offre en revanche une vision bien plus sombre. L\u2019espace y semble satur\u00e9. Chaises en d\u00e9sordre, pupitre, chaire \u00e0 pr\u00eacher, tout le mobilier liturgique est ici repr\u00e9sent\u00e9 \u00e0 gros traits. Le jour n\u2019\u00e9claire que faiblement, de mani\u00e8re lat\u00e9rale la nef centrale mais l\u2019on peut deviner le bas-c\u00f4t\u00e9 \u00e9troit qui la longe et le plafond \u00e0 faux caissons qui la recouvre enti\u00e8rement. La couleur marron domine toute la toile. La faible luminosit\u00e9 et l\u2019\u00e9paisseur du trait rendent compte de la rusticit\u00e9 de cette \u00e9glise, vide de toute pr\u00e9sence humaine. La simplicit\u00e9 et la pauvret\u00e9 due mobilier de bois donnent \u00e0 l\u2019int\u00e9rieur de cette \u00e9glise un caract\u00e8re de rudesse qui s\u2019accorde parfaitement \u00e0 celle des hautes vall\u00e9es d\u2019Ari\u00e8ge.<\/p>\r\n\r\n<p>\u2026parmi toutes les \u00e9glises romanes peintes par Lagorre, c\u2019est sans conteste la merveilleuse <strong>petite \u00e9glise de Salau <\/strong>qui d\u00e9tient ses faveurs.<\/p>\r\n\r\n<p>Il la peint en toutes saisons. La simplicit\u00e9 de son architecture, la puret\u00e9 de ses lignes, ses proportions parfaites s\u00e9duisent l\u2019artiste. Mais en 1982 un drame va se produire. Le Salat, ce torrent imp\u00e9tueux qui d\u00e9vale la montagne depuis les pentes du Valier et coule au pied de la petite \u00e9glise, entre en crue. Il emporte tout sur son passage, le cimeti\u00e8re adjacent, le chevet et la nef, parties les plus anciennes de l\u2019\u00e9difice dat\u00e9es du XIe si\u00e8cle. Cet \u00e9v\u00e9nement vient brutalement affecter l\u2019existence d\u2019un \u00e9difice fond\u00e9 huit si\u00e8cles auparavant par les chevaliers de Saint-Jean de J\u00e9rusalem.<\/p>\r\n\r\n<p>Le peintre participera de fa\u00e7on active \u00e0 une collecte de fonds en vue de sa restauration en cr\u00e9ant <strong>carte <\/strong>et affiche, vendues au profit de la restauration de la chapelle. Des fonds publics sont d\u00e9bloqu\u00e9s, l\u2019\u00e9glise est alors restaur\u00e9e \u00e0 l\u2019identique par la Conservation des Monuments historiques. On retrouve cette petite \u00e9glise sur bon nombre de toiles et de gouaches peintes par Ren\u00e9 Gaston-Lagorre, y compris dans des perspectives plus larges, qui englobent la vall\u00e9e toute enti\u00e8re, comme on le voit sur une des toiles, dat\u00e9e de 1975 \u2013 et donc ant\u00e9rieure \u00e0 la crue d\u00e9vastatrice du Salat-. Quelques ann\u00e9es plus tard le peintre nous donnera une vision profond\u00e9ment originale du village de Salau et de son \u00e9glise comme pris dans des faisceaux d&#8217;\u00e9clair par un soir d&#8217;orage&#8230;<\/p>\r\n\r\n<p>C\u2019est dans l\u2019\u00e9glise de Salau que le peintre choisira d\u2019accrocher l\u2019une de ses derni\u00e8res toiles, <strong>La Vierge \u00e0 l\u2019isard,<\/strong> ex\u00e9cut\u00e9e en 2004 quelques mois avant son d\u00e9c\u00e8s.<\/p>\r\n\r\n<p>Ren\u00e9 Gaston-Lagorre franchit souvent la barri\u00e8re pyr\u00e9n\u00e9enne pour se rendre dans la province de L\u00e9rida . S\u00e9duit par le cadre somptueux des Pyr\u00e9n\u00e9es catalanes, il peint \u00e0 plusieurs reprises le petit village de Tah\u00fcll . Ce village, dont le nom est \u00e9troitement associ\u00e9 au ma\u00eetre qui \u0153uvra pour d\u00e9corer les chapelles romanes, au XIIe si\u00e8cle, devient m\u00eame l\u2019une de ses haltes de pr\u00e9dilection.<\/p>\r\n\r\n<p>Ren\u00e9 Gaston-Lagorre s\u2019int\u00e9resse surtout \u00e0 l\u2019architecture de ses deux \u00e9glises romanes, celle de Santa Maria et celle de Sant Climent dont les clochers altiers, encadr\u00e9s par la roche sombre de la montagne, s\u2019\u00e9lancent vers le ciel.<\/p>\r\n\r\n<p><strong>L\u2019\u00e9glise Saint-Michel <\/strong>(esgl\u00e9sia de Sant Miquel) \u00e9glise romane, situ\u00e9e dans le <strong>village d\u2019Engolasters<\/strong> reste l\u2019un des plus beaux exemples d\u2019art roman andorran, son clocher lombard de dix-sept\u00a0m\u00e8tres se d\u00e9tache dans la grandeur du paysage et tranche avec la sobri\u00e9t\u00e9 et la petite dimension des b\u00e2timents. L\u2019influence lombarde, venue d\u2019Italie du Nord se d\u00e9veloppe dans les vall\u00e9es \u00e0 partir du XIIe si\u00e8cle, ne modifiant cependant en rien la modestie des \u00e9difices habill\u00e9s de galets ou de moellons d\u00e9grossis.V\u00e9ritables embl\u00e8mes communautaires, ces tours rondes ou carr\u00e9es ont un r\u00f4le \u00e0 la fois de d\u00e9fense et de communication \u00e0 l\u2019instar <strong>des forteresses cathares<\/strong> <strong>.<\/strong> Surplombant la vall\u00e9e, dress\u00e9s sur un contrefort rocheux, les clochers servent de tour de guet pour avertir des dangers,du haut de ces promontoires, on sonne le tocsin et l\u2019on envoie des signaux lumineux d\u2019un bout \u00e0 l\u2019autre de la Principaut\u00e9. Ren\u00e9 Gaston-Lagorre en donne plusieurs repr\u00e9sentations comme il le fera avec ces autres petites \u00e9glises toutes proches que son <strong>Santa Coloma<\/strong>, l\u2019une des plus anciennes d\u2019Andorre , et <strong>Saint-Saturnin<\/strong> ( esgl\u00e9sia de Sant Serni) , l\u2019\u00e9glise paroissiale de Canillo.<\/p>\r\n\r\n<p>D\u2019autres petites \u00e9glises ou chapelles peintes au gr\u00e9 des saisons o\u00f9 le peintre s\u2019attache \u00e0 nous montrer la rudesse du climat et les traces de la vie montagnarde dans ces hautes vall\u00e9es \u2026 Rien n\u2019est plus difficile dit-on que de peindre la neige voil\u00e0 pourtant un exercice o\u00f9 Ren\u00e9 Gaston-Lagorre excelle. Il peint l\u2019\u00e9paisseur sur les toitures de lauzes des petits villages de montagne mais aussi la beaut\u00e9 du cadre dans lequel elles sont ins\u00e9r\u00e9es et la transparence des mille reflets bleut\u00e9s des pentes enneig\u00e9es des montagnes\u2026<\/p>\r\n\r\n<p>C\u2019est encore avec un clocher lombard en toile de fond que le peintre \u00e9voque la contrebande qui , depuis toujours a cours entre Andorre et Ari\u00e8ge\u2026. et , \u00e0 cette \u00e9poque, les douaniers arpentent la fronti\u00e8re et ne trouvent jamais tr\u00e8s loin. Dans la peinture de Lagorre, la montagne est le plus souvent habit\u00e9e, douaniers, bergers ou chasseurs d\u2019isards ne cessent de s\u2019y croiser\u2026<\/p>\r\n\r\n<p>&nbsp;<\/p>\r\n\r\n<p>&nbsp;<\/p>\r\n<p>[\/vc_column_text][\/vc_column][\/vc_row][vc_row][vc_column][vc_empty_space]<div class=\"edgt-portfolio-list-holder edgt-pl-gallery edgt-pl-normal-space edgt-pl-three-columns edgt-pl-standard-overlay light    edgt-pl-pag-no-pagination     \"  data-type=gallery data-space-between-items=normal data-number-of-items=-1 data-image-proportions=full data-enable-fixed-proportions=no data-enable-image-shadow=no data-category=eglises-rurales-et-chapelles-de-montagne data-order-by=date data-order=ASC data-item-style=standard-overlay data-item-style-skin=light data-enable-title=yes data-title-tag=h4 data-title-text-transform=uppercase data-enable-category=yes data-enable-like=no data-enable-count-images=yes data-enable-excerpt=no data-excerpt-length=20 data-pagination-type=no-pagination data-filter=no data-filter-order-by=name data-enable-article-parallax-animation=no data-portfolio-slider-on=no data-enable-loop=yes data-enable-autoplay=yes data-slider-speed=5000 data-slider-speed-animation=600 data-enable-navigation=yes data-enable-pagination=yes data-max-num-pages=0 data-next-page=2>\n\t\t\n\t<div class=\"edgt-pl-inner  clearfix\">\n\t\t\n<article class=\"edgt-pl-item  post-14301 portfolio-item type-portfolio-item status-publish has-post-thumbnail hentry portfolio-category-eglises-rurales-et-chapelles-de-montagne\">\n\t<div class=\"edgt-pl-item-inner\" >\n\t\t<div class=\"edgt-pli-image\">\n\t\t\t<img width=\"1735\" height=\"2112\" src=\"https:\/\/rene-gaston-lagorre.fr\/wp-content\/uploads\/2023\/06\/144TAH1.jpg\" class=\"attachment-full size-full wp-post-image\" alt=\"Tah\u00fcll1\" decoding=\"async\" loading=\"lazy\" srcset=\"https:\/\/rene-gaston-lagorre.fr\/wp-content\/uploads\/2023\/06\/144TAH1.jpg 1735w, https:\/\/rene-gaston-lagorre.fr\/wp-content\/uploads\/2023\/06\/144TAH1-600x730.jpg 600w, https:\/\/rene-gaston-lagorre.fr\/wp-content\/uploads\/2023\/06\/144TAH1-246x300.jpg 246w, https:\/\/rene-gaston-lagorre.fr\/wp-content\/uploads\/2023\/06\/144TAH1-841x1024.jpg 841w, https:\/\/rene-gaston-lagorre.fr\/wp-content\/uploads\/2023\/06\/144TAH1-768x935.jpg 768w, https:\/\/rene-gaston-lagorre.fr\/wp-content\/uploads\/2023\/06\/144TAH1-1262x1536.jpg 1262w, https:\/\/rene-gaston-lagorre.fr\/wp-content\/uploads\/2023\/06\/144TAH1-1682x2048.jpg 1682w\" sizes=\"(max-width: 1735px) 100vw, 1735px\" \/>\t\t<\/div>\n<div class=\"edgt-pli-text-holder\">\n\t<div class=\"edgt-pli-text-wrapper\">\n\t\t<div class=\"edgt-pli-text\">\n\t\t\t\t<h4 itemprop=\"name\" class=\"edgt-pli-title entry-title\" style=\"text-transform: uppercase\">\n\t\tEn de\u00e7\u00e0 et par-del\u00e0 les Pyr\u00e9n\u00e9es&#8230;\t<\/h4>\n\n\t\t\t\t\t<div class=\"edgt-pli-category-holder\">\n\t\t\t\t\t\t\t<a itemprop=\"url\" class=\"edgt-pli-category\" href=\"https:\/\/rene-gaston-lagorre.fr\/index.php\/portfolio-category\/eglises-rurales-et-chapelles-de-montagne\/\">\"\u00c9glises rurales et chapelles de montagne\"<\/a>\n\t\t\t\t\t<\/div>\n\t\n\t\t\t    <div class=\"edgt-gli-number-of-images-holder\" >\n        <span>59 pics.<\/span>\n    <\/div>\n\n\n\t\t\t\t\t<\/div>\n\t<\/div>\n<\/div>\t\t\n\t\t<a itemprop=\"url\" class=\"edgt-pli-link edgt-block-drag-link\" href=\"https:\/\/rene-gaston-lagorre.fr\/index.php\/portfolio-item\/eglises-rurales-et-chapelles-de-montagne\/\" target=\"_self\"><\/a>\n\t<\/div>\n<\/article>\t<\/div>\n\t\n\t<\/div>[vc_empty_space][\/vc_column][\/vc_row]<\/p>","protected":false},"excerpt":{"rendered":"<p>[vc_row][vc_column][vc_column_text] En de\u00e7\u00e0 et par-del\u00e0 les Pyr\u00e9n\u00e9es, petites \u00e9glises et chapelles de montagne En Ari\u00e8ge comme dans le Val d\u2019Aran, bon nombre d\u2019\u00e9glises et de chapelles ont \u00e9t\u00e9 \u00e9difi\u00e9es au Moyen -Age, entre le XIe et le XIII e si\u00e8cles pour les plus tardives d\u2019entre elles. [&hellip;]<\/p>\n","protected":false},"author":1,"featured_media":0,"parent":0,"menu_order":0,"comment_status":"closed","ping_status":"closed","template":"","meta":[],"_links":{"self":[{"href":"https:\/\/rene-gaston-lagorre.fr\/index.php\/wp-json\/wp\/v2\/pages\/14045"}],"collection":[{"href":"https:\/\/rene-gaston-lagorre.fr\/index.php\/wp-json\/wp\/v2\/pages"}],"about":[{"href":"https:\/\/rene-gaston-lagorre.fr\/index.php\/wp-json\/wp\/v2\/types\/page"}],"author":[{"embeddable":true,"href":"https:\/\/rene-gaston-lagorre.fr\/index.php\/wp-json\/wp\/v2\/users\/1"}],"replies":[{"embeddable":true,"href":"https:\/\/rene-gaston-lagorre.fr\/index.php\/wp-json\/wp\/v2\/comments?post=14045"}],"version-history":[{"count":6,"href":"https:\/\/rene-gaston-lagorre.fr\/index.php\/wp-json\/wp\/v2\/pages\/14045\/revisions"}],"predecessor-version":[{"id":15012,"href":"https:\/\/rene-gaston-lagorre.fr\/index.php\/wp-json\/wp\/v2\/pages\/14045\/revisions\/15012"}],"wp:attachment":[{"href":"https:\/\/rene-gaston-lagorre.fr\/index.php\/wp-json\/wp\/v2\/media?parent=14045"}],"curies":[{"name":"wp","href":"https:\/\/api.w.org\/{rel}","templated":true}]}}