{"id":1405,"date":"2023-07-15T09:11:03","date_gmt":"2023-07-15T07:11:03","guid":{"rendered":"https:\/\/rene-gaston-lagorre.fr\/?page_id=1405"},"modified":"2023-08-26T11:52:12","modified_gmt":"2023-08-26T09:52:12","slug":"l-art-et-la-corrida","status":"publish","type":"page","link":"https:\/\/rene-gaston-lagorre.fr\/index.php\/l-art-et-la-corrida\/","title":{"rendered":"L&#8217;art de la corrida"},"content":{"rendered":"<p>[vc_row][vc_column][vc_column_text]<\/p>\r\n<p class=\"has-medium-font-size\"><\/p>\r\n<p>Comment Lagorre qui nourrit une v\u00e9ritable passion pour l\u2019 Espagne aurait-il pu rester insensible \u00e0 l\u2019 art de la corrida \u00e0 une \u00e9poque o\u00f9, dans ce pays, Manolete est consid\u00e9r\u00e9 comme un v\u00e9ritable dieu vivant\u00a0?<\/p>\r\n<p class=\"has-medium-font-size\"><\/p>\r\n<p>Comme le souligne Robert Marteau, le peintre tisse des amiti\u00e9s dans le milieu tr\u00e8s ferm\u00e9 de la tauromachie, c\u2019est m\u00eame ainsi qu\u2019ils font connaissance\u00a0:<\/p>\r\n<p class=\"has-medium-font-size\"><\/p>\r\n<p>\u00ab\u00a0<em>Je crois avoir connu Ren\u00e9 Lagorre par notre ami commun Auguste Lafront (Paco Tolosa en tauromachie) et le premier lien concret que j\u2019aie eu avec Ren\u00e9 reste cette aquarelle montrant un picador sur son cheval\u00a0<\/em>\u00bb&#8230;<\/p>\r\n<p class=\"has-medium-font-size\"><\/p>\r\n<p>Lagorre s\u2019int\u00e9resse \u00e0 cet art si particulier venu de temps imm\u00e9moriaux, o\u00f9 chaque geste, -d\u2019une infinie pr\u00e9cision-, compte. Le peintre a d\u00e9couvert la corrida dans le berceau o\u00f9 elle est n\u00e9e, au sud de l\u2019Espagne, \u00e0 Ronda, dans cette Andalousie \u00e9cras\u00e9e de soleil qu\u2019il v\u00e9n\u00e8re. Il a pris la mesure de la tension qui r\u00e9gnait dans l\u2019ar\u00e8ne face \u00e0 cette danse de vie et de mort ex\u00e9cut\u00e9e par un homme rev\u00eatu d\u2019un habit de lumi\u00e8res scintillant de mille feux et ce taureau de combat, b\u00eate sombre, massive et sauvage, le plus souvent impressionnante par la rapidit\u00e9 et la fougue qu\u2019elle d\u00e9ploie au combat.<\/p>\r\n<p class=\"has-medium-font-size\"><\/p>\r\n<p>Le peintre garde en m\u00e9moire les couleurs, la lumi\u00e8re, la pr\u00e9cision du geste, la peur bien pr\u00e9sente au moment de la pri\u00e8re pr\u00e9alable au combat, quand le torero dans la petite chapelle de l\u2019ar\u00e8ne s\u2019agenouille pour prier la Macarena, mais le peintre garde aussi en m\u00e9moire cet instant d\u00e9cisif, o\u00f9, au centre de l\u2019ar\u00e8ne, le sable blanc se teinte soudain de sang.<\/p>\r\n<p>[\/vc_column_text][\/vc_column][\/vc_row][vc_row][vc_column][vc_empty_space]<div class=\"edgt-portfolio-list-holder edgt-pl-gallery edgt-pl-normal-space edgt-pl-three-columns edgt-pl-standard-overlay light    edgt-pl-pag-no-pagination     \"  data-type=gallery data-space-between-items=normal data-number-of-items=-1 data-image-proportions=full data-enable-fixed-proportions=no data-enable-image-shadow=no data-category=corrida data-order-by=date data-order=ASC data-item-style=standard-overlay data-item-style-skin=light data-enable-title=yes data-title-tag=h4 data-title-text-transform=uppercase data-enable-category=yes data-enable-like=no data-enable-count-images=yes data-enable-excerpt=no data-excerpt-length=20 data-pagination-type=no-pagination data-filter=no data-filter-order-by=name data-enable-article-parallax-animation=no data-portfolio-slider-on=no data-enable-loop=yes data-enable-autoplay=yes data-slider-speed=5000 data-slider-speed-animation=600 data-enable-navigation=yes data-enable-pagination=yes data-max-num-pages=0 data-next-page=2>\n\t\t\n\t<div class=\"edgt-pl-inner  clearfix\">\n\t\t\n<article class=\"edgt-pl-item  post-14486 portfolio-item type-portfolio-item status-publish has-post-thumbnail hentry portfolio-category-corrida\">\n\t<div class=\"edgt-pl-item-inner\" >\n\t\t<div class=\"edgt-pli-image\">\n\t\t\t<img width=\"1547\" height=\"1249\" src=\"https:\/\/rene-gaston-lagorre.fr\/wp-content\/uploads\/2023\/07\/12.Corrida.-Hst.jpg\" class=\"attachment-full size-full wp-post-image\" alt=\"Corrida\" decoding=\"async\" loading=\"lazy\" srcset=\"https:\/\/rene-gaston-lagorre.fr\/wp-content\/uploads\/2023\/07\/12.Corrida.-Hst.jpg 1547w, https:\/\/rene-gaston-lagorre.fr\/wp-content\/uploads\/2023\/07\/12.Corrida.-Hst-600x484.jpg 600w, https:\/\/rene-gaston-lagorre.fr\/wp-content\/uploads\/2023\/07\/12.Corrida.-Hst-300x242.jpg 300w, https:\/\/rene-gaston-lagorre.fr\/wp-content\/uploads\/2023\/07\/12.Corrida.-Hst-1024x827.jpg 1024w, https:\/\/rene-gaston-lagorre.fr\/wp-content\/uploads\/2023\/07\/12.Corrida.-Hst-768x620.jpg 768w, https:\/\/rene-gaston-lagorre.fr\/wp-content\/uploads\/2023\/07\/12.Corrida.-Hst-1536x1240.jpg 1536w\" sizes=\"(max-width: 1547px) 100vw, 1547px\" \/>\t\t<\/div>\n<div class=\"edgt-pli-text-holder\">\n\t<div class=\"edgt-pli-text-wrapper\">\n\t\t<div class=\"edgt-pli-text\">\n\t\t\t\t<h4 itemprop=\"name\" class=\"edgt-pli-title entry-title\" style=\"text-transform: uppercase\">\n\t\tL&#8217;art de la corrida\t<\/h4>\n\n\t\t\t\t\t<div class=\"edgt-pli-category-holder\">\n\t\t\t\t\t\t\t<a itemprop=\"url\" class=\"edgt-pli-category\" href=\"https:\/\/rene-gaston-lagorre.fr\/index.php\/portfolio-category\/corrida\/\">\"Corrida\"<\/a>\n\t\t\t\t\t<\/div>\n\t\n\t\t\t    <div class=\"edgt-gli-number-of-images-holder\" >\n        <span>17 pics.<\/span>\n    <\/div>\n\n\n\t\t\t\t\t<\/div>\n\t<\/div>\n<\/div>\t\t\n\t\t<a itemprop=\"url\" class=\"edgt-pli-link edgt-block-drag-link\" href=\"https:\/\/rene-gaston-lagorre.fr\/index.php\/portfolio-item\/la-corrida\/\" target=\"_self\"><\/a>\n\t<\/div>\n<\/article>\t<\/div>\n\t\n\t<\/div>[vc_empty_space][\/vc_column][\/vc_row]<\/p>","protected":false},"excerpt":{"rendered":"<p>[vc_row][vc_column][vc_column_text] Comment Lagorre qui nourrit une v\u00e9ritable passion pour l\u2019 Espagne aurait-il pu rester insensible \u00e0 l\u2019 art de la corrida \u00e0 une \u00e9poque o\u00f9, dans ce pays, Manolete est consid\u00e9r\u00e9 comme un v\u00e9ritable dieu vivant\u00a0? Comme le souligne Robert Marteau, le peintre tisse des amiti\u00e9s [&hellip;]<\/p>\n","protected":false},"author":2,"featured_media":0,"parent":0,"menu_order":0,"comment_status":"closed","ping_status":"closed","template":"","meta":[],"_links":{"self":[{"href":"https:\/\/rene-gaston-lagorre.fr\/index.php\/wp-json\/wp\/v2\/pages\/1405"}],"collection":[{"href":"https:\/\/rene-gaston-lagorre.fr\/index.php\/wp-json\/wp\/v2\/pages"}],"about":[{"href":"https:\/\/rene-gaston-lagorre.fr\/index.php\/wp-json\/wp\/v2\/types\/page"}],"author":[{"embeddable":true,"href":"https:\/\/rene-gaston-lagorre.fr\/index.php\/wp-json\/wp\/v2\/users\/2"}],"replies":[{"embeddable":true,"href":"https:\/\/rene-gaston-lagorre.fr\/index.php\/wp-json\/wp\/v2\/comments?post=1405"}],"version-history":[{"count":4,"href":"https:\/\/rene-gaston-lagorre.fr\/index.php\/wp-json\/wp\/v2\/pages\/1405\/revisions"}],"predecessor-version":[{"id":14565,"href":"https:\/\/rene-gaston-lagorre.fr\/index.php\/wp-json\/wp\/v2\/pages\/1405\/revisions\/14565"}],"wp:attachment":[{"href":"https:\/\/rene-gaston-lagorre.fr\/index.php\/wp-json\/wp\/v2\/media?parent=1405"}],"curies":[{"name":"wp","href":"https:\/\/api.w.org\/{rel}","templated":true}]}}