{"id":14058,"date":"2023-07-28T20:58:20","date_gmt":"2023-07-28T18:58:20","guid":{"rendered":"https:\/\/rene-gaston-lagorre.fr\/?page_id=14058"},"modified":"2023-09-03T21:45:26","modified_gmt":"2023-09-03T19:45:26","slug":"les-paysages-de-normandie","status":"publish","type":"page","link":"https:\/\/rene-gaston-lagorre.fr\/index.php\/les-themes\/les-paysages-de-normandie\/","title":{"rendered":"Les paysages de Normandie"},"content":{"rendered":"<p>[vc_row][vc_column][vc_column_text]<\/p>\r\n<p>Par opposition aux paysages m\u00e9diterran\u00e9ens gorg\u00e9s de soleil, le peintre, qui prend plaisir \u00e0 voyage, va se rendre plusieurs fois en Normandie o\u00f9 le re\u00e7oivent famille et amis. Il y ex\u00e9cutera quelques paysages normands en en privil\u00e9giant trois.<\/p>\r\n\r\n<p><strong>Les embl\u00e9matiques falaises d\u2019Etretat<\/strong> dont la plage de galets gris, l\u00e9ch\u00e9e par les eaux vertes de la Manche aux mille et un reflets, a d\u00e9j\u00e0 attir\u00e9 avant lui nombre d\u2019impressionnistes. Avant que Lagorre ne s\u2019y int\u00e9resse ces falaises dont la grande arche crayeuse est \u00e9rod\u00e9e par la mer depuis des si\u00e8cles, ont vu d\u00e9filer les grands ma\u00eetres.\u00a0 Claude Monet les prend comme l&#8217;un de ses sujets privil\u00e9gi\u00e9s. Sur une cinquantaine de toiles, il les repr\u00e9sente par tous les temps, \u00e0 diff\u00e9rentes saisons, pour mieux en saisir l\u2019impression et la luminosit\u00e9 changeante, au fil des heures. Eug\u00e8ne Delacroix (\u00ab \u00c9tretat, la roche perc\u00e9e \u00bb en 1838), Gustave Courbet (\u00ab La Falaise d\u2019\u00c9tretat \u00bb apr\u00e8s l\u2019orage en 1870), Camille Corot (\u00ab La plage d\u2019\u00c9tretat \u00bb en 1872) ou encore Eug\u00e8ne Boudin (\u00ab \u00c9tretat, la falaise en amont \u00bb en 1896) ont eux aussi repr\u00e9sent\u00e9 ce joyau naturel de Normandie que sont les falaises d\u2019Etretat, un paysage qui continue aujourd\u2019hui encore \u00e0 inspirer les peintres.<\/p>\r\n\r\n<p><strong>Le port d\u2019Honfleur<\/strong> surnomm\u00e9 \u00e0 juste titre \u00ab La cit\u00e9 des peintres \u00bb, situ\u00e9 non loin de l\u00e0, dans l\u2019estuaire de la Seine, reste un lieu fr\u00e9quent\u00e9 par de nombreux artistes. Berceau de l\u2019impressionnisme, ce petit port de Normandie conserve un caract\u00e8re tr\u00e8s authentique . Il a \u00e9t\u00e9 rendu c\u00e9l\u00e8bre par Eug\u00e8ne Boudin, natif de Normandie, ami de Baudelaire et de Gustave Courbet, qui y emm\u00e8nera Claude Monet. Plus modestement, Lagorre, comme il le fera pour le port de S\u00e8te dont il est tomb\u00e9 amoureux ou pour celui de Pe\u00f1iscola en Espagne, va s\u2019attacher \u00e0 repr\u00e9senter la vie qui l\u2019anime (d\u00e9part et retour des p\u00eacheurs) et la beaut\u00e9 des miroitements des coques des bateaux color\u00e9s dans les eaux grises et vertes du bassin portuaire.<\/p>\r\n\r\n<p><strong>La Seine<\/strong> qui d\u00e9roule ses majestueux\u00a0 m\u00e9andres du c\u00f4t\u00e9 des Andelys (Seine-Maritime) fera l\u2019objet de plusieurs peintures dont l\u2019une, r\u00e9alis\u00e9e avant 1954, sera acquise d\u00e8s l\u2019origine par le mus\u00e9e des Augustins de Toulouse (1) . Les boucles de la Seine , encadr\u00e9es de falaises couleurs de craie, fascinent le peintre par le calme qui en \u00e9mane mais aussi par le miroitement de l&#8217;eau aux couleurs gris-argent.<\/p>\r\n<p>(1)Il s\u2019agit d\u2019une gouache sur papier gris, sobrement titr\u00e9e <strong>Estuaire de la Seine<\/strong> (24,2cm x 32,2 cm), sign\u00e9e en bas \u00e0 droite G. Lagorre (n\u00b0 inventaire\u00a0: RO1241).<\/p>\r\n\r\n<p>Vue d\u2019une falaise, cette gouache nous offre la perspective d\u2019une prairie verdoyante entrecoup\u00e9e de haies plus sombres laquelle semble venir se perdre sur la bordure d\u2019un large fleuve gris, au cours majestueux, o\u00f9 se refl\u00e8te un ciel baudelairien<a href=\"https:\/\/rene-gaston-lagorre.fr\/?p=436&amp;preview=true#sdfootnote1sym\"><sup>1<\/sup><\/a>.<\/p>\r\n\r\n<p>Seul signe de vie sur la gouache, cette p\u00e9niche qui surgit sur la droite et qui semble braver les \u00e9l\u00e9ments et la pluie \u00e0 venir. La nature semble ici \u00e9crasante, l\u2019atmosph\u00e8re pesante, le climat mena\u00e7ant. Au-del\u00e0 des m\u00e9andres, on devine l\u2019immensit\u00e9 de l\u2019oc\u00e9an.<\/p>\r\n\r\n<p>&nbsp;<\/p>\r\n\r\n<p><a href=\"https:\/\/rene-gaston-lagorre.fr\/?p=436&amp;preview=true#sdfootnote1anc\">1<\/a>Nous faisons ici allusion au po\u00e8me de Charles Baudelaire <strong>Spleen<\/strong> qui d\u00e9bute ainsi\u00a0:<\/p>\r\n\r\n<p>\u00ab\u00a0<em>Quand le ciel bas et lourd p\u00e8se comme un couvercle<br \/>Sur l\u2019esprit g\u00e9missant en proie aux longs ennuis,<br \/>Et que de l\u2019horizon embrassant tout le cercle<br \/>II nous verse un jour noir plus triste que les nuits\u00a0 \u2026\u00a0<\/em>\u00bb <em>Les Fleurs du mal<\/em>. LXXVIII. <strong>Spleen<\/strong><\/p>\r\n<p>\u00a0<\/p>\r\n<p>[\/vc_column_text][\/vc_column][\/vc_row][vc_row][vc_column][vc_empty_space]<div class=\"edgt-portfolio-list-holder edgt-pl-gallery edgt-pl-normal-space edgt-pl-three-columns edgt-pl-standard-overlay light    edgt-pl-pag-no-pagination     \"  data-type=gallery data-space-between-items=normal data-number-of-items=-1 data-image-proportions=full data-enable-fixed-proportions=no data-enable-image-shadow=no data-category=normandie data-order-by=date data-order=ASC data-item-style=standard-overlay data-item-style-skin=light data-enable-title=yes data-title-tag=h4 data-title-text-transform=uppercase data-enable-category=yes data-enable-like=no data-enable-count-images=yes data-enable-excerpt=no data-excerpt-length=20 data-pagination-type=no-pagination data-filter=no data-filter-order-by=name data-enable-article-parallax-animation=no data-portfolio-slider-on=no data-enable-loop=yes data-enable-autoplay=yes data-slider-speed=5000 data-slider-speed-animation=600 data-enable-navigation=yes data-enable-pagination=yes data-max-num-pages=0 data-next-page=2>\n\t\t\n\t<div class=\"edgt-pl-inner  clearfix\">\n\t\t\n<article class=\"edgt-pl-item  post-14544 portfolio-item type-portfolio-item status-publish has-post-thumbnail hentry portfolio-category-normandie\">\n\t<div class=\"edgt-pl-item-inner\" >\n\t\t<div class=\"edgt-pli-image\">\n\t\t\t<img width=\"621\" height=\"511\" src=\"https:\/\/rene-gaston-lagorre.fr\/wp-content\/uploads\/2023\/06\/9.Bateaux-au-port-dHonfleur.-Normandie.Seine-maritimeHst.-38x46-cm.Signe_.jpg\" class=\"attachment-full size-full wp-post-image\" alt=\"Bateaux au port d&#039;Honfleur. (Normandie.Seine-maritime) Hst. 38x46 cm.\" decoding=\"async\" loading=\"lazy\" srcset=\"https:\/\/rene-gaston-lagorre.fr\/wp-content\/uploads\/2023\/06\/9.Bateaux-au-port-dHonfleur.-Normandie.Seine-maritimeHst.-38x46-cm.Signe_.jpg 621w, https:\/\/rene-gaston-lagorre.fr\/wp-content\/uploads\/2023\/06\/9.Bateaux-au-port-dHonfleur.-Normandie.Seine-maritimeHst.-38x46-cm.Signe_-600x494.jpg 600w, https:\/\/rene-gaston-lagorre.fr\/wp-content\/uploads\/2023\/06\/9.Bateaux-au-port-dHonfleur.-Normandie.Seine-maritimeHst.-38x46-cm.Signe_-300x247.jpg 300w\" sizes=\"(max-width: 621px) 100vw, 621px\" \/>\t\t<\/div>\n<div class=\"edgt-pli-text-holder\">\n\t<div class=\"edgt-pli-text-wrapper\">\n\t\t<div class=\"edgt-pli-text\">\n\t\t\t\t<h4 itemprop=\"name\" class=\"edgt-pli-title entry-title\" style=\"text-transform: uppercase\">\n\t\tPaysages de Normandie\t<\/h4>\n\n\t\t\t\t\t<div class=\"edgt-pli-category-holder\">\n\t\t\t\t\t\t\t<a itemprop=\"url\" class=\"edgt-pli-category\" href=\"https:\/\/rene-gaston-lagorre.fr\/index.php\/portfolio-category\/normandie\/\">\"Normandie\"<\/a>\n\t\t\t\t\t<\/div>\n\t\n\t\t\t    <div class=\"edgt-gli-number-of-images-holder\" >\n        <span>12 pics.<\/span>\n    <\/div>\n\n\n\t\t\t\t\t<\/div>\n\t<\/div>\n<\/div>\t\t\n\t\t<a itemprop=\"url\" class=\"edgt-pli-link edgt-block-drag-link\" href=\"https:\/\/rene-gaston-lagorre.fr\/index.php\/portfolio-item\/normandie\/\" target=\"_self\"><\/a>\n\t<\/div>\n<\/article>\t<\/div>\n\t\n\t<\/div>[vc_empty_space][\/vc_column][\/vc_row]<\/p>","protected":false},"excerpt":{"rendered":"<p>[vc_row][vc_column][vc_column_text] Par opposition aux paysages m\u00e9diterran\u00e9ens gorg\u00e9s de soleil, le peintre, qui prend plaisir \u00e0 voyage, va se rendre plusieurs fois en Normandie o\u00f9 le re\u00e7oivent famille et amis. Il y ex\u00e9cutera quelques paysages normands en en privil\u00e9giant trois. Les embl\u00e9matiques falaises d\u2019Etretat dont la plage [&hellip;]<\/p>\n","protected":false},"author":1,"featured_media":0,"parent":14310,"menu_order":0,"comment_status":"closed","ping_status":"closed","template":"","meta":[],"_links":{"self":[{"href":"https:\/\/rene-gaston-lagorre.fr\/index.php\/wp-json\/wp\/v2\/pages\/14058"}],"collection":[{"href":"https:\/\/rene-gaston-lagorre.fr\/index.php\/wp-json\/wp\/v2\/pages"}],"about":[{"href":"https:\/\/rene-gaston-lagorre.fr\/index.php\/wp-json\/wp\/v2\/types\/page"}],"author":[{"embeddable":true,"href":"https:\/\/rene-gaston-lagorre.fr\/index.php\/wp-json\/wp\/v2\/users\/1"}],"replies":[{"embeddable":true,"href":"https:\/\/rene-gaston-lagorre.fr\/index.php\/wp-json\/wp\/v2\/comments?post=14058"}],"version-history":[{"count":7,"href":"https:\/\/rene-gaston-lagorre.fr\/index.php\/wp-json\/wp\/v2\/pages\/14058\/revisions"}],"predecessor-version":[{"id":14890,"href":"https:\/\/rene-gaston-lagorre.fr\/index.php\/wp-json\/wp\/v2\/pages\/14058\/revisions\/14890"}],"up":[{"embeddable":true,"href":"https:\/\/rene-gaston-lagorre.fr\/index.php\/wp-json\/wp\/v2\/pages\/14310"}],"wp:attachment":[{"href":"https:\/\/rene-gaston-lagorre.fr\/index.php\/wp-json\/wp\/v2\/media?parent=14058"}],"curies":[{"name":"wp","href":"https:\/\/api.w.org\/{rel}","templated":true}]}}