{"id":14067,"date":"2023-07-25T09:14:43","date_gmt":"2023-07-25T07:14:43","guid":{"rendered":"https:\/\/rene-gaston-lagorre.fr\/?page_id=14067"},"modified":"2023-09-05T10:37:21","modified_gmt":"2023-09-05T08:37:21","slug":"quelques-dessins-pour-evoquer-la-seconde-guerre-mondiale-et-la-liberation","status":"publish","type":"page","link":"https:\/\/rene-gaston-lagorre.fr\/index.php\/quelques-dessins-pour-evoquer-la-seconde-guerre-mondiale-et-la-liberation\/","title":{"rendered":"\u00c9vocation de la vie militaire et de la Seconde guerre mondiale\u2026"},"content":{"rendered":"<p>[vc_row][vc_column][vc_column_text]<\/p>\r\n<p>Nous trouvons trace de la vie militaire du peintre dans deux \u0153uvres assez curieuses, une magnifique aquarelle r\u00e9alis\u00e9e lorsqu&#8217;il est mobilis\u00e9 en 1940 et envoy\u00e9 au Maghreb sur laquelle il peint son propre paquetage, et une huile qui nous montre un capitaine en permission au pied des ruines d&#8217;un ancien ch\u00e2teau, en compagnie de son amie.<br \/>Les quelques dessins de Lagorre \u00e9voquant la seconde Guerre mondiale et la Lib\u00e9ration sont quant \u00e0 eux visibles au mus\u00e9e des Chemins de la Libert\u00e9, \u00e0 Saint-Girons (Ari\u00e8ge). Certains d&#8217;entre eux ont servi \u00e0 illustrer la couverture des livres de r\u00e9sistants et de passeurs, tels ceux de son ami Louis Rivi\u00e8re.<\/p>\r\n<p>Quelques traits de crayon suffisent \u00e0 croquer la d\u00e9tresse d\u2019un enfant seul abandonn\u00e9 dans les ruines d\u2019un bombardement, mais aussi \u00e0 nous montrer l\u2019audace de ces autres jeunes gens participant \u00e0 l\u2019\u00e9laboration d\u2019une barricade\u2026.<\/p>\r\n<p>Avec ces\u00a0 croquis, hommage est rendu au courage des FFI montant \u00e0 l\u2019assaut des forces ennemies et aux forces alli\u00e9es du D\u00e9barquement qui m\u00e8nent \u00e0 la victoire finale mais n&#8217;en oublions pas pour autant l&#8217;\u00e9mouvant tableau du Maquis de Meilhan qui\u00a0 perp\u00e9tue \u00e0 l&#8217;Isle-en-Dodon le souvenir des jeunes gens abattus par les soldats nazis lors de cette m\u00eame guerre. Un tableau qui en comprend plusieurs et qui r\u00e9v\u00e8le chaque phase de la trag\u00e9die.<\/p>\r\n\r\n<p>\u00a0<\/p>\r\n<p>[\/vc_column_text][\/vc_column][\/vc_row][vc_row][vc_column][vc_empty_space]<div class=\"edgt-portfolio-list-holder edgt-pl-gallery edgt-pl-normal-space edgt-pl-three-columns edgt-pl-standard-overlay light    edgt-pl-pag-no-pagination     \"  data-type=gallery data-space-between-items=normal data-number-of-items=-1 data-image-proportions=full data-enable-fixed-proportions=no data-enable-image-shadow=no data-category=guerre data-order-by=date data-order=ASC data-item-style=standard-overlay data-item-style-skin=light data-enable-title=yes data-title-tag=h4 data-title-text-transform=uppercase data-enable-category=yes data-enable-like=no data-enable-count-images=yes data-enable-excerpt=no data-excerpt-length=20 data-pagination-type=no-pagination data-filter=no data-filter-order-by=name data-enable-article-parallax-animation=no data-portfolio-slider-on=no data-enable-loop=yes data-enable-autoplay=yes data-slider-speed=5000 data-slider-speed-animation=600 data-enable-navigation=yes data-enable-pagination=yes data-max-num-pages=0 data-next-page=2>\n\t\t\n\t<div class=\"edgt-pl-inner  clearfix\">\n\t\t\n<article class=\"edgt-pl-item  post-14617 portfolio-item type-portfolio-item status-publish has-post-thumbnail hentry portfolio-category-guerre\">\n\t<div class=\"edgt-pl-item-inner\" >\n\t\t<div class=\"edgt-pli-image\">\n\t\t\t<img width=\"1088\" height=\"1659\" src=\"https:\/\/rene-gaston-lagorre.fr\/wp-content\/uploads\/2023\/07\/3.RGLb_.jpg\" class=\"attachment-full size-full wp-post-image\" alt=\"Seconde guerre mondiale3\" decoding=\"async\" loading=\"lazy\" srcset=\"https:\/\/rene-gaston-lagorre.fr\/wp-content\/uploads\/2023\/07\/3.RGLb_.jpg 1088w, https:\/\/rene-gaston-lagorre.fr\/wp-content\/uploads\/2023\/07\/3.RGLb_-600x915.jpg 600w, https:\/\/rene-gaston-lagorre.fr\/wp-content\/uploads\/2023\/07\/3.RGLb_-197x300.jpg 197w, https:\/\/rene-gaston-lagorre.fr\/wp-content\/uploads\/2023\/07\/3.RGLb_-672x1024.jpg 672w, https:\/\/rene-gaston-lagorre.fr\/wp-content\/uploads\/2023\/07\/3.RGLb_-768x1171.jpg 768w, https:\/\/rene-gaston-lagorre.fr\/wp-content\/uploads\/2023\/07\/3.RGLb_-1007x1536.jpg 1007w\" sizes=\"(max-width: 1088px) 100vw, 1088px\" \/>\t\t<\/div>\n<div class=\"edgt-pli-text-holder\">\n\t<div class=\"edgt-pli-text-wrapper\">\n\t\t<div class=\"edgt-pli-text\">\n\t\t\t\t<h4 itemprop=\"name\" class=\"edgt-pli-title entry-title\" style=\"text-transform: uppercase\">\n\t\t\u00c9vocation de la vie militaire et de la Seconde guerre mondiale\t<\/h4>\n\n\t\t\t\t\t<div class=\"edgt-pli-category-holder\">\n\t\t\t\t\t\t\t<a itemprop=\"url\" class=\"edgt-pli-category\" href=\"https:\/\/rene-gaston-lagorre.fr\/index.php\/portfolio-category\/guerre\/\">\"Guerre\"<\/a>\n\t\t\t\t\t<\/div>\n\t\n\t\t\t    <div class=\"edgt-gli-number-of-images-holder\" >\n        <span>21 pics.<\/span>\n    <\/div>\n\n\n\t\t\t\t\t<\/div>\n\t<\/div>\n<\/div>\t\t\n\t\t<a itemprop=\"url\" class=\"edgt-pli-link edgt-block-drag-link\" href=\"https:\/\/rene-gaston-lagorre.fr\/index.php\/portfolio-item\/la-guerre\/\" target=\"_self\"><\/a>\n\t<\/div>\n<\/article>\t<\/div>\n\t\n\t<\/div>[\/vc_column][\/vc_row]<\/p>","protected":false},"excerpt":{"rendered":"<p>[vc_row][vc_column][vc_column_text] Nous trouvons trace de la vie militaire du peintre dans deux \u0153uvres assez curieuses, une magnifique aquarelle r\u00e9alis\u00e9e lorsqu&#8217;il est mobilis\u00e9 en 1940 et envoy\u00e9 au Maghreb sur laquelle il peint son propre paquetage, et une huile qui nous montre un capitaine en permission au [&hellip;]<\/p>\n","protected":false},"author":2,"featured_media":0,"parent":0,"menu_order":0,"comment_status":"closed","ping_status":"closed","template":"","meta":[],"_links":{"self":[{"href":"https:\/\/rene-gaston-lagorre.fr\/index.php\/wp-json\/wp\/v2\/pages\/14067"}],"collection":[{"href":"https:\/\/rene-gaston-lagorre.fr\/index.php\/wp-json\/wp\/v2\/pages"}],"about":[{"href":"https:\/\/rene-gaston-lagorre.fr\/index.php\/wp-json\/wp\/v2\/types\/page"}],"author":[{"embeddable":true,"href":"https:\/\/rene-gaston-lagorre.fr\/index.php\/wp-json\/wp\/v2\/users\/2"}],"replies":[{"embeddable":true,"href":"https:\/\/rene-gaston-lagorre.fr\/index.php\/wp-json\/wp\/v2\/comments?post=14067"}],"version-history":[{"count":9,"href":"https:\/\/rene-gaston-lagorre.fr\/index.php\/wp-json\/wp\/v2\/pages\/14067\/revisions"}],"predecessor-version":[{"id":15137,"href":"https:\/\/rene-gaston-lagorre.fr\/index.php\/wp-json\/wp\/v2\/pages\/14067\/revisions\/15137"}],"wp:attachment":[{"href":"https:\/\/rene-gaston-lagorre.fr\/index.php\/wp-json\/wp\/v2\/media?parent=14067"}],"curies":[{"name":"wp","href":"https:\/\/api.w.org\/{rel}","templated":true}]}}