{"id":14088,"date":"2023-07-25T18:26:12","date_gmt":"2023-07-25T16:26:12","guid":{"rendered":"https:\/\/rene-gaston-lagorre.fr\/?page_id=14088"},"modified":"2023-09-04T22:25:51","modified_gmt":"2023-09-04T20:25:51","slug":"de-limportance-du-chien-dans-loeuvre-de-lagorre-lecture-doeuvre","status":"publish","type":"page","link":"https:\/\/rene-gaston-lagorre.fr\/index.php\/de-limportance-du-chien-dans-loeuvre-de-lagorre-lecture-doeuvre\/","title":{"rendered":"De l&#8217;importance du chien dans l&#8217;\u0153uvre de Lagorre"},"content":{"rendered":"<p>[vc_row][vc_column][vc_column_text]Quand l\u2019homme figure sur la toile, le chien n\u2019est jamais loin.<\/p>\r\n\r\n<p>Les jours de foire \u00e0 Seix, d\u00e9sinvolte, il traverse la rue en toute d\u00e9contraction car, pour lui, ce jour l\u00e0 est un jour de repos. Bien souvent, dans les pas du berger, il parcourt la montagne, guidant le troupeau, guettant et surveillant le moindre pr\u00e9dateur, aidant sans rel\u00e2che son ma\u00eetre. Le soir venu, le chien p\u00e9n\u00e8tre dans la cabane, se couche sous la table, non loin de l\u2019\u00e2tre, au plus pr\u00e8s du berger, apr\u00e8s avoir mang\u00e9. Sur les toiles de Lagorre, ce chien l\u00e0 est omnipr\u00e9sent. Il prend souvent l\u2019aspect d\u2019un chien b\u00e2tard dont la couleur ind\u00e9termin\u00e9e, parfois sable ou fauve, n\u2019est pas sans rappeler celle des chiens errants du Sud Maroc mais au final, c&#8217;est surtout un chien midi-pyr\u00e9n\u00e9en, de ceux qui, lorsqu\u2019ils ont trop chaud, une fois de retour dans la vall\u00e9e, s\u2019\u00e9talent de tout leur long en travers de la route, sans scrupules aucuns.<\/p>\r\n\r\n<p>Sur les tableaux de Lagorre figurent aussi des chiens plus fam\u00e9liques mais tout aussi fid\u00e8les, ceux qui suivent l\u2019errance des gitans dans leurs roulottes et qui, quand le convoi s\u2019arr\u00eate, semblent comme leurs ma\u00eetres, \u00e9couter, attentifs, les sons de la guitare qui s\u2019\u00e9gr\u00e8nent dans la nuit &#8230;<\/p>\r\n\r\n<p>Mais il est d\u2019autres chiens, plus mani\u00e9r\u00e9s ceux l\u00e0, qui figurent, eux aussi, sur les toiles du peintre.<\/p>\r\n\r\n<p>Ainsi\u00a0, quand David contemple Bethsab\u00e9e, il tient en laisse un l\u00e9vrier royal dont l\u2019allure alti\u00e8re, la position, la couleur noire, tranchent radicalement avec l\u2019allure des chiens de berger. N\u2019en doutons pas, Lagorre sait l\u2019importance et le v\u00e9ritable culte que voue l\u2019Islam aux l\u00e9vriers, chiens \u00e0 caract\u00e8re noble et hautain, seuls capables de pratiquer avec succ\u00e8s, au vu de leur l\u00e9gendaire rapidit\u00e9, la chasse aux gazelles dans le d\u00e9sert, chien royaux et adul\u00e9s &#8230;<\/p>\r\n\r\n<p>Et puis, il y a aussi ces autres petits chiens, semblables \u00e0 des caniches, qui s\u2019adonnent \u00e0 mille fac\u00e9ties. C\u2019est eux qu\u2019on voit au cirque, en compagnie des clowns, sautiller sur la piste et entamer une danse pour amuser les enfants. Eux encore qui imitent leur ma\u00eetresse, se d\u00e9guisant comme elle, quand il sont \u00e0 Venise o\u00f9 on les aper\u00e7oit, affubl\u00e9s d\u2019un chapeau et d\u2019un n\u0153ud papillon, participant au bal et \u00e0 la mascarade. Lagorre pratique l&#8217;anthropomorphisme.<\/p>\r\n\r\n<p>Plus surprenant encore, voil\u00e0 ce chien qui, sur la plage de galets, du c\u00f4t\u00e9 d\u2019\u00c9tretat se met \u00e0 aboyer face au nageur, le voil\u00e0 maintenant qui s\u2019immisce sur la toile au milieu des baigneuses sur les rives de l\u2019Esbintz ; on le retrouve parfois sur un bateau de p\u00eache, en pleine mer, du c\u00f4t\u00e9 de Pe\u00f1iscola et il arrive aussi qu\u2019on le voie fureter sur les quais du vieux port, \u00e0 Cannes, en compagnie de marins , tous pr\u00eats \u00e0 embarquer\u2026<\/p>\r\n\r\n<p>Point n\u2019est besoin d\u2019insister davantage. Au fil des toiles de Lagorre, le chien acquiert un v\u00e9ritable statut.<\/p>\r\n\r\n<p>Cette omnipr\u00e9sence du chien d\u00e9note les r\u00e9miniscences d\u2019un pass\u00e9 qui refait surface. Celui d\u2019une adolescence v\u00e9cue dans les hautes vall\u00e9es du Couserans en compagnie de bergers qu\u2019il a si souvent peints, avec lesquels il a si souvent dialogu\u00e9 et pour lesquels le chien reste le compagnon de tous les instants, celui qui rompt leur solitude quand le soir venu, l\u2019homme se retrouve seul sous la vo\u00fbte \u00e9toil\u00e9e \u00e0 garder les brebis. Le chien, ami et complice \u00e0 la fois.<\/p>\r\n\r\n<p>Souvenirs \u00e9galement de voyages au Maghreb, en Espagne ou en Italie&#8230;<\/p>\r\n\r\n<p>O\u00f9 qu&#8217;ils se trouvent, les chiens ressemblent \u00e0 leur ma\u00eetre.<\/p>\r\n\r\n<p>Peint avec un r\u00e9alisme expressif tr\u00e8s marqu\u00e9 qui t\u00e9moigne de la relation qui unit l\u2019homme et l\u2019animal, d\u00e8s les premiers tableaux (en 1934 !), le chien est une constante dans l\u2019\u0153uvre de Lagorre. Il concr\u00e9tise l\u2019interaction qui s\u2019est b\u00e2tie au fil du temps entre l\u2019homme et l\u2019animal. Mais le chien n\u2019est pas seulement ici symbole d\u2019endurance \u00e0 la t\u00e2che, de fid\u00e9lit\u00e9 , de loyaut\u00e9 envers son ma\u00eetre, il n\u2019est pas que l\u2019ami des enfants et des femmes, joyeux et amusant, agissant avec l\u00e9g\u00e8ret\u00e9 sur la piste de cirque ou lors du carnaval, le chien dans l\u2019\u0153uvre de Lagorre est totalement <em>humanis\u00e9.<\/em> L&#8217;animal chez Lagorre est dot\u00e9 d&#8217;un vrai caract\u00e8re, comme chez Cervant\u00e8s &#8211; si nous songeons \u00e0 Rossinante et peut-\u00eatre plus encore au baudet de Sancho ! -, le chien, sur les toiles de Lagorre, appara\u00eet comme un v\u00e9ritable double de son ma\u00eetre.<\/p>\r\n\r\n<p>Toute sa vie durant, les chiens auront accompagn\u00e9 l\u2019artiste dans l\u2019int\u00e9gralit\u00e9 de son \u0153uvre figurative.<\/p>\r\n<p>[\/vc_column_text][\/vc_column][\/vc_row][vc_row][vc_column][vc_empty_space]<div class=\"edgt-portfolio-list-holder edgt-pl-gallery edgt-pl-normal-space edgt-pl-three-columns edgt-pl-standard-overlay light    edgt-pl-pag-no-pagination     \"  data-type=gallery data-space-between-items=normal data-number-of-items=-1 data-image-proportions=full data-enable-fixed-proportions=no data-enable-image-shadow=no data-category=chien data-order-by=date data-order=ASC data-item-style=standard-overlay data-item-style-skin=light data-enable-title=yes data-title-tag=h4 data-title-text-transform=uppercase data-enable-category=yes data-enable-like=no data-enable-count-images=yes data-enable-excerpt=no data-excerpt-length=20 data-pagination-type=no-pagination data-filter=no data-filter-order-by=name data-enable-article-parallax-animation=no data-portfolio-slider-on=no data-enable-loop=yes data-enable-autoplay=yes data-slider-speed=5000 data-slider-speed-animation=600 data-enable-navigation=yes data-enable-pagination=yes data-max-num-pages=0 data-next-page=2>\n\t\t\n\t<div class=\"edgt-pl-inner  clearfix\">\n\t\t\n<article class=\"edgt-pl-item  post-14621 portfolio-item type-portfolio-item status-publish has-post-thumbnail hentry portfolio-category-chien\">\n\t<div class=\"edgt-pl-item-inner\" >\n\t\t<div class=\"edgt-pli-image\">\n\t\t\t<img width=\"1800\" height=\"1475\" src=\"https:\/\/rene-gaston-lagorre.fr\/wp-content\/uploads\/2023\/07\/60.Areou-1a.-Hst.-79x63cm-1937.jpg\" class=\"attachment-full size-full wp-post-image\" alt=\"Vachers \u00e0 Areau\" decoding=\"async\" loading=\"lazy\" srcset=\"https:\/\/rene-gaston-lagorre.fr\/wp-content\/uploads\/2023\/07\/60.Areou-1a.-Hst.-79x63cm-1937.jpg 1800w, https:\/\/rene-gaston-lagorre.fr\/wp-content\/uploads\/2023\/07\/60.Areou-1a.-Hst.-79x63cm-1937-600x492.jpg 600w, https:\/\/rene-gaston-lagorre.fr\/wp-content\/uploads\/2023\/07\/60.Areou-1a.-Hst.-79x63cm-1937-300x246.jpg 300w, https:\/\/rene-gaston-lagorre.fr\/wp-content\/uploads\/2023\/07\/60.Areou-1a.-Hst.-79x63cm-1937-1024x839.jpg 1024w, https:\/\/rene-gaston-lagorre.fr\/wp-content\/uploads\/2023\/07\/60.Areou-1a.-Hst.-79x63cm-1937-768x629.jpg 768w, https:\/\/rene-gaston-lagorre.fr\/wp-content\/uploads\/2023\/07\/60.Areou-1a.-Hst.-79x63cm-1937-1536x1259.jpg 1536w\" sizes=\"(max-width: 1800px) 100vw, 1800px\" \/>\t\t<\/div>\n<div class=\"edgt-pli-text-holder\">\n\t<div class=\"edgt-pli-text-wrapper\">\n\t\t<div class=\"edgt-pli-text\">\n\t\t\t\t<h4 itemprop=\"name\" class=\"edgt-pli-title entry-title\" style=\"text-transform: uppercase\">\n\t\tDe l&#8217;importance du chien sur les toiles de Lagorre\t<\/h4>\n\n\t\t\t\t\t<div class=\"edgt-pli-category-holder\">\n\t\t\t\t\t\t\t<a itemprop=\"url\" class=\"edgt-pli-category\" href=\"https:\/\/rene-gaston-lagorre.fr\/index.php\/portfolio-category\/chien\/\">\"Chien\"<\/a>\n\t\t\t\t\t<\/div>\n\t\n\t\t\t    <div class=\"edgt-gli-number-of-images-holder\" >\n        <span>28 pics.<\/span>\n    <\/div>\n\n\n\t\t\t\t\t<\/div>\n\t<\/div>\n<\/div>\t\t\n\t\t<a itemprop=\"url\" class=\"edgt-pli-link edgt-block-drag-link\" href=\"https:\/\/rene-gaston-lagorre.fr\/index.php\/portfolio-item\/chien\/\" target=\"_self\"><\/a>\n\t<\/div>\n<\/article>\t<\/div>\n\t\n\t<\/div>[vc_empty_space][\/vc_column][\/vc_row]<\/p>","protected":false},"excerpt":{"rendered":"<p>[vc_row][vc_column][vc_column_text]Quand l\u2019homme figure sur la toile, le chien n\u2019est jamais loin. Les jours de foire \u00e0 Seix, d\u00e9sinvolte, il traverse la rue en toute d\u00e9contraction car, pour lui, ce jour l\u00e0 est un jour de repos. Bien souvent, dans les pas du berger, il parcourt la [&hellip;]<\/p>\n","protected":false},"author":2,"featured_media":0,"parent":0,"menu_order":0,"comment_status":"closed","ping_status":"closed","template":"","meta":[],"_links":{"self":[{"href":"https:\/\/rene-gaston-lagorre.fr\/index.php\/wp-json\/wp\/v2\/pages\/14088"}],"collection":[{"href":"https:\/\/rene-gaston-lagorre.fr\/index.php\/wp-json\/wp\/v2\/pages"}],"about":[{"href":"https:\/\/rene-gaston-lagorre.fr\/index.php\/wp-json\/wp\/v2\/types\/page"}],"author":[{"embeddable":true,"href":"https:\/\/rene-gaston-lagorre.fr\/index.php\/wp-json\/wp\/v2\/users\/2"}],"replies":[{"embeddable":true,"href":"https:\/\/rene-gaston-lagorre.fr\/index.php\/wp-json\/wp\/v2\/comments?post=14088"}],"version-history":[{"count":9,"href":"https:\/\/rene-gaston-lagorre.fr\/index.php\/wp-json\/wp\/v2\/pages\/14088\/revisions"}],"predecessor-version":[{"id":15136,"href":"https:\/\/rene-gaston-lagorre.fr\/index.php\/wp-json\/wp\/v2\/pages\/14088\/revisions\/15136"}],"wp:attachment":[{"href":"https:\/\/rene-gaston-lagorre.fr\/index.php\/wp-json\/wp\/v2\/media?parent=14088"}],"curies":[{"name":"wp","href":"https:\/\/api.w.org\/{rel}","templated":true}]}}