{"id":14180,"date":"2023-07-30T09:43:54","date_gmt":"2023-07-30T07:43:54","guid":{"rendered":"https:\/\/rene-gaston-lagorre.fr\/?page_id=14180"},"modified":"2023-09-03T21:46:14","modified_gmt":"2023-09-03T19:46:14","slug":"les-toiles-de-la-mairie-de-boussens-haute-garonne","status":"publish","type":"page","link":"https:\/\/rene-gaston-lagorre.fr\/index.php\/les-themes\/les-toiles-de-la-mairie-de-boussens-haute-garonne\/","title":{"rendered":"Les toiles de la mairie de Boussens (Haute-Garonne)"},"content":{"rendered":"<p>[vc_row][vc_column][vc_column_text]En 1954, Emile Lagardelle, maire de Boussens , commande \u00e0 son tour au jeune peintre de d\u00e9corer la salle de r\u00e9ception de la mairie en \u00e9voquant l\u2019\u00e9volution \u00e9conomique du village \u00e0 travers ses ressources agricoles et industrielles.<\/p>\r\n\r\n<p>Dans les sept grandes toiles que va ex\u00e9cuter le peintre, le cycle des saisons est illustr\u00e9 par des sc\u00e8nes de vie quotidienne\u00a0: gardiennage des troupeaux, aff\u00fbtage de la faux, r\u00e9colte du bl\u00e9 , sc\u00e8nes de battage, de vendange ou de gavage des oies. Ces toiles unissent toutes les g\u00e9n\u00e9rations du plus jeune au plus vieux.<\/p>\r\n\r\n<p>Si chacune d\u2019entre elles pr\u00e9sente donc un int\u00e9r\u00eat quasi sociologique et historique -l\u2019usine \u00e0 gaz de Boussens fra\u00eechement construite \u00e9voquant, tout comme Cyb\u00e8le pour la Terre, richesse et prosp\u00e9rit\u00e9-, c\u2019est leur aspect artistique qui ne laisse de surprendre\u00a0: chacune des toiles verticales est en effet divis\u00e9e en trois zones, l\u2019utilisation de la couleur \u00e9tant r\u00e9serv\u00e9e \u00e0 la seule zone centrale.<\/p>\r\n\r\n<p>Autre particularit\u00e9 de ces toiles, l\u2019utilisation des drap\u00e9s qui semblent \u00ab\u00a0d\u00e9voiler\u00a0\u00bb des sc\u00e8nes secondaires \u00e0 la mani\u00e8re d\u2019un rideau de th\u00e9\u00e2tre qui s\u2019entr\u2019ouvre laissant le spectateur d\u00e9couvrir la sc\u00e8ne.<\/p>\r\n\r\n<p>Le 26 juin 1955, le ministre Maurice Bourg\u00e8s-Maunoury, ancien maire de Bessi\u00e8res, d\u00e9put\u00e9 de la Haute-Garonne, inaugurera la salle de r\u00e9ception du premier \u00e9tage de la mairie de Boussens , rendant ainsi hommage au peintre. Les sept toiles du peintre y figurent toujours et sont visibles sur rendez-vous.<\/p>\r\n<p>[\/vc_column_text][\/vc_column][\/vc_row][vc_row][vc_column][vc_empty_space]<div class=\"edgt-portfolio-list-holder edgt-pl-gallery edgt-pl-normal-space edgt-pl-three-columns edgt-pl-standard-overlay light    edgt-pl-pag-no-pagination     \"  data-type=gallery data-space-between-items=normal data-number-of-items=-1 data-image-proportions=full data-enable-fixed-proportions=no data-enable-image-shadow=no data-category=boussens data-order-by=date data-order=ASC data-item-style=standard-overlay data-item-style-skin=light data-enable-title=yes data-title-tag=h4 data-title-text-transform=uppercase data-enable-category=yes data-enable-like=no data-enable-count-images=yes data-enable-excerpt=no data-excerpt-length=20 data-pagination-type=no-pagination data-filter=no data-filter-order-by=name data-enable-article-parallax-animation=no data-portfolio-slider-on=no data-enable-loop=yes data-enable-autoplay=yes data-slider-speed=5000 data-slider-speed-animation=600 data-enable-navigation=yes data-enable-pagination=yes data-max-num-pages=0 data-next-page=2>\n\t\t\n\t<div class=\"edgt-pl-inner  clearfix\">\n\t\t\n<article class=\"edgt-pl-item  post-14468 portfolio-item type-portfolio-item status-publish has-post-thumbnail hentry portfolio-category-boussens\">\n\t<div class=\"edgt-pl-item-inner\" >\n\t\t<div class=\"edgt-pli-image\">\n\t\t\t<img width=\"2031\" height=\"2295\" src=\"https:\/\/rene-gaston-lagorre.fr\/wp-content\/uploads\/2023\/07\/74.Sceme-de-gavage-des-oies-detail.L-hst-Boussensdetail.jpg\" class=\"attachment-full size-full wp-post-image\" alt=\"Gavage des oies.\" decoding=\"async\" loading=\"lazy\" srcset=\"https:\/\/rene-gaston-lagorre.fr\/wp-content\/uploads\/2023\/07\/74.Sceme-de-gavage-des-oies-detail.L-hst-Boussensdetail.jpg 2031w, https:\/\/rene-gaston-lagorre.fr\/wp-content\/uploads\/2023\/07\/74.Sceme-de-gavage-des-oies-detail.L-hst-Boussensdetail-600x678.jpg 600w, https:\/\/rene-gaston-lagorre.fr\/wp-content\/uploads\/2023\/07\/74.Sceme-de-gavage-des-oies-detail.L-hst-Boussensdetail-265x300.jpg 265w, https:\/\/rene-gaston-lagorre.fr\/wp-content\/uploads\/2023\/07\/74.Sceme-de-gavage-des-oies-detail.L-hst-Boussensdetail-906x1024.jpg 906w, https:\/\/rene-gaston-lagorre.fr\/wp-content\/uploads\/2023\/07\/74.Sceme-de-gavage-des-oies-detail.L-hst-Boussensdetail-768x868.jpg 768w, https:\/\/rene-gaston-lagorre.fr\/wp-content\/uploads\/2023\/07\/74.Sceme-de-gavage-des-oies-detail.L-hst-Boussensdetail-1359x1536.jpg 1359w, https:\/\/rene-gaston-lagorre.fr\/wp-content\/uploads\/2023\/07\/74.Sceme-de-gavage-des-oies-detail.L-hst-Boussensdetail-1812x2048.jpg 1812w\" sizes=\"(max-width: 2031px) 100vw, 2031px\" \/>\t\t<\/div>\n<div class=\"edgt-pli-text-holder\">\n\t<div class=\"edgt-pli-text-wrapper\">\n\t\t<div class=\"edgt-pli-text\">\n\t\t\t\t<h4 itemprop=\"name\" class=\"edgt-pli-title entry-title\" style=\"text-transform: uppercase\">\n\t\tLes toiles de Boussens (Haute-Garonne)\t<\/h4>\n\n\t\t\t\t\t<div class=\"edgt-pli-category-holder\">\n\t\t\t\t\t\t\t<a itemprop=\"url\" class=\"edgt-pli-category\" href=\"https:\/\/rene-gaston-lagorre.fr\/index.php\/portfolio-category\/boussens\/\">\"Boussens\"<\/a>\n\t\t\t\t\t<\/div>\n\t\n\t\t\t    <div class=\"edgt-gli-number-of-images-holder\" >\n        <span>11 pics.<\/span>\n    <\/div>\n\n\n\t\t\t\t\t<\/div>\n\t<\/div>\n<\/div>\t\t\n\t\t<a itemprop=\"url\" class=\"edgt-pli-link edgt-block-drag-link\" href=\"https:\/\/rene-gaston-lagorre.fr\/index.php\/portfolio-item\/les-toiles-de-boussens\/\" target=\"_self\"><\/a>\n\t<\/div>\n<\/article>\t<\/div>\n\t\n\t<\/div>[vc_empty_space][\/vc_column][\/vc_row]<\/p>","protected":false},"excerpt":{"rendered":"<p>[vc_row][vc_column][vc_column_text]En 1954, Emile Lagardelle, maire de Boussens , commande \u00e0 son tour au jeune peintre de d\u00e9corer la salle de r\u00e9ception de la mairie en \u00e9voquant l\u2019\u00e9volution \u00e9conomique du village \u00e0 travers ses ressources agricoles et industrielles. Dans les sept grandes toiles que va ex\u00e9cuter le [&hellip;]<\/p>\n","protected":false},"author":1,"featured_media":0,"parent":14310,"menu_order":0,"comment_status":"closed","ping_status":"closed","template":"","meta":[],"_links":{"self":[{"href":"https:\/\/rene-gaston-lagorre.fr\/index.php\/wp-json\/wp\/v2\/pages\/14180"}],"collection":[{"href":"https:\/\/rene-gaston-lagorre.fr\/index.php\/wp-json\/wp\/v2\/pages"}],"about":[{"href":"https:\/\/rene-gaston-lagorre.fr\/index.php\/wp-json\/wp\/v2\/types\/page"}],"author":[{"embeddable":true,"href":"https:\/\/rene-gaston-lagorre.fr\/index.php\/wp-json\/wp\/v2\/users\/1"}],"replies":[{"embeddable":true,"href":"https:\/\/rene-gaston-lagorre.fr\/index.php\/wp-json\/wp\/v2\/comments?post=14180"}],"version-history":[{"count":3,"href":"https:\/\/rene-gaston-lagorre.fr\/index.php\/wp-json\/wp\/v2\/pages\/14180\/revisions"}],"predecessor-version":[{"id":14541,"href":"https:\/\/rene-gaston-lagorre.fr\/index.php\/wp-json\/wp\/v2\/pages\/14180\/revisions\/14541"}],"up":[{"embeddable":true,"href":"https:\/\/rene-gaston-lagorre.fr\/index.php\/wp-json\/wp\/v2\/pages\/14310"}],"wp:attachment":[{"href":"https:\/\/rene-gaston-lagorre.fr\/index.php\/wp-json\/wp\/v2\/media?parent=14180"}],"curies":[{"name":"wp","href":"https:\/\/api.w.org\/{rel}","templated":true}]}}