{"id":14182,"date":"2023-07-30T09:47:41","date_gmt":"2023-07-30T07:47:41","guid":{"rendered":"https:\/\/rene-gaston-lagorre.fr\/?page_id=14182"},"modified":"2023-09-03T21:46:05","modified_gmt":"2023-09-03T19:46:05","slug":"les-toiles-de-lisle-en-dodon-haute-garonne","status":"publish","type":"page","link":"https:\/\/rene-gaston-lagorre.fr\/index.php\/les-themes\/les-toiles-de-lisle-en-dodon-haute-garonne\/","title":{"rendered":"Les toiles de l&#8217;Isle-en-Dodon (Haute-Garonne)"},"content":{"rendered":"<p>[vc_row][vc_column][vc_column_text]<\/p>\r\n<p class=\"has-medium-font-size\"><strong>Les quatre saisons et l&#8217;all\u00e9gorie de la ville<\/strong><\/p>\r\n\r\n<p>A la fin de l\u2019ann\u00e9e 1943, Joseph Dauban, riche industriel de la r\u00e9gion, propose au peintre de d\u00e9corer la salle de la mairie de l\u2019Isle en Dodon en Haute-Garonne, petite ville situ\u00e9e \u00e0 seulement quelques kilom\u00e8tres de Saint-Laurent-sur -Save. Le peintre devra y repr\u00e9senter les quatre saisons sur la longueur d\u2019un mur.<\/p>\r\n\r\n<p>L\u2019artiste, encore empreint de l\u2019influence de ses ma\u00eetres, notamment de Maurice Denis, l\u2019un des pivots du groupe des Nabis<a id=\"sdfootnote1anc\" href=\"#sdfootnote1sym\"><sup>1<\/sup><\/a> , va peu \u00e0 peu s\u2019en d\u00e9gager et d\u00e9laisser en partie les d\u00e9cors de la peinture pour offrir une vision du monde tout \u00e0 la fois symbolique et bien plus r\u00e9aliste .<\/p>\r\n\r\n<p>&nbsp;<\/p>\r\n\r\n<p class=\"has-small-font-size\"><a id=\"sdfootnote1sym\" href=\"#sdfootnote1anc\">1<\/a>Le terme \u00ab\u00a0Nabi\u00a0\u00bb appara\u00eet en 1889 dans la correspondance du peintre Paul S\u00e9rusier. Le mot lui a \u00e9t\u00e9 souffl\u00e9 par son ami Auguste Cazalis, sp\u00e9cialiste des langues orientales. Ce terme signifie proph\u00e8te en h\u00e9breu, il va bient\u00f4t d\u00e9signer une petite communaut\u00e9 d\u2019artistes, comprenant \u00e0 l\u2019origine Pierre Bonnard, H-G Ibels, Paul Ranson, Maurice Denis et tous les \u00e9l\u00e8ves de l\u2019acad\u00e9mie Julian. Le groupe s\u2019agrandira au fil du temps. Ces artistes ont un go\u00fbt prononc\u00e9 pour le myst\u00e8re, la magie. Ils se reconnaissent peu de ma\u00eetres mais Gauguin en fait partie. L\u2019art de l\u2019Extr\u00eame Orient, surtout les estampes, constitue pour eux une source d\u2019inspiration stylistique et th\u00e9matique. Signac accusera Bonnard de \u00ab\u00a0japoniser\u00a0\u00bb \u00e0 outrance.<\/p>\r\n\r\n<p>\u00ab\u00a0<em>\u00e0 gauche\u00a0: <\/em><em><strong>le printemps<\/strong><\/em><em> avec le traditionnel feu de la saint-Jean, un mariage formant cort\u00e8ge derri\u00e8re les jeunes \u00e9poux pr\u00e9c\u00e9d\u00e9s d\u2019un musicien jouant du violon\u00a0; au fond on aper\u00e7oit le clocher de l\u2019\u00e9glise saint Adrien, comme pour symboliser le mariage chr\u00e9tien&#8230;\u00a0<\/em>\u00bb<\/p>\r\n\r\n<p>\u00ab\u00a0<em>L\u2019autre toile repr\u00e9sente <\/em><em><strong>l\u2019\u00e9t\u00e9 <\/strong><\/em><em>avec la fenaison, la moisson, le d\u00e9piquage mais aussi les premiers bambins et quelques vacanciers&#8230;<\/em>\u00a0\u00bb H-L.Petit, op. Cit.<\/p>\r\n\r\n<p>\u00ab\u00a0<em>\u00e0 droite, les deux autres saisons\u00a0: <\/em><em><strong>l\u2019automne<\/strong><\/em><em> qui est \u00e9voqu\u00e9 \u00e0 travers la cueillette de fruits ; la f\u00eate de saint Adrien et de la ville, le 2<\/em><sup><em>e<\/em><\/sup><em> dimanche de septembre, se traduit par les lanternes v\u00e9nitiennes, les musiciens et le bal\u00a0; puis les champignons et les vendanges ach\u00e8vent l\u2019\u00e9vocation de la saison.<\/em><\/p>\r\n\r\n<p><em>Enfin <\/em><em><strong>l\u2019hiver<\/strong><\/em><em> est caract\u00e9ris\u00e9 ici par le vent et la neige, les ruches et la forge- o\u00f9 l\u2019on se rassemble pour se r\u00e9chauffer- la coupe du bois une personne d\u2019\u00e2ge porte son fagot- le cochon bien gras attendant son heure\u00a0! Y figure aussi la grande chemin\u00e9e rurale o\u00f9 se cuit le millas, avec d\u2019un c\u00f4t\u00e9 la veill\u00e9e et de l\u2019autre un brave vieux qui a la t\u00eate du m\u00e9c\u00e8ne, Joseph Dauban&#8230;<\/em> \u00bb H-L.Petit, op. cit.<\/p>\r\n\r\n<p>Le cycle des saisons trouvera un \u00e9cho dans de nombreuses toiles de Ren\u00e9 Gaston-Lagorre. En Ari\u00e8ge, deux grandes toiles similaires \u00e0 celles de l\u2019Isle-en-Dodon ornent les murs de la salle des mariages de la mairie de Seix . Une troisi\u00e8me toile figure, dans un style bien plus moderne que les styles pr\u00e9c\u00e9dents, le printemps \u00e0 Sentenac d\u2019Ustou.<\/p>\r\n\r\n<p>Le peintre poursuit son \u0153uvre. Il ex\u00e9cute une autre toile pour l\u2019ornementation de la Salle de la mairie de l\u2019Isle-en- Dodon, salle d\u00e9nomm\u00e9e depuis salle Ren\u00e9 Gaston-Lagorre. Cette cinqui\u00e8me toile est une all\u00e9gorie de la ville, elle prendra place au centre des quatre autres, entre l\u2019Et\u00e9 et l\u2019Automne.<\/p>\r\n\r\n<p>&nbsp;<\/p>\r\n\r\n<p>&nbsp;<\/p>\r\n\r\n<p>\u00ab\u00a0A<em>u centre du panneau, la ville est repr\u00e9sent\u00e9e par l\u2019\u00e9vocation d\u2019un plan ancie<\/em><em>n<\/em><em>, de 1824 ainsi que par le blason de cette ancienne seigneurie com<\/em><em>m<\/em><em>ingeoise puis par la figuration de productions \u00e9conomiques\u00a0: cultures, vignobles et \u00e9levage notamment d\u2019oies et de dindes<\/em> \u00bb H-L.Petit, op. cit.<\/p>\r\n\r\n<p>&nbsp;<\/p>\r\n\r\n<p class=\"has-medium-font-size\"><strong>Le maquis de Meilhan<\/strong><\/p>\r\n\r\n<p>En 1944, Mr Escalas et Mr Campguilhem souhaitent utiliser un autre panneau de la salle de la mairie de l\u2019Isle-en-Dodon pour y repr\u00e9senter un tragique \u00e9pisode de la guerre , celui du maquis de Meilhan o\u00f9 vingt quatre jeunes ont \u00e9t\u00e9 ex\u00e9cut\u00e9s par les soldats allemands. Le maquis de Meilhan \u00e9tait command\u00e9 par le Docteur Raynaud. Encercl\u00e9s par les soldats de la Wehrmacht, ces jeunes patriotes tombent le 7 juillet 1944 sous les balles allemandes.<\/p>\r\n\r\n<p>C\u2019est ainsi que le peintre r\u00e9alisera en 1945 cette \u0153uvre qui rappelle avec force le sacrifice de vingt quatre jeunes maquisards qui s\u2019oppos\u00e8rent aux soldats ennemis et y laiss\u00e8rent leur vie.<\/p>\r\n\r\n<p>&nbsp;<\/p>\r\n\r\n<p class=\"has-small-font-size\">Pour une explication d\u00e9taill\u00e9e du tableau se r\u00e9f\u00e9rer au livre de B. Gaston-Lagorre, <em>Ren\u00e9 Gaston-Lagorre, de l\u2019acad\u00e9misme \u00e0 l\u2019abstraction,<\/em> pp.28-30.<\/p>\r\n\r\n<p>&nbsp;<\/p>\r\n\r\n<p class=\"has-medium-font-size\"><strong>Un tableau all\u00e9gorique, La R\u00e9publique<\/strong><\/p>\r\n\r\n<p>Une derni\u00e8re grande toile orne les murs de la mairie commingeoise de l&#8217;Isle-en-Dodon, il s\u2019agit cette fois de l\u2019all\u00e9gorie de la R\u00e9publique, r\u00e9alis\u00e9e en 1947. Ce tableau f\u00eate la fin de la guerre et la libert\u00e9 recouvr\u00e9e, il rend un hommage appuy\u00e9 \u00e0 la IIIe R\u00e9publique.<\/p>\r\n<p>\u00a0<\/p>\r\n<p>[\/vc_column_text][\/vc_column][\/vc_row][vc_row][vc_column][vc_empty_space]<div class=\"edgt-portfolio-list-holder edgt-pl-gallery edgt-pl-normal-space edgt-pl-three-columns edgt-pl-standard-overlay light    edgt-pl-pag-no-pagination     \"  data-type=gallery data-space-between-items=normal data-number-of-items=-1 data-image-proportions=full data-enable-fixed-proportions=no data-enable-image-shadow=no data-category=isle-en-dodon data-order-by=date data-order=ASC data-item-style=standard-overlay data-item-style-skin=light data-enable-title=yes data-title-tag=h4 data-title-text-transform=uppercase data-enable-category=yes data-enable-like=no data-enable-count-images=yes data-enable-excerpt=no data-excerpt-length=20 data-pagination-type=no-pagination data-filter=no data-filter-order-by=name data-enable-article-parallax-animation=no data-portfolio-slider-on=no data-enable-loop=yes data-enable-autoplay=yes data-slider-speed=5000 data-slider-speed-animation=600 data-enable-navigation=yes data-enable-pagination=yes data-max-num-pages=0 data-next-page=2>\n\t\t\n\t<div class=\"edgt-pl-inner  clearfix\">\n\t\t\n<article class=\"edgt-pl-item  post-14467 portfolio-item type-portfolio-item status-publish has-post-thumbnail hentry portfolio-category-isle-en-dodon\">\n\t<div class=\"edgt-pl-item-inner\" >\n\t\t<div class=\"edgt-pli-image\">\n\t\t\t<img width=\"952\" height=\"1198\" src=\"https:\/\/rene-gaston-lagorre.fr\/wp-content\/uploads\/2023\/06\/11.La-Republique.-HST.177x157cm.1947.-Mairie-Isle-en-Dodon.jpg\" class=\"attachment-full size-full wp-post-image\" alt=\"La R\u00e9publique\" decoding=\"async\" loading=\"lazy\" srcset=\"https:\/\/rene-gaston-lagorre.fr\/wp-content\/uploads\/2023\/06\/11.La-Republique.-HST.177x157cm.1947.-Mairie-Isle-en-Dodon.jpg 952w, https:\/\/rene-gaston-lagorre.fr\/wp-content\/uploads\/2023\/06\/11.La-Republique.-HST.177x157cm.1947.-Mairie-Isle-en-Dodon-600x755.jpg 600w, https:\/\/rene-gaston-lagorre.fr\/wp-content\/uploads\/2023\/06\/11.La-Republique.-HST.177x157cm.1947.-Mairie-Isle-en-Dodon-238x300.jpg 238w, https:\/\/rene-gaston-lagorre.fr\/wp-content\/uploads\/2023\/06\/11.La-Republique.-HST.177x157cm.1947.-Mairie-Isle-en-Dodon-814x1024.jpg 814w, https:\/\/rene-gaston-lagorre.fr\/wp-content\/uploads\/2023\/06\/11.La-Republique.-HST.177x157cm.1947.-Mairie-Isle-en-Dodon-768x966.jpg 768w\" sizes=\"(max-width: 952px) 100vw, 952px\" \/>\t\t<\/div>\n<div class=\"edgt-pli-text-holder\">\n\t<div class=\"edgt-pli-text-wrapper\">\n\t\t<div class=\"edgt-pli-text\">\n\t\t\t\t<h4 itemprop=\"name\" class=\"edgt-pli-title entry-title\" style=\"text-transform: uppercase\">\n\t\tLes toiles de l&#8217;Isle-en-Dodon (Haute-Garonne)\t<\/h4>\n\n\t\t\t\t\t<div class=\"edgt-pli-category-holder\">\n\t\t\t\t\t\t\t<a itemprop=\"url\" class=\"edgt-pli-category\" href=\"https:\/\/rene-gaston-lagorre.fr\/index.php\/portfolio-category\/isle-en-dodon\/\">\"Isle en Dodon\"<\/a>\n\t\t\t\t\t<\/div>\n\t\n\t\t\t    <div class=\"edgt-gli-number-of-images-holder\" >\n        <span>12 pics.<\/span>\n    <\/div>\n\n\n\t\t\t\t\t<\/div>\n\t<\/div>\n<\/div>\t\t\n\t\t<a itemprop=\"url\" class=\"edgt-pli-link edgt-block-drag-link\" href=\"https:\/\/rene-gaston-lagorre.fr\/index.php\/portfolio-item\/les-toiles-de-lisle-en-dodon\/\" target=\"_self\"><\/a>\n\t<\/div>\n<\/article>\t<\/div>\n\t\n\t<\/div>[vc_empty_space][\/vc_column][\/vc_row]<\/p>","protected":false},"excerpt":{"rendered":"<p>[vc_row][vc_column][vc_column_text] Les quatre saisons et l&#8217;all\u00e9gorie de la ville A la fin de l\u2019ann\u00e9e 1943, Joseph Dauban, riche industriel de la r\u00e9gion, propose au peintre de d\u00e9corer la salle de la mairie de l\u2019Isle en Dodon en Haute-Garonne, petite ville situ\u00e9e \u00e0 seulement quelques kilom\u00e8tres de [&hellip;]<\/p>\n","protected":false},"author":1,"featured_media":0,"parent":14310,"menu_order":0,"comment_status":"closed","ping_status":"closed","template":"","meta":[],"_links":{"self":[{"href":"https:\/\/rene-gaston-lagorre.fr\/index.php\/wp-json\/wp\/v2\/pages\/14182"}],"collection":[{"href":"https:\/\/rene-gaston-lagorre.fr\/index.php\/wp-json\/wp\/v2\/pages"}],"about":[{"href":"https:\/\/rene-gaston-lagorre.fr\/index.php\/wp-json\/wp\/v2\/types\/page"}],"author":[{"embeddable":true,"href":"https:\/\/rene-gaston-lagorre.fr\/index.php\/wp-json\/wp\/v2\/users\/1"}],"replies":[{"embeddable":true,"href":"https:\/\/rene-gaston-lagorre.fr\/index.php\/wp-json\/wp\/v2\/comments?post=14182"}],"version-history":[{"count":6,"href":"https:\/\/rene-gaston-lagorre.fr\/index.php\/wp-json\/wp\/v2\/pages\/14182\/revisions"}],"predecessor-version":[{"id":14897,"href":"https:\/\/rene-gaston-lagorre.fr\/index.php\/wp-json\/wp\/v2\/pages\/14182\/revisions\/14897"}],"up":[{"embeddable":true,"href":"https:\/\/rene-gaston-lagorre.fr\/index.php\/wp-json\/wp\/v2\/pages\/14310"}],"wp:attachment":[{"href":"https:\/\/rene-gaston-lagorre.fr\/index.php\/wp-json\/wp\/v2\/media?parent=14182"}],"curies":[{"name":"wp","href":"https:\/\/api.w.org\/{rel}","templated":true}]}}