{"id":14198,"date":"2023-08-11T18:31:02","date_gmt":"2023-08-11T16:31:02","guid":{"rendered":"https:\/\/rene-gaston-lagorre.fr\/?page_id=14198"},"modified":"2023-08-11T18:31:05","modified_gmt":"2023-08-11T16:31:05","slug":"la-sainte-trinite-sainte-anne-la-vierge-et-lenfant-1938-par-louis-carsalade","status":"publish","type":"page","link":"https:\/\/rene-gaston-lagorre.fr\/index.php\/la-sainte-trinite-sainte-anne-la-vierge-et-lenfant-1938-par-louis-carsalade\/","title":{"rendered":"La sainte Trinit\u00e9. Sainte Anne, la Vierge et l&#8217;Enfant.1938, par Louis Carsalade"},"content":{"rendered":"\n<p class=\"has-medium-font-size\"><strong>La Sainte Trinit\u00e9. \u00c9glise de Saint-Laurent-sur-Save. Ch\u0153ur. 1938. 324x650cm<\/strong><\/p>\n\n\n\n<p>C\u2019est la toute premi\u00e8re de ses \u0153uvres de grandes dimensions.<\/p>\n\n\n\n<p>Le dogme de la Trinit\u00e9 est instaur\u00e9 par le Concile de Nic\u00e9e, r\u00e9uni par l\u2019empereur Constantin, en l\u2019an 325.<\/p>\n\n\n\n<p>C\u2019est le myst\u00e8re principal du christianisme catholique.<\/p>\n\n\n\n<p>Les trois personnes divines, <strong>masculines<\/strong> selon la tradition h\u00e9bra\u00efque, parfaitement \u00e9gales, sont repr\u00e9sent\u00e9es ici dans la tradition m\u00e9di\u00e9vale et moderne. Le P\u00e8re, un vieillard noble et serein, soutient la croix du Fils, pantelant, supplici\u00e9 pour le rachat des hommes, inspir\u00e9 par l\u2019Esprit qu\u2019incarne la traditionnelle colombe.<\/p>\n\n\n\n<p>L peintre a manifestement privil\u00e9gi\u00e9 le Crucifi\u00e9 de l\u2019\u00c9vangile qui domine le s\u00e9jour terrestre o\u00f9 l\u2019on retrouve les montagnes de l\u2019Ari\u00e8ge.<\/p>\n\n\n\n<p>Le tableau s\u2019\u00e9claire par son registre inf\u00e9rieur et s\u2019assombrit dans le haut, peut-\u00eatre pour souligner le myst\u00e8re c\u00e9leste ou, plus simplement, selon la volont\u00e9 de l\u2019artiste, pour ne pas rivaliser avec la luminosit\u00e9 des vitraux du ch\u0153ur.<\/p>\n\n\n\n<p class=\"has-medium-font-size\"><strong>Sainte Anne, la Vierge et l\u2019Enfant. \u00c9glise de Saint-Laurent-sur-Save.1938. 324X650cm<\/strong><\/p>\n\n\n\n<p>On retrouve le m\u00eame souci dans la seconde composition qui fait pendant \u00e0 la premi\u00e8re et l\u2019\u00e9quilibre. Elle illustre un autre myst\u00e8re, la filiation <strong>f\u00e9minine <\/strong>du Christ. Marie est la m\u00e8re de Dieu, elle-m\u00eame fille de sainte Anne.<\/p>\n\n\n\n<p>A part les trois aur\u00e9oles, il n\u2019y a aucune symbolique dans ce groupe qui figure une famille matriarcale.<\/p>\n\n\n\n<p>La lumi\u00e8re du registre inf\u00e9rieur semble provenir des visages, calmes, sereins, rayonnants, tandis qu\u2019en haut, dans le ciel myst\u00e9rieux, on devine les s\u00e9raphins qui d\u00e9ploient leurs draperies protectrices.<\/p>\n\n\n\n<p>Devant le groupe, l\u2019artiste a plac\u00e9 \u00ab&nbsp;Jean l\u2019Immergeur&nbsp;\u00bb, le Baptiste, qui pr\u00e9c\u00e8de et annonce J\u00e9sus, et qui porte d\u00e9j\u00e0, sa ceinture de peau sur la hanche.<\/p>\n\n\n\n<p><\/p>\n\n\n\n<p class=\"has-small-font-size\"><strong>Louis Carsalade<\/strong>. L&#8217;instituteur qu&#8217;il \u00e9tait, ancien hussard de la R\u00e9publique, avait su innover dans l&#8217;\u00e9cole communale de Saint-Laurent- sur-Save o\u00f9 il enseigna avec son \u00e9pouse. Humaniste, homme de culture et de r\u00e9flexion, Louis Carsalade fut consid\u00e9r\u00e9 par le peintre comme l\u2019un de ses meilleurs amis. Louis Carsalade est mort en 2011, \u00e0 90 ans. On lui doit un livre \u00ab&nbsp;Lagorre en Haute-Save&nbsp;\u00bb, publi\u00e9 par l\u2019Association Sav\u00e8s Patrimoine et l\u2019Office Municipal de L\u2019Isle-en-Dodon,<\/p>\n","protected":false},"excerpt":{"rendered":"<p>La Sainte Trinit\u00e9. \u00c9glise de Saint-Laurent-sur-Save. Ch\u0153ur. 1938. 324x650cm C\u2019est la toute premi\u00e8re de ses \u0153uvres de grandes dimensions. Le dogme de la Trinit\u00e9 est instaur\u00e9 par le Concile de Nic\u00e9e, r\u00e9uni par l\u2019empereur Constantin, en l\u2019an 325. C\u2019est le myst\u00e8re principal du christianisme catholique. Les [&hellip;]<\/p>\n","protected":false},"author":2,"featured_media":0,"parent":0,"menu_order":0,"comment_status":"closed","ping_status":"closed","template":"","meta":[],"_links":{"self":[{"href":"https:\/\/rene-gaston-lagorre.fr\/index.php\/wp-json\/wp\/v2\/pages\/14198"}],"collection":[{"href":"https:\/\/rene-gaston-lagorre.fr\/index.php\/wp-json\/wp\/v2\/pages"}],"about":[{"href":"https:\/\/rene-gaston-lagorre.fr\/index.php\/wp-json\/wp\/v2\/types\/page"}],"author":[{"embeddable":true,"href":"https:\/\/rene-gaston-lagorre.fr\/index.php\/wp-json\/wp\/v2\/users\/2"}],"replies":[{"embeddable":true,"href":"https:\/\/rene-gaston-lagorre.fr\/index.php\/wp-json\/wp\/v2\/comments?post=14198"}],"version-history":[{"count":6,"href":"https:\/\/rene-gaston-lagorre.fr\/index.php\/wp-json\/wp\/v2\/pages\/14198\/revisions"}],"predecessor-version":[{"id":14268,"href":"https:\/\/rene-gaston-lagorre.fr\/index.php\/wp-json\/wp\/v2\/pages\/14198\/revisions\/14268"}],"wp:attachment":[{"href":"https:\/\/rene-gaston-lagorre.fr\/index.php\/wp-json\/wp\/v2\/media?parent=14198"}],"curies":[{"name":"wp","href":"https:\/\/api.w.org\/{rel}","templated":true}]}}