{"id":1421,"date":"2023-07-15T09:11:14","date_gmt":"2023-07-15T07:11:14","guid":{"rendered":"https:\/\/rene-gaston-lagorre.fr\/?page_id=1421"},"modified":"2023-08-26T11:51:18","modified_gmt":"2023-08-26T09:51:18","slug":"tolede-et-l-ombre-del-greco","status":"publish","type":"page","link":"https:\/\/rene-gaston-lagorre.fr\/index.php\/tolede-et-l-ombre-del-greco\/","title":{"rendered":"Tol\u00e8de et l&#8217;ombre del Greco"},"content":{"rendered":"<p>[vc_row][vc_column][vc_column_text]<\/p>\r\n<p class=\"has-medium-font-size\"><em><strong>Tol\u00e8de et l&#8217;ombre del Greco<\/strong><\/em><\/p>\r\n\r\n<p>Parmi ses villes de pr\u00e9dilection Lagorre peindra Ronda , ville blanche \u00e9cras\u00e9e de chaleur, berceau de la corrida mais c\u00e9l\u00e8bre \u00e9galement pour ses ponts qui enjambent une profonde gorge que le Tage y a creus\u00e9, s\u00e9parant du m\u00eame coup la vieille ville de la ville moderne. Il peindra la Giralda de S\u00e9ville, l\u2019impressionnant aqueduc romain de S\u00e9govie mais, parmi toutes les villes espagnoles pr\u00e9sent\u00e9es sur ses toiles, il en est une de pr\u00e9dilection et c\u2019est bien s\u00fbr Tol\u00e8de.<\/p>\r\n\r\n<p>D\u2019o\u00f9 que l\u2019on vienne, Tol\u00e8de se d\u00e9couvre perch\u00e9e sur son promontoire avec le Tage couleur d\u2019\u00e9meraude qui, d\u00e9sormais assagi, coule avec douceur \u00e0 ses pieds. Tol\u00e8de dont les ruelles \u00e9troites et tortueuses semblent grimper \u00e0 l\u2019assaut de la cath\u00e9drale et du ch\u00e2teau, cette ville aux accents mauresques, aux senteurs de citrons et d\u2019oranges o\u00f9 les bougainvilliers rougissent les fa\u00e7ades des maisons qui encerclent les placettes dispos\u00e9es \u00e7\u00e0 et l\u00e0, \u00e0 mi-pente, Tol\u00e8de riche d\u2019une architecture singuli\u00e8re s\u00e9duit et fascine le peintre.<\/p>\r\n\r\n<p>Quand il d\u00e9couvre cette ville, Lagorre est jeune mais il en con\u00e7oit un tel choc \u00e9motionnel qu\u2019il jure d\u2019y retourner d\u00e8s qu\u2019il le pourra et surtout, autant de fois qu\u2019il le pourra. Et c\u2019est ce qu\u2019il fera.<\/p>\r\n\r\n<p>C\u2019est dans cette ville qu\u2019il admire pour la premi\u00e8re fois le chef d\u2019\u0153uvre del Greco\u00a0\u00ab\u00a0 <em>L\u2019enterrement du conte d\u2019Orgaz<\/em>\u00a0\u00bb. Lagorre ne cache pas son engouement pour ce peintre cr\u00e9tois, ancien \u00e9l\u00e8ve du Titien, tr\u00e8s vite adopt\u00e9 par l\u2019Espagne. De ce peintre qui le ravit, il a eu l\u2019occasion, au Metropolitan Museum of Art of New York, d\u2019admirer un autre chef d\u2019\u0153uvre, un paysage surprenant, diabolique et apocalyptique \u00e0 la fois, une vision tr\u00e8s particuli\u00e8re, quasi expressionniste de la ville, un tableau intitul\u00e9 tr\u00e8s simplement \u00ab<em>\u00a0Vue de Tol\u00e8de<\/em>\u00a0\u00bb, une huile peinte par El Greco \u00e0 une \u00e9poque o\u00f9, rappelons-le, la peinture paysag\u00e8re n\u2019\u00e9tait le plus souvent que d\u00e9corative. Avec El Greco, pour la premi\u00e8re fois, nous sommes loin, tr\u00e8s loin du paysage arcadien o\u00f9 les peintres italiens m\u00ealaient personnages antiques et lieu idyllique.<\/p>\r\n\r\n<p>Ren\u00e9 Lagorre peint Tol\u00e8de, souvent, mais de mani\u00e8re bien diff\u00e9rente parfois. A l\u2019exub\u00e9rance de couleurs et de lumi\u00e8re r\u00e9pondent des visions plus noires, quasi tragiques, o\u00f9 la ville semble sombrer dans un v\u00e9ritable chaos\u2026<\/p>\r\n\r\n<p>Comme sur les toiles de Monts\u00e9gur les toiles et les gouaches de Tol\u00e8de d\u00e9voilent une \u00e9volution du peintre du figuratif r\u00e9aliste vers l\u2019abstrait avec une pr\u00e9dilection de plus en plus marqu\u00e9e pour l\u2019emploi de formes g\u00e9om\u00e9triques.<\/p>\r\n<p>[\/vc_column_text][\/vc_column][\/vc_row][vc_row][vc_column][vc_empty_space]<div class=\"edgt-portfolio-list-holder edgt-pl-gallery edgt-pl-normal-space edgt-pl-three-columns edgt-pl-standard-overlay light    edgt-pl-pag-no-pagination     \"  data-type=gallery data-space-between-items=normal data-number-of-items=-1 data-image-proportions=full data-enable-fixed-proportions=no data-enable-image-shadow=no data-category=tolede data-order-by=date data-order=ASC data-item-style=standard-overlay data-item-style-skin=light data-enable-title=yes data-title-tag=h4 data-title-text-transform=uppercase data-enable-category=yes data-enable-like=no data-enable-count-images=yes data-enable-excerpt=no data-excerpt-length=20 data-pagination-type=no-pagination data-filter=no data-filter-order-by=name data-enable-article-parallax-animation=no data-portfolio-slider-on=no data-enable-loop=yes data-enable-autoplay=yes data-slider-speed=5000 data-slider-speed-animation=600 data-enable-navigation=yes data-enable-pagination=yes data-max-num-pages=0 data-next-page=2>\n\t\t\n\t<div class=\"edgt-pl-inner  clearfix\">\n\t\t\n<article class=\"edgt-pl-item  post-14474 portfolio-item type-portfolio-item status-publish has-post-thumbnail hentry portfolio-category-tolede\">\n\t<div class=\"edgt-pl-item-inner\" >\n\t\t<div class=\"edgt-pli-image\">\n\t\t\t<img width=\"1206\" height=\"864\" src=\"https:\/\/rene-gaston-lagorre.fr\/wp-content\/uploads\/2023\/07\/27.Tolede.Hst_.jpg\" class=\"attachment-full size-full wp-post-image\" alt=\"Tol\u00e8de\" decoding=\"async\" loading=\"lazy\" srcset=\"https:\/\/rene-gaston-lagorre.fr\/wp-content\/uploads\/2023\/07\/27.Tolede.Hst_.jpg 1206w, https:\/\/rene-gaston-lagorre.fr\/wp-content\/uploads\/2023\/07\/27.Tolede.Hst_-600x430.jpg 600w, https:\/\/rene-gaston-lagorre.fr\/wp-content\/uploads\/2023\/07\/27.Tolede.Hst_-300x215.jpg 300w, https:\/\/rene-gaston-lagorre.fr\/wp-content\/uploads\/2023\/07\/27.Tolede.Hst_-1024x734.jpg 1024w, https:\/\/rene-gaston-lagorre.fr\/wp-content\/uploads\/2023\/07\/27.Tolede.Hst_-768x550.jpg 768w\" sizes=\"(max-width: 1206px) 100vw, 1206px\" \/>\t\t<\/div>\n<div class=\"edgt-pli-text-holder\">\n\t<div class=\"edgt-pli-text-wrapper\">\n\t\t<div class=\"edgt-pli-text\">\n\t\t\t\t<h4 itemprop=\"name\" class=\"edgt-pli-title entry-title\" style=\"text-transform: uppercase\">\n\t\tTol\u00e8de et l&#8217;ombre del Greco\t<\/h4>\n\n\t\t\t\t\t<div class=\"edgt-pli-category-holder\">\n\t\t\t\t\t\t\t<a itemprop=\"url\" class=\"edgt-pli-category\" href=\"https:\/\/rene-gaston-lagorre.fr\/index.php\/portfolio-category\/tolede\/\">\"Tol\u00e8de\"<\/a>\n\t\t\t\t\t<\/div>\n\t\n\t\t\t    <div class=\"edgt-gli-number-of-images-holder\" >\n        <span>31 pics.<\/span>\n    <\/div>\n\n\n\t\t\t\t\t<\/div>\n\t<\/div>\n<\/div>\t\t\n\t\t<a itemprop=\"url\" class=\"edgt-pli-link edgt-block-drag-link\" href=\"https:\/\/rene-gaston-lagorre.fr\/index.php\/portfolio-item\/tolede\/\" target=\"_self\"><\/a>\n\t<\/div>\n<\/article>\n<article class=\"edgt-pl-item  post-15214 portfolio-item type-portfolio-item status-publish has-post-thumbnail hentry portfolio-category-tolede portfolio-category-villes-en-espagne\">\n\t<div class=\"edgt-pl-item-inner\" >\n\t\t<div class=\"edgt-pli-image\">\n\t\t\t<img width=\"1194\" height=\"911\" src=\"https:\/\/rene-gaston-lagorre.fr\/wp-content\/uploads\/2023\/07\/1.Ronda_.-Gouache.-1956.jpg\" class=\"attachment-full size-full wp-post-image\" alt=\"Ronda\" decoding=\"async\" loading=\"lazy\" srcset=\"https:\/\/rene-gaston-lagorre.fr\/wp-content\/uploads\/2023\/07\/1.Ronda_.-Gouache.-1956.jpg 1194w, https:\/\/rene-gaston-lagorre.fr\/wp-content\/uploads\/2023\/07\/1.Ronda_.-Gouache.-1956-600x458.jpg 600w, https:\/\/rene-gaston-lagorre.fr\/wp-content\/uploads\/2023\/07\/1.Ronda_.-Gouache.-1956-300x229.jpg 300w, https:\/\/rene-gaston-lagorre.fr\/wp-content\/uploads\/2023\/07\/1.Ronda_.-Gouache.-1956-1024x781.jpg 1024w, https:\/\/rene-gaston-lagorre.fr\/wp-content\/uploads\/2023\/07\/1.Ronda_.-Gouache.-1956-768x586.jpg 768w\" sizes=\"(max-width: 1194px) 100vw, 1194px\" \/>\t\t<\/div>\n<div class=\"edgt-pli-text-holder\">\n\t<div class=\"edgt-pli-text-wrapper\">\n\t\t<div class=\"edgt-pli-text\">\n\t\t\t\t<h4 itemprop=\"name\" class=\"edgt-pli-title entry-title\" style=\"text-transform: uppercase\">\n\t\tVilles en Espagne\t<\/h4>\n\n\t\t\t\t\t<div class=\"edgt-pli-category-holder\">\n\t\t\t\t\t\t\t<a itemprop=\"url\" class=\"edgt-pli-category\" href=\"https:\/\/rene-gaston-lagorre.fr\/index.php\/portfolio-category\/tolede\/\">\"Tol\u00e8de\"<\/a>\n\t\t\t\t\t\t\t<a itemprop=\"url\" class=\"edgt-pli-category\" href=\"https:\/\/rene-gaston-lagorre.fr\/index.php\/portfolio-category\/villes-en-espagne\/\">\"Villes en Espagne\"<\/a>\n\t\t\t\t\t<\/div>\n\t\n\t\t\t    <div class=\"edgt-gli-number-of-images-holder\" >\n        <span>15 pics.<\/span>\n    <\/div>\n\n\n\t\t\t\t\t<\/div>\n\t<\/div>\n<\/div>\t\t\n\t\t<a itemprop=\"url\" class=\"edgt-pli-link edgt-block-drag-link\" href=\"https:\/\/rene-gaston-lagorre.fr\/index.php\/portfolio-item\/villes-en-espagne\/\" target=\"_self\"><\/a>\n\t<\/div>\n<\/article>\t<\/div>\n\t\n\t<\/div>[vc_empty_space][\/vc_column][\/vc_row]<\/p>","protected":false},"excerpt":{"rendered":"<p>[vc_row][vc_column][vc_column_text] Tol\u00e8de et l&#8217;ombre del Greco Parmi ses villes de pr\u00e9dilection Lagorre peindra Ronda , ville blanche \u00e9cras\u00e9e de chaleur, berceau de la corrida mais c\u00e9l\u00e8bre \u00e9galement pour ses ponts qui enjambent une profonde gorge que le Tage y a creus\u00e9, s\u00e9parant du m\u00eame coup la [&hellip;]<\/p>\n","protected":false},"author":2,"featured_media":0,"parent":0,"menu_order":0,"comment_status":"closed","ping_status":"closed","template":"","meta":[],"_links":{"self":[{"href":"https:\/\/rene-gaston-lagorre.fr\/index.php\/wp-json\/wp\/v2\/pages\/1421"}],"collection":[{"href":"https:\/\/rene-gaston-lagorre.fr\/index.php\/wp-json\/wp\/v2\/pages"}],"about":[{"href":"https:\/\/rene-gaston-lagorre.fr\/index.php\/wp-json\/wp\/v2\/types\/page"}],"author":[{"embeddable":true,"href":"https:\/\/rene-gaston-lagorre.fr\/index.php\/wp-json\/wp\/v2\/users\/2"}],"replies":[{"embeddable":true,"href":"https:\/\/rene-gaston-lagorre.fr\/index.php\/wp-json\/wp\/v2\/comments?post=1421"}],"version-history":[{"count":6,"href":"https:\/\/rene-gaston-lagorre.fr\/index.php\/wp-json\/wp\/v2\/pages\/1421\/revisions"}],"predecessor-version":[{"id":14566,"href":"https:\/\/rene-gaston-lagorre.fr\/index.php\/wp-json\/wp\/v2\/pages\/1421\/revisions\/14566"}],"wp:attachment":[{"href":"https:\/\/rene-gaston-lagorre.fr\/index.php\/wp-json\/wp\/v2\/media?parent=1421"}],"curies":[{"name":"wp","href":"https:\/\/api.w.org\/{rel}","templated":true}]}}