{"id":14228,"date":"2023-08-05T16:06:13","date_gmt":"2023-08-05T14:06:13","guid":{"rendered":"https:\/\/rene-gaston-lagorre.fr\/?page_id=14228"},"modified":"2023-08-26T11:31:06","modified_gmt":"2023-08-26T09:31:06","slug":"le-pastoralisme-les-bergers","status":"publish","type":"page","link":"https:\/\/rene-gaston-lagorre.fr\/index.php\/le-pastoralisme-les-bergers\/","title":{"rendered":"Le pastoralisme. Les Bergers"},"content":{"rendered":"<p>[vc_row][vc_column][vc_column_text]Bien que l\u2019on puisse jeter entre eux bon nombre de passerelles, la repr\u00e9sentation picturale du pastoralisme que nous propose Lagorre nous semble issue de deux h\u00e9ritages culturels diff\u00e9rents, l\u2019un profond\u00e9ment religieux, l\u2019autre plus sp\u00e9cifiquement artistique qui doit \u00eatre mis en lien avec l\u2019histoire de l\u2019art.<\/p>\r\n\r\n<p>&nbsp;<\/p>\r\n\r\n<p class=\"has-medium-font-size\"><strong>L\u2019h\u00e9ritage religieux<\/strong><\/p>\r\n\r\n<p>Quand Lagorre d\u00e9bute en peinture aux Beaux Arts de Toulouse en 1933, la premi\u00e8re \u0153uvre \u00e0 sujet impos\u00e9 qu\u2019il ex\u00e9cute a pour titre \u00ab\u00a0<em><strong>L<\/strong><\/em><em><strong>a <\/strong><\/em><em><strong>F<\/strong><\/em><em><strong>uite de Cain<\/strong><\/em>\u00a0\u00bb, sujet biblique et hugolien \u00e0 la fois. Quelques mois plus tard, \u00e0 l\u2019instar d\u2019 Emile Bernard qui a compos\u00e9 entre 1904 et 1908 \u00ab\u00a0Le Repos du berger\u00a0\u00bb, une huile sur toile qui figure actuellement au Mus\u00e9e d\u2019Orsay, Lagorre peindra, lui \u00ab\u00a0<em><strong>Le repos des bergers<\/strong><\/em>\u00a0\u00bb, sujet l\u00e0 encore impos\u00e9 par ses ma\u00eetres, qui lui vaudra toutefois de remporter le Petit prix municipal de peinture de la ville de Toulouse\u2026<\/p>\r\n\r\n<p>La pr\u00e9gnance de la religion dans le milieu montagnard du Haut-Couserans o\u00f9 le peintre a v\u00e9cu son adolescence n\u2019est \u00e9videmment pas \u00e0 d\u00e9montrer. A cette \u00e9poque, ce sont les cloches de l\u2019\u00e9glise qui rythment encore la vie des paysans et le cur\u00e9 est un personnage d\u2019importance au c\u0153ur du village au m\u00eame titre et peut-\u00eatre m\u00eame davantage que l\u2019instituteur. Cela influence fortement l\u2019adolescent.<\/p>\r\n\r\n<p>Lagorre commence sa longue vie de peintre en peignant, en 1938, \u00e0 la demande de l\u2019abb\u00e9 Carr\u00e8re, des toiles religieuses monumentales. Pour ce faire, il lit \u00e9norm\u00e9ment et d\u00e9vore les \u00c9vangiles, notamment celle selon saint Jean qui fait la part belle \u00e0 la symbolique du berger et de l\u2019agneau (Jean 10, 11-15). Dans les Fonts baptismaux de l\u2019\u00e9glise paroissiale de Seix, Lagorre peindra Jean le Baptiste qu\u2019il a d\u00e9j\u00e0 repr\u00e9sent\u00e9 enfant sur une immense toile dans la petite \u00e9glise de Saint-Laurent-sur-Save. Le mot \u00ab\u00a0berger\u00a0\u00bb est \u00e9videmment tr\u00e8s pr\u00e9sent dans la Bible, et souvenons-nous \u00e0 ce titre que le premier berger est Abel, qui repr\u00e9sente les nomades, composante de l\u2019humanit\u00e9 pr\u00e9f\u00e9r\u00e9e de Dieu par rapport aux agriculteurs s\u00e9dentaires symbolis\u00e9s par Ca\u00efn.<\/p>\r\n\r\n<p>Dans le <em>Nouveau Testament<\/em>, les bergers sont aussi les premiers \u00e0 chanter la joie de la naissance de J\u00e9sus \u00e0 Bethl\u00e9em.<\/p>\r\n\r\n<p>Nous nous contenterons ici de souligner l\u2019importance d\u2019expressions qui abondent dans la Bible telles \u00ab\u00a0<em>l\u2019\u00c9ternel est mon berger.<\/em>\u00a0\u00bb ou, en parlant de J\u00e9sus, \u00ab<em>\u00a0Le bon berger\u00a0<\/em>\u00bb, \u00ab\u00a0<em>le Bon Pasteur<\/em>\u00a0\u00bb ou encore \u00ab\u00a0<em>L\u2019Agneau de Dieu<\/em>\u00a0\u00bb, des expressions dont Lagorre nous donne parfois une transposition picturale sur ses toiles.<\/p>\r\n\r\n<p>&nbsp;<\/p>\r\n\r\n<p class=\"has-medium-font-size\"><strong>L\u2019h\u00e9ritage artistique<\/strong><\/p>\r\n\r\n<p>Mais, comme l\u2019a montr\u00e9 l\u2019exposition qui s\u2019est tenue au Mus\u00e9e Courbet d\u2019Ornans en 2022, au milieu du XIXe si\u00e8cle le peuple paysan devient aussi \u00e0 cette \u00e9poque un sujet d&#8217;art <a id=\"sdfootnote1anc\" href=\"#sdfootnote1sym\"><sup>1<\/sup><\/a>. Lagorre ne craint donc pas de mettre la figure du berger au centre de son \u0153uvre figurative, la traitant avec un r\u00e9alisme cru. La transposition picturale que nous propose le peintre se situe tr\u00e8s loin de la vision idyllique et id\u00e9ale qui pr\u00e9valait dans les pastorales des XVIIe et XVIIIe si\u00e8cles. Ici les portraits de bergers nous montrent des visages dont la rudesse \u00e9clate sut la toile, peau tann\u00e9e, traits creus\u00e9s, sourcils broussailleux&#8230; Les mains des bergers, larges et noueuses, t\u00e9moignent aussi de la force et de la rudesse du m\u00e9tier qui est le leur. De plus, Lagorre nous montre les bergers dans leur cadre de vie, sur les estives d\u2019altitude, dans les cabanes de bois qui sont les leurs et il repr\u00e9sente les bergers, toujours accompagn\u00e9s de leur chien fid\u00e8le, avec les outils qui leur sont propres. De la gourde au parapluie en passant par les tr\u00e9pieds, les seaux \u00e0 lait, les \u00ab\u00a0l\u00e9rous\u00a0\u00bb\u2026, tous les objets du quotidien sont pr\u00e9sents sur les toiles.<\/p>\r\n\r\n<p>L\u2019id\u00e9alisation des bergers est peut-\u00eatre \u00e0 chercher du c\u00f4t\u00e9 de l\u2019\u00e9clairage des sc\u00e8nes. La fantastique couleur des ciels de montagne et des parois rocheuses, les fabuleux clair-obscurs, le soir, dans la cabane \u00e9clair\u00e9e de l\u2019int\u00e9rieur par une lanterne ou une bougie dont la flamme vacille magnifient \u00e0 elles seules les repr\u00e9sentations de la vie des bergers en montagne.<\/p>\r\n\r\n<p><a id=\"sdfootnote1sym\" href=\"#sdfootnote1anc\">1<\/a> Le mus\u00e9e Courbet d&#8217;Ornans, ville natale du peintre, a propos\u00e9 du 27 juin au 16 octobre 2022, plus de 80 oeuvres &#8211; peintures, sculptures, dessins &#8211; d&#8217;artistes incontournables du XIXe si\u00e8cle, Courbet, Millet, Breton, Gauguin, Rodin ou Van Gogh, pr\u00eat\u00e9s par une quarantaine de mus\u00e9es nationaux et internationaux sous le titre \u00ab\u00a0<strong>Ceux de la terre-La figure du paysan, de Courbet \u00e0 Van Gogh\u00a0<\/strong>\u00bb.<\/p>\r\n<p>[\/vc_column_text][\/vc_column][\/vc_row][vc_row][vc_column][vc_empty_space]<div class=\"edgt-portfolio-list-holder edgt-pl-gallery edgt-pl-normal-space edgt-pl-three-columns edgt-pl-standard-overlay light    edgt-pl-pag-no-pagination     \"  data-type=gallery data-space-between-items=normal data-number-of-items=-1 data-image-proportions=full data-enable-fixed-proportions=no data-enable-image-shadow=no data-category=pastoralisme data-order-by=date data-order=ASC data-item-style=standard-overlay data-item-style-skin=light data-enable-title=yes data-title-tag=h4 data-title-text-transform=uppercase data-enable-category=yes data-enable-like=no data-enable-count-images=yes data-enable-excerpt=no data-excerpt-length=20 data-pagination-type=no-pagination data-filter=no data-filter-order-by=name data-enable-article-parallax-animation=no data-portfolio-slider-on=no data-enable-loop=yes data-enable-autoplay=yes data-slider-speed=5000 data-slider-speed-animation=600 data-enable-navigation=yes data-enable-pagination=yes data-max-num-pages=0 data-next-page=2>\n\t\t\n\t<div class=\"edgt-pl-inner  clearfix\">\n\t\t\n<article class=\"edgt-pl-item  post-12404 portfolio-item type-portfolio-item status-publish has-post-thumbnail hentry portfolio-category-pastoralisme\">\n\t<div class=\"edgt-pl-item-inner\" >\n\t\t<div class=\"edgt-pli-image\">\n\t\t\t<img width=\"1204\" height=\"987\" src=\"https:\/\/rene-gaston-lagorre.fr\/wp-content\/uploads\/2023\/07\/Berger.-Gouache-sur-papier.-46x38cm.jpg\" class=\"attachment-full size-full wp-post-image\" alt=\"Berger\" decoding=\"async\" loading=\"lazy\" srcset=\"https:\/\/rene-gaston-lagorre.fr\/wp-content\/uploads\/2023\/07\/Berger.-Gouache-sur-papier.-46x38cm.jpg 1204w, https:\/\/rene-gaston-lagorre.fr\/wp-content\/uploads\/2023\/07\/Berger.-Gouache-sur-papier.-46x38cm-600x492.jpg 600w, https:\/\/rene-gaston-lagorre.fr\/wp-content\/uploads\/2023\/07\/Berger.-Gouache-sur-papier.-46x38cm-300x246.jpg 300w, https:\/\/rene-gaston-lagorre.fr\/wp-content\/uploads\/2023\/07\/Berger.-Gouache-sur-papier.-46x38cm-1024x839.jpg 1024w, https:\/\/rene-gaston-lagorre.fr\/wp-content\/uploads\/2023\/07\/Berger.-Gouache-sur-papier.-46x38cm-768x630.jpg 768w\" sizes=\"(max-width: 1204px) 100vw, 1204px\" \/>\t\t<\/div>\n<div class=\"edgt-pli-text-holder\">\n\t<div class=\"edgt-pli-text-wrapper\">\n\t\t<div class=\"edgt-pli-text\">\n\t\t\t\t<h4 itemprop=\"name\" class=\"edgt-pli-title entry-title\" style=\"text-transform: uppercase\">\n\t\tLe pastoralisme. Les bergers\t<\/h4>\n\n\t\t\t\t\t<div class=\"edgt-pli-category-holder\">\n\t\t\t\t\t\t\t<a itemprop=\"url\" class=\"edgt-pli-category\" href=\"https:\/\/rene-gaston-lagorre.fr\/index.php\/portfolio-category\/pastoralisme\/\">\"Pastoralisme\"<\/a>\n\t\t\t\t\t<\/div>\n\t\n\t\t\t    <div class=\"edgt-gli-number-of-images-holder\" >\n        <span>70 pics.<\/span>\n    <\/div>\n\n\n\t\t\t\t\t<\/div>\n\t<\/div>\n<\/div>\t\t\n\t\t<a itemprop=\"url\" class=\"edgt-pli-link edgt-block-drag-link\" href=\"https:\/\/rene-gaston-lagorre.fr\/index.php\/portfolio-item\/les-bergers\/\" target=\"_self\"><\/a>\n\t<\/div>\n<\/article>\n<article class=\"edgt-pl-item  post-14465 portfolio-item type-portfolio-item status-publish has-post-thumbnail hentry portfolio-category-pastoralisme\">\n\t<div class=\"edgt-pl-item-inner\" >\n\t\t<div class=\"edgt-pli-image\">\n\t\t\t<img width=\"1204\" height=\"1563\" src=\"https:\/\/rene-gaston-lagorre.fr\/wp-content\/uploads\/2023\/08\/72a.Le-piqueur-de-faux.-Hst.-Collection-particuliere.jpg\" class=\"attachment-full size-full wp-post-image\" alt=\"Le piqueur de faux\" decoding=\"async\" loading=\"lazy\" srcset=\"https:\/\/rene-gaston-lagorre.fr\/wp-content\/uploads\/2023\/08\/72a.Le-piqueur-de-faux.-Hst.-Collection-particuliere.jpg 1204w, https:\/\/rene-gaston-lagorre.fr\/wp-content\/uploads\/2023\/08\/72a.Le-piqueur-de-faux.-Hst.-Collection-particuliere-231x300.jpg 231w, https:\/\/rene-gaston-lagorre.fr\/wp-content\/uploads\/2023\/08\/72a.Le-piqueur-de-faux.-Hst.-Collection-particuliere-789x1024.jpg 789w, https:\/\/rene-gaston-lagorre.fr\/wp-content\/uploads\/2023\/08\/72a.Le-piqueur-de-faux.-Hst.-Collection-particuliere-768x997.jpg 768w, https:\/\/rene-gaston-lagorre.fr\/wp-content\/uploads\/2023\/08\/72a.Le-piqueur-de-faux.-Hst.-Collection-particuliere-1183x1536.jpg 1183w, https:\/\/rene-gaston-lagorre.fr\/wp-content\/uploads\/2023\/08\/72a.Le-piqueur-de-faux.-Hst.-Collection-particuliere-600x779.jpg 600w\" sizes=\"(max-width: 1204px) 100vw, 1204px\" \/>\t\t<\/div>\n<div class=\"edgt-pli-text-holder\">\n\t<div class=\"edgt-pli-text-wrapper\">\n\t\t<div class=\"edgt-pli-text\">\n\t\t\t\t<h4 itemprop=\"name\" class=\"edgt-pli-title entry-title\" style=\"text-transform: uppercase\">\n\t\tSc\u00e8nes de la vie rurale montagnarde\t<\/h4>\n\n\t\t\t\t\t<div class=\"edgt-pli-category-holder\">\n\t\t\t\t\t\t\t<a itemprop=\"url\" class=\"edgt-pli-category\" href=\"https:\/\/rene-gaston-lagorre.fr\/index.php\/portfolio-category\/pastoralisme\/\">\"Pastoralisme\"<\/a>\n\t\t\t\t\t<\/div>\n\t\n\t\t\t    <div class=\"edgt-gli-number-of-images-holder\" >\n        <span>19 pics.<\/span>\n    <\/div>\n\n\n\t\t\t\t\t<\/div>\n\t<\/div>\n<\/div>\t\t\n\t\t<a itemprop=\"url\" class=\"edgt-pli-link edgt-block-drag-link\" href=\"https:\/\/rene-gaston-lagorre.fr\/index.php\/portfolio-item\/scenes-de-la-vie-rurale-montagnarde\/\" target=\"_self\"><\/a>\n\t<\/div>\n<\/article>\t<\/div>\n\t\n\t<\/div>[vc_empty_space][\/vc_column][\/vc_row]<\/p>","protected":false},"excerpt":{"rendered":"<p>[vc_row][vc_column][vc_column_text]Bien que l\u2019on puisse jeter entre eux bon nombre de passerelles, la repr\u00e9sentation picturale du pastoralisme que nous propose Lagorre nous semble issue de deux h\u00e9ritages culturels diff\u00e9rents, l\u2019un profond\u00e9ment religieux, l\u2019autre plus sp\u00e9cifiquement artistique qui doit \u00eatre mis en lien avec l\u2019histoire de l\u2019art. &nbsp; [&hellip;]<\/p>\n","protected":false},"author":2,"featured_media":0,"parent":0,"menu_order":0,"comment_status":"closed","ping_status":"closed","template":"","meta":[],"_links":{"self":[{"href":"https:\/\/rene-gaston-lagorre.fr\/index.php\/wp-json\/wp\/v2\/pages\/14228"}],"collection":[{"href":"https:\/\/rene-gaston-lagorre.fr\/index.php\/wp-json\/wp\/v2\/pages"}],"about":[{"href":"https:\/\/rene-gaston-lagorre.fr\/index.php\/wp-json\/wp\/v2\/types\/page"}],"author":[{"embeddable":true,"href":"https:\/\/rene-gaston-lagorre.fr\/index.php\/wp-json\/wp\/v2\/users\/2"}],"replies":[{"embeddable":true,"href":"https:\/\/rene-gaston-lagorre.fr\/index.php\/wp-json\/wp\/v2\/comments?post=14228"}],"version-history":[{"count":4,"href":"https:\/\/rene-gaston-lagorre.fr\/index.php\/wp-json\/wp\/v2\/pages\/14228\/revisions"}],"predecessor-version":[{"id":14555,"href":"https:\/\/rene-gaston-lagorre.fr\/index.php\/wp-json\/wp\/v2\/pages\/14228\/revisions\/14555"}],"wp:attachment":[{"href":"https:\/\/rene-gaston-lagorre.fr\/index.php\/wp-json\/wp\/v2\/media?parent=14228"}],"curies":[{"name":"wp","href":"https:\/\/api.w.org\/{rel}","templated":true}]}}