{"id":14230,"date":"2023-08-11T18:30:18","date_gmt":"2023-08-11T16:30:18","guid":{"rendered":"https:\/\/rene-gaston-lagorre.fr\/?page_id=14230"},"modified":"2023-08-26T11:28:09","modified_gmt":"2023-08-26T09:28:09","slug":"le-pastoralisme-les-bergers-fromagers","status":"publish","type":"page","link":"https:\/\/rene-gaston-lagorre.fr\/index.php\/le-pastoralisme-les-bergers-fromagers\/","title":{"rendered":"Le pastoralisme. Les bergers-fromagers"},"content":{"rendered":"<p>[vc_row][vc_column][vc_column_text]&#8221;<strong><em>Les bergers , c&#8217;est mon amour du pays. Cela repr\u00e9sente les balades que j&#8217;ai effectu\u00e9es durant ma jeunesse dans les montagnes. Vous verrez, les souvenirs d&#8217;enfants sont ceux qui marquent le plus<\/em><\/strong>.&#8221;<\/p>\r\n\r\n<p>&nbsp;<\/p>\r\n\r\n<p class=\"has-small-font-size\">Ren\u00e9 Gaston-Lagorre in &#8220;Ren\u00e9 Gaston-Lagorre : une vie d\u00e9di\u00e9e \u00e0 la peinture&#8221;, Le Couserans, n\u00b06, \u00e9t\u00e9 2004, article de Carine Chou\u00eb de la Mettrie<\/p>\r\n\r\n<p>Lagorre nous montre avec une pr\u00e9cision quasi documentaire le travail des bergers-fromagers dans leur cabane d\u2019estive. La gestuelle, les tr\u00e9pieds n\u00e9cessaires \u00e0 l\u2019assise, les seaux \u00e0 traire ou l\u00e9rous, les barattes, tout est dessin\u00e9 et peint avec minutie sur la toile et pourtant ces tableaux sont hors r\u00e9alit\u00e9 tant la lumi\u00e8re magnifie ces hommes et id\u00e9alise leur cadre de vie.<\/p>\r\n\r\n<p>Le peintre s\u2019attache pourtant \u00e0 \u00e9voquer la r\u00e9alit\u00e9 de la vie quotidienne du berger. L\u2019aspect nourricier du fromage a son importance, c\u2019est ici un aliment du quotidien .<\/p>\r\n<p>[\/vc_column_text][\/vc_column][\/vc_row][vc_row][vc_column][vc_empty_space]<div class=\"edgt-portfolio-list-holder edgt-pl-gallery edgt-pl-normal-space edgt-pl-three-columns edgt-pl-standard-overlay light    edgt-pl-pag-no-pagination     \"  data-type=gallery data-space-between-items=normal data-number-of-items=-1 data-image-proportions=full data-enable-fixed-proportions=no data-enable-image-shadow=no data-category=bergers-fromagers data-order-by=date data-order=ASC data-item-style=standard-overlay data-item-style-skin=light data-enable-title=yes data-title-tag=h4 data-title-text-transform=uppercase data-enable-category=yes data-enable-like=no data-enable-count-images=yes data-enable-excerpt=no data-excerpt-length=20 data-pagination-type=no-pagination data-filter=no data-filter-order-by=name data-enable-article-parallax-animation=no data-portfolio-slider-on=no data-enable-loop=yes data-enable-autoplay=yes data-slider-speed=5000 data-slider-speed-animation=600 data-enable-navigation=yes data-enable-pagination=yes data-max-num-pages=0 data-next-page=2>\n\t\t\n\t<div class=\"edgt-pl-inner  clearfix\">\n\t\t\n<article class=\"edgt-pl-item  post-14304 portfolio-item type-portfolio-item status-publish has-post-thumbnail hentry portfolio-category-bergers-fromagers\">\n\t<div class=\"edgt-pl-item-inner\" >\n\t\t<div class=\"edgt-pli-image\">\n\t\t\t<img width=\"2560\" height=\"1920\" src=\"https:\/\/rene-gaston-lagorre.fr\/wp-content\/uploads\/2023\/07\/8.Bergers-fromagers.Gouache.31x24cm-scaled.jpg\" class=\"attachment-full size-full wp-post-image\" alt=\"Bergers-fromagers.\" decoding=\"async\" loading=\"lazy\" srcset=\"https:\/\/rene-gaston-lagorre.fr\/wp-content\/uploads\/2023\/07\/8.Bergers-fromagers.Gouache.31x24cm-scaled.jpg 2560w, https:\/\/rene-gaston-lagorre.fr\/wp-content\/uploads\/2023\/07\/8.Bergers-fromagers.Gouache.31x24cm-scaled-600x450.jpg 600w, https:\/\/rene-gaston-lagorre.fr\/wp-content\/uploads\/2023\/07\/8.Bergers-fromagers.Gouache.31x24cm-300x225.jpg 300w, https:\/\/rene-gaston-lagorre.fr\/wp-content\/uploads\/2023\/07\/8.Bergers-fromagers.Gouache.31x24cm-1024x768.jpg 1024w, https:\/\/rene-gaston-lagorre.fr\/wp-content\/uploads\/2023\/07\/8.Bergers-fromagers.Gouache.31x24cm-768x576.jpg 768w, https:\/\/rene-gaston-lagorre.fr\/wp-content\/uploads\/2023\/07\/8.Bergers-fromagers.Gouache.31x24cm-1536x1152.jpg 1536w\" sizes=\"(max-width: 2560px) 100vw, 2560px\" \/>\t\t<\/div>\n<div class=\"edgt-pli-text-holder\">\n\t<div class=\"edgt-pli-text-wrapper\">\n\t\t<div class=\"edgt-pli-text\">\n\t\t\t\t<h4 itemprop=\"name\" class=\"edgt-pli-title entry-title\" style=\"text-transform: uppercase\">\n\t\tLes bergers-fromagers\t<\/h4>\n\n\t\t\t\t\t<div class=\"edgt-pli-category-holder\">\n\t\t\t\t\t\t\t<a itemprop=\"url\" class=\"edgt-pli-category\" href=\"https:\/\/rene-gaston-lagorre.fr\/index.php\/portfolio-category\/bergers-fromagers\/\">\"bergers-fromagers\"<\/a>\n\t\t\t\t\t<\/div>\n\t\n\t\t\t    <div class=\"edgt-gli-number-of-images-holder\" >\n        <span>27 pics.<\/span>\n    <\/div>\n\n\n\t\t\t\t\t<\/div>\n\t<\/div>\n<\/div>\t\t\n\t\t<a itemprop=\"url\" class=\"edgt-pli-link edgt-block-drag-link\" href=\"https:\/\/rene-gaston-lagorre.fr\/index.php\/portfolio-item\/bergers-fromagers\/\" target=\"_self\"><\/a>\n\t<\/div>\n<\/article>\t<\/div>\n\t\n\t<\/div>[vc_empty_space][\/vc_column][\/vc_row]<\/p>","protected":false},"excerpt":{"rendered":"<p>[vc_row][vc_column][vc_column_text]&#8221;Les bergers , c&#8217;est mon amour du pays. Cela repr\u00e9sente les balades que j&#8217;ai effectu\u00e9es durant ma jeunesse dans les montagnes. Vous verrez, les souvenirs d&#8217;enfants sont ceux qui marquent le plus.&#8221; &nbsp; Ren\u00e9 Gaston-Lagorre in &#8220;Ren\u00e9 Gaston-Lagorre : une vie d\u00e9di\u00e9e \u00e0 la peinture&#8221;, Le [&hellip;]<\/p>\n","protected":false},"author":2,"featured_media":0,"parent":0,"menu_order":0,"comment_status":"closed","ping_status":"closed","template":"","meta":[],"_links":{"self":[{"href":"https:\/\/rene-gaston-lagorre.fr\/index.php\/wp-json\/wp\/v2\/pages\/14230"}],"collection":[{"href":"https:\/\/rene-gaston-lagorre.fr\/index.php\/wp-json\/wp\/v2\/pages"}],"about":[{"href":"https:\/\/rene-gaston-lagorre.fr\/index.php\/wp-json\/wp\/v2\/types\/page"}],"author":[{"embeddable":true,"href":"https:\/\/rene-gaston-lagorre.fr\/index.php\/wp-json\/wp\/v2\/users\/2"}],"replies":[{"embeddable":true,"href":"https:\/\/rene-gaston-lagorre.fr\/index.php\/wp-json\/wp\/v2\/comments?post=14230"}],"version-history":[{"count":6,"href":"https:\/\/rene-gaston-lagorre.fr\/index.php\/wp-json\/wp\/v2\/pages\/14230\/revisions"}],"predecessor-version":[{"id":14554,"href":"https:\/\/rene-gaston-lagorre.fr\/index.php\/wp-json\/wp\/v2\/pages\/14230\/revisions\/14554"}],"wp:attachment":[{"href":"https:\/\/rene-gaston-lagorre.fr\/index.php\/wp-json\/wp\/v2\/media?parent=14230"}],"curies":[{"name":"wp","href":"https:\/\/api.w.org\/{rel}","templated":true}]}}