{"id":14310,"date":"2023-08-13T16:01:07","date_gmt":"2023-08-13T14:01:07","guid":{"rendered":"https:\/\/rene-gaston-lagorre.fr\/?page_id=14310"},"modified":"2023-09-06T18:07:49","modified_gmt":"2023-09-06T16:07:49","slug":"les-themes","status":"publish","type":"page","link":"https:\/\/rene-gaston-lagorre.fr\/index.php\/les-themes\/","title":{"rendered":"Les th\u00e8mes"},"content":{"rendered":"<p>[vc_row row_type=&#8221;parallax&#8221; parallax_background_image=&#8221;13943&#8243;][vc_column]<div class=\"edgt-elements-holder   edgt-one-column  edgt-responsive-mode-768 edgt-one-column-alignment-center\" ><div class=\"edgt-eh-item   edgt-horizontal-alignment-center \"  data-item-class=\"edgt-eh-custom-8128\">\n\t<div class=\"edgt-eh-item-inner\">\n\t\t<div class=\"edgt-eh-item-content edgt-eh-custom-8128\" style=\"padding: 11% 0%\">\n\t\t\t[vc_column_text]<\/p>\n<h6><span style=\"color: #ffffff;\">Ren\u00e9 Gaston-Lagorre<br \/>\n<\/span><\/h6>\n<p>[\/vc_column_text][vc_empty_space height=&#8221;8px&#8221;][vc_column_text]<\/p>\n<h1><span style=\"color: #ffffff;\">Les th\u00e8mes<br \/>\n<\/span><\/h1>\n<p>[\/vc_column_text]\t\t<\/div>\n\t<\/div>\n<\/div><\/div>[\/vc_column][\/vc_row][vc_row row_content_width=&#8221;grid&#8221; css=&#8221;.vc_custom_1493283573780{padding-top: 100px !important;padding-bottom: 100px !important;}&#8221;][vc_column]<div class=\"edgt-process-holder process-text-right \">\n    <div class=\"edgt-process-inner\">\n                    <div class=\"edgt-process-image\">\n                <img width=\"300\" height=\"400\" src=\"https:\/\/rene-gaston-lagorre.fr\/wp-content\/uploads\/2023\/06\/97.Visage-de-Christ.Gouache-sur-papier.signe_.sd_.jpg\" class=\"attachment-full size-full\" alt=\"Visage de Christ\" decoding=\"async\" loading=\"lazy\" srcset=\"https:\/\/rene-gaston-lagorre.fr\/wp-content\/uploads\/2023\/06\/97.Visage-de-Christ.Gouache-sur-papier.signe_.sd_.jpg 300w, https:\/\/rene-gaston-lagorre.fr\/wp-content\/uploads\/2023\/06\/97.Visage-de-Christ.Gouache-sur-papier.signe_.sd_-225x300.jpg 225w\" sizes=\"(max-width: 300px) 100vw, 300px\" \/>            <\/div>\n        \n                <div class=\"edgt-process-text-holder\">\n            \n                        <h2 class=\"edgt-process-title\">\n                Peintures religieuses             <\/h2>\n                                <p class=\"process-text\">En 1933, Ren\u00e9 Gaston-Lagorre participe au concours organis\u00e9 par l&#039;\u00e9cole Des Beaux-Arts de Toulouse. Tous les \u00e9l\u00e8ves doivent y interpr\u00e9ter picturalement le sujet biblique ainsi libell\u00e9 : Ca\u00efn dit au Seigneur : ``Je serai fugitif et vagabond sur la terre`` (La Bible, Gen., L.IV, vers.14). Ren\u00e9 Gaston-Lagorre obtient le 1er prix ce qui lui permettra d&#039;int\u00e9grer l&#039;\u00c9cole nationale des Beaux-Arts de Paris. Le peintre va puiser son inspiration dans le fait religieux et r\u00e9aliser de tr\u00e8s nombreuses peintures et fresques ayant pour th\u00e8me la mythologie chr\u00e9tienne.Le jeune artiste, passionn\u00e9 d&#039;hagiographie va y r\u00e9v\u00e9ler son talent.<\/p>\n                <\/div>\n                    <div class=\"edgt-process-number\">01<\/div>\n        <\/div>\n<\/div><a itemprop=\"url\" href=\"https:\/\/rene-gaston-lagorre.fr\/index.php\/les-themes\/#\" target=\"_self\"  class=\"edgt-btn edgt-btn-medium edgt-btn-solid dark\"  >\n    <span class=\"edgt-btn-text\">LIRE PLUS<\/span>\n\n    \n    <\/a>[\/vc_column][\/vc_row][vc_row][vc_column]<div class=\"edgt-separator-holder clearfix  edgt-separator-center edgt-separator-full-width\">\n\t<div class=\"edgt-separator\" style=\"border-color: #e9e9e9;border-style: solid;border-bottom-width: 1px;margin-top: 5px;margin-bottom: 5px\"><\/div>\n<\/div>\n[\/vc_column][\/vc_row][vc_row row_content_width=&#8221;grid&#8221; css=&#8221;.vc_custom_1493283590395{padding-top: 100px !important;padding-bottom: 100px !important;}&#8221;][vc_column]<div class=\"edgt-process-holder process-text-left \">\n    <div class=\"edgt-process-inner\">\n                <div class=\"edgt-process-text-holder\">\n            \n                        <h2 class=\"edgt-process-title\">\n            PEINTURES LAIQUES ET R\u00c9PUBLICAINES        <\/h2>\n                        <p class=\"process-text\">Dans ces peintures, Ren\u00e9 Gaston-Lagorre donne \u00e0 voir une certaine id\u00e9e de la France. Les principes fondamentaux de la R\u00e9publique sont affirm\u00e9s et c\u00e9l\u00e9br\u00e9s. Plac\u00e9es dans des \u00e9difices publics, symboles de l&#039;\u00c9tat, ces toiles augurent moins d&#039;un souci ornemental que d&#039;un souci moral, \u00e9ducatif voire m\u00e9moriel.<\/p>\n            <\/div>\n                <div class=\"edgt-process-image\">\n            <img width=\"2160\" height=\"1620\" src=\"https:\/\/rene-gaston-lagorre.fr\/wp-content\/uploads\/2023\/07\/26.Cybele.HST_.detail.mairie-Boussens1955.jpg\" class=\"attachment-full size-full\" alt=\"Cyb\u00e8le\" decoding=\"async\" loading=\"lazy\" srcset=\"https:\/\/rene-gaston-lagorre.fr\/wp-content\/uploads\/2023\/07\/26.Cybele.HST_.detail.mairie-Boussens1955.jpg 2160w, https:\/\/rene-gaston-lagorre.fr\/wp-content\/uploads\/2023\/07\/26.Cybele.HST_.detail.mairie-Boussens1955-600x450.jpg 600w, https:\/\/rene-gaston-lagorre.fr\/wp-content\/uploads\/2023\/07\/26.Cybele.HST_.detail.mairie-Boussens1955-300x225.jpg 300w, https:\/\/rene-gaston-lagorre.fr\/wp-content\/uploads\/2023\/07\/26.Cybele.HST_.detail.mairie-Boussens1955-1024x768.jpg 1024w, https:\/\/rene-gaston-lagorre.fr\/wp-content\/uploads\/2023\/07\/26.Cybele.HST_.detail.mairie-Boussens1955-768x576.jpg 768w, https:\/\/rene-gaston-lagorre.fr\/wp-content\/uploads\/2023\/07\/26.Cybele.HST_.detail.mairie-Boussens1955-1536x1152.jpg 1536w, https:\/\/rene-gaston-lagorre.fr\/wp-content\/uploads\/2023\/07\/26.Cybele.HST_.detail.mairie-Boussens1955-1320x990.jpg 1320w\" sizes=\"(max-width: 2160px) 100vw, 2160px\" \/>        <\/div>\n                <div class=\"edgt-process-number\">02<\/div>\n    <\/div>\n<\/div>[\/vc_column][\/vc_row][vc_row][vc_column]<div class=\"edgt-separator-holder clearfix  edgt-separator-center edgt-separator-full-width\">\n\t<div class=\"edgt-separator\" style=\"border-color: #e9e9e9;border-style: solid;border-bottom-width: 1px;margin-top: 5px;margin-bottom: 5px\"><\/div>\n<\/div>\n[\/vc_column][\/vc_row][vc_row row_content_width=&#8221;grid&#8221; css=&#8221;.vc_custom_1493283608340{padding-top: 100px !important;padding-bottom: 100px !important;}&#8221;][vc_column]<div class=\"edgt-process-holder process-text-right \">\n    <div class=\"edgt-process-inner\">\n                    <div class=\"edgt-process-image\">\n                <img width=\"2368\" height=\"1712\" src=\"https:\/\/rene-gaston-lagorre.fr\/wp-content\/uploads\/2023\/07\/52c.Areau1c.Chevaux-a-Areau.HST_.-47x35cm.jpg\" class=\"attachment-full size-full\" alt=\"Chevaux \u00e0 Areau\" decoding=\"async\" loading=\"lazy\" srcset=\"https:\/\/rene-gaston-lagorre.fr\/wp-content\/uploads\/2023\/07\/52c.Areau1c.Chevaux-a-Areau.HST_.-47x35cm.jpg 2368w, https:\/\/rene-gaston-lagorre.fr\/wp-content\/uploads\/2023\/07\/52c.Areau1c.Chevaux-a-Areau.HST_.-47x35cm-600x434.jpg 600w, https:\/\/rene-gaston-lagorre.fr\/wp-content\/uploads\/2023\/07\/52c.Areau1c.Chevaux-a-Areau.HST_.-47x35cm-300x217.jpg 300w, https:\/\/rene-gaston-lagorre.fr\/wp-content\/uploads\/2023\/07\/52c.Areau1c.Chevaux-a-Areau.HST_.-47x35cm-1024x740.jpg 1024w, https:\/\/rene-gaston-lagorre.fr\/wp-content\/uploads\/2023\/07\/52c.Areau1c.Chevaux-a-Areau.HST_.-47x35cm-768x555.jpg 768w, https:\/\/rene-gaston-lagorre.fr\/wp-content\/uploads\/2023\/07\/52c.Areau1c.Chevaux-a-Areau.HST_.-47x35cm-1536x1110.jpg 1536w\" sizes=\"(max-width: 2368px) 100vw, 2368px\" \/>            <\/div>\n        \n                <div class=\"edgt-process-text-holder\">\n            \n                        <h2 class=\"edgt-process-title\">\n                LES PAYSAGES DE LAGORRE             <\/h2>\n                                <p class=\"process-text\">Le peintre nous offre de nombreux tableaux paysagers. Paysages de montagne, d&#039;un c\u00f4t\u00e9 comme de l&#039;autre des Pyr\u00e9n\u00e9es, paysages o\u00f9 se lisent la rudesse du climat et la duret\u00e9 de la vie qu&#039;on y m\u00e8ne. Paysages lumineux du bassin m\u00e9diterran\u00e9en, des paysages qui l&#039;ont enchant\u00e9 quand il a s\u00e9journ\u00e9 en Espagne, en Italie ou au Maghreb. Puis, comme en contrepoint, ces autres paysages, ceux de la Normandie o\u00f9 les ciels s&#039;ourlent le plus souvent de lourds nuages gris ...<\/p>\n                <\/div>\n                    <div class=\"edgt-process-number\">03<\/div>\n        <\/div>\n<\/div><a itemprop=\"url\" href=\"https:\/\/rene-gaston-lagorre.fr\/index.php\/les-paysages-de-lagorre\/\" target=\"_self\"  class=\"edgt-btn edgt-btn-medium edgt-btn-solid dark\"  >\n    <span class=\"edgt-btn-text\">LIRE PLUS<\/span>\n\n    \n    <\/a>[\/vc_column][\/vc_row][vc_row][vc_column]<div class=\"edgt-separator-holder clearfix  edgt-separator-center edgt-separator-full-width\">\n\t<div class=\"edgt-separator\" style=\"border-color: #e9e9e9;border-style: solid;border-bottom-width: 1px;margin-top: 5px;margin-bottom: 5px\"><\/div>\n<\/div>\n[\/vc_column][\/vc_row][vc_row row_content_width=&#8221;grid&#8221; css=&#8221;.vc_custom_1493283590395{padding-top: 100px !important;padding-bottom: 100px !important;}&#8221;][vc_column]<div class=\"edgt-process-holder process-text-left \">\n    <div class=\"edgt-process-inner\">\n                <div class=\"edgt-process-text-holder\">\n            \n                        <h2 class=\"edgt-process-title\">\n            LE PASTORALISME        <\/h2>\n                        <p class=\"process-text\">La vie des bergers dans les cabanes d&#039;estives et leurs activit\u00e9s, -garde des troupeaux et fabrication fromag\u00e8re -, leurs rencontres avec les chasseurs d&#039;isards sont dans la peinture figurative de Lagorre des th\u00e8mes de pr\u00e9dilection. La repr\u00e9sentation picturale du pastoralisme que nous propose Lagorre nous semble issue de deux h\u00e9ritages culturels diff\u00e9rents, l\u2019un profond\u00e9ment religieux, l\u2019autre plus sp\u00e9cifiquement artistique qui doit \u00eatre mis en lien avec l\u2019histoire de l\u2019art.<\/p>\n            <\/div>\n                <div class=\"edgt-process-image\">\n            <img width=\"1136\" height=\"796\" src=\"https:\/\/rene-gaston-lagorre.fr\/wp-content\/uploads\/2023\/07\/19.Bergers-fromagersColl.-Tequi-D.jpg\" class=\"attachment-full size-full\" alt=\"Bergers fromagers\" decoding=\"async\" loading=\"lazy\" srcset=\"https:\/\/rene-gaston-lagorre.fr\/wp-content\/uploads\/2023\/07\/19.Bergers-fromagersColl.-Tequi-D.jpg 1136w, https:\/\/rene-gaston-lagorre.fr\/wp-content\/uploads\/2023\/07\/19.Bergers-fromagersColl.-Tequi-D-600x420.jpg 600w, https:\/\/rene-gaston-lagorre.fr\/wp-content\/uploads\/2023\/07\/19.Bergers-fromagersColl.-Tequi-D-300x210.jpg 300w, https:\/\/rene-gaston-lagorre.fr\/wp-content\/uploads\/2023\/07\/19.Bergers-fromagersColl.-Tequi-D-1024x718.jpg 1024w, https:\/\/rene-gaston-lagorre.fr\/wp-content\/uploads\/2023\/07\/19.Bergers-fromagersColl.-Tequi-D-768x538.jpg 768w\" sizes=\"(max-width: 1136px) 100vw, 1136px\" \/>        <\/div>\n                <div class=\"edgt-process-number\">04<\/div>\n    <\/div>\n<\/div>[\/vc_column][\/vc_row][vc_row][vc_column]<div class=\"edgt-separator-holder clearfix  edgt-separator-center edgt-separator-full-width\">\n\t<div class=\"edgt-separator\" style=\"border-color: #e9e9e9;border-style: solid;border-bottom-width: 1px;margin-top: 5px;margin-bottom: 5px\"><\/div>\n<\/div>\n[\/vc_column][\/vc_row][vc_row row_content_width=&#8221;grid&#8221; css=&#8221;.vc_custom_1493283608340{padding-top: 100px !important;padding-bottom: 100px !important;}&#8221;][vc_column]<div class=\"edgt-process-holder process-text-right \">\n    <div class=\"edgt-process-inner\">\n                    <div class=\"edgt-process-image\">\n                <img width=\"1161\" height=\"906\" src=\"https:\/\/rene-gaston-lagorre.fr\/wp-content\/uploads\/2023\/07\/monterurs-dours2-gouache-47x375cm-a-faire-1.jpg\" class=\"attachment-full size-full\" alt=\"Les Montreurs d&#039;ours\" decoding=\"async\" loading=\"lazy\" srcset=\"https:\/\/rene-gaston-lagorre.fr\/wp-content\/uploads\/2023\/07\/monterurs-dours2-gouache-47x375cm-a-faire-1.jpg 1161w, https:\/\/rene-gaston-lagorre.fr\/wp-content\/uploads\/2023\/07\/monterurs-dours2-gouache-47x375cm-a-faire-1-600x468.jpg 600w, https:\/\/rene-gaston-lagorre.fr\/wp-content\/uploads\/2023\/07\/monterurs-dours2-gouache-47x375cm-a-faire-1-300x234.jpg 300w, https:\/\/rene-gaston-lagorre.fr\/wp-content\/uploads\/2023\/07\/monterurs-dours2-gouache-47x375cm-a-faire-1-1024x799.jpg 1024w, https:\/\/rene-gaston-lagorre.fr\/wp-content\/uploads\/2023\/07\/monterurs-dours2-gouache-47x375cm-a-faire-1-768x599.jpg 768w\" sizes=\"(max-width: 1161px) 100vw, 1161px\" \/>            <\/div>\n        \n                <div class=\"edgt-process-text-holder\">\n            \n                        <h2 class=\"edgt-process-title\">\n                LES MONTREURS D&#039;OURS             <\/h2>\n                                <p class=\"process-text\">C\u2019est l\u00e0, dans les Pyr\u00e9n\u00e9es que tout que tout a commenc\u00e9, en Espagne d&#039;abord avec les boh\u00e9miens et en Ari\u00e8ge ensuite ... La mis\u00e8re qui r\u00e8gne sur les versants pyr\u00e9n\u00e9ens au XIXe si\u00e8cle va pousser des paysans \u00e0 capturer des oursons puis \u00e0 les dresser et les \u00e9lever pour aller de village en village servir d&#039;attraction en \u00e9change de quelques pi\u00e8ces. Dans les vall\u00e9es d&#039;Erc\u00e9 et d&#039;Ustou, en Ari\u00e8ge, certains de ces oussail\u00e8s, accompagn\u00e9s de leur ours musel\u00e9 et guid\u00e9 par un anneau fich\u00e9 dans les naseaux, partiront jusqu&#039;en Am\u00e9rique... depuis, comme on le sait, l\u2019actualit\u00e9 de l\u2019ours est toujours tr\u00e8s vive dans ce d\u00e9partement !<\/p>\n                <\/div>\n                    <div class=\"edgt-process-number\">05<\/div>\n        <\/div>\n<\/div><a itemprop=\"url\" href=\"https:\/\/rene-gaston-lagorre.fr\/index.php\/les-montreurs-dours\/\" target=\"_self\"  class=\"edgt-btn edgt-btn-medium edgt-btn-solid dark\"  >\n    <span class=\"edgt-btn-text\">LIRE PLUS<\/span>\n\n    \n    <\/a>[\/vc_column][\/vc_row][vc_row][vc_column]<div class=\"edgt-separator-holder clearfix  edgt-separator-center edgt-separator-full-width\">\n\t<div class=\"edgt-separator\" style=\"border-color: #e9e9e9;border-style: solid;border-bottom-width: 1px;margin-top: 5px;margin-bottom: 5px\"><\/div>\n<\/div>\n[\/vc_column][\/vc_row][vc_row row_content_width=&#8221;grid&#8221; css=&#8221;.vc_custom_1493283590395{padding-top: 100px !important;padding-bottom: 100px !important;}&#8221;][vc_column]<div class=\"edgt-process-holder process-text-left \">\n    <div class=\"edgt-process-inner\">\n                <div class=\"edgt-process-text-holder\">\n            \n                        <h2 class=\"edgt-process-title\">\n            MONTS\u00c9GUR        <\/h2>\n                        <p class=\"process-text\">\u00ab Lagorre a toujours \u00e9t\u00e9 profond\u00e9ment touch\u00e9 par le drame cathare et son``Montsegur`` m\u00e9rite une attention particuli\u00e8re. Il est facile de d\u00e9couvrir dans ce tableau toute la puret\u00e9 avec laquelle le peintre du Couserans a voulu d\u00e9crire ce temple qui fut celui du soleil avant d\u2019\u00eatre celui de la perfection. La rudesse des couleurs, la sobri\u00e9t\u00e9 des lignes qui s\u2019en d\u00e9gage, la nuit \u00e9ternelle qui baigne les longues murailles sont comme autant de cris pouss\u00e9s tr\u00e8s fort pour d\u00e9noncer la souffrance des Parfaits.\u00bb J-L. Causse in La Vie du Couserans, n\u00b0 11, juin-juillet 1968 . Exposition R. Lagorre. Seix<\/p>\n            <\/div>\n                <div class=\"edgt-process-image\">\n            <img width=\"2148\" height=\"2560\" src=\"https:\/\/rene-gaston-lagorre.fr\/wp-content\/uploads\/2023\/07\/26.Montsegur.Hst_.55x46cm-scaled.jpg\" class=\"attachment-full size-full\" alt=\"Monts\u00e9gur\" decoding=\"async\" loading=\"lazy\" srcset=\"https:\/\/rene-gaston-lagorre.fr\/wp-content\/uploads\/2023\/07\/26.Montsegur.Hst_.55x46cm-scaled.jpg 2148w, https:\/\/rene-gaston-lagorre.fr\/wp-content\/uploads\/2023\/07\/26.Montsegur.Hst_.55x46cm-scaled-600x715.jpg 600w, https:\/\/rene-gaston-lagorre.fr\/wp-content\/uploads\/2023\/07\/26.Montsegur.Hst_.55x46cm-252x300.jpg 252w, https:\/\/rene-gaston-lagorre.fr\/wp-content\/uploads\/2023\/07\/26.Montsegur.Hst_.55x46cm-859x1024.jpg 859w, https:\/\/rene-gaston-lagorre.fr\/wp-content\/uploads\/2023\/07\/26.Montsegur.Hst_.55x46cm-768x915.jpg 768w, https:\/\/rene-gaston-lagorre.fr\/wp-content\/uploads\/2023\/07\/26.Montsegur.Hst_.55x46cm-1289x1536.jpg 1289w, https:\/\/rene-gaston-lagorre.fr\/wp-content\/uploads\/2023\/07\/26.Montsegur.Hst_.55x46cm-1718x2048.jpg 1718w\" sizes=\"(max-width: 2148px) 100vw, 2148px\" \/>        <\/div>\n                <div class=\"edgt-process-number\">06<\/div>\n    <\/div>\n<\/div><a itemprop=\"url\" href=\"https:\/\/rene-gaston-lagorre.fr\/index.php\/montsegur\/\" target=\"_self\"  class=\"edgt-btn edgt-btn-medium edgt-btn-solid dark\"  >\n    <span class=\"edgt-btn-text\">LIRE PLUS<\/span>\n\n    \n    <\/a>[\/vc_column][\/vc_row][vc_row][vc_column]<div class=\"edgt-separator-holder clearfix  edgt-separator-center edgt-separator-full-width\">\n\t<div class=\"edgt-separator\" style=\"border-color: #e9e9e9;border-style: solid;border-bottom-width: 1px;margin-top: 5px;margin-bottom: 5px\"><\/div>\n<\/div>\n[\/vc_column][\/vc_row][vc_row row_content_width=&#8221;grid&#8221; css=&#8221;.vc_custom_1493283608340{padding-top: 100px !important;padding-bottom: 100px !important;}&#8221;][vc_column]<div class=\"edgt-process-holder process-text-right \">\n    <div class=\"edgt-process-inner\">\n                    <div class=\"edgt-process-image\">\n                <img width=\"498\" height=\"610\" src=\"https:\/\/rene-gaston-lagorre.fr\/wp-content\/uploads\/2023\/07\/60.Gitans.jpg\" class=\"attachment-full size-full\" alt=\"Famille gitane.\" decoding=\"async\" loading=\"lazy\" srcset=\"https:\/\/rene-gaston-lagorre.fr\/wp-content\/uploads\/2023\/07\/60.Gitans.jpg 498w, https:\/\/rene-gaston-lagorre.fr\/wp-content\/uploads\/2023\/07\/60.Gitans-245x300.jpg 245w\" sizes=\"(max-width: 498px) 100vw, 498px\" \/>            <\/div>\n        \n                <div class=\"edgt-process-text-holder\">\n            \n                        <h2 class=\"edgt-process-title\">\n                L&#039;ESPAGNE AU COEUR, LES FIGURES DE L&#039;ERRANCE             <\/h2>\n                                <p class=\"process-text\">Les nombreux voyages en Espagne effectu\u00e9s par le peintre l&#039;ont profond\u00e9ment \u00e9mu. Sous des ciels incendiaires, \u00e0 coups de larges aplats de jaunes et de mauves, Lagorre repr\u00e9sentera le d\u00e9part des gitans et leur cheminement dans leurs v\u00e9tustes roulottes de bois. Il retiendra aussi de l&#039;Espagne -et de son amour pour Daumier- le h\u00e9ros de Cervant\u00e8s, Don Quichotte, cette autre figure de l&#039;errance qui chemine en compagnie de Sancho. S\u00e9duit par l&#039;Andalousie l&#039;artiste peindra Ronda, berceau de la corrida mais c&#039;est \u00e0 la ville de Tol\u00e8de, qui accueillit El Greco, venu de Cr\u00e8te, qu&#039;il rendra un hommage appuy\u00e9 avec des toiles flamboyantes...<\/p>\n                <\/div>\n                    <div class=\"edgt-process-number\">07<\/div>\n        <\/div>\n<\/div><a itemprop=\"url\" href=\"https:\/\/rene-gaston-lagorre.fr\/index.php\/lespagne-au-coeur-les-figures-de-lerrance-2\/\" target=\"_self\"  class=\"edgt-btn edgt-btn-medium edgt-btn-solid dark\"  >\n    <span class=\"edgt-btn-text\">LIRE PLUS<\/span>\n\n    \n    <\/a>[\/vc_column][\/vc_row]<\/p>\n","protected":false},"excerpt":{"rendered":"<p>[vc_row row_type=&#8221;parallax&#8221; parallax_background_image=&#8221;13943&#8243;][vc_column][\/vc_column][\/vc_row][vc_row row_content_width=&#8221;grid&#8221; css=&#8221;.vc_custom_1493283573780{padding-top: 100px !important;padding-bottom: 100px !important;}&#8221;][vc_column][\/vc_column][\/vc_row][vc_row][vc_column][\/vc_column][\/vc_row][vc_row row_content_width=&#8221;grid&#8221; css=&#8221;.vc_custom_1493283590395{padding-top: 100px !important;padding-bottom: 100px !important;}&#8221;][vc_column][\/vc_column][\/vc_row][vc_row][vc_column][\/vc_column][\/vc_row][vc_row row_content_width=&#8221;grid&#8221; css=&#8221;.vc_custom_1493283608340{padding-top: 100px !important;padding-bottom: 100px !important;}&#8221;][vc_column][\/vc_column][\/vc_row][vc_row][vc_column][\/vc_column][\/vc_row][vc_row row_content_width=&#8221;grid&#8221; css=&#8221;.vc_custom_1493283590395{padding-top: 100px !important;padding-bottom: 100px !important;}&#8221;][vc_column][\/vc_column][\/vc_row][vc_row][vc_column][\/vc_column][\/vc_row][vc_row row_content_width=&#8221;grid&#8221; css=&#8221;.vc_custom_1493283608340{padding-top: 100px !important;padding-bottom: 100px !important;}&#8221;][vc_column][\/vc_column][\/vc_row][vc_row][vc_column][\/vc_column][\/vc_row][vc_row row_content_width=&#8221;grid&#8221; css=&#8221;.vc_custom_1493283590395{padding-top: 100px !important;padding-bottom: 100px !important;}&#8221;][vc_column][\/vc_column][\/vc_row][vc_row][vc_column][\/vc_column][\/vc_row][vc_row row_content_width=&#8221;grid&#8221; css=&#8221;.vc_custom_1493283608340{padding-top: 100px !important;padding-bottom: 100px !important;}&#8221;][vc_column][\/vc_column][\/vc_row]<\/p>\n","protected":false},"author":1,"featured_media":14098,"parent":0,"menu_order":0,"comment_status":"closed","ping_status":"closed","template":"full-width.php","meta":[],"_links":{"self":[{"href":"https:\/\/rene-gaston-lagorre.fr\/index.php\/wp-json\/wp\/v2\/pages\/14310"}],"collection":[{"href":"https:\/\/rene-gaston-lagorre.fr\/index.php\/wp-json\/wp\/v2\/pages"}],"about":[{"href":"https:\/\/rene-gaston-lagorre.fr\/index.php\/wp-json\/wp\/v2\/types\/page"}],"author":[{"embeddable":true,"href":"https:\/\/rene-gaston-lagorre.fr\/index.php\/wp-json\/wp\/v2\/users\/1"}],"replies":[{"embeddable":true,"href":"https:\/\/rene-gaston-lagorre.fr\/index.php\/wp-json\/wp\/v2\/comments?post=14310"}],"version-history":[{"count":27,"href":"https:\/\/rene-gaston-lagorre.fr\/index.php\/wp-json\/wp\/v2\/pages\/14310\/revisions"}],"predecessor-version":[{"id":15219,"href":"https:\/\/rene-gaston-lagorre.fr\/index.php\/wp-json\/wp\/v2\/pages\/14310\/revisions\/15219"}],"wp:featuredmedia":[{"embeddable":true,"href":"https:\/\/rene-gaston-lagorre.fr\/index.php\/wp-json\/wp\/v2\/media\/14098"}],"wp:attachment":[{"href":"https:\/\/rene-gaston-lagorre.fr\/index.php\/wp-json\/wp\/v2\/media?parent=14310"}],"curies":[{"name":"wp","href":"https:\/\/api.w.org\/{rel}","templated":true}]}}