{"id":14327,"date":"2023-08-13T17:23:33","date_gmt":"2023-08-13T15:23:33","guid":{"rendered":"https:\/\/rene-gaston-lagorre.fr\/?page_id=14327"},"modified":"2023-09-06T16:25:33","modified_gmt":"2023-09-06T14:25:33","slug":"le-pastoralisme-2","status":"publish","type":"page","link":"https:\/\/rene-gaston-lagorre.fr\/index.php\/le-pastoralisme-2\/","title":{"rendered":"Le pastoralisme"},"content":{"rendered":"<p>[vc_row row_type=&#8221;parallax&#8221; parallax_background_image=&#8221;678&#8243;][vc_column]<div class=\"edgt-elements-holder   edgt-one-column  edgt-responsive-mode-768 edgt-one-column-alignment-center\" ><div class=\"edgt-eh-item   edgt-horizontal-alignment-center \"  data-item-class=\"edgt-eh-custom-6110\">\n\t<div class=\"edgt-eh-item-inner\">\n\t\t<div class=\"edgt-eh-item-content edgt-eh-custom-6110\" style=\"padding: 11% 0%\">\n\t\t\t[vc_column_text]<\/p>\n<h6><span style=\"color: #ffffff;\">Ren\u00e9 Gaston-Lagorre<br \/>\n<\/span><\/h6>\n<p>[\/vc_column_text][vc_empty_space height=&#8221;8px&#8221;][vc_column_text]<\/p>\n<h1><span style=\"color: #ffffff;\">LE PASTORALISME<br \/>\n<\/span><\/h1>\n<p>[\/vc_column_text]\t\t<\/div>\n\t<\/div>\n<\/div><\/div>[\/vc_column][\/vc_row][vc_row row_content_width=&#8221;grid&#8221; css=&#8221;.vc_custom_1493283590395{padding-top: 100px !important;padding-bottom: 100px !important;}&#8221;][vc_column]<div class=\"edgt-process-holder process-text-left \">\n    <div class=\"edgt-process-inner\">\n                <div class=\"edgt-process-text-holder\">\n            \n                        <h2 class=\"edgt-process-title\">\n            LES BERGERS        <\/h2>\n                        <p class=\"process-text\">Au milieu du XIXe si\u00e8cle le peuple paysan devient un sujet d&#039;art. Lagorre ne craint donc pas de mettre le berger au centre de son \u0153uvre figurative, la traitant, en apparence, avec un r\u00e9alisme cru. La transposition picturale que nous propose le peintre se situe tr\u00e8s loin en effet de la vision idyllique et id\u00e9ale qui pr\u00e9valait dans les pastorales des XVIIe et XVIIIe si\u00e8cles. Ici les portraits de bergers nous montrent des visages dont la rudesse \u00e9clate sut la toile, peau tann\u00e9e, traits creus\u00e9s, sourcils broussailleux...Les mains des bergers, larges et noueuses, t\u00e9moignent aussi de la force et de la rudesse du m\u00e9tier qui est le leur. Lagorre choisit de peindre ces hommes dans leur cadre de vie montagnard et pourtant la fantastique couleur des ciels de montagne, celle des ombres port\u00e9es sur les parois rocheuses aux teintes violac\u00e9es, le choix de clairs-obscurs, le soir, dans la cabane tend \u00e0 nous faire r\u00eaver ...<\/p>\n            <\/div>\n                <div class=\"edgt-process-image\">\n            <img width=\"2228\" height=\"1500\" src=\"https:\/\/rene-gaston-lagorre.fr\/wp-content\/uploads\/2023\/07\/56.-Les-bergers-et-les-chasseurs.-Hst.-50x73cm.jpg\" class=\"attachment-full size-full\" alt=\"Les bergers et les chasseurs.\" decoding=\"async\" loading=\"lazy\" srcset=\"https:\/\/rene-gaston-lagorre.fr\/wp-content\/uploads\/2023\/07\/56.-Les-bergers-et-les-chasseurs.-Hst.-50x73cm.jpg 2228w, https:\/\/rene-gaston-lagorre.fr\/wp-content\/uploads\/2023\/07\/56.-Les-bergers-et-les-chasseurs.-Hst.-50x73cm-600x404.jpg 600w, https:\/\/rene-gaston-lagorre.fr\/wp-content\/uploads\/2023\/07\/56.-Les-bergers-et-les-chasseurs.-Hst.-50x73cm-300x202.jpg 300w, https:\/\/rene-gaston-lagorre.fr\/wp-content\/uploads\/2023\/07\/56.-Les-bergers-et-les-chasseurs.-Hst.-50x73cm-1024x689.jpg 1024w, https:\/\/rene-gaston-lagorre.fr\/wp-content\/uploads\/2023\/07\/56.-Les-bergers-et-les-chasseurs.-Hst.-50x73cm-768x517.jpg 768w, https:\/\/rene-gaston-lagorre.fr\/wp-content\/uploads\/2023\/07\/56.-Les-bergers-et-les-chasseurs.-Hst.-50x73cm-1536x1034.jpg 1536w\" sizes=\"(max-width: 2228px) 100vw, 2228px\" \/>        <\/div>\n                <div class=\"edgt-process-number\">01<\/div>\n    <\/div>\n<\/div><a itemprop=\"url\" href=\"https:\/\/rene-gaston-lagorre.fr\/index.php\/le-pastoralisme-les-bergers\/\" target=\"_self\"  class=\"edgt-btn edgt-btn-medium edgt-btn-solid dark\"  >\n    <span class=\"edgt-btn-text\">LIRE PLUS<\/span>\n\n    \n    <\/a>[\/vc_column][\/vc_row][vc_row][vc_column]<div class=\"edgt-separator-holder clearfix  edgt-separator-center edgt-separator-full-width\">\n\t<div class=\"edgt-separator\" style=\"border-color: #e9e9e9;border-style: solid;border-bottom-width: 1px;margin-top: 5px;margin-bottom: 5px\"><\/div>\n<\/div>\n[\/vc_column][\/vc_row][vc_row row_content_width=&#8221;grid&#8221; css=&#8221;.vc_custom_1493283608340{padding-top: 100px !important;padding-bottom: 100px !important;}&#8221;][vc_column]<div class=\"edgt-process-holder process-text-right \">\n    <div class=\"edgt-process-inner\">\n                    <div class=\"edgt-process-image\">\n                <img width=\"604\" height=\"488\" src=\"https:\/\/rene-gaston-lagorre.fr\/wp-content\/uploads\/2023\/07\/15.Bergers-fromagers.-Hst.-25F.jpg\" class=\"attachment-full size-full\" alt=\"Bergers fromagers \u00e0 l&#039;int\u00e9rieur de la cabane.\" decoding=\"async\" loading=\"lazy\" srcset=\"https:\/\/rene-gaston-lagorre.fr\/wp-content\/uploads\/2023\/07\/15.Bergers-fromagers.-Hst.-25F.jpg 604w, https:\/\/rene-gaston-lagorre.fr\/wp-content\/uploads\/2023\/07\/15.Bergers-fromagers.-Hst.-25F-600x485.jpg 600w, https:\/\/rene-gaston-lagorre.fr\/wp-content\/uploads\/2023\/07\/15.Bergers-fromagers.-Hst.-25F-300x242.jpg 300w\" sizes=\"(max-width: 604px) 100vw, 604px\" \/>            <\/div>\n        \n                <div class=\"edgt-process-text-holder\">\n            \n                        <h2 class=\"edgt-process-title\">\n                LES BERGERS-FROMAGERS             <\/h2>\n                                <p class=\"process-text\">Lagorre nous montre avec une pr\u00e9cision quasi documentaire le travail des bergers-fromagers dans leur cabane d\u2019estive La gestuelle, les tr\u00e9pieds n\u00e9cessaires \u00e0 l\u2019assise, les seaux \u00e0 traire ou l\u00e9rous, les barattes, tout est dessin\u00e9 et peint avec minutie sur la toile et pourtant, ces tableaux sont hors r\u00e9alit\u00e9 tant la lumi\u00e8re et les couleurs qui inondent la toile magnifient ces hommes et id\u00e9alisent leur cadre de vie...<\/p>\n                <\/div>\n                    <div class=\"edgt-process-number\">02<\/div>\n        <\/div>\n<\/div><a itemprop=\"url\" href=\"https:\/\/rene-gaston-lagorre.fr\/index.php\/le-pastoralisme-les-bergers-fromagers\/\" target=\"_self\"  class=\"edgt-btn edgt-btn-medium edgt-btn-solid dark\"  >\n    <span class=\"edgt-btn-text\">LIRE PLUS<\/span>\n\n    \n    <\/a>[\/vc_column][\/vc_row][vc_row][vc_column]<div class=\"edgt-separator-holder clearfix  edgt-separator-center edgt-separator-full-width\">\n\t<div class=\"edgt-separator\" style=\"border-color: #e9e9e9;border-style: solid;border-bottom-width: 1px;margin-top: 5px;margin-bottom: 5px\"><\/div>\n<\/div>\n[\/vc_column][\/vc_row][vc_row row_content_width=&#8221;grid&#8221; css=&#8221;.vc_custom_1493283608340{padding-top: 100px !important;padding-bottom: 100px !important;}&#8221;][vc_column]<div class=\"edgt-process-holder process-text-right \">\n    <div class=\"edgt-process-inner\">\n                    <div class=\"edgt-process-image\">\n                <img width=\"945\" height=\"771\" src=\"https:\/\/rene-gaston-lagorre.fr\/wp-content\/uploads\/2023\/07\/Bergers.-Gouache-45x37cm-a-faire.jpg\" class=\"attachment-full size-full\" alt=\"Chasseurs d&#039;isards.\" decoding=\"async\" loading=\"lazy\" srcset=\"https:\/\/rene-gaston-lagorre.fr\/wp-content\/uploads\/2023\/07\/Bergers.-Gouache-45x37cm-a-faire.jpg 945w, https:\/\/rene-gaston-lagorre.fr\/wp-content\/uploads\/2023\/07\/Bergers.-Gouache-45x37cm-a-faire-600x490.jpg 600w, https:\/\/rene-gaston-lagorre.fr\/wp-content\/uploads\/2023\/07\/Bergers.-Gouache-45x37cm-a-faire-300x245.jpg 300w, https:\/\/rene-gaston-lagorre.fr\/wp-content\/uploads\/2023\/07\/Bergers.-Gouache-45x37cm-a-faire-768x627.jpg 768w\" sizes=\"(max-width: 945px) 100vw, 945px\" \/>            <\/div>\n        \n                <div class=\"edgt-process-text-holder\">\n            \n                        <h2 class=\"edgt-process-title\">\n                CHASSE ET CHASSEURS             <\/h2>\n                                <p class=\"process-text\">\u00ab J\u2019ai retrouv\u00e9 l\u2019Ari\u00e8ge, l\u2019\u00e9ternelle Ari\u00e8ge emplie de po\u00e9sie et de richesses, vieille et sauvage, truff\u00e9e de tr\u00e9sors. Je l\u2019ai retrouv\u00e9e avec des souvenirs archa\u00efques remontant aussi loin que la nuit des temps. Je l\u2019ai retrouv\u00e9e gr\u00e2ce \u00e0 Lagorre, peintre sensible, mais aussi enfant fid\u00e8le de ces montagnes, sur les flancs desquelles il se pla\u00eet \u00e0 galoper en savates dans d\u2019impossibles sentiers, \u00e0 la recherche d\u2019un paysage toujours nouveau. Ainsi au terme d\u2019une de ces folles randonn\u00e9es, Lagorre a d\u00e9couvert les chasseurs d\u2019isards. Et aussit\u00f4t les cimes prennent l\u2019allure de spectres, le paysage rougeoie, l\u2019arbre se dess\u00e8che...pour \u00eatre bien dans l\u2019ambiance du massacre qui vient de se d\u00e9rouler.\u00bb&lt;br \/&gt;\nClaude Jaury. Le Patriote, 6 f\u00e9vrier 1952 (\u00e0 propos de l\u2019exposition Lagorre \u00e0 la Galerie Chappe (Toulouse). Comme la p\u00eache \u00e0 la truite, la chasse \u00e0 l\u2019isard a longtemps \u00e9t\u00e9 une activit\u00e9 des plus traditionnelles dans les hautes vall\u00e9es d\u2019Ari\u00e8ge. La splendeur des paysages, la s\u00e9r\u00e9nit\u00e9 des lieux, l\u2019abondance des torrents aux eaux cristallines n\u2019y sont \u00e9videmment pas pour rien ! Toutefois, longtemps la chasse et la p\u00eache r\u00e9pondaient surtout, dans un territoire enclav\u00e9 o\u00f9 r\u00e9gnait la mis\u00e8re, \u00e0 une n\u00e9cessit\u00e9, celle de se nourrir et de ce fait \u00e0 une promesse, celle de faire un bon repas...<\/p>\n                <\/div>\n                    <div class=\"edgt-process-number\">07<\/div>\n        <\/div>\n<\/div><a itemprop=\"url\" href=\"https:\/\/rene-gaston-lagorre.fr\/index.php\/chasse-et-chasseurs\/\" target=\"_self\"  class=\"edgt-btn edgt-btn-medium edgt-btn-solid dark\"  >\n    <span class=\"edgt-btn-text\">LIRE PLUS<\/span>\n\n    \n    <\/a>[\/vc_column][\/vc_row]<\/p>\n","protected":false},"excerpt":{"rendered":"<p>[vc_row row_type=&#8221;parallax&#8221; parallax_background_image=&#8221;678&#8243;][vc_column][\/vc_column][\/vc_row][vc_row row_content_width=&#8221;grid&#8221; css=&#8221;.vc_custom_1493283590395{padding-top: 100px !important;padding-bottom: 100px !important;}&#8221;][vc_column][\/vc_column][\/vc_row][vc_row][vc_column][\/vc_column][\/vc_row][vc_row row_content_width=&#8221;grid&#8221; css=&#8221;.vc_custom_1493283608340{padding-top: 100px !important;padding-bottom: 100px !important;}&#8221;][vc_column][\/vc_column][\/vc_row][vc_row][vc_column][\/vc_column][\/vc_row][vc_row row_content_width=&#8221;grid&#8221; css=&#8221;.vc_custom_1493283608340{padding-top: 100px !important;padding-bottom: 100px !important;}&#8221;][vc_column][\/vc_column][\/vc_row]<\/p>\n","protected":false},"author":1,"featured_media":14098,"parent":0,"menu_order":0,"comment_status":"closed","ping_status":"closed","template":"full-width.php","meta":[],"_links":{"self":[{"href":"https:\/\/rene-gaston-lagorre.fr\/index.php\/wp-json\/wp\/v2\/pages\/14327"}],"collection":[{"href":"https:\/\/rene-gaston-lagorre.fr\/index.php\/wp-json\/wp\/v2\/pages"}],"about":[{"href":"https:\/\/rene-gaston-lagorre.fr\/index.php\/wp-json\/wp\/v2\/types\/page"}],"author":[{"embeddable":true,"href":"https:\/\/rene-gaston-lagorre.fr\/index.php\/wp-json\/wp\/v2\/users\/1"}],"replies":[{"embeddable":true,"href":"https:\/\/rene-gaston-lagorre.fr\/index.php\/wp-json\/wp\/v2\/comments?post=14327"}],"version-history":[{"count":12,"href":"https:\/\/rene-gaston-lagorre.fr\/index.php\/wp-json\/wp\/v2\/pages\/14327\/revisions"}],"predecessor-version":[{"id":15213,"href":"https:\/\/rene-gaston-lagorre.fr\/index.php\/wp-json\/wp\/v2\/pages\/14327\/revisions\/15213"}],"wp:featuredmedia":[{"embeddable":true,"href":"https:\/\/rene-gaston-lagorre.fr\/index.php\/wp-json\/wp\/v2\/media\/14098"}],"wp:attachment":[{"href":"https:\/\/rene-gaston-lagorre.fr\/index.php\/wp-json\/wp\/v2\/media?parent=14327"}],"curies":[{"name":"wp","href":"https:\/\/api.w.org\/{rel}","templated":true}]}}