{"id":14331,"date":"2023-08-13T17:29:20","date_gmt":"2023-08-13T15:29:20","guid":{"rendered":"https:\/\/rene-gaston-lagorre.fr\/?page_id=14331"},"modified":"2023-09-06T16:20:50","modified_gmt":"2023-09-06T14:20:50","slug":"les-paysages-de-lagorre","status":"publish","type":"page","link":"https:\/\/rene-gaston-lagorre.fr\/index.php\/les-paysages-de-lagorre\/","title":{"rendered":"Les paysages de Lagorre"},"content":{"rendered":"<p>[vc_row row_type=&#8221;parallax&#8221; parallax_background_image=&#8221;561&#8243;][vc_column]<div class=\"edgt-elements-holder   edgt-one-column  edgt-responsive-mode-768 edgt-one-column-alignment-center\" ><div class=\"edgt-eh-item   edgt-horizontal-alignment-center \"  data-item-class=\"edgt-eh-custom-3917\">\n\t<div class=\"edgt-eh-item-inner\">\n\t\t<div class=\"edgt-eh-item-content edgt-eh-custom-3917\" style=\"padding: 11% 0%\">\n\t\t\t[vc_column_text]<\/p>\n<h6><span style=\"color: #ffffff;\">Ren\u00e9 Gaston-Lagorre<br \/>\n<\/span><\/h6>\n<p>[\/vc_column_text][vc_empty_space height=&#8221;8px&#8221;][vc_column_text]<\/p>\n<h1><span style=\"color: #ffffff;\">LES PAYSAGES DE LAGORRE<br \/>\n<\/span><\/h1>\n<p>[\/vc_column_text]\t\t<\/div>\n\t<\/div>\n<\/div><\/div>[\/vc_column][\/vc_row][vc_row row_content_width=&#8221;grid&#8221; css=&#8221;.vc_custom_1493283608340{padding-top: 100px !important;padding-bottom: 100px !important;}&#8221;][vc_column]<div class=\"edgt-process-holder process-text-right \">\n    <div class=\"edgt-process-inner\">\n                    <div class=\"edgt-process-image\">\n                <img width=\"1961\" height=\"2560\" src=\"https:\/\/rene-gaston-lagorre.fr\/wp-content\/uploads\/2023\/06\/6.Pont-Audemer-sous-la-pluie.Huile-sur-papier.-30x24cm.1949-scaled.jpg\" class=\"attachment-full size-full\" alt=\"Pont-Audemer\" decoding=\"async\" loading=\"lazy\" srcset=\"https:\/\/rene-gaston-lagorre.fr\/wp-content\/uploads\/2023\/06\/6.Pont-Audemer-sous-la-pluie.Huile-sur-papier.-30x24cm.1949-scaled.jpg 1961w, https:\/\/rene-gaston-lagorre.fr\/wp-content\/uploads\/2023\/06\/6.Pont-Audemer-sous-la-pluie.Huile-sur-papier.-30x24cm.1949-scaled-600x783.jpg 600w, https:\/\/rene-gaston-lagorre.fr\/wp-content\/uploads\/2023\/06\/6.Pont-Audemer-sous-la-pluie.Huile-sur-papier.-30x24cm.1949-230x300.jpg 230w, https:\/\/rene-gaston-lagorre.fr\/wp-content\/uploads\/2023\/06\/6.Pont-Audemer-sous-la-pluie.Huile-sur-papier.-30x24cm.1949-784x1024.jpg 784w, https:\/\/rene-gaston-lagorre.fr\/wp-content\/uploads\/2023\/06\/6.Pont-Audemer-sous-la-pluie.Huile-sur-papier.-30x24cm.1949-768x1003.jpg 768w, https:\/\/rene-gaston-lagorre.fr\/wp-content\/uploads\/2023\/06\/6.Pont-Audemer-sous-la-pluie.Huile-sur-papier.-30x24cm.1949-1176x1536.jpg 1176w, https:\/\/rene-gaston-lagorre.fr\/wp-content\/uploads\/2023\/06\/6.Pont-Audemer-sous-la-pluie.Huile-sur-papier.-30x24cm.1949-1569x2048.jpg 1569w\" sizes=\"(max-width: 1961px) 100vw, 1961px\" \/>            <\/div>\n        \n                <div class=\"edgt-process-text-holder\">\n            \n                        <h2 class=\"edgt-process-title\">\n                LES PAYSAGES DE NORMANDIE             <\/h2>\n                                <p class=\"process-text\">Par opposition aux paysages m\u00e9diterran\u00e9ens gorg\u00e9s de soleil, le peintre, qui prend plaisir \u00e0 voyager, va se rendre plusieurs fois en Normandie o\u00f9 le re\u00e7oivent famille et amis. Il y ex\u00e9cutera quelques paysages normands en en privil\u00e9giant trois : les falaises d\u2019\u00c9tretat, le charmant petit port d\u2019Honfleur et les boucles de la Seine, dans l\u2019Eure, du c\u00f4t\u00e9 des Andelys...<\/p>\n                <\/div>\n                    <div class=\"edgt-process-number\">01<\/div>\n        <\/div>\n<\/div><a itemprop=\"url\" href=\"https:\/\/rene-gaston-lagorre.fr\/index.php\/les-paysages-de-normandie\/\" target=\"_self\"  class=\"edgt-btn edgt-btn-medium edgt-btn-solid dark\"  >\n    <span class=\"edgt-btn-text\">LIRE PLUS<\/span>\n\n    \n    <\/a>[\/vc_column][\/vc_row][vc_row][vc_column]<div class=\"edgt-separator-holder clearfix  edgt-separator-center edgt-separator-full-width\">\n\t<div class=\"edgt-separator\" style=\"border-color: #e9e9e9;border-style: solid;border-bottom-width: 1px;margin-top: 5px;margin-bottom: 5px\"><\/div>\n<\/div>\n[\/vc_column][\/vc_row][vc_row row_content_width=&#8221;grid&#8221; css=&#8221;.vc_custom_1493283590395{padding-top: 100px !important;padding-bottom: 100px !important;}&#8221;][vc_column]<div class=\"edgt-process-holder process-text-left \">\n    <div class=\"edgt-process-inner\">\n                <div class=\"edgt-process-text-holder\">\n            \n                        <h2 class=\"edgt-process-title\">\n            LES PAYSAGES MEDITERRAN\u00c9ENS        <\/h2>\n                        <p class=\"process-text\">\u00ab Quand il aborde la C\u00f4te d\u2019Azur, Lagorre, lib\u00e9r\u00e9, entonne un hymne de lumi\u00e8re et de chaleur, par exemple dans cette v\u00e9g\u00e9tation exotique au-milieu des terres rouges d\u2019Agay. La M\u00e9diterran\u00e9e, ses bords heureux, il a su les rendre de ces tons invraisemblables et vrais, o\u00f9 se m\u00ealent dans une m\u00eame baie, par exemple, nappes d\u2019azur, d\u2019am\u00e9thyste et d\u2019\u00e9meraude... \u00bb A.C., La D\u00e9p\u00eache, 1er f\u00e9vrier 1952. Comme Matisse avant lui, Ren\u00e9 Gaston-Lagorre va prendre le temps d\u2019un long apprentissage pour capturer la lumi\u00e8re et peindre les couleurs des paysages m\u00e9diterran\u00e9ens.<\/p>\n            <\/div>\n                <div class=\"edgt-process-image\">\n            <img width=\"2560\" height=\"1782\" src=\"https:\/\/rene-gaston-lagorre.fr\/wp-content\/uploads\/2023\/07\/27.Mer1_-scaled.jpg\" class=\"attachment-full size-full\" alt=\"\" decoding=\"async\" loading=\"lazy\" srcset=\"https:\/\/rene-gaston-lagorre.fr\/wp-content\/uploads\/2023\/07\/27.Mer1_-scaled.jpg 2560w, https:\/\/rene-gaston-lagorre.fr\/wp-content\/uploads\/2023\/07\/27.Mer1_-scaled-600x418.jpg 600w, https:\/\/rene-gaston-lagorre.fr\/wp-content\/uploads\/2023\/07\/27.Mer1_-300x209.jpg 300w, https:\/\/rene-gaston-lagorre.fr\/wp-content\/uploads\/2023\/07\/27.Mer1_-1024x713.jpg 1024w, https:\/\/rene-gaston-lagorre.fr\/wp-content\/uploads\/2023\/07\/27.Mer1_-768x535.jpg 768w, https:\/\/rene-gaston-lagorre.fr\/wp-content\/uploads\/2023\/07\/27.Mer1_-1536x1069.jpg 1536w, https:\/\/rene-gaston-lagorre.fr\/wp-content\/uploads\/2023\/07\/27.Mer1_-1320x919.jpg 1320w\" sizes=\"(max-width: 2560px) 100vw, 2560px\" \/>        <\/div>\n                <div class=\"edgt-process-number\">02<\/div>\n    <\/div>\n<\/div><a itemprop=\"url\" href=\"https:\/\/rene-gaston-lagorre.fr\/index.php\/les-paysages-mediterraneens\/\" target=\"_self\"  class=\"edgt-btn edgt-btn-medium edgt-btn-solid dark\"  >\n    <span class=\"edgt-btn-text\">LIRE PLUS<\/span>\n\n    \n    <\/a>[\/vc_column][\/vc_row][vc_row][vc_column]<div class=\"edgt-separator-holder clearfix  edgt-separator-center edgt-separator-full-width\">\n\t<div class=\"edgt-separator\" style=\"border-color: #e9e9e9;border-style: solid;border-bottom-width: 1px;margin-top: 5px;margin-bottom: 5px\"><\/div>\n<\/div>\n[\/vc_column][\/vc_row][vc_row row_content_width=&#8221;grid&#8221; css=&#8221;.vc_custom_1493283608340{padding-top: 100px !important;padding-bottom: 100px !important;}&#8221;][vc_column]<div class=\"edgt-process-holder process-text-right \">\n    <div class=\"edgt-process-inner\">\n                    <div class=\"edgt-process-image\">\n                <img width=\"2560\" height=\"2154\" src=\"https:\/\/rene-gaston-lagorre.fr\/wp-content\/uploads\/2023\/07\/1a.Vue-du-port.-Hst.-45_5x-55_5-cmmarine-scaled.jpg\" class=\"attachment-full size-full\" alt=\"Vue-du-port\" decoding=\"async\" loading=\"lazy\" srcset=\"https:\/\/rene-gaston-lagorre.fr\/wp-content\/uploads\/2023\/07\/1a.Vue-du-port.-Hst.-45_5x-55_5-cmmarine-scaled.jpg 2560w, https:\/\/rene-gaston-lagorre.fr\/wp-content\/uploads\/2023\/07\/1a.Vue-du-port.-Hst.-45_5x-55_5-cmmarine-scaled-600x505.jpg 600w, https:\/\/rene-gaston-lagorre.fr\/wp-content\/uploads\/2023\/07\/1a.Vue-du-port.-Hst.-45_5x-55_5-cmmarine-300x252.jpg 300w, https:\/\/rene-gaston-lagorre.fr\/wp-content\/uploads\/2023\/07\/1a.Vue-du-port.-Hst.-45_5x-55_5-cmmarine-1024x862.jpg 1024w, https:\/\/rene-gaston-lagorre.fr\/wp-content\/uploads\/2023\/07\/1a.Vue-du-port.-Hst.-45_5x-55_5-cmmarine-768x646.jpg 768w, https:\/\/rene-gaston-lagorre.fr\/wp-content\/uploads\/2023\/07\/1a.Vue-du-port.-Hst.-45_5x-55_5-cmmarine-1536x1292.jpg 1536w, https:\/\/rene-gaston-lagorre.fr\/wp-content\/uploads\/2023\/07\/1a.Vue-du-port.-Hst.-45_5x-55_5-cmmarine-1320x1111.jpg 1320w\" sizes=\"(max-width: 2560px) 100vw, 2560px\" \/>            <\/div>\n        \n                <div class=\"edgt-process-text-holder\">\n            \n                        <h2 class=\"edgt-process-title\">\n                LES MARINES             <\/h2>\n                                <p class=\"process-text\">Comme de nombreux peintres et peut \u00eatre un peu plus que certains, le peintre est fascin\u00e9 par la mer, par les jeux de lumi\u00e8re qui s\u2019y refl\u00e8tent et par ses mille et un miroitements . Qu\u2019il s\u2019agisse des eaux de la Manche couleur de jade ou de celles plus bleues et plus translucides de la Mediterran\u00e9e. Lagorre va peindre de nombreuses marines dans de petits ports de p\u00eache comme Honfleur en Normandie, Cannes ou Pe\u00f1iscola en Espagne\u2026<\/p>\n                <\/div>\n                    <div class=\"edgt-process-number\">03<\/div>\n        <\/div>\n<\/div><a itemprop=\"url\" href=\"https:\/\/rene-gaston-lagorre.fr\/index.php\/les-marines-de-lagorre\/\" target=\"_self\"  class=\"edgt-btn edgt-btn-medium edgt-btn-solid dark\"  >\n    <span class=\"edgt-btn-text\">LIRE PLUS<\/span>\n\n    \n    <\/a>[\/vc_column][\/vc_row][vc_row][vc_column]<div class=\"edgt-separator-holder clearfix  edgt-separator-center edgt-separator-full-width\">\n\t<div class=\"edgt-separator\" style=\"border-color: #e9e9e9;border-style: solid;border-bottom-width: 1px;margin-top: 5px;margin-bottom: 5px\"><\/div>\n<\/div>\n[\/vc_column][\/vc_row][vc_row row_content_width=&#8221;grid&#8221; css=&#8221;.vc_custom_1493283608340{padding-top: 100px !important;padding-bottom: 100px !important;}&#8221;][vc_column]<div class=\"edgt-process-holder process-text-right \">\n    <div class=\"edgt-process-inner\">\n                    <div class=\"edgt-process-image\">\n                <img width=\"1897\" height=\"1444\" src=\"https:\/\/rene-gaston-lagorre.fr\/wp-content\/uploads\/2023\/06\/18.MeknesMaroc.Gouache.1950.-23x31cm.jpg\" class=\"attachment-full size-full\" alt=\"Mekn\u00e8s (Maroc)\" decoding=\"async\" loading=\"lazy\" srcset=\"https:\/\/rene-gaston-lagorre.fr\/wp-content\/uploads\/2023\/06\/18.MeknesMaroc.Gouache.1950.-23x31cm.jpg 1897w, https:\/\/rene-gaston-lagorre.fr\/wp-content\/uploads\/2023\/06\/18.MeknesMaroc.Gouache.1950.-23x31cm-600x457.jpg 600w, https:\/\/rene-gaston-lagorre.fr\/wp-content\/uploads\/2023\/06\/18.MeknesMaroc.Gouache.1950.-23x31cm-300x228.jpg 300w, https:\/\/rene-gaston-lagorre.fr\/wp-content\/uploads\/2023\/06\/18.MeknesMaroc.Gouache.1950.-23x31cm-1024x779.jpg 1024w, https:\/\/rene-gaston-lagorre.fr\/wp-content\/uploads\/2023\/06\/18.MeknesMaroc.Gouache.1950.-23x31cm-768x585.jpg 768w, https:\/\/rene-gaston-lagorre.fr\/wp-content\/uploads\/2023\/06\/18.MeknesMaroc.Gouache.1950.-23x31cm-1536x1169.jpg 1536w\" sizes=\"(max-width: 1897px) 100vw, 1897px\" \/>            <\/div>\n        \n                <div class=\"edgt-process-text-holder\">\n            \n                        <h2 class=\"edgt-process-title\">\n                LES PAYSAGES DU MAGHREB             <\/h2>\n                                <p class=\"process-text\">Mobilis\u00e9 en 1939-1940, suite au d\u00e9clenchement de la Seconde Guerre mondiale, le peintre interrompt les travaux en cours \u00e0 Saint-Laurent sur Save. Il part au Maroc puis en Tunisie.Les paysages lumineux qu\u2019il y d\u00e9couvre l\u2019\u00e9merveillent : \u00ab Je b\u00e9nis la Providence qui m\u2019a permis de venir au Maroc, ce pays qui a inspir\u00e9 de si belles choses au c\u00e9l\u00e8bre peintre Delacroix. Je ne me lasse pas d\u2019admirer les paysages et des spectacles bien nouveaux pour moi, et qui me chatouillent agr\u00e9ablement et ravissent mon \u00e2me d\u2019artiste. Mais sans ma palette, j\u2019avoue que je suis quelquefois malheureux.\u00bb<\/p>\n                <\/div>\n                    <div class=\"edgt-process-number\">04<\/div>\n        <\/div>\n<\/div><a itemprop=\"url\" href=\"https:\/\/rene-gaston-lagorre.fr\/index.php\/les-paysages-du-maghreb\/\" target=\"_self\"  class=\"edgt-btn edgt-btn-medium edgt-btn-solid dark\"  >\n    <span class=\"edgt-btn-text\">LIRE PLUS<\/span>\n\n    \n    <\/a>[\/vc_column][\/vc_row][vc_row][vc_column]<div class=\"edgt-separator-holder clearfix  edgt-separator-center edgt-separator-full-width\">\n\t<div class=\"edgt-separator\" style=\"border-color: #e9e9e9;border-style: solid;border-bottom-width: 1px;margin-top: 5px;margin-bottom: 5px\"><\/div>\n<\/div>\n[\/vc_column][\/vc_row][vc_row row_content_width=&#8221;grid&#8221; css=&#8221;.vc_custom_1493283590395{padding-top: 100px !important;padding-bottom: 100px !important;}&#8221;][vc_column]<div class=\"edgt-process-holder process-text-left \">\n    <div class=\"edgt-process-inner\">\n                <div class=\"edgt-process-text-holder\">\n            \n                        <h2 class=\"edgt-process-title\">\n            LES PAYSAGES ET HABITATS MONTAGNARDS        <\/h2>\n                        <p class=\"process-text\">Dans le domaine pictural les paysages, et pas seulement les paysages de montagne, furent longtemps rel\u00e9gu\u00e9s au second plan, au sens propre comme au sens figur\u00e9. La peinture de paysage occupait en effet, jusqu\u2019au XVIIIe si\u00e8cle, un rang inf\u00e9rieur au regard de la peinture d\u2019histoire, qui constituait, elle, le genre \u00ab noble \u00bbpar excellence.Rien de cela dans l\u2019\u0153uvre de Lagorre. Les lieux enchanteurs et enchant\u00e9s qu\u2019il peindra en montagne tout au long de sa vie ne sauraient se confondre avec un simple d\u00e9cor ! La montagne est ici empreinte des souvenirs d&#039;une adolescence pass\u00e9e en Ari\u00e8ge...<\/p>\n            <\/div>\n                <div class=\"edgt-process-image\">\n            <img width=\"1022\" height=\"622\" src=\"https:\/\/rene-gaston-lagorre.fr\/wp-content\/uploads\/2023\/07\/35.Scene-pastorale.-gouache.jpg\" class=\"attachment-full size-full\" alt=\"Sc\u00e8ne pastorale\" decoding=\"async\" loading=\"lazy\" srcset=\"https:\/\/rene-gaston-lagorre.fr\/wp-content\/uploads\/2023\/07\/35.Scene-pastorale.-gouache.jpg 1022w, https:\/\/rene-gaston-lagorre.fr\/wp-content\/uploads\/2023\/07\/35.Scene-pastorale.-gouache-600x365.jpg 600w, https:\/\/rene-gaston-lagorre.fr\/wp-content\/uploads\/2023\/07\/35.Scene-pastorale.-gouache-300x183.jpg 300w, https:\/\/rene-gaston-lagorre.fr\/wp-content\/uploads\/2023\/07\/35.Scene-pastorale.-gouache-768x467.jpg 768w\" sizes=\"(max-width: 1022px) 100vw, 1022px\" \/>        <\/div>\n                <div class=\"edgt-process-number\">05<\/div>\n    <\/div>\n<\/div><a itemprop=\"url\" href=\"https:\/\/rene-gaston-lagorre.fr\/index.php\/les-paysages-de-lagorre4\/\" target=\"_self\"  class=\"edgt-btn edgt-btn-medium edgt-btn-solid dark\"  >\n    <span class=\"edgt-btn-text\">LIRE PLUS<\/span>\n\n    \n    <\/a>[\/vc_column][\/vc_row]<\/p>\n","protected":false},"excerpt":{"rendered":"<p>[vc_row row_type=&#8221;parallax&#8221; parallax_background_image=&#8221;561&#8243;][vc_column][\/vc_column][\/vc_row][vc_row row_content_width=&#8221;grid&#8221; css=&#8221;.vc_custom_1493283608340{padding-top: 100px !important;padding-bottom: 100px !important;}&#8221;][vc_column][\/vc_column][\/vc_row][vc_row][vc_column][\/vc_column][\/vc_row][vc_row row_content_width=&#8221;grid&#8221; css=&#8221;.vc_custom_1493283590395{padding-top: 100px !important;padding-bottom: 100px !important;}&#8221;][vc_column][\/vc_column][\/vc_row][vc_row][vc_column][\/vc_column][\/vc_row][vc_row row_content_width=&#8221;grid&#8221; css=&#8221;.vc_custom_1493283608340{padding-top: 100px !important;padding-bottom: 100px !important;}&#8221;][vc_column][\/vc_column][\/vc_row][vc_row][vc_column][\/vc_column][\/vc_row][vc_row row_content_width=&#8221;grid&#8221; css=&#8221;.vc_custom_1493283608340{padding-top: 100px !important;padding-bottom: 100px !important;}&#8221;][vc_column][\/vc_column][\/vc_row][vc_row][vc_column][\/vc_column][\/vc_row][vc_row row_content_width=&#8221;grid&#8221; css=&#8221;.vc_custom_1493283590395{padding-top: 100px !important;padding-bottom: 100px !important;}&#8221;][vc_column][\/vc_column][\/vc_row]<\/p>\n","protected":false},"author":1,"featured_media":14098,"parent":0,"menu_order":0,"comment_status":"closed","ping_status":"closed","template":"full-width.php","meta":[],"_links":{"self":[{"href":"https:\/\/rene-gaston-lagorre.fr\/index.php\/wp-json\/wp\/v2\/pages\/14331"}],"collection":[{"href":"https:\/\/rene-gaston-lagorre.fr\/index.php\/wp-json\/wp\/v2\/pages"}],"about":[{"href":"https:\/\/rene-gaston-lagorre.fr\/index.php\/wp-json\/wp\/v2\/types\/page"}],"author":[{"embeddable":true,"href":"https:\/\/rene-gaston-lagorre.fr\/index.php\/wp-json\/wp\/v2\/users\/1"}],"replies":[{"embeddable":true,"href":"https:\/\/rene-gaston-lagorre.fr\/index.php\/wp-json\/wp\/v2\/comments?post=14331"}],"version-history":[{"count":23,"href":"https:\/\/rene-gaston-lagorre.fr\/index.php\/wp-json\/wp\/v2\/pages\/14331\/revisions"}],"predecessor-version":[{"id":15209,"href":"https:\/\/rene-gaston-lagorre.fr\/index.php\/wp-json\/wp\/v2\/pages\/14331\/revisions\/15209"}],"wp:featuredmedia":[{"embeddable":true,"href":"https:\/\/rene-gaston-lagorre.fr\/index.php\/wp-json\/wp\/v2\/media\/14098"}],"wp:attachment":[{"href":"https:\/\/rene-gaston-lagorre.fr\/index.php\/wp-json\/wp\/v2\/media?parent=14331"}],"curies":[{"name":"wp","href":"https:\/\/api.w.org\/{rel}","templated":true}]}}