{"id":1459,"date":"2023-07-15T09:11:38","date_gmt":"2023-07-15T07:11:38","guid":{"rendered":"https:\/\/rene-gaston-lagorre.fr\/?page_id=1459"},"modified":"2023-09-04T15:13:47","modified_gmt":"2023-09-04T13:13:47","slug":"la-tentation-de-lorientalisme","status":"publish","type":"page","link":"https:\/\/rene-gaston-lagorre.fr\/index.php\/la-tentation-de-lorientalisme\/","title":{"rendered":"Le go\u00fbt de l&#8217;Orient"},"content":{"rendered":"<p>[vc_row][vc_column][vc_column_text]<\/p>\r\n<p>\r\n\r\n\u00ab\u00a0<em>Le voyage en Orient de plus en plus r\u00e9pandu chez les artistes au cours de la seconde moiti\u00e9 du XIX<\/em><sup><em>e<\/em><\/sup><em> si\u00e8cle, la colonisation de l\u2019Alg\u00e9rie \u00e0 partir de 1830, favorisent la diffusion de sc\u00e8nes de genre orientales&#8230;<\/em>\u00a0\u00bb<\/p>\r\n<p>\r\n\r\nM.C. Depierre<\/p>\r\n<p>\r\n\r\nDans le domaine litt\u00e9raire, Victor Hugo, Charles Baudelaire, G\u00e9rard de Nerval, Arthur Rimbaud pour ne citer qu\u2019eux, vont \u00eatre tour \u00e0 tour attir\u00e9s par l\u2019orient mais, dans le domaine pictural, c\u2019est \u00e0 Eug\u00e8ne Delacroix que l\u2019on doit les plus belles toiles orientalistes.<\/p>\r\n<p>\r\n\r\nLa ma\u00eetrise du geste et des couleurs Ren\u00e9 Lagorre l\u2019a travaill\u00e9 avec acharnement aux Beaux Arts de Paris au point que ses professeurs lui font justement ex\u00e9cuter une copie du c\u00e9l\u00e8bre tableau de Delacroix, \u00ab\u00a0la Mort de Sardanapale\u00a0\u00bb expos\u00e9e au Louvre. Un peintre qu\u2019il admire et dont il apprendra beaucoup et en particulier le dessin de ces chevaux fougueux et cabr\u00e9s aux naseaux \u00e9cumants\u00a0!<\/p>\r\n<p>\r\n\r\n\u00ab\u00a0La mort de Sardanapale\u00a0\u00bb est une toile \u00e9tonnante, f\u00e9roce, violente, qualifi\u00e9e par In\u00e8s Boittiaux de \u00ab\u00a0<em>sanglant manifeste du romantisme<\/em>\u00a0\u00bb. Cette toile tr\u00e8s impressionnante, r\u00e9cemment restaur\u00e9e, est aujourd\u2019hui accroch\u00e9e au Louvre au c\u00f4t\u00e9 des \u00ab\u00a0Femmes d\u2019Alger dans leur appartement\u00a0\u00bb (1834).<\/p>\r\n<p>\r\n\r\nLes nombreux voyages de Lagorre tant en Alg\u00e9rie, qu\u2019en Tunisie ou au Maroc vont parachever son go\u00fbt de l\u2019orientalisme et il nous donnera \u00e0 voir \u00e0 son tour quelques sc\u00e8nes de genre orientales. Des sc\u00e8nes sublimes parfois comme sur ces trois petites toiles o\u00f9 derri\u00e8re la grille de fer forg\u00e9 s\u2019exacerbe le d\u00e9sir face \u00e0 la nudit\u00e9 d\u2019un corps de femme alangui au centre du patio. Ou comme sur cette simple gouache ,d\u00e9dicac\u00e9e \u00e0 son ami, qui, encadr\u00e9e par un d\u00e9cor que l\u2019on devine luxuriant, repr\u00e9sente une myst\u00e9rieuse \u00ab\u00a0Femme \u00e0 la guitare\u00a0\u00bb qui, pench\u00e9e sur son instrument, semble en avoir \u00e9pous\u00e9 les formes courbes&#8230;<\/p>\r\n<p>\r\n\r\nLes nombreux voyages de Lagorre tant en Alg\u00e9rie, qu\u2019en Tunisie ou au Maroc vont parachever son go\u00fbt de l\u2019orientalisme et il nous donnera \u00e0 voir \u00e0 son tour quelques sc\u00e8nes de genre orientales. Des sc\u00e8nes sublimes parfois comme sur ces trois petites toiles o\u00f9 derri\u00e8re la grille de fer forg\u00e9 s\u2019exacerbe le d\u00e9sir face \u00e0 la nudit\u00e9 d\u2019un corps de femme alangui au centre du patio. Comme sur cette gouache ,d\u00e9dicac\u00e9e \u00e0 son ami, qui encadr\u00e9e par un d\u00e9cor que l\u2019on devine luxuriant, repr\u00e9sente une merveilleuse et myst\u00e9rieuse \u00ab\u00a0Femme \u00e0 la guitare\u00a0\u00bb qui semble avoir \u00e9pous\u00e9 les formes courbes de son instrument&#8230;<\/p>\r\n<p>\u00a0<\/p>\r\n<p>[\/vc_column_text][\/vc_column][\/vc_row][vc_row][vc_column]<div class=\"edgt-portfolio-list-holder edgt-pl-gallery edgt-pl-normal-space edgt-pl-three-columns edgt-pl-standard-overlay light    edgt-pl-pag-no-pagination     \"  data-type=gallery data-space-between-items=normal data-number-of-items=-1 data-image-proportions=full data-enable-fixed-proportions=no data-enable-image-shadow=no data-selected-projects=14487 data-order-by=date data-order=ASC data-item-style=standard-overlay data-item-style-skin=light data-enable-title=yes data-title-tag=h4 data-title-text-transform=uppercase data-enable-category=yes data-enable-like=no data-enable-count-images=yes data-enable-excerpt=no data-excerpt-length=20 data-pagination-type=no-pagination data-filter=no data-filter-order-by=name data-enable-article-parallax-animation=no data-portfolio-slider-on=no data-enable-loop=yes data-enable-autoplay=yes data-slider-speed=5000 data-slider-speed-animation=600 data-enable-navigation=yes data-enable-pagination=yes data-max-num-pages=0 data-next-page=2>\n\t\t\n\t<div class=\"edgt-pl-inner  clearfix\">\n\t\t\n<article class=\"edgt-pl-item  post-14487 portfolio-item type-portfolio-item status-publish has-post-thumbnail hentry portfolio-category-orientalisme\">\n\t<div class=\"edgt-pl-item-inner\" >\n\t\t<div class=\"edgt-pli-image\">\n\t\t\t<img width=\"1311\" height=\"1185\" src=\"https:\/\/rene-gaston-lagorre.fr\/wp-content\/uploads\/2023\/08\/Marrakech.HST_.-2e-partie-du-triptyque.-detail.jpg\" class=\"attachment-full size-full wp-post-image\" alt=\"Marrakech\" decoding=\"async\" loading=\"lazy\" srcset=\"https:\/\/rene-gaston-lagorre.fr\/wp-content\/uploads\/2023\/08\/Marrakech.HST_.-2e-partie-du-triptyque.-detail.jpg 1311w, https:\/\/rene-gaston-lagorre.fr\/wp-content\/uploads\/2023\/08\/Marrakech.HST_.-2e-partie-du-triptyque.-detail-300x271.jpg 300w, https:\/\/rene-gaston-lagorre.fr\/wp-content\/uploads\/2023\/08\/Marrakech.HST_.-2e-partie-du-triptyque.-detail-1024x926.jpg 1024w, https:\/\/rene-gaston-lagorre.fr\/wp-content\/uploads\/2023\/08\/Marrakech.HST_.-2e-partie-du-triptyque.-detail-768x694.jpg 768w, https:\/\/rene-gaston-lagorre.fr\/wp-content\/uploads\/2023\/08\/Marrakech.HST_.-2e-partie-du-triptyque.-detail-600x542.jpg 600w\" sizes=\"(max-width: 1311px) 100vw, 1311px\" \/>\t\t<\/div>\n<div class=\"edgt-pli-text-holder\">\n\t<div class=\"edgt-pli-text-wrapper\">\n\t\t<div class=\"edgt-pli-text\">\n\t\t\t\t<h4 itemprop=\"name\" class=\"edgt-pli-title entry-title\" style=\"text-transform: uppercase\">\n\t\tLa tentation de l&#8217;orientalisme\t<\/h4>\n\n\t\t\t\t\t<div class=\"edgt-pli-category-holder\">\n\t\t\t\t\t\t\t<a itemprop=\"url\" class=\"edgt-pli-category\" href=\"https:\/\/rene-gaston-lagorre.fr\/index.php\/portfolio-category\/orientalisme\/\">\"Orientalisme\"<\/a>\n\t\t\t\t\t<\/div>\n\t\n\t\t\t    <div class=\"edgt-gli-number-of-images-holder\" >\n        <span>46 pics.<\/span>\n    <\/div>\n\n\n\t\t\t\t\t<\/div>\n\t<\/div>\n<\/div>\t\t\n\t\t<a itemprop=\"url\" class=\"edgt-pli-link edgt-block-drag-link\" href=\"https:\/\/rene-gaston-lagorre.fr\/index.php\/portfolio-item\/orientalisme\/\" target=\"_self\"><\/a>\n\t<\/div>\n<\/article>\t<\/div>\n\t\n\t<\/div>[\/vc_column][\/vc_row]<\/p>","protected":false},"excerpt":{"rendered":"<p>[vc_row][vc_column][vc_column_text] \u00ab\u00a0Le voyage en Orient de plus en plus r\u00e9pandu chez les artistes au cours de la seconde moiti\u00e9 du XIXe si\u00e8cle, la colonisation de l\u2019Alg\u00e9rie \u00e0 partir de 1830, favorisent la diffusion de sc\u00e8nes de genre orientales&#8230;\u00a0\u00bb M.C. Depierre Dans le domaine litt\u00e9raire, Victor Hugo, [&hellip;]<\/p>\n","protected":false},"author":2,"featured_media":0,"parent":0,"menu_order":0,"comment_status":"closed","ping_status":"closed","template":"","meta":[],"_links":{"self":[{"href":"https:\/\/rene-gaston-lagorre.fr\/index.php\/wp-json\/wp\/v2\/pages\/1459"}],"collection":[{"href":"https:\/\/rene-gaston-lagorre.fr\/index.php\/wp-json\/wp\/v2\/pages"}],"about":[{"href":"https:\/\/rene-gaston-lagorre.fr\/index.php\/wp-json\/wp\/v2\/types\/page"}],"author":[{"embeddable":true,"href":"https:\/\/rene-gaston-lagorre.fr\/index.php\/wp-json\/wp\/v2\/users\/2"}],"replies":[{"embeddable":true,"href":"https:\/\/rene-gaston-lagorre.fr\/index.php\/wp-json\/wp\/v2\/comments?post=1459"}],"version-history":[{"count":8,"href":"https:\/\/rene-gaston-lagorre.fr\/index.php\/wp-json\/wp\/v2\/pages\/1459\/revisions"}],"predecessor-version":[{"id":15108,"href":"https:\/\/rene-gaston-lagorre.fr\/index.php\/wp-json\/wp\/v2\/pages\/1459\/revisions\/15108"}],"wp:attachment":[{"href":"https:\/\/rene-gaston-lagorre.fr\/index.php\/wp-json\/wp\/v2\/media?parent=1459"}],"curies":[{"name":"wp","href":"https:\/\/api.w.org\/{rel}","templated":true}]}}