{"id":14788,"date":"2023-09-02T16:14:30","date_gmt":"2023-09-02T14:14:30","guid":{"rendered":"https:\/\/rene-gaston-lagorre.fr\/?page_id=14788"},"modified":"2023-09-06T16:07:33","modified_gmt":"2023-09-06T14:07:33","slug":"les-amis-du-peintre","status":"publish","type":"page","link":"https:\/\/rene-gaston-lagorre.fr\/index.php\/les-amis-du-peintre\/","title":{"rendered":"Les amis du peintre"},"content":{"rendered":"<p>[vc_row][vc_column][vc_column_text]Ren\u00e9 Gaston-Lagorre \u00e9tait un homme malicieux, qui souriait souvent , tr\u00e8s humain, et tr\u00e8s bavard aussi malgr\u00e9 son cheveu sur la langue qui parfois g\u00eanait son \u00e9locution, il avait toujours une parole affectueuse pour qui le saluait et accueillait le plus souvent \u00e0 bras ouverts celles et ceux qui venaient lui rendre visite dans son atelier, tant et si bien que chacun croyait \u00eatre son ami.<\/p>\r\n\r\n<p>Pourtant, les hommes et les femmes qui ont r\u00e9ellement compt\u00e9 pour le peintre sont assez peu nombreux.<\/p>\r\n\r\n<p>Des vrai(e)s amis(e) disparus trop t\u00f4t, nous ne parlerons pas, car nous ne les avons pas connus, c\u2019est le cas de Denise Romanini Aragon, mais aussi de son premier encadreur, monsieur Coumes-Marquet dont il parlait avec chaleur comme il le faisait de sa voisine parisiano-seixoise, Josette Vidal. Nous nous contentons d\u2019\u00e9voquer leur nom, \u00e0 cause m\u00eame de notre propre m\u00e9connaissance.<\/p>\r\n\r\n<p>En revanche, il est des amis de Ren\u00e9 que nous avons eu la chance de croiser de leur vivant et qui ont acquis une telle notori\u00e9t\u00e9 qu\u2019il est assez simple d\u2019en \u00e9voquer ici le souvenir.<\/p>\r\n\r\n<p>C\u2019est le cas de<strong> Ryton Cazenave<\/strong>, de<strong> Louis Carsalade<\/strong>, de <strong>Ren\u00e9-Victor Pilhes<\/strong>, de<strong> Robert Marteau<\/strong> ou encore de <strong>Michel Beau<\/strong> que nous \u00e9voquerons tour \u00e0 tour.<\/p>\r\n<p>[\/vc_column_text][\/vc_column][\/vc_row][vc_row][vc_column]<div class=\"edgt-portfolio-list-holder edgt-pl-gallery edgt-pl-normal-space edgt-pl-three-columns edgt-pl-standard-overlay light    edgt-pl-pag-no-pagination     \"  data-type=gallery data-space-between-items=normal data-number-of-items=-1 data-image-proportions=full data-enable-fixed-proportions=no data-enable-image-shadow=no data-category=les-amis-de-lagorre data-order-by=date data-order=ASC data-item-style=standard-overlay data-item-style-skin=light data-enable-title=yes data-title-tag=h4 data-title-text-transform=uppercase data-enable-category=yes data-enable-like=no data-enable-count-images=yes data-enable-excerpt=no data-excerpt-length=20 data-pagination-type=no-pagination data-filter=no data-filter-order-by=name data-enable-article-parallax-animation=no data-portfolio-slider-on=no data-enable-loop=yes data-enable-autoplay=yes data-slider-speed=5000 data-slider-speed-animation=600 data-enable-navigation=yes data-enable-pagination=yes data-max-num-pages=0 data-next-page=2>\n\t\t\n\t<div class=\"edgt-pl-inner  clearfix\">\n\t\t\n<article class=\"edgt-pl-item  post-14800 portfolio-item type-portfolio-item status-publish has-post-thumbnail hentry portfolio-category-les-amis-de-lagorre\">\n\t<div class=\"edgt-pl-item-inner\" >\n\t\t<div class=\"edgt-pli-image\">\n\t\t\t<img width=\"1697\" height=\"2560\" src=\"https:\/\/rene-gaston-lagorre.fr\/wp-content\/uploads\/2023\/08\/12.Photo-Marc-Estaque.-2004-scaled.jpg\" class=\"attachment-full size-full wp-post-image\" alt=\"Photo Marc Estaque\" decoding=\"async\" loading=\"lazy\" srcset=\"https:\/\/rene-gaston-lagorre.fr\/wp-content\/uploads\/2023\/08\/12.Photo-Marc-Estaque.-2004-scaled.jpg 1697w, https:\/\/rene-gaston-lagorre.fr\/wp-content\/uploads\/2023\/08\/12.Photo-Marc-Estaque.-2004-199x300.jpg 199w, https:\/\/rene-gaston-lagorre.fr\/wp-content\/uploads\/2023\/08\/12.Photo-Marc-Estaque.-2004-679x1024.jpg 679w, https:\/\/rene-gaston-lagorre.fr\/wp-content\/uploads\/2023\/08\/12.Photo-Marc-Estaque.-2004-768x1158.jpg 768w, https:\/\/rene-gaston-lagorre.fr\/wp-content\/uploads\/2023\/08\/12.Photo-Marc-Estaque.-2004-1018x1536.jpg 1018w, https:\/\/rene-gaston-lagorre.fr\/wp-content\/uploads\/2023\/08\/12.Photo-Marc-Estaque.-2004-1358x2048.jpg 1358w, https:\/\/rene-gaston-lagorre.fr\/wp-content\/uploads\/2023\/08\/12.Photo-Marc-Estaque.-2004-1320x1991.jpg 1320w, https:\/\/rene-gaston-lagorre.fr\/wp-content\/uploads\/2023\/08\/12.Photo-Marc-Estaque.-2004-600x905.jpg 600w\" sizes=\"(max-width: 1697px) 100vw, 1697px\" \/>\t\t<\/div>\n<div class=\"edgt-pli-text-holder\">\n\t<div class=\"edgt-pli-text-wrapper\">\n\t\t<div class=\"edgt-pli-text\">\n\t\t\t\t<h4 itemprop=\"name\" class=\"edgt-pli-title entry-title\" style=\"text-transform: uppercase\">\n\t\tLes amis du peintre\t<\/h4>\n\n\t\t\t\t\t<div class=\"edgt-pli-category-holder\">\n\t\t\t\t\t\t\t<a itemprop=\"url\" class=\"edgt-pli-category\" href=\"https:\/\/rene-gaston-lagorre.fr\/index.php\/portfolio-category\/les-amis-de-lagorre\/\">\"Les amis de Lagorre\"<\/a>\n\t\t\t\t\t<\/div>\n\t\n\t\t\t    <div class=\"edgt-gli-number-of-images-holder\" >\n        <span>19 pics.<\/span>\n    <\/div>\n\n\n\t\t\t\t\t<\/div>\n\t<\/div>\n<\/div>\t\t\n\t\t<a itemprop=\"url\" class=\"edgt-pli-link edgt-block-drag-link\" href=\"https:\/\/rene-gaston-lagorre.fr\/index.php\/portfolio-item\/les-amis-de-lagorre\/\" target=\"_self\"><\/a>\n\t<\/div>\n<\/article>\t<\/div>\n\t\n\t<\/div>[\/vc_column][\/vc_row]<\/p>","protected":false},"excerpt":{"rendered":"<p>[vc_row][vc_column][vc_column_text]Ren\u00e9 Gaston-Lagorre \u00e9tait un homme malicieux, qui souriait souvent , tr\u00e8s humain, et tr\u00e8s bavard aussi malgr\u00e9 son cheveu sur la langue qui parfois g\u00eanait son \u00e9locution, il avait toujours une parole affectueuse pour qui le saluait et accueillait le plus souvent \u00e0 bras ouverts celles [&hellip;]<\/p>\n","protected":false},"author":2,"featured_media":0,"parent":0,"menu_order":0,"comment_status":"closed","ping_status":"closed","template":"","meta":[],"_links":{"self":[{"href":"https:\/\/rene-gaston-lagorre.fr\/index.php\/wp-json\/wp\/v2\/pages\/14788"}],"collection":[{"href":"https:\/\/rene-gaston-lagorre.fr\/index.php\/wp-json\/wp\/v2\/pages"}],"about":[{"href":"https:\/\/rene-gaston-lagorre.fr\/index.php\/wp-json\/wp\/v2\/types\/page"}],"author":[{"embeddable":true,"href":"https:\/\/rene-gaston-lagorre.fr\/index.php\/wp-json\/wp\/v2\/users\/2"}],"replies":[{"embeddable":true,"href":"https:\/\/rene-gaston-lagorre.fr\/index.php\/wp-json\/wp\/v2\/comments?post=14788"}],"version-history":[{"count":4,"href":"https:\/\/rene-gaston-lagorre.fr\/index.php\/wp-json\/wp\/v2\/pages\/14788\/revisions"}],"predecessor-version":[{"id":15202,"href":"https:\/\/rene-gaston-lagorre.fr\/index.php\/wp-json\/wp\/v2\/pages\/14788\/revisions\/15202"}],"wp:attachment":[{"href":"https:\/\/rene-gaston-lagorre.fr\/index.php\/wp-json\/wp\/v2\/media?parent=14788"}],"curies":[{"name":"wp","href":"https:\/\/api.w.org\/{rel}","templated":true}]}}