{"id":14791,"date":"2023-09-02T16:16:46","date_gmt":"2023-09-02T14:16:46","guid":{"rendered":"https:\/\/rene-gaston-lagorre.fr\/?page_id=14791"},"modified":"2023-09-09T16:07:33","modified_gmt":"2023-09-09T14:07:33","slug":"louis-carsalade-instituteur-et-ecrivain","status":"publish","type":"page","link":"https:\/\/rene-gaston-lagorre.fr\/index.php\/les-amis-de-lagorre\/louis-carsalade-instituteur-et-ecrivain\/","title":{"rendered":"Louis Carsalade, instituteur et \u00e9crivain"},"content":{"rendered":"<p>[vc_row][vc_column][vc_column_text]Parmi les meilleurs et les plus fid\u00e8les amis de Lagorre figure sans conteste <strong>Louis Carsalade<\/strong>. Lagorre l\u2019a connu tr\u00e8s t\u00f4t puisqu\u2019il l\u2019a rencontr\u00e9 \u00e0 Saint-Laurent-sur-Save, d\u00e8s l\u2019apr\u00e8s-guerre.<\/p>\r\n<p>\r\n\r\n\u00ab\u00a0<em>Nous avons fait sa connaissance en 1945, alors qu\u2019il peignait au Foyer populaire de Saint-Laurent, sa grande toile des Martyrs de Meilhan \u2026 A la fin de l\u2019ann\u00e9e scolaire, en juillet 1946, il avait, d\u2019un coup de patte in\u00e9gal\u00e9, transform\u00e9 en \u0153uvre d\u2019art les stands de cette kermesse du renouveau qui fut, sur les bords de la Save, la premi\u00e8re manifestation d\u2019all\u00e9gresse de l\u2019apr\u00e8s-guerre\u00a0\u00bb<a id=\"sdfootnote1anc\" href=\"#sdfootnote1sym\"><sup>1<\/sup><\/a><\/em><\/p>\r\n<p>\r\n\r\nLouis Carsalade est l\u2019instituteur du village tandis que l\u2019abb\u00e9 Bernard Carr\u00e8re, commanditaire du martyre de Saint-Laurent, en est le cur\u00e9.<\/p>\r\n<p>\r\n\r\n\u00ab\u00a0<em>Les ma\u00eetres, religieux ou la\u00efques, conscients de la convergence de leur mission, s\u2019abstenaient entre eux de toute hostilit\u00e9 et, \u00e0 d\u00e9faut de rapports cordiaux, respectaient une sorte de pacte de non agression&#8230;Tout comme monsieur le cur\u00e9, l\u2019\u00e9cole publique rurale jouissait d\u2019un incontestable prestige. Elle repr\u00e9sentait aux yeux des populations une sorte de temple du savoir, l\u2019image m\u00eame de la promotion sociale.<\/em>\u00bb<a id=\"sdfootnote2anc\" href=\"#sdfootnote2sym\"><sup>2<\/sup><\/a><\/p>\r\n<p>\r\n\r\nLouis Carsalade, ancien hussard de la R\u00e9publique, avait su innover dans l&#8217;\u00e9cole communale o\u00f9 il enseigna avec son \u00e9pouse de 1945 \u00e0 1957. Lagorre, lui m\u00eame profond\u00e9ment reconnaissant envers monsieur Palmade, l\u2019instituteur de Seix qui avait pressenti son talent artistique et qui l\u2019avait encourag\u00e9 dans cette voie lui permettant d\u00e9crocher une bourse afin qu\u2019il puisse acc\u00e9der aux Beaux Arts de Toulouse, ne pouvait qu\u2019\u00eatre sensible \u00e0 l\u2019esprit d\u2019ouverture de Louis Carsalade, cet instituteur rural qui, lui aussi, d\u00e9fendait bec et ongles l\u2019\u00e9cole r\u00e9publicaine.<\/p>\r\n<p>\r\n\r\n\u00ab\u00a0<em>Nos contacts s\u2019\u00e9taient espac\u00e9s. Il avait poursuivi sa voie d\u2019artiste, voyag\u00e9, travaill\u00e9, expos\u00e9 \u00e0 Toulouse. De notre c\u00f4t\u00e9 nous avions men\u00e9 notre mission d\u2019enseignants, \u00e9lev\u00e9 une famille. On le revoyait de temps en temps\u00a0; \u00e0 Saint-Laurent d\u2019abord, \u00e0 l\u2019occasion de quelque c\u00e9l\u00e9bration religieuse avec nos cardinaux Sali\u00e8ge ou Garrone, quelquefois \u00e0 Toulouse, \u00e0 l\u2019une de ses expositions..<\/em>.\u00a0\u00bb<\/p>\r\n<p>\r\n\r\nLes deux hommes vont pourtant se retrouver.<\/p>\r\n<p>\r\n\r\nHumaniste, homme de culture et de r\u00e9flexion, Louis Carsalade se r\u00e9v\u00e8le \u00eatre un historien soucieux de la conservation du patrimoine au point qu\u2019il cr\u00e9era, en 1977, l\u2019association patrimoniale \u00ab\u00a0Sav\u00e8s-Patrimoine\u00a0\u00bb. Historien nourri de textes anciens, Louis Carsalade r\u00e9dige alors plusieurs ouvrages sur le Comminges.<\/p>\r\n<p>\r\n\r\n\u00ab\u00a0<em>Comment nous sommes-nous retrouv\u00e9s\u00a0? Sans doute \u00e0 cause de l\u2019inondation de 1977 qui avait d\u00e9truit les b\u00e2timents de l\u2019ancien couvent. Pouss\u00e9 par les \u00e9v\u00e9nements, j\u2019avais \u00e9t\u00e9 conduit \u00e0 \u00e9crire son histoire et je m\u2019\u00e9tais int\u00e9ress\u00e9 \u00e0 l\u2019\u00e9glise paroissiale, t\u00e9moignage obstin\u00e9 du monast\u00e8re masculin. J\u2019avais regard\u00e9 de plus pr\u00e8s les peintures et con\u00e7u le projet d\u2019en parler dans mon futur ouvrage.\u00a0 Une visite au peintre s\u2019imposait et c\u2019est pourquoi, \u00e0 l\u2019\u00e9t\u00e9 1990, j\u2019allai le voir \u00e0 Seix o\u00f9 il exposait. Il me re\u00e7ut avec gentillesse et, apr\u00e8s qu\u2019il m\u2019eut pr\u00e9sent\u00e9 ses \u0153uvres, il m\u2019invita au restaurant.<\/em>\u00bb<\/p>\r\n<p>\r\n\r\nEmerveill\u00e9 par le travail de Lagorre dans l\u2019\u00e9glise de Saint-Laurent-sur-Save puis \u00e0 la mairie de l\u2019Isle-en-Dodon, Louis Carsalade d\u00e9cide d\u2019\u00e9crire un ouvrage sur ce qu\u2019il conna\u00eet du parcours artistique de Lagorre. Ren\u00e9 Gaston-Lagorre en est tr\u00e8s honor\u00e9. Les deux hommes se revoient.<\/p>\r\n<p>\r\n\r\n\u00ab\u00a0<em>Chaque rencontre nous rapprocha. Je d\u00e9couvrais la personnalit\u00e9 et la sup\u00e9riorit\u00e9 d\u2019un homme vrai, g\u00e9n\u00e9reux et sensible, peu soucieux de para\u00eetre ou d\u2019exercer un quelconque magist\u00e8re, enti\u00e8rement tourn\u00e9 vers son art, indulgent pour autrui, exigeant pour lui-m\u00eame, ayant pour religion la recherche du vrai et du bien&#8230;<\/em>\u00a0\u00bb<\/p>\r\n<p>\r\n\r\nUne relation \u00e9pistolaire dense et empreinte d\u2019amiti\u00e9 s\u2019en suit. Cet abondant et incessant \u00e9change de courriers entre les deux hommes s\u2019av\u00e8re d\u2019autant plus pr\u00e9cieux que le peintre y parle librement de sa fa\u00e7on de travailler, de ses go\u00fbts artistiques, et qu\u2019il y livre sans d\u00e9tour ses r\u00e9flexions sur la peinture. Lagorre accueille Louis Carsalade \u00e0 Seix en 2001 pour f\u00eater la sortie du livre intitul\u00e9 <em>Lagorre en Haute-Save<\/em>.<\/p>\r\n<p>\r\n\r\nDans ce livre d\u00e9di\u00e9 au peintre, Louis Carsalade reproduira des passages entiers des \u00e9changes \u00e9pistolaires qui ont pr\u00e9c\u00e9d\u00e9 la parution du livre, les consignant avec minutie. Louis Carsalade est donc l\u2019ami en m\u00eame temps que le t\u00e9moin incontournable de la vie artistique de Lagorre.<\/p>\r\n<p>\r\n\r\nIl nourrit une telle admiration pour le parcours du peintre qu\u2019il lui d\u00e9diera m\u00eame un po\u00e8me en forme d\u2019adieu.<\/p>\r\n<p>\r\n\r\nD\u2019aucuns trouveront peut-\u00eatre ce sonnet, en forme de clin d\u2019\u0153il un tantinet na\u00eff\u00a0? Ce serait m\u00e9conna\u00eetre l\u2019\u00e9rudition de Louis Carsalade et la fine connaissance qu\u2019il a de l\u2019\u0153uvre de Lagorre. Tandis que les quatrains \u00e9voquent les toiles de jeunesse, les tercets \u00e9voquent eux la peinture des \u00ab\u00a0Z\u00a0\u00bb. Le po\u00e8me se d\u00e9roule comme se d\u00e9roule l\u2019\u0153uvre, jusqu\u2019au \u00ab\u00a0Z\u00a0\u00bb final. Cet hommage t\u00e9moigne assez de l\u2019affection que vouait Louis Carsalade \u00e0 son ami Ren\u00e9 Lagorre.<\/p>\r\n<p>\r\n\r\nComme son ami, Louis Carsalade est mort \u00e0 l\u2019\u00e2ge de 90 ans.<\/p>\r\n<p>\r\n\r\nUn livre\u00a0:<\/p>\r\n<p>\r\n\r\nLouis Carsalade, <em><strong>Lagorre en Haute Save,<\/strong><\/em> Edit\u00e9 par Sav\u00e8s-Patrimoine\/ Office municipal de l\u2019Isle-en-Dodon, 2001.<\/p>\r\n<p>\r\n\r\n<strong>et un sonnet<\/strong>\u00a0:<\/p>\r\n<p>\u00a0<\/p>\r\n\r\n<h2 class=\"wp-block-heading\"><strong>Ren\u00e9 Lagorre<\/strong><\/h2>\r\n<p>\r\n\r\nConserve au fond de toi la Montagne d\u2019Ari\u00e8ge<\/p>\r\n<p>\r\n\r\nQue tu peignis jadis, fascin\u00e9 par ses ours<\/p>\r\n<p>\r\n\r\nEt ses bergers pensifs au regard de velours<\/p>\r\n<p>\r\n\r\nQui descendaient vers Seix \u00e0 la premi\u00e8re neige.<\/p>\r\n<p>\r\n\r\nEt garde ton printemps\u00a0: la noce et son cort\u00e8ge,<\/p>\r\n<p>\r\n\r\nLe cerisier, t\u00e9moin des pr\u00e9coces amours,<\/p>\r\n<p>\r\n\r\nLe lilas qui fleurit, la moisson des beaux jours,<\/p>\r\n<p>\r\n\r\nLa baigneuse au teint mat que la pudeur prot\u00e8ge.<\/p>\r\n<p>\r\n\r\nMalgr\u00e9 le temps ingrat, malgr\u00e9 le cheveu gris,<\/p>\r\n<p>\r\n\r\nD\u2019un pinceau pur et vif, \u00e0 pr\u00e9sent tu d\u00e9cris<\/p>\r\n<p>\r\n\r\nLa fleur qu\u2019on a coup\u00e9e, la danse qui s\u2019efface,<\/p>\r\n<p>\r\n\r\n\u00c9ph\u00e9m\u00e8res grandeurs jaillies de ton cerveau.<\/p>\r\n<p>\r\n\r\nEt tu t\u2019en vas, fixant la minute qui passe<\/p>\r\n<p>\r\n\r\nSur le fugace \u00e9clair de ton r\u00eave nouveau.<\/p>\r\n<p>\r\n\r\n<strong>Louis Carsalade<\/strong><br \/><a id=\"sdfootnote1sym\" href=\"#sdfootnote1anc\">1<\/a>Louis Carsalade, Lagorre en Haute-Save, Association Sav\u00e8s-patrimoine, p.104.<br \/><a id=\"sdfootnote2sym\" href=\"#sdfootnote2anc\">2<\/a>Louis Carsalade, op.cit., p.27.<\/p>\r\n<p>[\/vc_column_text][\/vc_column][\/vc_row][vc_row][vc_column][vc_empty_space]<div class=\"edgt-image-gallery  edgt-ig-masonry-type  \">\n\t<div class=\"edgt-ig-inner edgt-ig-masonry edgt-ig-two-columns edgt-ig-normal-space\">\n\t\t<div class=\"edgt-ig-grid-sizer\"><\/div>\n\t\t<div class=\"edgt-ig-grid-gutter\"><\/div>\n\t\t\t\t\t\t\t\t<div class=\"edgt-ig-image \">\n\t\t\t\t<div class=\"edgt-ig-image-inner\">\n\t\t\t\t\t\t\t\t\t\t\t<img width=\"672\" height=\"745\" src=\"https:\/\/rene-gaston-lagorre.fr\/wp-content\/uploads\/2023\/08\/1.Louis-Carsalade-2001-a-Seix.jpg\" class=\"attachment- size-\" alt=\"Photo Louis Caesalade\" decoding=\"async\" loading=\"lazy\" srcset=\"https:\/\/rene-gaston-lagorre.fr\/wp-content\/uploads\/2023\/08\/1.Louis-Carsalade-2001-a-Seix.jpg 672w, https:\/\/rene-gaston-lagorre.fr\/wp-content\/uploads\/2023\/08\/1.Louis-Carsalade-2001-a-Seix-271x300.jpg 271w, https:\/\/rene-gaston-lagorre.fr\/wp-content\/uploads\/2023\/08\/1.Louis-Carsalade-2001-a-Seix-600x665.jpg 600w\" sizes=\"(max-width: 672px) 100vw, 672px\" \/>\t\t\t\t\t\t\t\t\t<\/div>\n\t\t\t<\/div>\n\t\t\t\t\t\t\t\t<div class=\"edgt-ig-image \">\n\t\t\t\t<div class=\"edgt-ig-image-inner\">\n\t\t\t\t\t\t\t\t\t\t\t<img width=\"2401\" height=\"1915\" src=\"https:\/\/rene-gaston-lagorre.fr\/wp-content\/uploads\/2023\/08\/2.-2001.Le-peintre-tient-en-main-le-livre-de-son-ami-L.-Carsalade.jpg\" class=\"attachment- size-\" alt=\"Photo Ren\u00e9 avec le livre de Louis Carsalade\" decoding=\"async\" loading=\"lazy\" srcset=\"https:\/\/rene-gaston-lagorre.fr\/wp-content\/uploads\/2023\/08\/2.-2001.Le-peintre-tient-en-main-le-livre-de-son-ami-L.-Carsalade.jpg 2401w, https:\/\/rene-gaston-lagorre.fr\/wp-content\/uploads\/2023\/08\/2.-2001.Le-peintre-tient-en-main-le-livre-de-son-ami-L.-Carsalade-300x239.jpg 300w, https:\/\/rene-gaston-lagorre.fr\/wp-content\/uploads\/2023\/08\/2.-2001.Le-peintre-tient-en-main-le-livre-de-son-ami-L.-Carsalade-1024x817.jpg 1024w, https:\/\/rene-gaston-lagorre.fr\/wp-content\/uploads\/2023\/08\/2.-2001.Le-peintre-tient-en-main-le-livre-de-son-ami-L.-Carsalade-768x613.jpg 768w, https:\/\/rene-gaston-lagorre.fr\/wp-content\/uploads\/2023\/08\/2.-2001.Le-peintre-tient-en-main-le-livre-de-son-ami-L.-Carsalade-1536x1225.jpg 1536w, https:\/\/rene-gaston-lagorre.fr\/wp-content\/uploads\/2023\/08\/2.-2001.Le-peintre-tient-en-main-le-livre-de-son-ami-L.-Carsalade-1320x1053.jpg 1320w, https:\/\/rene-gaston-lagorre.fr\/wp-content\/uploads\/2023\/08\/2.-2001.Le-peintre-tient-en-main-le-livre-de-son-ami-L.-Carsalade-600x479.jpg 600w\" sizes=\"(max-width: 2401px) 100vw, 2401px\" \/>\t\t\t\t\t\t\t\t\t<\/div>\n\t\t\t<\/div>\n\t\t\t\t\t\t\t\t<div class=\"edgt-ig-image \">\n\t\t\t\t<div class=\"edgt-ig-image-inner\">\n\t\t\t\t\t\t\t\t\t\t\t<img width=\"1827\" height=\"2424\" src=\"https:\/\/rene-gaston-lagorre.fr\/wp-content\/uploads\/2023\/08\/20230806_185557.jpg\" class=\"attachment- size-\" alt=\"Lagorre en Haute-Save\" decoding=\"async\" loading=\"lazy\" srcset=\"https:\/\/rene-gaston-lagorre.fr\/wp-content\/uploads\/2023\/08\/20230806_185557.jpg 1827w, https:\/\/rene-gaston-lagorre.fr\/wp-content\/uploads\/2023\/08\/20230806_185557-226x300.jpg 226w, https:\/\/rene-gaston-lagorre.fr\/wp-content\/uploads\/2023\/08\/20230806_185557-772x1024.jpg 772w, https:\/\/rene-gaston-lagorre.fr\/wp-content\/uploads\/2023\/08\/20230806_185557-768x1019.jpg 768w, https:\/\/rene-gaston-lagorre.fr\/wp-content\/uploads\/2023\/08\/20230806_185557-1158x1536.jpg 1158w, https:\/\/rene-gaston-lagorre.fr\/wp-content\/uploads\/2023\/08\/20230806_185557-1544x2048.jpg 1544w, https:\/\/rene-gaston-lagorre.fr\/wp-content\/uploads\/2023\/08\/20230806_185557-1320x1751.jpg 1320w, https:\/\/rene-gaston-lagorre.fr\/wp-content\/uploads\/2023\/08\/20230806_185557-600x796.jpg 600w\" sizes=\"(max-width: 1827px) 100vw, 1827px\" \/>\t\t\t\t\t\t\t\t\t<\/div>\n\t\t\t<\/div>\n\t\t\t\t\t\t\t\t<div class=\"edgt-ig-image \">\n\t\t\t\t<div class=\"edgt-ig-image-inner\">\n\t\t\t\t\t\t\t\t\t\t\t<img width=\"1661\" height=\"2485\" src=\"https:\/\/rene-gaston-lagorre.fr\/wp-content\/uploads\/2023\/08\/20230807_185249.jpg\" class=\"attachment- size-\" alt=\"Louis Carsalade. Lagorre. Tel qu&#039;en lui-m\u00eame. Office municipal. isle en Dodon. 2001.163p.\" decoding=\"async\" loading=\"lazy\" srcset=\"https:\/\/rene-gaston-lagorre.fr\/wp-content\/uploads\/2023\/08\/20230807_185249.jpg 1661w, https:\/\/rene-gaston-lagorre.fr\/wp-content\/uploads\/2023\/08\/20230807_185249-201x300.jpg 201w, https:\/\/rene-gaston-lagorre.fr\/wp-content\/uploads\/2023\/08\/20230807_185249-684x1024.jpg 684w, https:\/\/rene-gaston-lagorre.fr\/wp-content\/uploads\/2023\/08\/20230807_185249-768x1149.jpg 768w, https:\/\/rene-gaston-lagorre.fr\/wp-content\/uploads\/2023\/08\/20230807_185249-1027x1536.jpg 1027w, https:\/\/rene-gaston-lagorre.fr\/wp-content\/uploads\/2023\/08\/20230807_185249-1369x2048.jpg 1369w, https:\/\/rene-gaston-lagorre.fr\/wp-content\/uploads\/2023\/08\/20230807_185249-1320x1975.jpg 1320w, https:\/\/rene-gaston-lagorre.fr\/wp-content\/uploads\/2023\/08\/20230807_185249-600x898.jpg 600w\" sizes=\"(max-width: 1661px) 100vw, 1661px\" \/>\t\t\t\t\t\t\t\t\t<\/div>\n\t\t\t<\/div>\n\t\t\t<\/div>\n<\/div>[\/vc_column][\/vc_row]<\/p>","protected":false},"excerpt":{"rendered":"<p>[vc_row][vc_column][vc_column_text]Parmi les meilleurs et les plus fid\u00e8les amis de Lagorre figure sans conteste Louis Carsalade. Lagorre l\u2019a connu tr\u00e8s t\u00f4t puisqu\u2019il l\u2019a rencontr\u00e9 \u00e0 Saint-Laurent-sur-Save, d\u00e8s l\u2019apr\u00e8s-guerre. \u00ab\u00a0Nous avons fait sa connaissance en 1945, alors qu\u2019il peignait au Foyer populaire de Saint-Laurent, sa grande toile des [&hellip;]<\/p>\n","protected":false},"author":2,"featured_media":0,"parent":15235,"menu_order":0,"comment_status":"closed","ping_status":"closed","template":"","meta":[],"_links":{"self":[{"href":"https:\/\/rene-gaston-lagorre.fr\/index.php\/wp-json\/wp\/v2\/pages\/14791"}],"collection":[{"href":"https:\/\/rene-gaston-lagorre.fr\/index.php\/wp-json\/wp\/v2\/pages"}],"about":[{"href":"https:\/\/rene-gaston-lagorre.fr\/index.php\/wp-json\/wp\/v2\/types\/page"}],"author":[{"embeddable":true,"href":"https:\/\/rene-gaston-lagorre.fr\/index.php\/wp-json\/wp\/v2\/users\/2"}],"replies":[{"embeddable":true,"href":"https:\/\/rene-gaston-lagorre.fr\/index.php\/wp-json\/wp\/v2\/comments?post=14791"}],"version-history":[{"count":12,"href":"https:\/\/rene-gaston-lagorre.fr\/index.php\/wp-json\/wp\/v2\/pages\/14791\/revisions"}],"predecessor-version":[{"id":15280,"href":"https:\/\/rene-gaston-lagorre.fr\/index.php\/wp-json\/wp\/v2\/pages\/14791\/revisions\/15280"}],"up":[{"embeddable":true,"href":"https:\/\/rene-gaston-lagorre.fr\/index.php\/wp-json\/wp\/v2\/pages\/15235"}],"wp:attachment":[{"href":"https:\/\/rene-gaston-lagorre.fr\/index.php\/wp-json\/wp\/v2\/media?parent=14791"}],"curies":[{"name":"wp","href":"https:\/\/api.w.org\/{rel}","templated":true}]}}