{"id":14794,"date":"2023-09-02T16:16:25","date_gmt":"2023-09-02T14:16:25","guid":{"rendered":"https:\/\/rene-gaston-lagorre.fr\/?page_id=14794"},"modified":"2023-09-09T16:10:14","modified_gmt":"2023-09-09T14:10:14","slug":"rene-victor-pilhes-ecrivain","status":"publish","type":"page","link":"https:\/\/rene-gaston-lagorre.fr\/index.php\/les-amis-de-lagorre\/rene-victor-pilhes-ecrivain\/","title":{"rendered":"Ren\u00e9-Victor Pilhes, \u00e9crivain"},"content":{"rendered":"<p>[vc_row][vc_column][vc_column_text]Ren\u00e9 Victor Pilhes est n\u00e9 \u00e0 Paris en 1934.<br \/>\u00c9lev\u00e9 par sa grand-m\u00e8re maternelle dans le village de Seix, il est coll\u00e9gien \u00e0 Saint-Girons en Ari\u00e8ge, puis entre au lyc\u00e9e \u00e0 Toulouse avant de partir pour Paris.<br \/>En juin 1955,\u00a0 il est envoy\u00e9 en Alg\u00e9rie. Il y reste jusqu\u2019en septembre 1957 et sort marqu\u00e9 par cette exp\u00e9rience. De retour en France,\u00a0 Ren\u00e9 Victor Pilhes\u00a0 va mener une vie professionnelle riche, dense, et pour le moins bien remplie.<br \/>Cette vie professionnelle intense nourrit son sens de l\u2019observation et de l\u2019analyse en m\u00eame temps qu\u2019elle lui fait fr\u00e9quenter des milieux sociaux particuliers, li\u00e9s \u00e0 la politique et \u00e0 la finance.<br \/>Tr\u00e8s t\u00f4t Ren\u00e9 Victor Pilhes manifeste le go\u00fbt de l\u2019\u00e9criture. Il r\u00e9dige\u00a0 alors son premier roman et son talent d\u2019\u00e9crivain est couronn\u00e9 de succ\u00e8s en 1965 d\u00e8s qu\u2019il publie aux \u00e9ditions du Seuil <em>La Rhubarbe<\/em>. Ce\u00a0 roman lui vaut\u00a0 le prix M\u00e9dicis, prix qui r\u00e9compense de jeunes \u00e9crivains talentueux n\u2019ayant pas encore acquis la notori\u00e9t\u00e9. Sa carri\u00e8re d\u2019\u00e9crivain jamais plus ne s\u2019arr\u00eatera. Il publiera plusieurs romans au Seuil dont <em>La Loum,<\/em> en 1969, <em>L\u2019Impr\u00e9cateur,<\/em> Prix Femina en 1974, <em>La B\u00eate<\/em>, au Seuil en 1976, puis chez Albin-Michel <em>La Pomp\u00e9i<\/em> en 1985, <em>Les d\u00e9mons de la Cour de Rohan<\/em>, en 1987, <em>L\u2019Hitl\u00e9rien<\/em>, en 1988 et encore <em>La M\u00e9diatrice<\/em>, Prix de la ville de Nancy en 1989\u2026<\/p>\r\n<p>\r\n\r\nAmi de longue date de Ren\u00e9 Gaston-Lagorre,tous deux se retrouvent tant\u00f4t \u00e0 Seix o\u00f9 Ren\u00e9 Victor Pilhes vient lui aussi en vacances, tant\u00f4t \u00e0 Paris o\u00f9 ils vivent le reste de l\u2019ann\u00e9e.<\/p>\r\n<p>[\/vc_column_text][\/vc_column][\/vc_row][vc_row][vc_column][vc_empty_space]<div class=\"edgt-image-gallery  edgt-ig-masonry-type  \">\n\t<div class=\"edgt-ig-inner edgt-ig-masonry edgt-ig-two-columns edgt-ig-normal-space\">\n\t\t<div class=\"edgt-ig-grid-sizer\"><\/div>\n\t\t<div class=\"edgt-ig-grid-gutter\"><\/div>\n\t\t\t\t\t\t\t\t<div class=\"edgt-ig-image \">\n\t\t\t\t<div class=\"edgt-ig-image-inner\">\n\t\t\t\t\t\t\t\t\t\t\t<img width=\"1899\" height=\"2560\" src=\"https:\/\/rene-gaston-lagorre.fr\/wp-content\/uploads\/2023\/08\/1.Portrait.-R-V-Pilhes-a-17-ans.hst_.-1951.1-scaled.jpg\" class=\"attachment- size-\" alt=\"Portrait RVPilhes 1951\" decoding=\"async\" loading=\"lazy\" srcset=\"https:\/\/rene-gaston-lagorre.fr\/wp-content\/uploads\/2023\/08\/1.Portrait.-R-V-Pilhes-a-17-ans.hst_.-1951.1-scaled.jpg 1899w, https:\/\/rene-gaston-lagorre.fr\/wp-content\/uploads\/2023\/08\/1.Portrait.-R-V-Pilhes-a-17-ans.hst_.-1951.1-223x300.jpg 223w, https:\/\/rene-gaston-lagorre.fr\/wp-content\/uploads\/2023\/08\/1.Portrait.-R-V-Pilhes-a-17-ans.hst_.-1951.1-760x1024.jpg 760w, https:\/\/rene-gaston-lagorre.fr\/wp-content\/uploads\/2023\/08\/1.Portrait.-R-V-Pilhes-a-17-ans.hst_.-1951.1-768x1035.jpg 768w, https:\/\/rene-gaston-lagorre.fr\/wp-content\/uploads\/2023\/08\/1.Portrait.-R-V-Pilhes-a-17-ans.hst_.-1951.1-1139x1536.jpg 1139w, https:\/\/rene-gaston-lagorre.fr\/wp-content\/uploads\/2023\/08\/1.Portrait.-R-V-Pilhes-a-17-ans.hst_.-1951.1-1519x2048.jpg 1519w, https:\/\/rene-gaston-lagorre.fr\/wp-content\/uploads\/2023\/08\/1.Portrait.-R-V-Pilhes-a-17-ans.hst_.-1951.1-1320x1779.jpg 1320w, https:\/\/rene-gaston-lagorre.fr\/wp-content\/uploads\/2023\/08\/1.Portrait.-R-V-Pilhes-a-17-ans.hst_.-1951.1-600x809.jpg 600w\" sizes=\"(max-width: 1899px) 100vw, 1899px\" \/>\t\t\t\t\t\t\t\t\t<\/div>\n\t\t\t<\/div>\n\t\t\t\t\t\t\t\t<div class=\"edgt-ig-image \">\n\t\t\t\t<div class=\"edgt-ig-image-inner\">\n\t\t\t\t\t\t\t\t\t\t\t<img width=\"409\" height=\"533\" src=\"https:\/\/rene-gaston-lagorre.fr\/wp-content\/uploads\/2023\/08\/2.RVP_.jpeg\" class=\"attachment- size-\" alt=\"\" decoding=\"async\" loading=\"lazy\" srcset=\"https:\/\/rene-gaston-lagorre.fr\/wp-content\/uploads\/2023\/08\/2.RVP_.jpeg 409w, https:\/\/rene-gaston-lagorre.fr\/wp-content\/uploads\/2023\/08\/2.RVP_-230x300.jpeg 230w\" sizes=\"(max-width: 409px) 100vw, 409px\" \/>\t\t\t\t\t\t\t\t\t<\/div>\n\t\t\t<\/div>\n\t\t\t\t\t\t\t\t<div class=\"edgt-ig-image \">\n\t\t\t\t<div class=\"edgt-ig-image-inner\">\n\t\t\t\t\t\t\t\t\t\t\t<img width=\"476\" height=\"315\" src=\"https:\/\/rene-gaston-lagorre.fr\/wp-content\/uploads\/2023\/08\/3-1.jpg\" class=\"attachment- size-\" alt=\"Photo RGL, RVP et Paul Brou\u00e9\" decoding=\"async\" loading=\"lazy\" srcset=\"https:\/\/rene-gaston-lagorre.fr\/wp-content\/uploads\/2023\/08\/3-1.jpg 476w, https:\/\/rene-gaston-lagorre.fr\/wp-content\/uploads\/2023\/08\/3-1-300x199.jpg 300w\" sizes=\"(max-width: 476px) 100vw, 476px\" \/>\t\t\t\t\t\t\t\t\t<\/div>\n\t\t\t<\/div>\n\t\t\t<\/div>\n<\/div>[\/vc_column][\/vc_row]<\/p>","protected":false},"excerpt":{"rendered":"<p>[vc_row][vc_column][vc_column_text]Ren\u00e9 Victor Pilhes est n\u00e9 \u00e0 Paris en 1934.\u00c9lev\u00e9 par sa grand-m\u00e8re maternelle dans le village de Seix, il est coll\u00e9gien \u00e0 Saint-Girons en Ari\u00e8ge, puis entre au lyc\u00e9e \u00e0 Toulouse avant de partir pour Paris.En juin 1955,\u00a0 il est envoy\u00e9 en Alg\u00e9rie. Il y reste [&hellip;]<\/p>\n","protected":false},"author":2,"featured_media":0,"parent":15235,"menu_order":0,"comment_status":"closed","ping_status":"closed","template":"","meta":[],"_links":{"self":[{"href":"https:\/\/rene-gaston-lagorre.fr\/index.php\/wp-json\/wp\/v2\/pages\/14794"}],"collection":[{"href":"https:\/\/rene-gaston-lagorre.fr\/index.php\/wp-json\/wp\/v2\/pages"}],"about":[{"href":"https:\/\/rene-gaston-lagorre.fr\/index.php\/wp-json\/wp\/v2\/types\/page"}],"author":[{"embeddable":true,"href":"https:\/\/rene-gaston-lagorre.fr\/index.php\/wp-json\/wp\/v2\/users\/2"}],"replies":[{"embeddable":true,"href":"https:\/\/rene-gaston-lagorre.fr\/index.php\/wp-json\/wp\/v2\/comments?post=14794"}],"version-history":[{"count":7,"href":"https:\/\/rene-gaston-lagorre.fr\/index.php\/wp-json\/wp\/v2\/pages\/14794\/revisions"}],"predecessor-version":[{"id":15281,"href":"https:\/\/rene-gaston-lagorre.fr\/index.php\/wp-json\/wp\/v2\/pages\/14794\/revisions\/15281"}],"up":[{"embeddable":true,"href":"https:\/\/rene-gaston-lagorre.fr\/index.php\/wp-json\/wp\/v2\/pages\/15235"}],"wp:attachment":[{"href":"https:\/\/rene-gaston-lagorre.fr\/index.php\/wp-json\/wp\/v2\/media?parent=14794"}],"curies":[{"name":"wp","href":"https:\/\/api.w.org\/{rel}","templated":true}]}}