{"id":14796,"date":"2023-09-02T16:17:46","date_gmt":"2023-09-02T14:17:46","guid":{"rendered":"https:\/\/rene-gaston-lagorre.fr\/?page_id=14796"},"modified":"2023-09-09T16:12:12","modified_gmt":"2023-09-09T14:12:12","slug":"michel-beau-ecrivain-et-poete","status":"publish","type":"page","link":"https:\/\/rene-gaston-lagorre.fr\/index.php\/les-amis-de-lagorre\/michel-beau-ecrivain-et-poete\/","title":{"rendered":"Michel Beau, \u00e9crivain et po\u00e8te"},"content":{"rendered":"<p>[vc_row][vc_column][vc_column_text]Michel Beau, originaire du Limousin, apr\u00e8s des \u00e9tudes au coll\u00e8ge de Bellac, entre \u00e0 l\u2019\u00c9cole normale d\u2019instituteurs de Limoges, puis \u00e0 celle de Poitiers, et gagne Paris o\u00f9 il devient un universitaire reconnu.<\/p>\r\n<p>\r\n\r\nIl \u00e9crit ses premiers po\u00e8mes d\u00e8s l\u2019\u00e2ge de onze ans.<\/p>\r\n<p>\r\n\r\nBien vite, anthologies, disques et revues feront conna\u00eetre ses \u0153uvres au public. Michel Beau, \u00e9crivain talentueux et discret, a c\u00f4toy\u00e9 durant sa vie bon nombre de c\u00e9l\u00e9brit\u00e9s du monde litt\u00e9raire et artistique.<\/p>\r\n<p>\r\n\r\nDe 1964 \u00e0 1999, il dirige, \u00e0 Paris, la revue <em>Visages du XXe si\u00e8cle<\/em>. De grands noms parmi lesquels Jos\u00e9phine Baker, Paul Fort, Maurice Genevoix, Jean Rostand, lui t\u00e9moignent leur amiti\u00e9.<\/p>\r\n<p>\r\n\r\nIl a publi\u00e9 de nombreux livres de po\u00e9sie et sera laur\u00e9at de l\u2019Acad\u00e9mie fran\u00e7aise (1969), laur\u00e9at de la Soci\u00e9t\u00e9 des po\u00e8tes fran\u00e7ais (1969) et laur\u00e9at de la Maison de po\u00e9sie (1980).<\/p>\r\n<p>\r\n\r\nMichel Beau a tr\u00e8s bien connu Jules Palmade, normalien, tout comme lui. Il lui consacrera d\u2019ailleurs un num\u00e9ro de la revue \u00ab\u00a0La L\u00e9gion violette\u00a0\u00bb, revue de l\u2019association culturelle des membre de la L\u00e9gion d\u2019honneur, Palmes acad\u00e9miques, Arts et Lettres, qu\u2019il pr\u00e9side dans les ann\u00e9es 60-70.<\/p>\r\n<p>\r\n\r\nEst-ce par son interm\u00e9diaire qu\u2019il fait la connaissance de Ren\u00e9 Gaston-Lagorre\u00a0? Peut-\u00eatre. Quoiqu\u2019il en soit, l\u2019\u00e9crivain et le peintre se reverront \u00e0 Paris et, quand le peintre d\u00e9c\u00e9dera, Michel Beau lui d\u00e9diera un po\u00e8me, ce qui t\u00e9moigne assez de leur profonde amiti\u00e9.<\/p>\r\n<p>\u00a0<\/p>\r\n\r\n<p class=\"has-medium-font-size\"><strong><em>A ceux qui restent<\/em><\/strong><\/p>\r\n<p>\r\n\r\n<strong>A Ren\u00e9 Lagorre<\/strong><\/p>\r\n<p>\r\n\r\nNe dites pas \u00ab\u00a0le jour des morts\u00a0\u00bb<\/p>\r\n<p>\r\n\r\ncar cette mort n\u2019existe pas.<\/p>\r\n<p>\r\n\r\nLorsque tombent les feuilles d\u2019or<\/p>\r\n<p>\r\n\r\nnos disparus sont encore l\u00e0\u00a0;<\/p>\r\n<p>\r\n\r\nils nous entourent, nous soutiennent<\/p>\r\n<p>\r\n\r\ndu haut de leur \u00e9ternit\u00e9\u00a0;<\/p>\r\n<p>\r\n\r\nheureux sont ceux qui se souviennent<\/p>\r\n<p>\r\n\r\ndans ce matin de gris-ouat\u00e9.<\/p>\r\n<p>\r\n\r\nMais, perdus dans ces souvenirs<\/p>\r\n<p>\r\n\r\nque chaque jour nous amassons,<\/p>\r\n<p>\r\n\r\nne laissons pas la vie s\u2019enfuir<\/p>\r\n<p>\r\n\r\nsans plus songer \u00e0 la moisson.<\/p>\r\n<p>\r\n\r\nNon, ne partons pas les mains vides,<\/p>\r\n<p>\r\n\r\ndonnons comme eux des \u00e9pis lourds<\/p>\r\n<p>\r\n\r\npour qu\u2019en d\u2019autres temps se d\u00e9vident<\/p>\r\n<p>\r\n\r\nle trop mince \u00e9cheveau des jours.<\/p>\r\n<p>\r\n\r\nCar nous ne sommes que des graines,<\/p>\r\n<p>\r\n\r\nnous ne naissons pas au hasard<\/p>\r\n<p>\r\n\r\net lorsque le vent nous emm\u00e8ne,<\/p>\r\n<p>\r\n\r\nc\u2019est pour mieux rena\u00eetre plus tard.<\/p>\r\n<p>\r\n\r\n<strong>Michel BEAU<\/strong><\/p>\r\n<p>[\/vc_column_text][\/vc_column][\/vc_row][vc_row][vc_column][vc_empty_space]<div class=\"edgt-image-gallery  edgt-ig-masonry-type  \">\n\t<div class=\"edgt-ig-inner edgt-ig-masonry edgt-ig-two-columns edgt-ig-normal-space\">\n\t\t<div class=\"edgt-ig-grid-sizer\"><\/div>\n\t\t<div class=\"edgt-ig-grid-gutter\"><\/div>\n\t\t\t\t\t\t\t\t<div class=\"edgt-ig-image \">\n\t\t\t\t<div class=\"edgt-ig-image-inner\">\n\t\t\t\t\t\t\t\t\t\t\t<img width=\"178\" height=\"230\" src=\"https:\/\/rene-gaston-lagorre.fr\/wp-content\/uploads\/2023\/08\/2.Michel-Beau.jpg\" class=\"attachment- size-\" alt=\"Photo Michel Beau\" decoding=\"async\" loading=\"lazy\" \/>\t\t\t\t\t\t\t\t\t<\/div>\n\t\t\t<\/div>\n\t\t\t\t\t\t\t\t<div class=\"edgt-ig-image \">\n\t\t\t\t<div class=\"edgt-ig-image-inner\">\n\t\t\t\t\t\t\t\t\t\t\t<img width=\"377\" height=\"497\" src=\"https:\/\/rene-gaston-lagorre.fr\/wp-content\/uploads\/2023\/08\/3.-La-Legion-violette.1968.jpg\" class=\"attachment- size-\" alt=\"La l\u00e9gion violette 1968\" decoding=\"async\" loading=\"lazy\" srcset=\"https:\/\/rene-gaston-lagorre.fr\/wp-content\/uploads\/2023\/08\/3.-La-Legion-violette.1968.jpg 377w, https:\/\/rene-gaston-lagorre.fr\/wp-content\/uploads\/2023\/08\/3.-La-Legion-violette.1968-228x300.jpg 228w\" sizes=\"(max-width: 377px) 100vw, 377px\" \/>\t\t\t\t\t\t\t\t\t<\/div>\n\t\t\t<\/div>\n\t\t\t\t\t\t\t\t<div class=\"edgt-ig-image \">\n\t\t\t\t<div class=\"edgt-ig-image-inner\">\n\t\t\t\t\t\t\t\t\t\t\t<img width=\"382\" height=\"475\" src=\"https:\/\/rene-gaston-lagorre.fr\/wp-content\/uploads\/2023\/08\/4.La-legion-violette.1964.jpg\" class=\"attachment- size-\" alt=\"la L\u00e9gion violette 1964\" decoding=\"async\" loading=\"lazy\" srcset=\"https:\/\/rene-gaston-lagorre.fr\/wp-content\/uploads\/2023\/08\/4.La-legion-violette.1964.jpg 382w, https:\/\/rene-gaston-lagorre.fr\/wp-content\/uploads\/2023\/08\/4.La-legion-violette.1964-241x300.jpg 241w\" sizes=\"(max-width: 382px) 100vw, 382px\" \/>\t\t\t\t\t\t\t\t\t<\/div>\n\t\t\t<\/div>\n\t\t\t\t\t\t\t\t<div class=\"edgt-ig-image \">\n\t\t\t\t<div class=\"edgt-ig-image-inner\">\n\t\t\t\t\t\t\t\t\t\t\t<img width=\"390\" height=\"518\" src=\"https:\/\/rene-gaston-lagorre.fr\/wp-content\/uploads\/2023\/08\/6.La-Legion-violette.1965.jpg\" class=\"attachment- size-\" alt=\"La L\u00e9gion violette.1965\" decoding=\"async\" loading=\"lazy\" srcset=\"https:\/\/rene-gaston-lagorre.fr\/wp-content\/uploads\/2023\/08\/6.La-Legion-violette.1965.jpg 390w, https:\/\/rene-gaston-lagorre.fr\/wp-content\/uploads\/2023\/08\/6.La-Legion-violette.1965-226x300.jpg 226w\" sizes=\"(max-width: 390px) 100vw, 390px\" \/>\t\t\t\t\t\t\t\t\t<\/div>\n\t\t\t<\/div>\n\t\t\t\t\t\t\t\t<div class=\"edgt-ig-image \">\n\t\t\t\t<div class=\"edgt-ig-image-inner\">\n\t\t\t\t\t\t\t\t\t\t\t<img width=\"394\" height=\"510\" src=\"https:\/\/rene-gaston-lagorre.fr\/wp-content\/uploads\/2023\/08\/5.La-Legion-violette.1965-2.jpg\" class=\"attachment- size-\" alt=\"la L\u00e9gion violette 1965\" decoding=\"async\" loading=\"lazy\" srcset=\"https:\/\/rene-gaston-lagorre.fr\/wp-content\/uploads\/2023\/08\/5.La-Legion-violette.1965-2.jpg 394w, https:\/\/rene-gaston-lagorre.fr\/wp-content\/uploads\/2023\/08\/5.La-Legion-violette.1965-2-232x300.jpg 232w\" sizes=\"(max-width: 394px) 100vw, 394px\" \/>\t\t\t\t\t\t\t\t\t<\/div>\n\t\t\t<\/div>\n\t\t\t\t\t\t\t\t<div class=\"edgt-ig-image \">\n\t\t\t\t<div class=\"edgt-ig-image-inner\">\n\t\t\t\t\t\t\t\t\t\t\t<img width=\"207\" height=\"265\" src=\"https:\/\/rene-gaston-lagorre.fr\/wp-content\/uploads\/2023\/08\/1.Michel-Beau.jpg\" class=\"attachment- size-\" alt=\"Photo Michel Beau\" decoding=\"async\" loading=\"lazy\" \/>\t\t\t\t\t\t\t\t\t<\/div>\n\t\t\t<\/div>\n\t\t\t<\/div>\n<\/div>[\/vc_column][\/vc_row]<\/p>","protected":false},"excerpt":{"rendered":"<p>[vc_row][vc_column][vc_column_text]Michel Beau, originaire du Limousin, apr\u00e8s des \u00e9tudes au coll\u00e8ge de Bellac, entre \u00e0 l\u2019\u00c9cole normale d\u2019instituteurs de Limoges, puis \u00e0 celle de Poitiers, et gagne Paris o\u00f9 il devient un universitaire reconnu. Il \u00e9crit ses premiers po\u00e8mes d\u00e8s l\u2019\u00e2ge de onze ans. Bien vite, anthologies, [&hellip;]<\/p>\n","protected":false},"author":2,"featured_media":0,"parent":15235,"menu_order":0,"comment_status":"closed","ping_status":"closed","template":"","meta":[],"_links":{"self":[{"href":"https:\/\/rene-gaston-lagorre.fr\/index.php\/wp-json\/wp\/v2\/pages\/14796"}],"collection":[{"href":"https:\/\/rene-gaston-lagorre.fr\/index.php\/wp-json\/wp\/v2\/pages"}],"about":[{"href":"https:\/\/rene-gaston-lagorre.fr\/index.php\/wp-json\/wp\/v2\/types\/page"}],"author":[{"embeddable":true,"href":"https:\/\/rene-gaston-lagorre.fr\/index.php\/wp-json\/wp\/v2\/users\/2"}],"replies":[{"embeddable":true,"href":"https:\/\/rene-gaston-lagorre.fr\/index.php\/wp-json\/wp\/v2\/comments?post=14796"}],"version-history":[{"count":11,"href":"https:\/\/rene-gaston-lagorre.fr\/index.php\/wp-json\/wp\/v2\/pages\/14796\/revisions"}],"predecessor-version":[{"id":15282,"href":"https:\/\/rene-gaston-lagorre.fr\/index.php\/wp-json\/wp\/v2\/pages\/14796\/revisions\/15282"}],"up":[{"embeddable":true,"href":"https:\/\/rene-gaston-lagorre.fr\/index.php\/wp-json\/wp\/v2\/pages\/15235"}],"wp:attachment":[{"href":"https:\/\/rene-gaston-lagorre.fr\/index.php\/wp-json\/wp\/v2\/media?parent=14796"}],"curies":[{"name":"wp","href":"https:\/\/api.w.org\/{rel}","templated":true}]}}