{"id":14874,"date":"2023-09-02T17:04:56","date_gmt":"2023-09-02T15:04:56","guid":{"rendered":"https:\/\/rene-gaston-lagorre.fr\/?page_id=14874"},"modified":"2023-10-19T12:29:40","modified_gmt":"2023-10-19T10:29:40","slug":"robert-marteau-ecrivain-poete-et-critique-dart","status":"publish","type":"page","link":"https:\/\/rene-gaston-lagorre.fr\/index.php\/les-amis-de-lagorre\/robert-marteau-ecrivain-poete-et-critique-dart\/","title":{"rendered":"Robert Marteau, \u00e9crivain, po\u00e8te et critique d&#8217;art"},"content":{"rendered":"<p>[vc_row][vc_column][vc_column_text]<\/p>\r\n<p>Robert Marteau est aussi l\u2019un des amis chers de Ren\u00e9 Gaston-Lagorre.<\/p>\r\n\r\n<p>Robert Marteau se rappelle la fa\u00e7on dont il a connu le peintre :&#8221;<em>Je crois avoir connu Lagorre par notre ami commun Auguste Lafront, Paco Tolosa en tauromachie et le premier lien concret que j&#8217;aie eu avec Ren\u00e9 reste cette aquarelle montrant un picador sur son cheval<\/em>&#8220;&#8230;<\/p>\r\n\r\n<p>Ensemble, ils partagent l\u2019amour de l\u2019art, mais nourrissent aussi une m\u00eame passion pour l\u2019Espagne, pour la corrida et le plaisir de se retrouver parfois \u00e0 la campagne&#8230;<\/p>\r\n\r\n<p>Quand il \u00e9crit \u00e0 son ami Louis Carsalade, voici ce que Lagorre dit de Robert Marteau:<\/p>\r\n\r\n<p>&#8220;<em>Je suis de votre avis sur le commentaire de Robert Marteau. Notre amiti\u00e9 s\u2019est nou\u00e9e entre les ann\u00e9es 1960 et 1962, pendant mes ann\u00e9es parisiennes.<\/em> <em>C\u2019est un vrai po\u00e8te et rien du <strong>m\u00e9tier de peindre<\/strong> n\u2019est \u00e9tranger \u00e0 sa vision.<\/em>&#8220;<\/p>\r\n\r\n<p>Robert Marteau, poitevin d\u2019origine a longtemps v\u00e9cu au Canada, dont il a pris la nationalit\u00e9 avant de revenir vivre \u00e0 Paris. Il est l\u2019auteur d\u2019une \u0153uvre importante tant en prose qu\u2019en po\u00e9sie. Il recevra en 2003 le Prix de po\u00e9sie Charles Vildrac de la Soci\u00e9t\u00e9 des Gens de Lettres pour son recueil <em>Rites et offrandes. <\/em>Il re\u00e7oit en 2005 le Grand Prix de Po\u00e9sie de l&#8217;Acad\u00e9mie Fran\u00e7aise.<\/p>\r\n\r\n<p>C\u2019est lui qui pr\u00e9facera dans un langage empreint de po\u00e9sie chacun des cinq catalogues d\u2019exposition de Ren\u00e9 Gaston-Lagorre quand la galerie Weiller exposera les tableaux du peintre \u00e0 Paris de 1987 \u00e0 2003 , lui aussi qui cr\u00e9era un livre d\u2019artiste faisant dialoguer po\u00e9sie et peinture, un livre au tirage tr\u00e8s limit\u00e9, ce qui le rend d\u2019autant plus pr\u00e9cieux.<\/p>\r\n<p>Robert Marteau entra\u00eenera Ren\u00e9 Gaston-Lagorre dans son sillage et fera collaborer ce dernier \u00e0 la revue franco-canadienne &#8220;Exile Quaterly&#8221; dont Ren\u00e9 ex\u00e9cutera au moins quatre couvertures.<\/p>\r\n<p><strong>En 2023, <\/strong>pour f\u00eater les 50 ans de parution de la revue,\u00a0 honneur sera rendu \u00e0 Ren\u00e9 Gaston-Lagorre comme en t\u00e9moigne l&#8217;affiche du cinquantenaire des \u00e9ditions Exile.<\/p>\r\n\r\n<p>Robert Marteau est l&#8217;auteur d&#8217;une \u0153uvre importante en prose et en po\u00e9sie dont :<br \/><em>Royaumes<\/em>, po\u00e9sie, Paris, Seuil, 1962.<br \/>(r\u00e9\u00e9dition: <em>Royaumes \u2013 Travaux sur la terre \u2013 Sibylles<\/em>, Paris, \u00abOrph\u00e9e\u00bb, La Diff\u00e9rence, 1995)<br \/><em>Travaux sur la terre<\/em>, po\u00e9sie, Paris, Seuil, 1966.<br \/><em>Des chevaux parmi les arbres<\/em>, roman, Paris, Seuil, 1968 ; Seyssel, Champ Vallon, 1992.<br \/><em>Les vitraux de Chag<\/em><em>a<\/em><em>ll<\/em>, essai, Paris, Mazo, 1972 ; New York, Tudor, 1973.<br \/><em>Pentec\u00f4te<\/em>, roman, Paris, Gallimard, 1973.<\/p>\r\n\r\n<p><em>Venise en miroir<\/em>, Quimper, Calligrammes, 1987.<br \/>Comte de Villamediana, <em>Po\u00e9sies<\/em>, traduction, Paris, \u00abOrph\u00e9e\u00bb, La Diff\u00e9rence, 1989.<br \/><em>Foresti\u00e8res<\/em>, prose, Paris, M\u00e9taili\u00e9, 1990.<br \/><em>Fragments de la France<\/em>, po\u00e9sie, Seyssel, Champ Vallon, 1990.<br \/>Luis de G\u00f3ngora, <em>Premi\u00e8re Solitude<\/em>, traduction, Paris, \u00abOrph\u00e9e\u00bb, La Diff\u00e9rence, 1991.<br \/><em>Le jour qu\u2019on a tu\u00e9 le cochon<\/em>, roman, Seyssel, Champ Vallon, 1991.<br \/><em>Cort\u00e8ge pour le Corbeau<\/em>, po\u00e9sie, Quimper, Calligrammes, 1991.<br \/><em>Liturgie<\/em>, po\u00e9sie, Seyssel, Champ Vallon, 1992.<br \/><em>Huit peintres<\/em>, prose, Paris, La Table Ronde, 1994.<\/p>\r\n<p>\u00a0<\/p>\r\n<p>[\/vc_column_text][vc_empty_space][\/vc_column][\/vc_row][vc_row][vc_column]<div class=\"edgt-image-gallery  edgt-ig-masonry-type  \">\n\t<div class=\"edgt-ig-inner edgt-ig-masonry edgt-ig-two-columns edgt-ig-normal-space\">\n\t\t<div class=\"edgt-ig-grid-sizer\"><\/div>\n\t\t<div class=\"edgt-ig-grid-gutter\"><\/div>\n\t\t\t\t\t\t\t\t<div class=\"edgt-ig-image \">\n\t\t\t\t<div class=\"edgt-ig-image-inner\">\n\t\t\t\t\t\t\t\t\t\t\t<img width=\"478\" height=\"305\" src=\"https:\/\/rene-gaston-lagorre.fr\/wp-content\/uploads\/2023\/08\/photo-Robert-Marteau.jpg\" class=\"attachment- size-\" alt=\"Photo Robert Marteau\" decoding=\"async\" loading=\"lazy\" srcset=\"https:\/\/rene-gaston-lagorre.fr\/wp-content\/uploads\/2023\/08\/photo-Robert-Marteau.jpg 478w, https:\/\/rene-gaston-lagorre.fr\/wp-content\/uploads\/2023\/08\/photo-Robert-Marteau-300x191.jpg 300w\" sizes=\"(max-width: 478px) 100vw, 478px\" \/>\t\t\t\t\t\t\t\t\t<\/div>\n\t\t\t<\/div>\n\t\t\t<\/div>\n<\/div>[vc_empty_space][\/vc_column][\/vc_row]<\/p>","protected":false},"excerpt":{"rendered":"<p>[vc_row][vc_column][vc_column_text] Robert Marteau est aussi l\u2019un des amis chers de Ren\u00e9 Gaston-Lagorre. Robert Marteau se rappelle la fa\u00e7on dont il a connu le peintre :&#8221;Je crois avoir connu Lagorre par notre ami commun Auguste Lafront, Paco Tolosa en tauromachie et le premier lien concret que j&#8217;aie [&hellip;]<\/p>\n","protected":false},"author":2,"featured_media":0,"parent":15235,"menu_order":0,"comment_status":"closed","ping_status":"closed","template":"","meta":[],"_links":{"self":[{"href":"https:\/\/rene-gaston-lagorre.fr\/index.php\/wp-json\/wp\/v2\/pages\/14874"}],"collection":[{"href":"https:\/\/rene-gaston-lagorre.fr\/index.php\/wp-json\/wp\/v2\/pages"}],"about":[{"href":"https:\/\/rene-gaston-lagorre.fr\/index.php\/wp-json\/wp\/v2\/types\/page"}],"author":[{"embeddable":true,"href":"https:\/\/rene-gaston-lagorre.fr\/index.php\/wp-json\/wp\/v2\/users\/2"}],"replies":[{"embeddable":true,"href":"https:\/\/rene-gaston-lagorre.fr\/index.php\/wp-json\/wp\/v2\/comments?post=14874"}],"version-history":[{"count":14,"href":"https:\/\/rene-gaston-lagorre.fr\/index.php\/wp-json\/wp\/v2\/pages\/14874\/revisions"}],"predecessor-version":[{"id":15323,"href":"https:\/\/rene-gaston-lagorre.fr\/index.php\/wp-json\/wp\/v2\/pages\/14874\/revisions\/15323"}],"up":[{"embeddable":true,"href":"https:\/\/rene-gaston-lagorre.fr\/index.php\/wp-json\/wp\/v2\/pages\/15235"}],"wp:attachment":[{"href":"https:\/\/rene-gaston-lagorre.fr\/index.php\/wp-json\/wp\/v2\/media?parent=14874"}],"curies":[{"name":"wp","href":"https:\/\/api.w.org\/{rel}","templated":true}]}}