{"id":15055,"date":"2023-09-03T21:14:15","date_gmt":"2023-09-03T19:14:15","guid":{"rendered":"https:\/\/rene-gaston-lagorre.fr\/?page_id=15055"},"modified":"2023-09-04T15:22:54","modified_gmt":"2023-09-04T13:22:54","slug":"lecture-d-oeuvres","status":"publish","type":"page","link":"https:\/\/rene-gaston-lagorre.fr\/index.php\/lecture-d-oeuvres\/","title":{"rendered":"Lecture d\u2019\u0153uvres"},"content":{"rendered":"<p>[vc_row disable_background_image=&#8221;&#8221; row_type=&#8221;parallax&#8221; simple_background_image=&#8221;101&#8243;][vc_column]<div class=\"edgt-elements-holder   edgt-one-column  edgt-responsive-mode-768 edgt-one-column-alignment-center\" ><div class=\"edgt-eh-item   edgt-horizontal-alignment-center \"  data-item-class=\"edgt-eh-custom-5353\">\n\t<div class=\"edgt-eh-item-inner\">\n\t\t<div class=\"edgt-eh-item-content edgt-eh-custom-5353\" style=\"padding: 11% 0%\">\n\t\t\t[vc_column_text]<\/p>\n<h6><span style=\"color: #ffffff;\">Ren\u00e9 Gaston-Lagorre<br \/>\n<\/span><\/h6>\n<p>[\/vc_column_text][vc_empty_space height=&#8221;8px&#8221;][vc_column_text]<\/p>\n<h1><span style=\"color: #ffffff;\">Lecture d&#8217;une \u0153uvre<\/span><\/h1>\n<p>[\/vc_column_text]\t\t<\/div>\n\t<\/div>\n<\/div><\/div>[\/vc_column][\/vc_row][vc_row row_content_width=&#8221;grid&#8221; css=&#8221;.vc_custom_1493283608340{padding-top: 100px !important;padding-bottom: 100px !important;}&#8221;][vc_column]<div class=\"edgt-process-holder process-text-right \">\n    <div class=\"edgt-process-inner\">\n                    <div class=\"edgt-process-image\">\n                <img width=\"1702\" height=\"2560\" src=\"https:\/\/rene-gaston-lagorre.fr\/wp-content\/uploads\/2023\/06\/20.-Sainte-Trinite.Hst_.-650x324cm.-1938-scaled.jpg\" class=\"attachment-full size-full\" alt=\"St Laurent. la Sainte Trinit\u00e9\" decoding=\"async\" loading=\"lazy\" srcset=\"https:\/\/rene-gaston-lagorre.fr\/wp-content\/uploads\/2023\/06\/20.-Sainte-Trinite.Hst_.-650x324cm.-1938-scaled.jpg 1702w, https:\/\/rene-gaston-lagorre.fr\/wp-content\/uploads\/2023\/06\/20.-Sainte-Trinite.Hst_.-650x324cm.-1938-scaled-600x902.jpg 600w, https:\/\/rene-gaston-lagorre.fr\/wp-content\/uploads\/2023\/06\/20.-Sainte-Trinite.Hst_.-650x324cm.-1938-199x300.jpg 199w, https:\/\/rene-gaston-lagorre.fr\/wp-content\/uploads\/2023\/06\/20.-Sainte-Trinite.Hst_.-650x324cm.-1938-681x1024.jpg 681w, https:\/\/rene-gaston-lagorre.fr\/wp-content\/uploads\/2023\/06\/20.-Sainte-Trinite.Hst_.-650x324cm.-1938-768x1155.jpg 768w, https:\/\/rene-gaston-lagorre.fr\/wp-content\/uploads\/2023\/06\/20.-Sainte-Trinite.Hst_.-650x324cm.-1938-1021x1536.jpg 1021w, https:\/\/rene-gaston-lagorre.fr\/wp-content\/uploads\/2023\/06\/20.-Sainte-Trinite.Hst_.-650x324cm.-1938-1362x2048.jpg 1362w\" sizes=\"(max-width: 1702px) 100vw, 1702px\" \/>            <\/div>\n        \n                <div class=\"edgt-process-text-holder\">\n            \n                        <h2 class=\"edgt-process-title\">\n                La Sainte Trinit\u00e9             <\/h2>\n                                <p class=\"process-text\">``La sainte Trinit\u00e9`` est la premi\u00e8re des \u0153uvres d&#039;envergure que va devoir r\u00e9aliser le peintre \u00e0 la demande de l&#039;abb\u00e9 Carr\u00e8re. Le sujet lui en est impos\u00e9 comme lui sera impos\u00e9 le sujet de la seconde toile \u00e0 r\u00e9aliser dans la petites \u00e9glise de Saint-Laurent-sur-Save, \u00e0 savoir une repr\u00e9sentation de sainte Anne, de la Vierge et de l&#039;Enfant.<\/p>\n                <\/div>\n                    <div class=\"edgt-process-number\">01<\/div>\n        <\/div>\n<\/div><a itemprop=\"url\" href=\"https:\/\/rene-gaston-lagorre.fr\/index.php\/la-sainte-trinite-sainte-anne-la-vierge-et-l-enfant-1938-par-louis-carsalade\/\" target=\"_self\"  class=\"edgt-btn edgt-btn-medium edgt-btn-solid dark\"  >\n    <span class=\"edgt-btn-text\">LIRE PLUS<\/span>\n\n    \n    <\/a>[\/vc_column][\/vc_row][vc_row][vc_column]<div class=\"edgt-separator-holder clearfix  edgt-separator-center edgt-separator-full-width\">\n\t<div class=\"edgt-separator\" style=\"border-color: #e9e9e9;border-style: solid;border-bottom-width: 1px;margin-top: 5px;margin-bottom: 5px\"><\/div>\n<\/div>\n[\/vc_column][\/vc_row][vc_row row_content_width=&#8221;grid&#8221; css=&#8221;.vc_custom_1493283590395{padding-top: 100px !important;padding-bottom: 100px !important;}&#8221;][vc_column]<div class=\"edgt-process-holder process-text-left \">\n    <div class=\"edgt-process-inner\">\n                <div class=\"edgt-process-text-holder\">\n            \n                        <h2 class=\"edgt-process-title\">\n            MARRONNIER EN FLEUR        <\/h2>\n                        <p class=\"process-text\">Au centre exact du tableau , la masse sombre d\u2019un arbre majeur, tachet\u00e9e d\u2019\u00e9clats blancs. C\u2019est un marronnier en fleur, qui focalise le regard, comme si le sujet principal du tableau n\u2019\u00e9tait ni le ch\u00e2teau, ni une vue sur le village, mais cet arbre dont la floraison blanche symbolise le printemps ...<\/p>\n            <\/div>\n                <div class=\"edgt-process-image\">\n            <img width=\"2560\" height=\"1920\" src=\"https:\/\/rene-gaston-lagorre.fr\/wp-content\/uploads\/2023\/06\/20230422_165257-scaled.jpg\" class=\"attachment-full size-full\" alt=\"Marronnier en fleur\" decoding=\"async\" loading=\"lazy\" srcset=\"https:\/\/rene-gaston-lagorre.fr\/wp-content\/uploads\/2023\/06\/20230422_165257-scaled.jpg 2560w, https:\/\/rene-gaston-lagorre.fr\/wp-content\/uploads\/2023\/06\/20230422_165257-scaled-600x450.jpg 600w, https:\/\/rene-gaston-lagorre.fr\/wp-content\/uploads\/2023\/06\/20230422_165257-300x225.jpg 300w, https:\/\/rene-gaston-lagorre.fr\/wp-content\/uploads\/2023\/06\/20230422_165257-1024x768.jpg 1024w, https:\/\/rene-gaston-lagorre.fr\/wp-content\/uploads\/2023\/06\/20230422_165257-768x576.jpg 768w, https:\/\/rene-gaston-lagorre.fr\/wp-content\/uploads\/2023\/06\/20230422_165257-1536x1152.jpg 1536w\" sizes=\"(max-width: 2560px) 100vw, 2560px\" \/>        <\/div>\n                <div class=\"edgt-process-number\">02<\/div>\n    <\/div>\n<\/div><a itemprop=\"url\" href=\"https:\/\/rene-gaston-lagorre.fr\/index.php\/lecture-d-une-oeuvre-marronnier-en-fleur-par-denis-puech\/\" target=\"_self\"  class=\"edgt-btn edgt-btn-medium edgt-btn-solid dark\"  >\n    <span class=\"edgt-btn-text\">LIRE PLUS<\/span>\n\n    \n    <\/a>[\/vc_column][\/vc_row][vc_row][vc_column]<div class=\"edgt-separator-holder clearfix  edgt-separator-center edgt-separator-full-width\">\n\t<div class=\"edgt-separator\" style=\"border-color: #e9e9e9;border-style: solid;border-bottom-width: 1px;margin-top: 5px;margin-bottom: 5px\"><\/div>\n<\/div>\n[\/vc_column][\/vc_row][vc_row row_content_width=&#8221;grid&#8221; css=&#8221;.vc_custom_1493283608340{padding-top: 100px !important;padding-bottom: 100px !important;}&#8221;][vc_column]<div class=\"edgt-process-holder process-text-right \">\n    <div class=\"edgt-process-inner\">\n                    <div class=\"edgt-process-image\">\n                <img width=\"2046\" height=\"2560\" src=\"https:\/\/rene-gaston-lagorre.fr\/wp-content\/uploads\/2023\/07\/3.-Le-vieux-berger.HST_.181x1005cm-Coll.-part-scaled.jpg\" class=\"attachment-full size-full\" alt=\"Le vieux berger.\" decoding=\"async\" loading=\"lazy\" srcset=\"https:\/\/rene-gaston-lagorre.fr\/wp-content\/uploads\/2023\/07\/3.-Le-vieux-berger.HST_.181x1005cm-Coll.-part-scaled.jpg 2046w, https:\/\/rene-gaston-lagorre.fr\/wp-content\/uploads\/2023\/07\/3.-Le-vieux-berger.HST_.181x1005cm-Coll.-part-scaled-600x751.jpg 600w, https:\/\/rene-gaston-lagorre.fr\/wp-content\/uploads\/2023\/07\/3.-Le-vieux-berger.HST_.181x1005cm-Coll.-part-240x300.jpg 240w, https:\/\/rene-gaston-lagorre.fr\/wp-content\/uploads\/2023\/07\/3.-Le-vieux-berger.HST_.181x1005cm-Coll.-part-818x1024.jpg 818w, https:\/\/rene-gaston-lagorre.fr\/wp-content\/uploads\/2023\/07\/3.-Le-vieux-berger.HST_.181x1005cm-Coll.-part-768x961.jpg 768w, https:\/\/rene-gaston-lagorre.fr\/wp-content\/uploads\/2023\/07\/3.-Le-vieux-berger.HST_.181x1005cm-Coll.-part-1228x1536.jpg 1228w, https:\/\/rene-gaston-lagorre.fr\/wp-content\/uploads\/2023\/07\/3.-Le-vieux-berger.HST_.181x1005cm-Coll.-part-1637x2048.jpg 1637w\" sizes=\"(max-width: 2046px) 100vw, 2046px\" \/>            <\/div>\n        \n                <div class=\"edgt-process-text-holder\">\n            \n                        <h2 class=\"edgt-process-title\">\n                REPRESENTATIONS DE BERGERS             <\/h2>\n                                <p class=\"process-text\">Le premier tableau repr\u00e9sente un vieux paysan en costume traditionnel de berger. Derri\u00e8re lui se trouvent des objets typiques du monde pastoral comme les licous et les clarines, suspendus sur une rampe de bois, ou le grand l\u00e9rou plac\u00e9 \u00e0 gauche de la toile. Dans la deuxi\u00e8me toile, le berger occupe aussi une place centrale ...<\/p>\n                <\/div>\n                    <div class=\"edgt-process-number\">03<\/div>\n        <\/div>\n<\/div><a itemprop=\"url\" href=\"https:\/\/rene-gaston-lagorre.fr\/index.php\/lecture-comparee-de-deux-representations-de-bergers-par-pauline-chaboussou-2\/\" target=\"_self\"  class=\"edgt-btn edgt-btn-medium edgt-btn-solid dark\"  >\n    <span class=\"edgt-btn-text\">LIRE PLUS<\/span>\n\n    \n    <\/a>[\/vc_column][\/vc_row][vc_row][vc_column]<div class=\"edgt-separator-holder clearfix  edgt-separator-center edgt-separator-full-width\">\n\t<div class=\"edgt-separator\" style=\"border-color: #e9e9e9;border-style: solid;border-bottom-width: 1px;margin-top: 5px;margin-bottom: 5px\"><\/div>\n<\/div>\n[\/vc_column][\/vc_row][vc_row row_content_width=&#8221;grid&#8221; css=&#8221;.vc_custom_1493283608340{padding-top: 100px !important;padding-bottom: 100px !important;}&#8221;][vc_column]<div class=\"edgt-process-holder process-text-right \">\n    <div class=\"edgt-process-inner\">\n                    <div class=\"edgt-process-image\">\n                <img width=\"1640\" height=\"1349\" src=\"https:\/\/rene-gaston-lagorre.fr\/wp-content\/uploads\/2023\/07\/3.Berger.-Le-Berger-Fromager.-Hst-49x73cm.jpg\" class=\"attachment-full size-full\" alt=\"Le Berger Fromager\" decoding=\"async\" loading=\"lazy\" srcset=\"https:\/\/rene-gaston-lagorre.fr\/wp-content\/uploads\/2023\/07\/3.Berger.-Le-Berger-Fromager.-Hst-49x73cm.jpg 1640w, https:\/\/rene-gaston-lagorre.fr\/wp-content\/uploads\/2023\/07\/3.Berger.-Le-Berger-Fromager.-Hst-49x73cm-600x494.jpg 600w, https:\/\/rene-gaston-lagorre.fr\/wp-content\/uploads\/2023\/07\/3.Berger.-Le-Berger-Fromager.-Hst-49x73cm-300x247.jpg 300w, https:\/\/rene-gaston-lagorre.fr\/wp-content\/uploads\/2023\/07\/3.Berger.-Le-Berger-Fromager.-Hst-49x73cm-1024x842.jpg 1024w, https:\/\/rene-gaston-lagorre.fr\/wp-content\/uploads\/2023\/07\/3.Berger.-Le-Berger-Fromager.-Hst-49x73cm-768x632.jpg 768w, https:\/\/rene-gaston-lagorre.fr\/wp-content\/uploads\/2023\/07\/3.Berger.-Le-Berger-Fromager.-Hst-49x73cm-1536x1263.jpg 1536w\" sizes=\"(max-width: 1640px) 100vw, 1640px\" \/>            <\/div>\n        \n                <div class=\"edgt-process-text-holder\">\n            \n                        <h2 class=\"edgt-process-title\">\n                LE BERGER FROMAGER             <\/h2>\n                                <p class=\"process-text\">\u00c0 l\u2019int\u00e9rieur d\u2019une cabane d\u2019 estive, assis sur une peau de mouton, un berger aux traits anguleux semble s\u2019appliquer \u00e0 la t\u00e2che, celle de la traditionnelle fabrication du fromage ...<\/p>\n                <\/div>\n                    <div class=\"edgt-process-number\">04<\/div>\n        <\/div>\n<\/div><a itemprop=\"url\" href=\"https:\/\/rene-gaston-lagorre.fr\/index.php\/lecture-comparee-le-berger-brigitte-gaston-lagorre\/\" target=\"_self\"  class=\"edgt-btn edgt-btn-medium edgt-btn-solid dark\"  >\n    <span class=\"edgt-btn-text\">LIRE PLUS<\/span>\n\n    \n    <\/a>[\/vc_column][\/vc_row][vc_row][vc_column]<div class=\"edgt-separator-holder clearfix  edgt-separator-center edgt-separator-full-width\">\n\t<div class=\"edgt-separator\" style=\"border-color: #e9e9e9;border-style: solid;border-bottom-width: 1px;margin-top: 5px;margin-bottom: 5px\"><\/div>\n<\/div>\n[\/vc_column][\/vc_row]<\/p>\n","protected":false},"excerpt":{"rendered":"<p>[vc_row disable_background_image=&#8221;&#8221; row_type=&#8221;parallax&#8221; simple_background_image=&#8221;101&#8243;][vc_column][\/vc_column][\/vc_row][vc_row row_content_width=&#8221;grid&#8221; css=&#8221;.vc_custom_1493283608340{padding-top: 100px !important;padding-bottom: 100px !important;}&#8221;][vc_column][\/vc_column][\/vc_row][vc_row][vc_column][\/vc_column][\/vc_row][vc_row row_content_width=&#8221;grid&#8221; css=&#8221;.vc_custom_1493283590395{padding-top: 100px !important;padding-bottom: 100px !important;}&#8221;][vc_column][\/vc_column][\/vc_row][vc_row][vc_column][\/vc_column][\/vc_row][vc_row row_content_width=&#8221;grid&#8221; css=&#8221;.vc_custom_1493283608340{padding-top: 100px !important;padding-bottom: 100px !important;}&#8221;][vc_column][\/vc_column][\/vc_row][vc_row][vc_column][\/vc_column][\/vc_row][vc_row row_content_width=&#8221;grid&#8221; css=&#8221;.vc_custom_1493283608340{padding-top: 100px !important;padding-bottom: 100px !important;}&#8221;][vc_column][\/vc_column][\/vc_row][vc_row][vc_column][\/vc_column][\/vc_row]<\/p>\n","protected":false},"author":1,"featured_media":13758,"parent":0,"menu_order":0,"comment_status":"closed","ping_status":"closed","template":"full-width.php","meta":[],"_links":{"self":[{"href":"https:\/\/rene-gaston-lagorre.fr\/index.php\/wp-json\/wp\/v2\/pages\/15055"}],"collection":[{"href":"https:\/\/rene-gaston-lagorre.fr\/index.php\/wp-json\/wp\/v2\/pages"}],"about":[{"href":"https:\/\/rene-gaston-lagorre.fr\/index.php\/wp-json\/wp\/v2\/types\/page"}],"author":[{"embeddable":true,"href":"https:\/\/rene-gaston-lagorre.fr\/index.php\/wp-json\/wp\/v2\/users\/1"}],"replies":[{"embeddable":true,"href":"https:\/\/rene-gaston-lagorre.fr\/index.php\/wp-json\/wp\/v2\/comments?post=15055"}],"version-history":[{"count":11,"href":"https:\/\/rene-gaston-lagorre.fr\/index.php\/wp-json\/wp\/v2\/pages\/15055\/revisions"}],"predecessor-version":[{"id":15111,"href":"https:\/\/rene-gaston-lagorre.fr\/index.php\/wp-json\/wp\/v2\/pages\/15055\/revisions\/15111"}],"wp:featuredmedia":[{"embeddable":true,"href":"https:\/\/rene-gaston-lagorre.fr\/index.php\/wp-json\/wp\/v2\/media\/13758"}],"wp:attachment":[{"href":"https:\/\/rene-gaston-lagorre.fr\/index.php\/wp-json\/wp\/v2\/media?parent=15055"}],"curies":[{"name":"wp","href":"https:\/\/api.w.org\/{rel}","templated":true}]}}