{"id":15064,"date":"2023-09-03T21:33:00","date_gmt":"2023-09-03T19:33:00","guid":{"rendered":"https:\/\/rene-gaston-lagorre.fr\/?page_id=15064"},"modified":"2023-09-07T08:14:47","modified_gmt":"2023-09-07T06:14:47","slug":"lectures-thematiques","status":"publish","type":"page","link":"https:\/\/rene-gaston-lagorre.fr\/index.php\/lectures-thematiques\/","title":{"rendered":"Lectures th\u00e9matiques"},"content":{"rendered":"<p>[vc_row disable_background_image=&#8221;&#8221; row_type=&#8221;parallax&#8221; simple_background_image=&#8221;101&#8243;][vc_column]<div class=\"edgt-elements-holder   edgt-one-column  edgt-responsive-mode-768 edgt-one-column-alignment-center\" ><div class=\"edgt-eh-item   edgt-horizontal-alignment-center \"  data-item-class=\"edgt-eh-custom-7690\">\n\t<div class=\"edgt-eh-item-inner\">\n\t\t<div class=\"edgt-eh-item-content edgt-eh-custom-7690\" style=\"padding: 11% 0%\">\n\t\t\t[vc_column_text]<\/p>\n<h6><span style=\"color: #ffffff;\">Ren\u00e9 Gaston-Lagorre<br \/>\n<\/span><\/h6>\n<p>[\/vc_column_text][vc_empty_space height=&#8221;8px&#8221;][vc_column_text]<\/p>\n<h1><span style=\"color: #ffffff;\">lectures th\u00e9matiques<\/span><\/h1>\n<p>[\/vc_column_text]\t\t<\/div>\n\t<\/div>\n<\/div><\/div>[\/vc_column][\/vc_row][vc_row row_content_width=&#8221;grid&#8221; css=&#8221;.vc_custom_1493283608340{padding-top: 100px !important;padding-bottom: 100px !important;}&#8221;][vc_column]<div class=\"edgt-process-holder process-text-right \">\n    <div class=\"edgt-process-inner\">\n                    <div class=\"edgt-process-image\">\n                <img width=\"2560\" height=\"1740\" src=\"https:\/\/rene-gaston-lagorre.fr\/wp-content\/uploads\/2023\/08\/1.LEmbarquement-pour-Cythere.Hommage-a-Watteau-scaled.jpg\" class=\"attachment-full size-full\" alt=\"Hommage \u00e0 Watteau\" decoding=\"async\" loading=\"lazy\" srcset=\"https:\/\/rene-gaston-lagorre.fr\/wp-content\/uploads\/2023\/08\/1.LEmbarquement-pour-Cythere.Hommage-a-Watteau-scaled.jpg 2560w, https:\/\/rene-gaston-lagorre.fr\/wp-content\/uploads\/2023\/08\/1.LEmbarquement-pour-Cythere.Hommage-a-Watteau-300x204.jpg 300w, https:\/\/rene-gaston-lagorre.fr\/wp-content\/uploads\/2023\/08\/1.LEmbarquement-pour-Cythere.Hommage-a-Watteau-1024x696.jpg 1024w, https:\/\/rene-gaston-lagorre.fr\/wp-content\/uploads\/2023\/08\/1.LEmbarquement-pour-Cythere.Hommage-a-Watteau-768x522.jpg 768w, https:\/\/rene-gaston-lagorre.fr\/wp-content\/uploads\/2023\/08\/1.LEmbarquement-pour-Cythere.Hommage-a-Watteau-1536x1044.jpg 1536w, https:\/\/rene-gaston-lagorre.fr\/wp-content\/uploads\/2023\/08\/1.LEmbarquement-pour-Cythere.Hommage-a-Watteau-1320x897.jpg 1320w, https:\/\/rene-gaston-lagorre.fr\/wp-content\/uploads\/2023\/08\/1.LEmbarquement-pour-Cythere.Hommage-a-Watteau-600x408.jpg 600w\" sizes=\"(max-width: 2560px) 100vw, 2560px\" \/>            <\/div>\n        \n                <div class=\"edgt-process-text-holder\">\n            \n                        <h2 class=\"edgt-process-title\">\n                Ren\u00e9 Gaston-Lagorre par Jean-Claude Dedieu             <\/h2>\n                                <p class=\"process-text\">La peinture de Ren\u00e9 Gaston-Lagorre contrarie la critique prompte \u00e0 classer, \u00e9tiqueter, enfermer une \u0153uvre dans une \u00e9cole, un mouvement artistique ou, plus vaguement, une \u00e9poque. Aujourd\u2019hui nous regardons le peintre \u201d tel qu\u2019en lui-m\u00eame enfin l\u2019\u00e9ternit\u00e9 le change \u201d et nous sommes d\u00e9concert\u00e9s parce que ce \u201clui-m\u00eame\u201d se montre sous une multiplicit\u00e9 de personnes.<\/p>\n                <\/div>\n                    <div class=\"edgt-process-number\">01<\/div>\n        <\/div>\n<\/div><a itemprop=\"url\" href=\"https:\/\/rene-gaston-lagorre.fr\/index.php\/rene-gaston-lagorre-par-jean-claude-dedieu\/\" target=\"_self\"  class=\"edgt-btn edgt-btn-medium edgt-btn-solid dark\"  >\n    <span class=\"edgt-btn-text\">LIRE PLUS<\/span>\n\n    \n    <\/a>[\/vc_column][\/vc_row][vc_row][vc_column]<div class=\"edgt-separator-holder clearfix  edgt-separator-center edgt-separator-full-width\">\n\t<div class=\"edgt-separator\" style=\"border-color: #e9e9e9;border-style: solid;border-bottom-width: 1px;margin-top: 5px;margin-bottom: 5px\"><\/div>\n<\/div>\n[\/vc_column][\/vc_row][vc_row row_content_width=&#8221;grid&#8221; css=&#8221;.vc_custom_1493283590395{padding-top: 100px !important;padding-bottom: 100px !important;}&#8221;][vc_column]<div class=\"edgt-process-holder process-text-left \">\n    <div class=\"edgt-process-inner\">\n                <div class=\"edgt-process-text-holder\">\n            \n                        <h2 class=\"edgt-process-title\">\n            De l\u2019importance du chien dans l\u2019\u0153uvre de Lagorre        <\/h2>\n                        <p class=\"process-text\">Les jours de foire \u00e0 Seix, d\u00e9sinvolte, il traverse la rue en toute d\u00e9contraction car, pour lui, ce jour l\u00e0 est un jour de repos. Bien souvent, dans les pas du berger, il parcourt la montagne, guidant le troupeau, guettant et surveillant le moindre pr\u00e9dateur, aidant sans rel\u00e2che son ma\u00eetre.<\/p>\n            <\/div>\n                <div class=\"edgt-process-image\">\n            <img width=\"2560\" height=\"1828\" src=\"https:\/\/rene-gaston-lagorre.fr\/wp-content\/uploads\/2023\/07\/62.Bergers.Gouache.45x32cm.sd--scaled.jpg\" class=\"attachment-full size-full\" alt=\"Groupe de trois bergers accompagn\u00e9s de leur chien\" decoding=\"async\" loading=\"lazy\" srcset=\"https:\/\/rene-gaston-lagorre.fr\/wp-content\/uploads\/2023\/07\/62.Bergers.Gouache.45x32cm.sd--scaled.jpg 2560w, https:\/\/rene-gaston-lagorre.fr\/wp-content\/uploads\/2023\/07\/62.Bergers.Gouache.45x32cm.sd--scaled-600x428.jpg 600w, https:\/\/rene-gaston-lagorre.fr\/wp-content\/uploads\/2023\/07\/62.Bergers.Gouache.45x32cm.sd--300x214.jpg 300w, https:\/\/rene-gaston-lagorre.fr\/wp-content\/uploads\/2023\/07\/62.Bergers.Gouache.45x32cm.sd--1024x731.jpg 1024w, https:\/\/rene-gaston-lagorre.fr\/wp-content\/uploads\/2023\/07\/62.Bergers.Gouache.45x32cm.sd--768x548.jpg 768w, https:\/\/rene-gaston-lagorre.fr\/wp-content\/uploads\/2023\/07\/62.Bergers.Gouache.45x32cm.sd--1536x1097.jpg 1536w\" sizes=\"(max-width: 2560px) 100vw, 2560px\" \/>        <\/div>\n                <div class=\"edgt-process-number\">02<\/div>\n    <\/div>\n<\/div><a itemprop=\"url\" href=\"https:\/\/rene-gaston-lagorre.fr\/index.php\/de-limportance-du-chien-dans-loeuvre-de-lagorre-lecture-doeuvre\/\" target=\"_self\"  class=\"edgt-btn edgt-btn-medium edgt-btn-solid dark\"  >\n    <span class=\"edgt-btn-text\">LIRE PLUS<\/span>\n\n    \n    <\/a>[\/vc_column][\/vc_row][vc_row][vc_column]<div class=\"edgt-separator-holder clearfix  edgt-separator-center edgt-separator-full-width\">\n\t<div class=\"edgt-separator\" style=\"border-color: #e9e9e9;border-style: solid;border-bottom-width: 1px;margin-top: 5px;margin-bottom: 5px\"><\/div>\n<\/div>\n[\/vc_column][\/vc_row][vc_row row_content_width=&#8221;grid&#8221; css=&#8221;.vc_custom_1493283608340{padding-top: 100px !important;padding-bottom: 100px !important;}&#8221;][vc_column]<div class=\"edgt-process-holder process-text-right \">\n    <div class=\"edgt-process-inner\">\n                    <div class=\"edgt-process-image\">\n                <img width=\"1755\" height=\"1275\" src=\"https:\/\/rene-gaston-lagorre.fr\/wp-content\/uploads\/2023\/07\/11.Logo-pour-la-Ronde-de-lisard-course-cycliste.jpg\" class=\"attachment-full size-full\" alt=\"Logo Ronde de l&#039;isard\" decoding=\"async\" loading=\"lazy\" srcset=\"https:\/\/rene-gaston-lagorre.fr\/wp-content\/uploads\/2023\/07\/11.Logo-pour-la-Ronde-de-lisard-course-cycliste.jpg 1755w, https:\/\/rene-gaston-lagorre.fr\/wp-content\/uploads\/2023\/07\/11.Logo-pour-la-Ronde-de-lisard-course-cycliste-600x436.jpg 600w, https:\/\/rene-gaston-lagorre.fr\/wp-content\/uploads\/2023\/07\/11.Logo-pour-la-Ronde-de-lisard-course-cycliste-300x218.jpg 300w, https:\/\/rene-gaston-lagorre.fr\/wp-content\/uploads\/2023\/07\/11.Logo-pour-la-Ronde-de-lisard-course-cycliste-1024x744.jpg 1024w, https:\/\/rene-gaston-lagorre.fr\/wp-content\/uploads\/2023\/07\/11.Logo-pour-la-Ronde-de-lisard-course-cycliste-768x558.jpg 768w, https:\/\/rene-gaston-lagorre.fr\/wp-content\/uploads\/2023\/07\/11.Logo-pour-la-Ronde-de-lisard-course-cycliste-1536x1116.jpg 1536w, https:\/\/rene-gaston-lagorre.fr\/wp-content\/uploads\/2023\/07\/11.Logo-pour-la-Ronde-de-lisard-course-cycliste-1320x959.jpg 1320w\" sizes=\"(max-width: 1755px) 100vw, 1755px\" \/>            <\/div>\n        \n                <div class=\"edgt-process-text-holder\">\n            \n                        <h2 class=\"edgt-process-title\">\n                Le bestiaire de Lagorre             <\/h2>\n                                <p class=\"process-text\">Entre b\u00eates sauvages, animaux domestiques ou encore b\u00eates sauvages que l\u2019homme tente de domestiquer, le bestiaire de Lagorre s\u2019affirme assez complet !<\/p>\n                <\/div>\n                    <div class=\"edgt-process-number\">03<\/div>\n        <\/div>\n<\/div><a itemprop=\"url\" href=\"https:\/\/rene-gaston-lagorre.fr\/index.php\/le-bestiaire-de-lagorre-lecture-doeuvre\/\" target=\"_self\"  class=\"edgt-btn edgt-btn-medium edgt-btn-solid dark\"  >\n    <span class=\"edgt-btn-text\">LIRE PLUS<\/span>\n\n    \n    <\/a>[\/vc_column][\/vc_row][vc_row][vc_column]<div class=\"edgt-separator-holder clearfix  edgt-separator-center edgt-separator-full-width\">\n\t<div class=\"edgt-separator\" style=\"border-color: #e9e9e9;border-style: solid;border-bottom-width: 1px;margin-top: 5px;margin-bottom: 5px\"><\/div>\n<\/div>\n[\/vc_column][\/vc_row][vc_row row_content_width=&#8221;grid&#8221; css=&#8221;.vc_custom_1493283608340{padding-top: 100px !important;padding-bottom: 100px !important;}&#8221;][vc_column]<div class=\"edgt-process-holder process-text-right \">\n    <div class=\"edgt-process-inner\">\n                    <div class=\"edgt-process-image\">\n                <img width=\"849\" height=\"1133\" src=\"https:\/\/rene-gaston-lagorre.fr\/wp-content\/uploads\/2023\/07\/Gitan.-Gouache-sur-papier.-21x27cm.jpg\" class=\"attachment-full size-full\" alt=\"Gitan\" decoding=\"async\" loading=\"lazy\" srcset=\"https:\/\/rene-gaston-lagorre.fr\/wp-content\/uploads\/2023\/07\/Gitan.-Gouache-sur-papier.-21x27cm.jpg 849w, https:\/\/rene-gaston-lagorre.fr\/wp-content\/uploads\/2023\/07\/Gitan.-Gouache-sur-papier.-21x27cm-600x801.jpg 600w, https:\/\/rene-gaston-lagorre.fr\/wp-content\/uploads\/2023\/07\/Gitan.-Gouache-sur-papier.-21x27cm-225x300.jpg 225w, https:\/\/rene-gaston-lagorre.fr\/wp-content\/uploads\/2023\/07\/Gitan.-Gouache-sur-papier.-21x27cm-767x1024.jpg 767w, https:\/\/rene-gaston-lagorre.fr\/wp-content\/uploads\/2023\/07\/Gitan.-Gouache-sur-papier.-21x27cm-768x1025.jpg 768w\" sizes=\"(max-width: 849px) 100vw, 849px\" \/>            <\/div>\n        \n                <div class=\"edgt-process-text-holder\">\n            \n                        <h2 class=\"edgt-process-title\">\n                la musique dans l\u2019\u0153uvre de Lagorre             <\/h2>\n                                <p class=\"process-text\">Tout au long de sa vie Lagorre veillera \u00e0 mettre en \u0153uvre ce dialogue, tant dans la peinture figurative que dans ses compositions abstraites, faisant en sorte que jamais ce dialogue ne s\u2019interrompe.<\/p>\n                <\/div>\n                    <div class=\"edgt-process-number\">04<\/div>\n        <\/div>\n<\/div><a itemprop=\"url\" href=\"https:\/\/rene-gaston-lagorre.fr\/index.php\/presence-de-la-musique-dans-l-oeuvre-de-lagorre\/\" target=\"_self\"  class=\"edgt-btn edgt-btn-medium edgt-btn-solid dark\"  >\n    <span class=\"edgt-btn-text\">LIRE PLUS<\/span>\n\n    \n    <\/a>[\/vc_column][\/vc_row][vc_row][vc_column]<div class=\"edgt-separator-holder clearfix  edgt-separator-center edgt-separator-full-width\">\n\t<div class=\"edgt-separator\" style=\"border-color: #e9e9e9;border-style: solid;border-bottom-width: 1px;margin-top: 5px;margin-bottom: 5px\"><\/div>\n<\/div>\n[\/vc_column][\/vc_row]<\/p>\n","protected":false},"excerpt":{"rendered":"<p>[vc_row disable_background_image=&#8221;&#8221; row_type=&#8221;parallax&#8221; simple_background_image=&#8221;101&#8243;][vc_column][\/vc_column][\/vc_row][vc_row row_content_width=&#8221;grid&#8221; css=&#8221;.vc_custom_1493283608340{padding-top: 100px !important;padding-bottom: 100px !important;}&#8221;][vc_column][\/vc_column][\/vc_row][vc_row][vc_column][\/vc_column][\/vc_row][vc_row row_content_width=&#8221;grid&#8221; css=&#8221;.vc_custom_1493283590395{padding-top: 100px !important;padding-bottom: 100px !important;}&#8221;][vc_column][\/vc_column][\/vc_row][vc_row][vc_column][\/vc_column][\/vc_row][vc_row row_content_width=&#8221;grid&#8221; css=&#8221;.vc_custom_1493283608340{padding-top: 100px !important;padding-bottom: 100px !important;}&#8221;][vc_column][\/vc_column][\/vc_row][vc_row][vc_column][\/vc_column][\/vc_row][vc_row row_content_width=&#8221;grid&#8221; css=&#8221;.vc_custom_1493283608340{padding-top: 100px !important;padding-bottom: 100px !important;}&#8221;][vc_column][\/vc_column][\/vc_row][vc_row][vc_column][\/vc_column][\/vc_row]<\/p>\n","protected":false},"author":1,"featured_media":13758,"parent":0,"menu_order":0,"comment_status":"closed","ping_status":"closed","template":"full-width.php","meta":[],"_links":{"self":[{"href":"https:\/\/rene-gaston-lagorre.fr\/index.php\/wp-json\/wp\/v2\/pages\/15064"}],"collection":[{"href":"https:\/\/rene-gaston-lagorre.fr\/index.php\/wp-json\/wp\/v2\/pages"}],"about":[{"href":"https:\/\/rene-gaston-lagorre.fr\/index.php\/wp-json\/wp\/v2\/types\/page"}],"author":[{"embeddable":true,"href":"https:\/\/rene-gaston-lagorre.fr\/index.php\/wp-json\/wp\/v2\/users\/1"}],"replies":[{"embeddable":true,"href":"https:\/\/rene-gaston-lagorre.fr\/index.php\/wp-json\/wp\/v2\/comments?post=15064"}],"version-history":[{"count":4,"href":"https:\/\/rene-gaston-lagorre.fr\/index.php\/wp-json\/wp\/v2\/pages\/15064\/revisions"}],"predecessor-version":[{"id":15221,"href":"https:\/\/rene-gaston-lagorre.fr\/index.php\/wp-json\/wp\/v2\/pages\/15064\/revisions\/15221"}],"wp:featuredmedia":[{"embeddable":true,"href":"https:\/\/rene-gaston-lagorre.fr\/index.php\/wp-json\/wp\/v2\/media\/13758"}],"wp:attachment":[{"href":"https:\/\/rene-gaston-lagorre.fr\/index.php\/wp-json\/wp\/v2\/media?parent=15064"}],"curies":[{"name":"wp","href":"https:\/\/api.w.org\/{rel}","templated":true}]}}