{"id":15235,"date":"2023-09-09T09:22:33","date_gmt":"2023-09-09T07:22:33","guid":{"rendered":"https:\/\/rene-gaston-lagorre.fr\/?page_id=15235"},"modified":"2023-09-09T13:32:56","modified_gmt":"2023-09-09T11:32:56","slug":"les-amis-de-lagorre","status":"publish","type":"page","link":"https:\/\/rene-gaston-lagorre.fr\/index.php\/les-amis-de-lagorre\/","title":{"rendered":"Les amis de Lagorre"},"content":{"rendered":"<p>[vc_row row_type=&#8221;parallax&#8221; parallax_background_image=&#8221;15154&#8243;][vc_column]<div class=\"edgt-elements-holder   edgt-one-column  edgt-responsive-mode-768 edgt-one-column-alignment-center\" ><div class=\"edgt-eh-item   edgt-horizontal-alignment-center \"  data-item-class=\"edgt-eh-custom-7316\">\n\t<div class=\"edgt-eh-item-inner\">\n\t\t<div class=\"edgt-eh-item-content edgt-eh-custom-7316\" style=\"padding: 11% 0%\">\n\t\t\t[vc_column_text]<\/p>\n<h6><span style=\"color: #ffffff;\">Ren\u00e9 Gaston-Lagorre<br \/>\n<\/span><\/h6>\n<p>[\/vc_column_text][vc_empty_space height=&#8221;8px&#8221;][vc_column_text]<\/p>\n<h1><span style=\"color: #ffffff;\">LES AMIS DE LAGORRE<br \/>\n<\/span><\/h1>\n<p>[\/vc_column_text]\t\t<\/div>\n\t<\/div>\n<\/div><\/div>[\/vc_column][\/vc_row][vc_row row_content_width=&#8221;grid&#8221; css=&#8221;.vc_custom_1493283608340{padding-top: 100px !important;padding-bottom: 100px !important;}&#8221;][vc_column][vc_column_text]Ren\u00e9 Gaston-Lagorre \u00e9tait un homme malicieux, qui souriait souvent , tr\u00e8s humain, et tr\u00e8s bavard aussi malgr\u00e9 son cheveu sur la langue qui parfois g\u00eanait son \u00e9locution, il avait toujours une parole affectueuse pour qui le saluait et accueillait le plus souvent \u00e0 bras ouverts celles et ceux qui venaient lui rendre visite dans son atelier, tant et si bien que chacun croyait \u00eatre son ami.<\/p>\n<p>Pourtant, les hommes et les femmes qui ont r\u00e9ellement compt\u00e9 pour le peintre sont assez peu nombreux.<\/p>\n<p>Des vrai(e)s amis(e) disparus trop t\u00f4t, nous ne parlerons pas, car nous ne les avons pas connus, c\u2019est le cas de Denise Romanini Aragon, mais aussi de son premier encadreur, monsieur Coumes-Marquet dont il parlait avec chaleur comme il le faisait de sa voisine parisiano-seixoise, Josette Vidal. Nous nous contentons d\u2019\u00e9voquer leur nom, \u00e0 cause m\u00eame de notre propre m\u00e9connaissance.<\/p>\n<p>En revanche, il est des amis de Ren\u00e9 que nous avons eu la chance de croiser de leur vivant et qui ont acquis une telle notori\u00e9t\u00e9 qu\u2019il est assez simple d\u2019en \u00e9voquer ici le souvenir.<\/p>\n<p>C\u2019est le cas de<strong> Ryton Cazenave<\/strong>, de<strong> Louis Carsalade<\/strong>, de <strong>Ren\u00e9-Victor Pilhes<\/strong>, de<strong> Robert Marteau<\/strong> ou encore de <strong>Michel Beau<\/strong> que nous \u00e9voquerons tour \u00e0 tour.[\/vc_column_text][\/vc_column][\/vc_row][vc_row row_content_width=&#8221;grid&#8221; css=&#8221;.vc_custom_1493283608340{padding-top: 100px !important;padding-bottom: 100px !important;}&#8221;][vc_column]<div class=\"edgt-process-holder process-text-right \">\n    <div class=\"edgt-process-inner\">\n                    <div class=\"edgt-process-image\">\n                <img width=\"919\" height=\"1343\" src=\"https:\/\/rene-gaston-lagorre.fr\/wp-content\/uploads\/2023\/08\/5.Rene-et-Ryton-a-Seix.jpg\" class=\"attachment-full size-full\" alt=\"Photo avec Ryton\" decoding=\"async\" loading=\"lazy\" srcset=\"https:\/\/rene-gaston-lagorre.fr\/wp-content\/uploads\/2023\/08\/5.Rene-et-Ryton-a-Seix.jpg 919w, https:\/\/rene-gaston-lagorre.fr\/wp-content\/uploads\/2023\/08\/5.Rene-et-Ryton-a-Seix-205x300.jpg 205w, https:\/\/rene-gaston-lagorre.fr\/wp-content\/uploads\/2023\/08\/5.Rene-et-Ryton-a-Seix-701x1024.jpg 701w, https:\/\/rene-gaston-lagorre.fr\/wp-content\/uploads\/2023\/08\/5.Rene-et-Ryton-a-Seix-768x1122.jpg 768w, https:\/\/rene-gaston-lagorre.fr\/wp-content\/uploads\/2023\/08\/5.Rene-et-Ryton-a-Seix-600x877.jpg 600w\" sizes=\"(max-width: 919px) 100vw, 919px\" \/>            <\/div>\n        \n                <div class=\"edgt-process-text-holder\">\n            \n                        <h2 class=\"edgt-process-title\">\n                Ryton Cazenave, artiste-peintre             <\/h2>\n                                <p class=\"process-text\">Parmi les amis de jeunesse de Ren\u00e9 Gaston-Lagorre figure un autre artiste-peintre de talent qui excellera bient\u00f4t dans un registre diff\u00e9rent de son registre initial quand il choisira de peindre des aquarelles. Cet artiste n\u2019est autre que Ryton Cazenave...<\/p>\n                <\/div>\n                    <div class=\"edgt-process-number\">01<\/div>\n        <\/div>\n<\/div><a itemprop=\"url\" href=\"https:\/\/rene-gaston-lagorre.fr\/index.php\/ryton-cazenave-artiste-peintre\/\" target=\"_self\"  class=\"edgt-btn edgt-btn-medium edgt-btn-solid dark\"  >\n    <span class=\"edgt-btn-text\">LIRE PLUS<\/span>\n\n    \n    <\/a>[\/vc_column][\/vc_row][vc_row][vc_column]<div class=\"edgt-separator-holder clearfix  edgt-separator-center edgt-separator-full-width\">\n\t<div class=\"edgt-separator\" style=\"border-color: #e9e9e9;border-style: solid;border-bottom-width: 1px;margin-top: 5px;margin-bottom: 5px\"><\/div>\n<\/div>\n[\/vc_column][\/vc_row][vc_row row_content_width=&#8221;grid&#8221; css=&#8221;.vc_custom_1493283590395{padding-top: 100px !important;padding-bottom: 100px !important;}&#8221;][vc_column]<div class=\"edgt-process-holder process-text-left \">\n    <div class=\"edgt-process-inner\">\n                <div class=\"edgt-process-text-holder\">\n            \n                        <h2 class=\"edgt-process-title\">\n            LOUIS CARSALADE, INSTITUTEUR ET ECRIVAIN        <\/h2>\n                        <p class=\"process-text\">Parmi les meilleurs et les plus fid\u00e8les amis de Lagorre figure sans conteste Louis Carsalade. Lagorre l\u2019a connu tr\u00e8s t\u00f4t puisqu\u2019il l\u2019a rencontr\u00e9 \u00e0 Saint-Laurent-sur-Save, d\u00e8s l\u2019apr\u00e8s-guerre. \u00ab Nous avons fait sa connaissance en 1945, alors qu\u2019il peignait au Foyer populaire de Saint-Laurent, sa grande toile des Martyrs de Meilhan \u2026 A la fin de l\u2019ann\u00e9e scolaire, en juillet 1946, il avait, d\u2019un coup de patte in\u00e9gal\u00e9, transform\u00e9 en \u0153uvre d\u2019art les stands de cette kermesse du renouveau qui fut, sur les bords de la Save, la premi\u00e8re manifestation d\u2019all\u00e9gresse de l\u2019apr\u00e8s-guerre \u00bb...<\/p>\n            <\/div>\n                <div class=\"edgt-process-image\">\n            <img width=\"672\" height=\"745\" src=\"https:\/\/rene-gaston-lagorre.fr\/wp-content\/uploads\/2023\/08\/1.Louis-Carsalade-2001-a-Seix.jpg\" class=\"attachment-full size-full\" alt=\"Photo Louis Caesalade\" decoding=\"async\" loading=\"lazy\" srcset=\"https:\/\/rene-gaston-lagorre.fr\/wp-content\/uploads\/2023\/08\/1.Louis-Carsalade-2001-a-Seix.jpg 672w, https:\/\/rene-gaston-lagorre.fr\/wp-content\/uploads\/2023\/08\/1.Louis-Carsalade-2001-a-Seix-271x300.jpg 271w, https:\/\/rene-gaston-lagorre.fr\/wp-content\/uploads\/2023\/08\/1.Louis-Carsalade-2001-a-Seix-600x665.jpg 600w\" sizes=\"(max-width: 672px) 100vw, 672px\" \/>        <\/div>\n                <div class=\"edgt-process-number\">02<\/div>\n    <\/div>\n<\/div><a itemprop=\"url\" href=\"https:\/\/rene-gaston-lagorre.fr\/index.php\/louis-carsalade-instituteur-et-ecrivain\/\" target=\"_self\"  class=\"edgt-btn edgt-btn-medium edgt-btn-solid dark\"  >\n    <span class=\"edgt-btn-text\">LIRE PLUS<\/span>\n\n    \n    <\/a>[\/vc_column][\/vc_row][vc_row][vc_column]<div class=\"edgt-separator-holder clearfix  edgt-separator-center edgt-separator-full-width\">\n\t<div class=\"edgt-separator\" style=\"border-color: #e9e9e9;border-style: solid;border-bottom-width: 1px;margin-top: 5px;margin-bottom: 5px\"><\/div>\n<\/div>\n[\/vc_column][\/vc_row][vc_row row_content_width=&#8221;grid&#8221; css=&#8221;.vc_custom_1493283608340{padding-top: 100px !important;padding-bottom: 100px !important;}&#8221;][vc_column]<div class=\"edgt-process-holder process-text-right \">\n    <div class=\"edgt-process-inner\">\n                    <div class=\"edgt-process-image\">\n                <img width=\"409\" height=\"533\" src=\"https:\/\/rene-gaston-lagorre.fr\/wp-content\/uploads\/2023\/08\/2.RVP_.jpeg\" class=\"attachment-full size-full\" alt=\"\" decoding=\"async\" loading=\"lazy\" srcset=\"https:\/\/rene-gaston-lagorre.fr\/wp-content\/uploads\/2023\/08\/2.RVP_.jpeg 409w, https:\/\/rene-gaston-lagorre.fr\/wp-content\/uploads\/2023\/08\/2.RVP_-230x300.jpeg 230w\" sizes=\"(max-width: 409px) 100vw, 409px\" \/>            <\/div>\n        \n                <div class=\"edgt-process-text-holder\">\n            \n                        <h2 class=\"edgt-process-title\">\n                Ren\u00e9-Victor Pilhes, \u00e9crivain             <\/h2>\n                                <p class=\"process-text\">Ami de longue date de Ren\u00e9 Gaston-Lagorre, tous deux se retrouvent tant\u00f4t \u00e0 Seix o\u00f9 Ren\u00e9 Victor Pilhes vient lui aussi en vacances, tant\u00f4t \u00e0 Paris o\u00f9 ils vivent le reste de l\u2019ann\u00e9e...<\/p>\n                <\/div>\n                    <div class=\"edgt-process-number\">03<\/div>\n        <\/div>\n<\/div><a itemprop=\"url\" href=\"https:\/\/rene-gaston-lagorre.fr\/index.php\/rene-victor-pilhes-ecrivain\/\" target=\"_self\"  class=\"edgt-btn edgt-btn-medium edgt-btn-solid dark\"  >\n    <span class=\"edgt-btn-text\">LIRE PLUS<\/span>\n\n    \n    <\/a>[\/vc_column][\/vc_row][vc_row][vc_column]<div class=\"edgt-separator-holder clearfix  edgt-separator-center edgt-separator-full-width\">\n\t<div class=\"edgt-separator\" style=\"border-color: #e9e9e9;border-style: solid;border-bottom-width: 1px;margin-top: 5px;margin-bottom: 5px\"><\/div>\n<\/div>\n[\/vc_column][\/vc_row][vc_row row_content_width=&#8221;grid&#8221; css=&#8221;.vc_custom_1493283608340{padding-top: 100px !important;padding-bottom: 100px !important;}&#8221;][vc_column]<div class=\"edgt-process-holder process-text-right \">\n    <div class=\"edgt-process-inner\">\n                    <div class=\"edgt-process-image\">\n                <img width=\"178\" height=\"230\" src=\"https:\/\/rene-gaston-lagorre.fr\/wp-content\/uploads\/2023\/08\/2.Michel-Beau.jpg\" class=\"attachment-full size-full\" alt=\"Photo Michel Beau\" decoding=\"async\" loading=\"lazy\" \/>            <\/div>\n        \n                <div class=\"edgt-process-text-holder\">\n            \n                        <h2 class=\"edgt-process-title\">\n                MICHEL BEAU, ECRIVAIN ET POETE             <\/h2>\n                                <p class=\"process-text\">Michel Beau a tr\u00e8s bien connu Jules Palmade, normalien, tout comme lui. Il lui consacrera d\u2019ailleurs un num\u00e9ro de la revue \u00ab La L\u00e9gion violette \u00bb, revue de l\u2019association culturelle des membre de la L\u00e9gion d\u2019honneur, Palmes acad\u00e9miques, Arts et Lettres, qu\u2019il pr\u00e9side dans les ann\u00e9es 60-70. Est-ce par son interm\u00e9diaire qu\u2019il fait la connaissance de Ren\u00e9 Gaston-Lagorre ? Peut-\u00eatre. Quoiqu\u2019il en soit, l\u2019\u00e9crivain et le peintre se reverront \u00e0 Paris ...<\/p>\n                <\/div>\n                    <div class=\"edgt-process-number\">04<\/div>\n        <\/div>\n<\/div><a itemprop=\"url\" href=\"https:\/\/rene-gaston-lagorre.fr\/index.php\/michel-beau-ecrivain-et-poete\/\" target=\"_self\"  class=\"edgt-btn edgt-btn-medium edgt-btn-solid dark\"  >\n    <span class=\"edgt-btn-text\">LIRE PLUS<\/span>\n\n    \n    <\/a>[\/vc_column][\/vc_row][vc_row][vc_column]<div class=\"edgt-separator-holder clearfix  edgt-separator-center edgt-separator-full-width\">\n\t<div class=\"edgt-separator\" style=\"border-color: #e9e9e9;border-style: solid;border-bottom-width: 1px;margin-top: 5px;margin-bottom: 5px\"><\/div>\n<\/div>\n[\/vc_column][\/vc_row][vc_row row_content_width=&#8221;grid&#8221; css=&#8221;.vc_custom_1493283590395{padding-top: 100px !important;padding-bottom: 100px !important;}&#8221;][vc_column]<div class=\"edgt-process-holder process-text-left \">\n    <div class=\"edgt-process-inner\">\n                <div class=\"edgt-process-text-holder\">\n            \n                        <h2 class=\"edgt-process-title\">\n            Robert Marteau, \u00e9crivain, po\u00e8te et critique d\u2019art        <\/h2>\n                        <p class=\"process-text\">Ensemble, ils partagent l\u2019amour de l\u2019art, mais nourrissent aussi une m\u00eame passion pour l\u2019Espagne, pour la corrida et le plaisir de se retrouver parfois \u00e0 la campagne\u2026 Quand il \u00e9crit \u00e0 son ami Louis Carsalade, voici ce que Lagorre dit de Robert Marteau : ``Je suis de votre avis sur le commentaire de Robert Marteau. Notre amiti\u00e9 s\u2019est nou\u00e9e entre les ann\u00e9es 1960 et 1962, pendant mes ann\u00e9es parisiennes. C\u2019est un vrai po\u00e8te et rien du m\u00e9tier de peindre n\u2019est \u00e9tranger \u00e0 sa vision.\u201c...<\/p>\n            <\/div>\n                <div class=\"edgt-process-image\">\n            <img width=\"478\" height=\"305\" src=\"https:\/\/rene-gaston-lagorre.fr\/wp-content\/uploads\/2023\/08\/photo-Robert-Marteau.jpg\" class=\"attachment-full size-full\" alt=\"Photo Robert Marteau\" decoding=\"async\" loading=\"lazy\" srcset=\"https:\/\/rene-gaston-lagorre.fr\/wp-content\/uploads\/2023\/08\/photo-Robert-Marteau.jpg 478w, https:\/\/rene-gaston-lagorre.fr\/wp-content\/uploads\/2023\/08\/photo-Robert-Marteau-300x191.jpg 300w\" sizes=\"(max-width: 478px) 100vw, 478px\" \/>        <\/div>\n                <div class=\"edgt-process-number\">05<\/div>\n    <\/div>\n<\/div><a itemprop=\"url\" href=\"https:\/\/rene-gaston-lagorre.fr\/index.php\/robert-marteau-ecrivain-poete-et-critique-dart\/\" target=\"_self\"  class=\"edgt-btn edgt-btn-medium edgt-btn-solid dark\"  >\n    <span class=\"edgt-btn-text\">LIRE PLUS<\/span>\n\n    \n    <\/a>[\/vc_column][\/vc_row]<\/p>\n","protected":false},"excerpt":{"rendered":"<p>[vc_row row_type=&#8221;parallax&#8221; parallax_background_image=&#8221;15154&#8243;][vc_column][\/vc_column][\/vc_row][vc_row row_content_width=&#8221;grid&#8221; css=&#8221;.vc_custom_1493283608340{padding-top: 100px !important;padding-bottom: 100px !important;}&#8221;][vc_column][vc_column_text]Ren\u00e9 Gaston-Lagorre \u00e9tait un homme malicieux, qui souriait souvent , tr\u00e8s humain, et tr\u00e8s bavard aussi malgr\u00e9 son cheveu sur la langue qui parfois g\u00eanait son \u00e9locution, il avait toujours une parole affectueuse pour qui le saluait et [&hellip;]<\/p>\n","protected":false},"author":1,"featured_media":15154,"parent":0,"menu_order":0,"comment_status":"closed","ping_status":"closed","template":"full-width.php","meta":[],"_links":{"self":[{"href":"https:\/\/rene-gaston-lagorre.fr\/index.php\/wp-json\/wp\/v2\/pages\/15235"}],"collection":[{"href":"https:\/\/rene-gaston-lagorre.fr\/index.php\/wp-json\/wp\/v2\/pages"}],"about":[{"href":"https:\/\/rene-gaston-lagorre.fr\/index.php\/wp-json\/wp\/v2\/types\/page"}],"author":[{"embeddable":true,"href":"https:\/\/rene-gaston-lagorre.fr\/index.php\/wp-json\/wp\/v2\/users\/1"}],"replies":[{"embeddable":true,"href":"https:\/\/rene-gaston-lagorre.fr\/index.php\/wp-json\/wp\/v2\/comments?post=15235"}],"version-history":[{"count":17,"href":"https:\/\/rene-gaston-lagorre.fr\/index.php\/wp-json\/wp\/v2\/pages\/15235\/revisions"}],"predecessor-version":[{"id":15277,"href":"https:\/\/rene-gaston-lagorre.fr\/index.php\/wp-json\/wp\/v2\/pages\/15235\/revisions\/15277"}],"wp:featuredmedia":[{"embeddable":true,"href":"https:\/\/rene-gaston-lagorre.fr\/index.php\/wp-json\/wp\/v2\/media\/15154"}],"wp:attachment":[{"href":"https:\/\/rene-gaston-lagorre.fr\/index.php\/wp-json\/wp\/v2\/media?parent=15235"}],"curies":[{"name":"wp","href":"https:\/\/api.w.org\/{rel}","templated":true}]}}