{"id":1536,"date":"2023-07-15T09:12:06","date_gmt":"2023-07-15T07:12:06","guid":{"rendered":"https:\/\/rene-gaston-lagorre.fr\/?page_id=1536"},"modified":"2023-09-06T09:30:34","modified_gmt":"2023-09-06T07:30:34","slug":"portraits","status":"publish","type":"page","link":"https:\/\/rene-gaston-lagorre.fr\/index.php\/portraits\/","title":{"rendered":"Portraits"},"content":{"rendered":"<p>[vc_row][vc_column][vc_column_text]<\/p>\r\n<p>Hormis ceux de bergers et de gitans, Lagorre ne nous a laiss\u00e9 que peu de portraits et encore ne sont-ils le plus souvent que des portraits de commandes. C\u2019\u00e9tait d\u00e9j\u00e0 le cas pour le superbe portrait r\u00e9alis\u00e9 en 1947 qui continue de tr\u00f4ner sur l\u2019un des murs d\u2019une des salles de l\u2019archev\u00each\u00e9 de Toulouse, celui du cardinal Sali\u00e8ge<sup><a id=\"sdfootnote1anc\" href=\"#sdfootnote1sym\"><sup>1<\/sup><\/a><\/sup>.<\/p>\r\n\r\n<p>Dans la foul\u00e9e, le peintre ex\u00e9cutera un portrait de l\u2019\u00e9v\u00eaque de Bordeaux, mais aussi des portraits de personnalit\u00e9s amies telles celle de Serge Lifar, danseur et chor\u00e9graphe d\u2019une grande beaut\u00e9 qui \u00e9tait alors ma\u00eetre de ballet \u00e0 l\u2019op\u00e9ra de Paris ou encore celle de Ren\u00e9-Victor Pilhes qui n\u2019avait alors que dix-sept ans\u00a0!<\/p>\r\n\r\n<p>Des familles commandent \u00e9galement au peintre le portrait de leurs enfants. Marie-Christine Bosny, encore tr\u00e8s jeune \u00e0 l\u2019\u00e9poque, se souvient de s\u00e9ances de poses qui lui semblaient interminables, s\u00e9ances qui se d\u00e9roulaient dans la salle du second \u00e9tage de la mairie de Seix, l\u2019\u00e9dile de l\u2019\u00e9poque laissant \u00e0 la disposition du peintre cette salle qu\u2019il avait transform\u00e9 en second atelier.<\/p>\r\n\r\n<p>La ni\u00e8ce du peintre, Jo\u00eblle Gaston-Lagorre, manifestait elle aussi son impatience aussi le peintre lui avait-il donn\u00e9, pour l\u2019occuper et tenter de la faire patienter, un petit jouet (un chien en bois?), lequel, du m\u00eame coup, figure lui aussi sur la toile.<\/p>\r\n\r\n<p>Le portrait fige . Il fige l\u2019instant pr\u00e9sent, il fige le regard, il fige le visage un peu \u00e0 la mani\u00e8re d\u2019une photo. C\u2019est un instantan\u00e9 et, \u00e0 ce titre, il est signe de mort. Sans doute est-ce l\u2019une des raisons qui faisait que Lagorre n\u2019appr\u00e9ciait gu\u00e8re de peindre des portraits. Son impatience n\u2019ayant d\u2019\u00e9gale que son amour de la vie.<\/p>\r\n\r\n<p>Il nous laisse toutefois quelques portraits d\u2019enfants et de personnes \u00e2g\u00e9es d\u2019un r\u00e9alisme assez cru et assez troublant. L\u2019heureux propri\u00e9taire d\u2019une gouache aquarell\u00e9e ex\u00e9cut\u00e9e en cama\u00efeu de gris (\u00e0 voir dans &#8220;Autres portraits&#8221;) repr\u00e9sentant un vieil homme au visage burin\u00e9 exprime ainsi ce qu\u2019il ressent quand il regarde sa gouache :<\/p>\r\n\r\n<p>\u00ab\u00a0 <em>Je l&#8217;ai achet\u00e9<\/em><em>e<\/em><em> en 1985 et j&#8217;ai toujours \u00e9t\u00e9 frapp\u00e9 par l&#8217;expression de ce visage. Les yeux sont particuli\u00e8rement expressifs. Quelque soit l&#8217;end<\/em><em>r<\/em><em>oit de la pi\u00e8ce d&#8217;o\u00f9 on l<\/em><em>a<\/em><em> regarde on a l&#8217;impression que le regard vous suit. Je suis admiratif de ce travail. C&#8217;est une <\/em><em>\u0153<\/em><em>uvre que je suis tr\u00e8s heureux <\/em><em>de poss\u00e9der<\/em><em> et que j&#8217;aime particuli\u00e8rement&#8230;\u00a0<\/em>\u00bb<\/p>\r\n\r\n<p><a id=\"sdfootnote1sym\" href=\"#sdfootnote1anc\">1<\/a>Pour la description d\u00e9taill\u00e9e de ce portrait du cardinal Sali\u00e8ge se r\u00e9f\u00e9rer au livre \u00ab\u00a0<em>Ren\u00e9 Gaston-Lagorre, de l\u2019acad\u00e9misme \u00e0 l\u2019abstraction\u00a0<\/em>\u00bb B. Gaston-Lagorre, \u00e9d. Le pas d\u2019oiseau. Toulouse, 2013. pp,44-46.<\/p>\r\n\r\n<p>&nbsp;<\/p>\r\n<p>[\/vc_column_text][\/vc_column][\/vc_row][vc_row][vc_column][vc_empty_space]<div class=\"edgt-portfolio-list-holder edgt-pl-gallery edgt-pl-normal-space edgt-pl-three-columns edgt-pl-standard-overlay light    edgt-pl-pag-no-pagination     \"  data-type=gallery data-space-between-items=normal data-number-of-items=-1 data-image-proportions=full data-enable-fixed-proportions=no data-enable-image-shadow=no data-category=portraits data-order-by=date data-order=ASC data-item-style=standard-overlay data-item-style-skin=light data-enable-title=yes data-title-tag=h4 data-title-text-transform=uppercase data-enable-category=yes data-enable-like=no data-enable-count-images=yes data-enable-excerpt=no data-excerpt-length=20 data-pagination-type=no-pagination data-filter=no data-filter-order-by=name data-enable-article-parallax-animation=no data-portfolio-slider-on=no data-enable-loop=yes data-enable-autoplay=yes data-slider-speed=5000 data-slider-speed-animation=600 data-enable-navigation=yes data-enable-pagination=yes data-max-num-pages=0 data-next-page=2>\n\t\t\n\t<div class=\"edgt-pl-inner  clearfix\">\n\t\t\n<article class=\"edgt-pl-item  post-13181 portfolio-item type-portfolio-item status-publish has-post-thumbnail hentry portfolio-category-portraits\">\n\t<div class=\"edgt-pl-item-inner\" >\n\t\t<div class=\"edgt-pli-image\">\n\t\t\t<img width=\"1728\" height=\"2125\" src=\"https:\/\/rene-gaston-lagorre.fr\/wp-content\/uploads\/2023\/07\/11.Berger.-Portrait.-Gouache.45x36cm.jpg\" class=\"attachment-full size-full wp-post-image\" alt=\"Berger.\" decoding=\"async\" loading=\"lazy\" srcset=\"https:\/\/rene-gaston-lagorre.fr\/wp-content\/uploads\/2023\/07\/11.Berger.-Portrait.-Gouache.45x36cm.jpg 1728w, https:\/\/rene-gaston-lagorre.fr\/wp-content\/uploads\/2023\/07\/11.Berger.-Portrait.-Gouache.45x36cm-600x738.jpg 600w, https:\/\/rene-gaston-lagorre.fr\/wp-content\/uploads\/2023\/07\/11.Berger.-Portrait.-Gouache.45x36cm-244x300.jpg 244w, https:\/\/rene-gaston-lagorre.fr\/wp-content\/uploads\/2023\/07\/11.Berger.-Portrait.-Gouache.45x36cm-833x1024.jpg 833w, https:\/\/rene-gaston-lagorre.fr\/wp-content\/uploads\/2023\/07\/11.Berger.-Portrait.-Gouache.45x36cm-768x944.jpg 768w, https:\/\/rene-gaston-lagorre.fr\/wp-content\/uploads\/2023\/07\/11.Berger.-Portrait.-Gouache.45x36cm-1249x1536.jpg 1249w, https:\/\/rene-gaston-lagorre.fr\/wp-content\/uploads\/2023\/07\/11.Berger.-Portrait.-Gouache.45x36cm-1665x2048.jpg 1665w\" sizes=\"(max-width: 1728px) 100vw, 1728px\" \/>\t\t<\/div>\n<div class=\"edgt-pli-text-holder\">\n\t<div class=\"edgt-pli-text-wrapper\">\n\t\t<div class=\"edgt-pli-text\">\n\t\t\t\t<h4 itemprop=\"name\" class=\"edgt-pli-title entry-title\" style=\"text-transform: uppercase\">\n\t\tPortraits de bergers\t<\/h4>\n\n\t\t\t\t\t<div class=\"edgt-pli-category-holder\">\n\t\t\t\t\t\t\t<a itemprop=\"url\" class=\"edgt-pli-category\" href=\"https:\/\/rene-gaston-lagorre.fr\/index.php\/portfolio-category\/portraits\/\">\"Portraits\"<\/a>\n\t\t\t\t\t<\/div>\n\t\n\t\t\t    <div class=\"edgt-gli-number-of-images-holder\" >\n        <span>17 pics.<\/span>\n    <\/div>\n\n\n\t\t\t\t\t<\/div>\n\t<\/div>\n<\/div>\t\t\n\t\t<a itemprop=\"url\" class=\"edgt-pli-link edgt-block-drag-link\" href=\"https:\/\/rene-gaston-lagorre.fr\/index.php\/portfolio-item\/express-feelings\/\" target=\"_self\"><\/a>\n\t<\/div>\n<\/article>\n<article class=\"edgt-pl-item  post-13183 portfolio-item type-portfolio-item status-publish has-post-thumbnail hentry portfolio-category-portraits portfolio-category-portraits-2\">\n\t<div class=\"edgt-pl-item-inner\" >\n\t\t<div class=\"edgt-pli-image\">\n\t\t\t<img width=\"1274\" height=\"1895\" src=\"https:\/\/rene-gaston-lagorre.fr\/wp-content\/uploads\/2023\/07\/72.Portrait4-Gouache-20x30cm-Irmine.jpg\" class=\"attachment-full size-full wp-post-image\" alt=\"Gitan\" decoding=\"async\" loading=\"lazy\" srcset=\"https:\/\/rene-gaston-lagorre.fr\/wp-content\/uploads\/2023\/07\/72.Portrait4-Gouache-20x30cm-Irmine.jpg 1274w, https:\/\/rene-gaston-lagorre.fr\/wp-content\/uploads\/2023\/07\/72.Portrait4-Gouache-20x30cm-Irmine-600x892.jpg 600w, https:\/\/rene-gaston-lagorre.fr\/wp-content\/uploads\/2023\/07\/72.Portrait4-Gouache-20x30cm-Irmine-202x300.jpg 202w, https:\/\/rene-gaston-lagorre.fr\/wp-content\/uploads\/2023\/07\/72.Portrait4-Gouache-20x30cm-Irmine-688x1024.jpg 688w, https:\/\/rene-gaston-lagorre.fr\/wp-content\/uploads\/2023\/07\/72.Portrait4-Gouache-20x30cm-Irmine-768x1142.jpg 768w, https:\/\/rene-gaston-lagorre.fr\/wp-content\/uploads\/2023\/07\/72.Portrait4-Gouache-20x30cm-Irmine-1033x1536.jpg 1033w\" sizes=\"(max-width: 1274px) 100vw, 1274px\" \/>\t\t<\/div>\n<div class=\"edgt-pli-text-holder\">\n\t<div class=\"edgt-pli-text-wrapper\">\n\t\t<div class=\"edgt-pli-text\">\n\t\t\t\t<h4 itemprop=\"name\" class=\"edgt-pli-title entry-title\" style=\"text-transform: uppercase\">\n\t\tPortraits de gitans\t<\/h4>\n\n\t\t\t\t\t<div class=\"edgt-pli-category-holder\">\n\t\t\t\t\t\t\t<a itemprop=\"url\" class=\"edgt-pli-category\" href=\"https:\/\/rene-gaston-lagorre.fr\/index.php\/portfolio-category\/portraits\/\">\"Portraits\"<\/a>\n\t\t\t\t\t\t\t<a itemprop=\"url\" class=\"edgt-pli-category\" href=\"https:\/\/rene-gaston-lagorre.fr\/index.php\/portfolio-category\/portraits-2\/\">\"Portraits\"<\/a>\n\t\t\t\t\t<\/div>\n\t\n\t\t\t    <div class=\"edgt-gli-number-of-images-holder\" >\n        <span>14 pics.<\/span>\n    <\/div>\n\n\n\t\t\t\t\t<\/div>\n\t<\/div>\n<\/div>\t\t\n\t\t<a itemprop=\"url\" class=\"edgt-pli-link edgt-block-drag-link\" href=\"https:\/\/rene-gaston-lagorre.fr\/index.php\/portfolio-item\/portraits\/\" target=\"_self\"><\/a>\n\t<\/div>\n<\/article>\n<article class=\"edgt-pl-item  post-14006 portfolio-item type-portfolio-item status-publish has-post-thumbnail hentry portfolio-category-portraits portfolio-category-portraits-2 portfolio-category-venise\">\n\t<div class=\"edgt-pl-item-inner\" >\n\t\t<div class=\"edgt-pli-image\">\n\t\t\t<img width=\"1001\" height=\"1356\" src=\"https:\/\/rene-gaston-lagorre.fr\/wp-content\/uploads\/2023\/07\/2.Figures-dans-le-Z.-Arlequin.-HST.Coll_.-mairie-de-St-Girons.jpg\" class=\"attachment-full size-full wp-post-image\" alt=\"Figures dans le Z\" decoding=\"async\" loading=\"lazy\" srcset=\"https:\/\/rene-gaston-lagorre.fr\/wp-content\/uploads\/2023\/07\/2.Figures-dans-le-Z.-Arlequin.-HST.Coll_.-mairie-de-St-Girons.jpg 1001w, https:\/\/rene-gaston-lagorre.fr\/wp-content\/uploads\/2023\/07\/2.Figures-dans-le-Z.-Arlequin.-HST.Coll_.-mairie-de-St-Girons-600x813.jpg 600w, https:\/\/rene-gaston-lagorre.fr\/wp-content\/uploads\/2023\/07\/2.Figures-dans-le-Z.-Arlequin.-HST.Coll_.-mairie-de-St-Girons-221x300.jpg 221w, https:\/\/rene-gaston-lagorre.fr\/wp-content\/uploads\/2023\/07\/2.Figures-dans-le-Z.-Arlequin.-HST.Coll_.-mairie-de-St-Girons-756x1024.jpg 756w, https:\/\/rene-gaston-lagorre.fr\/wp-content\/uploads\/2023\/07\/2.Figures-dans-le-Z.-Arlequin.-HST.Coll_.-mairie-de-St-Girons-768x1040.jpg 768w\" sizes=\"(max-width: 1001px) 100vw, 1001px\" \/>\t\t<\/div>\n<div class=\"edgt-pli-text-holder\">\n\t<div class=\"edgt-pli-text-wrapper\">\n\t\t<div class=\"edgt-pli-text\">\n\t\t\t\t<h4 itemprop=\"name\" class=\"edgt-pli-title entry-title\" style=\"text-transform: uppercase\">\n\t\tPortraits d&#8217;Arlequin\t<\/h4>\n\n\t\t\t\t\t<div class=\"edgt-pli-category-holder\">\n\t\t\t\t\t\t\t<a itemprop=\"url\" class=\"edgt-pli-category\" href=\"https:\/\/rene-gaston-lagorre.fr\/index.php\/portfolio-category\/portraits\/\">\"Portraits\"<\/a>\n\t\t\t\t\t\t\t<a itemprop=\"url\" class=\"edgt-pli-category\" href=\"https:\/\/rene-gaston-lagorre.fr\/index.php\/portfolio-category\/portraits-2\/\">\"Portraits\"<\/a>\n\t\t\t\t\t\t\t<a itemprop=\"url\" class=\"edgt-pli-category\" href=\"https:\/\/rene-gaston-lagorre.fr\/index.php\/portfolio-category\/venise\/\">\"Venise\"<\/a>\n\t\t\t\t\t<\/div>\n\t\n\t\t\t    <div class=\"edgt-gli-number-of-images-holder\" >\n        <span>8 pics.<\/span>\n    <\/div>\n\n\n\t\t\t\t\t<\/div>\n\t<\/div>\n<\/div>\t\t\n\t\t<a itemprop=\"url\" class=\"edgt-pli-link edgt-block-drag-link\" href=\"https:\/\/rene-gaston-lagorre.fr\/index.php\/portfolio-item\/venise-arlequin\/\" target=\"_self\"><\/a>\n\t<\/div>\n<\/article>\n<article class=\"edgt-pl-item  post-14302 portfolio-item type-portfolio-item status-publish has-post-thumbnail hentry portfolio-category-portrait-2 portfolio-category-portraits portfolio-category-portraits-2 portfolio-category-portraits-denfants\">\n\t<div class=\"edgt-pl-item-inner\" >\n\t\t<div class=\"edgt-pli-image\">\n\t\t\t<img width=\"2055\" height=\"2560\" src=\"https:\/\/rene-gaston-lagorre.fr\/wp-content\/uploads\/2023\/07\/61.Enfant.Hst-81x65cm-Galeye-scaled.jpg\" class=\"attachment-full size-full wp-post-image\" alt=\"Enfant gitan\" decoding=\"async\" loading=\"lazy\" srcset=\"https:\/\/rene-gaston-lagorre.fr\/wp-content\/uploads\/2023\/07\/61.Enfant.Hst-81x65cm-Galeye-scaled.jpg 2055w, https:\/\/rene-gaston-lagorre.fr\/wp-content\/uploads\/2023\/07\/61.Enfant.Hst-81x65cm-Galeye-scaled-600x747.jpg 600w, https:\/\/rene-gaston-lagorre.fr\/wp-content\/uploads\/2023\/07\/61.Enfant.Hst-81x65cm-Galeye-241x300.jpg 241w, https:\/\/rene-gaston-lagorre.fr\/wp-content\/uploads\/2023\/07\/61.Enfant.Hst-81x65cm-Galeye-822x1024.jpg 822w, https:\/\/rene-gaston-lagorre.fr\/wp-content\/uploads\/2023\/07\/61.Enfant.Hst-81x65cm-Galeye-768x957.jpg 768w, https:\/\/rene-gaston-lagorre.fr\/wp-content\/uploads\/2023\/07\/61.Enfant.Hst-81x65cm-Galeye-1233x1536.jpg 1233w, https:\/\/rene-gaston-lagorre.fr\/wp-content\/uploads\/2023\/07\/61.Enfant.Hst-81x65cm-Galeye-1644x2048.jpg 1644w\" sizes=\"(max-width: 2055px) 100vw, 2055px\" \/>\t\t<\/div>\n<div class=\"edgt-pli-text-holder\">\n\t<div class=\"edgt-pli-text-wrapper\">\n\t\t<div class=\"edgt-pli-text\">\n\t\t\t\t<h4 itemprop=\"name\" class=\"edgt-pli-title entry-title\" style=\"text-transform: uppercase\">\n\t\tPortraits d&#8217;enfants\t<\/h4>\n\n\t\t\t\t\t<div class=\"edgt-pli-category-holder\">\n\t\t\t\t\t\t\t<a itemprop=\"url\" class=\"edgt-pli-category\" href=\"https:\/\/rene-gaston-lagorre.fr\/index.php\/portfolio-category\/portrait-2\/\">\"Portrait\"<\/a>\n\t\t\t\t\t\t\t<a itemprop=\"url\" class=\"edgt-pli-category\" href=\"https:\/\/rene-gaston-lagorre.fr\/index.php\/portfolio-category\/portraits\/\">\"Portraits\"<\/a>\n\t\t\t\t\t\t\t<a itemprop=\"url\" class=\"edgt-pli-category\" href=\"https:\/\/rene-gaston-lagorre.fr\/index.php\/portfolio-category\/portraits-2\/\">\"Portraits\"<\/a>\n\t\t\t\t\t\t\t<a itemprop=\"url\" class=\"edgt-pli-category\" href=\"https:\/\/rene-gaston-lagorre.fr\/index.php\/portfolio-category\/portraits-denfants\/\">\"portraits d&#039;enfants\"<\/a>\n\t\t\t\t\t<\/div>\n\t\n\t\t\t    <div class=\"edgt-gli-number-of-images-holder\" >\n        <span>9 pics.<\/span>\n    <\/div>\n\n\n\t\t\t\t\t<\/div>\n\t<\/div>\n<\/div>\t\t\n\t\t<a itemprop=\"url\" class=\"edgt-pli-link edgt-block-drag-link\" href=\"https:\/\/rene-gaston-lagorre.fr\/index.php\/portfolio-item\/portraits-denfants\/\" target=\"_self\"><\/a>\n\t<\/div>\n<\/article>\n<article class=\"edgt-pl-item  post-14303 portfolio-item type-portfolio-item status-publish has-post-thumbnail hentry portfolio-category-portrait-2 portfolio-category-portraits portfolio-category-portraits-2 portfolio-category-portraits-de-clowns\">\n\t<div class=\"edgt-pl-item-inner\" >\n\t\t<div class=\"edgt-pli-image\">\n\t\t\t<img width=\"300\" height=\"400\" src=\"https:\/\/rene-gaston-lagorre.fr\/wp-content\/uploads\/2023\/07\/3.Clown-rouge.Gouachemairie-de-Seix.jpg\" class=\"attachment-full size-full wp-post-image\" alt=\"Clown rouge.\" decoding=\"async\" loading=\"lazy\" srcset=\"https:\/\/rene-gaston-lagorre.fr\/wp-content\/uploads\/2023\/07\/3.Clown-rouge.Gouachemairie-de-Seix.jpg 300w, https:\/\/rene-gaston-lagorre.fr\/wp-content\/uploads\/2023\/07\/3.Clown-rouge.Gouachemairie-de-Seix-225x300.jpg 225w\" sizes=\"(max-width: 300px) 100vw, 300px\" \/>\t\t<\/div>\n<div class=\"edgt-pli-text-holder\">\n\t<div class=\"edgt-pli-text-wrapper\">\n\t\t<div class=\"edgt-pli-text\">\n\t\t\t\t<h4 itemprop=\"name\" class=\"edgt-pli-title entry-title\" style=\"text-transform: uppercase\">\n\t\tPortraits de clowns\t<\/h4>\n\n\t\t\t\t\t<div class=\"edgt-pli-category-holder\">\n\t\t\t\t\t\t\t<a itemprop=\"url\" class=\"edgt-pli-category\" href=\"https:\/\/rene-gaston-lagorre.fr\/index.php\/portfolio-category\/portrait-2\/\">\"Portrait\"<\/a>\n\t\t\t\t\t\t\t<a itemprop=\"url\" class=\"edgt-pli-category\" href=\"https:\/\/rene-gaston-lagorre.fr\/index.php\/portfolio-category\/portraits\/\">\"Portraits\"<\/a>\n\t\t\t\t\t\t\t<a itemprop=\"url\" class=\"edgt-pli-category\" href=\"https:\/\/rene-gaston-lagorre.fr\/index.php\/portfolio-category\/portraits-2\/\">\"Portraits\"<\/a>\n\t\t\t\t\t\t\t<a itemprop=\"url\" class=\"edgt-pli-category\" href=\"https:\/\/rene-gaston-lagorre.fr\/index.php\/portfolio-category\/portraits-de-clowns\/\">\"portraits de clowns\"<\/a>\n\t\t\t\t\t<\/div>\n\t\n\t\t\t    <div class=\"edgt-gli-number-of-images-holder\" >\n        <span>12 pics.<\/span>\n    <\/div>\n\n\n\t\t\t\t\t<\/div>\n\t<\/div>\n<\/div>\t\t\n\t\t<a itemprop=\"url\" class=\"edgt-pli-link edgt-block-drag-link\" href=\"https:\/\/rene-gaston-lagorre.fr\/index.php\/portfolio-item\/portraits-de-clowns\/\" target=\"_self\"><\/a>\n\t<\/div>\n<\/article>\n<article class=\"edgt-pl-item  post-14466 portfolio-item type-portfolio-item status-publish has-post-thumbnail hentry portfolio-category-autres-portraits portfolio-category-portrait-2 portfolio-category-portraits portfolio-category-portraits-2\">\n\t<div class=\"edgt-pl-item-inner\" >\n\t\t<div class=\"edgt-pli-image\">\n\t\t\t<img width=\"644\" height=\"826\" src=\"https:\/\/rene-gaston-lagorre.fr\/wp-content\/uploads\/2023\/07\/15b.Portrait.-R-V-Pilhes-a-17-ans.hst_.-1951.1b.jpg\" class=\"attachment-full size-full wp-post-image\" alt=\"Portrait de Ren\u00e9-Vitor Pilhes\" decoding=\"async\" loading=\"lazy\" srcset=\"https:\/\/rene-gaston-lagorre.fr\/wp-content\/uploads\/2023\/07\/15b.Portrait.-R-V-Pilhes-a-17-ans.hst_.-1951.1b.jpg 644w, https:\/\/rene-gaston-lagorre.fr\/wp-content\/uploads\/2023\/07\/15b.Portrait.-R-V-Pilhes-a-17-ans.hst_.-1951.1b-600x770.jpg 600w, https:\/\/rene-gaston-lagorre.fr\/wp-content\/uploads\/2023\/07\/15b.Portrait.-R-V-Pilhes-a-17-ans.hst_.-1951.1b-234x300.jpg 234w\" sizes=\"(max-width: 644px) 100vw, 644px\" \/>\t\t<\/div>\n<div class=\"edgt-pli-text-holder\">\n\t<div class=\"edgt-pli-text-wrapper\">\n\t\t<div class=\"edgt-pli-text\">\n\t\t\t\t<h4 itemprop=\"name\" class=\"edgt-pli-title entry-title\" style=\"text-transform: uppercase\">\n\t\tAutres portraits\t<\/h4>\n\n\t\t\t\t\t<div class=\"edgt-pli-category-holder\">\n\t\t\t\t\t\t\t<a itemprop=\"url\" class=\"edgt-pli-category\" href=\"https:\/\/rene-gaston-lagorre.fr\/index.php\/portfolio-category\/autres-portraits\/\">\"Autres portraits\"<\/a>\n\t\t\t\t\t\t\t<a itemprop=\"url\" class=\"edgt-pli-category\" href=\"https:\/\/rene-gaston-lagorre.fr\/index.php\/portfolio-category\/portrait-2\/\">\"Portrait\"<\/a>\n\t\t\t\t\t\t\t<a itemprop=\"url\" class=\"edgt-pli-category\" href=\"https:\/\/rene-gaston-lagorre.fr\/index.php\/portfolio-category\/portraits\/\">\"Portraits\"<\/a>\n\t\t\t\t\t\t\t<a itemprop=\"url\" class=\"edgt-pli-category\" href=\"https:\/\/rene-gaston-lagorre.fr\/index.php\/portfolio-category\/portraits-2\/\">\"Portraits\"<\/a>\n\t\t\t\t\t<\/div>\n\t\n\t\t\t    <div class=\"edgt-gli-number-of-images-holder\" >\n        <span>10 pics.<\/span>\n    <\/div>\n\n\n\t\t\t\t\t<\/div>\n\t<\/div>\n<\/div>\t\t\n\t\t<a itemprop=\"url\" class=\"edgt-pli-link edgt-block-drag-link\" href=\"https:\/\/rene-gaston-lagorre.fr\/index.php\/portfolio-item\/autres-portraits\/\" target=\"_self\"><\/a>\n\t<\/div>\n<\/article>\t<\/div>\n\t\n\t<\/div>[vc_empty_space][\/vc_column][\/vc_row]<\/p>","protected":false},"excerpt":{"rendered":"<p>[vc_row][vc_column][vc_column_text] Hormis ceux de bergers et de gitans, Lagorre ne nous a laiss\u00e9 que peu de portraits et encore ne sont-ils le plus souvent que des portraits de commandes. C\u2019\u00e9tait d\u00e9j\u00e0 le cas pour le superbe portrait r\u00e9alis\u00e9 en 1947 qui continue de tr\u00f4ner sur l\u2019un [&hellip;]<\/p>\n","protected":false},"author":2,"featured_media":0,"parent":0,"menu_order":0,"comment_status":"closed","ping_status":"closed","template":"","meta":[],"_links":{"self":[{"href":"https:\/\/rene-gaston-lagorre.fr\/index.php\/wp-json\/wp\/v2\/pages\/1536"}],"collection":[{"href":"https:\/\/rene-gaston-lagorre.fr\/index.php\/wp-json\/wp\/v2\/pages"}],"about":[{"href":"https:\/\/rene-gaston-lagorre.fr\/index.php\/wp-json\/wp\/v2\/types\/page"}],"author":[{"embeddable":true,"href":"https:\/\/rene-gaston-lagorre.fr\/index.php\/wp-json\/wp\/v2\/users\/2"}],"replies":[{"embeddable":true,"href":"https:\/\/rene-gaston-lagorre.fr\/index.php\/wp-json\/wp\/v2\/comments?post=1536"}],"version-history":[{"count":3,"href":"https:\/\/rene-gaston-lagorre.fr\/index.php\/wp-json\/wp\/v2\/pages\/1536\/revisions"}],"predecessor-version":[{"id":15196,"href":"https:\/\/rene-gaston-lagorre.fr\/index.php\/wp-json\/wp\/v2\/pages\/1536\/revisions\/15196"}],"wp:attachment":[{"href":"https:\/\/rene-gaston-lagorre.fr\/index.php\/wp-json\/wp\/v2\/media?parent=1536"}],"curies":[{"name":"wp","href":"https:\/\/api.w.org\/{rel}","templated":true}]}}