{"id":1552,"date":"2023-07-29T17:41:30","date_gmt":"2023-07-29T15:41:30","guid":{"rendered":"https:\/\/rene-gaston-lagorre.fr\/?page_id=1552"},"modified":"2023-09-01T21:46:32","modified_gmt":"2023-09-01T19:46:32","slug":"figures-dans-le-z-1994-1995","status":"publish","type":"page","link":"https:\/\/rene-gaston-lagorre.fr\/index.php\/figures-dans-le-z-1994-1995\/","title":{"rendered":"&#8220;Figures dans le Z&#8221;. 1994-1995."},"content":{"rendered":"<p>[vc_row][vc_column][vc_column_text]\u00ab\u00a0 <em>Invention n\u2019est pas ici un vain mot ni ne couvre aucune supercherie, mais vient s\u2019associer au visage pour en dire l\u2019\u00e9closion concert\u00e9e, guett\u00e9e, suscit\u00e9e, quand le pinceau r\u00e9partit les couleurs qui conviennent selon l\u2019ordre qu\u2019il trouve en se surprenant. Invention du visage est rencontre \u00e0 l\u2019improviste au cours d\u2019une qu\u00eate de longue main pr\u00e9par\u00e9e minutieusement, tout sympt\u00f4me de n\u00e9gligence ayant \u00e9t\u00e9 banni. La g\u00e9om\u00e9trie en exercice y ob\u00e9it au monde \u00e9piphanique de la fleur\u00a0: aussi voit-on l\u2019agencement des angles s\u2019\u00e9panouir pour former des figures que la m\u00e9moire reconna\u00eet. Les propositions contradictoires en ce lieu r\u00e9duit qu\u2019offre toile ou papier, par dissym\u00e9trie dans la juxtaposition s\u2019arrangent en \u00e9quilibre magique. Au v\u0153u d\u2019innover s\u2019allie et pr\u00e9side le souci de l\u2019hommage \u00e0 la tradition. Le m\u00e9tier, quant \u00e0 lui, se cache sous l\u2019apparence d\u2019un jeu d\u2019enfant. Mais la main du bon ouvrier est l\u00e0, que guide, bien entendu, le d\u00e9sir de voir et faire appara\u00eetre l\u2019impr\u00e9vu, lequel vient \u00e0 la lumi\u00e8re le plus naturellement du monde.<\/em>\u00a0\u00bb<\/p>\r\n\r\n<p>Robert Marteau . Juin 1994<\/p>\r\n\r\n<p>Lagorre , s\u2019il n\u2019aimait que peu r\u00e9aliser des portraits\u00a0 \u00ab\u00a0r\u00e9alistes\u00a0\u00bb se pla\u00eet en revanche \u00e0 r\u00e9aliser ces \u00ab\u00a0figures dans le Z\u00a0\u00bb. Il en peindra de tr\u00e8s nombreuses et continuera d\u2019en inventer de nouvelles.<\/p>\r\n\r\n<p>Le peintre joue des formes g\u00e9om\u00e9triques et des oppositions de couleurs, ainsi en est-il dans la s\u00e9rie d\u2019<em>Arlequin dans le Z<\/em>.<\/p>\r\n\r\n<p>L\u2019exposition de 1995 \u00e0 Paris (Galerie Charley Chevalier et Weiller) conna\u00eetra un r\u00e9el succ\u00e8s. Les clins d\u2019\u0153il \u00e0 l\u2019Occitanie n\u2019y sont pas pour rien (cf \u00ab\u00a0<em>Le rugbyman dans le Z<\/em>\u00a0\u00bb) et la touche d\u2019humour que le peintre met dans ces peintures finira de ravir certains collectionneurs. Ainsi, quand il l\u2019inscrit dans le Z, ne retient-il de Picasso que la duret\u00e9 de son regard fixe qui nous d\u00e9visage. C\u2019est Picasso qui nous regarde et non l\u2019inverse.<\/p>\r\n\r\n<p>L\u2019exposition de 1995 \u00e0 Paris (Galerie Charley Chevalier et Weiller) conna\u00eetra un r\u00e9el succ\u00e8s. Les clins d\u2019\u0153il \u00e0 l\u2019Occitanie n\u2019y sont pas pour rien (cf \u00ab\u00a0Le rugbyman dans le Z\u00a0\u00bb) et la touche d\u2019humour que le peintre met dans ces peintures finira de ravir certains collectionneurs. Ainsi, quand il l\u2019inscrit dans le Z, ne retient-il de Picasso que la duret\u00e9 de son regard fixe qui nous d\u00e9visage. C\u2019est Picasso qui nous regarde et non l\u2019inverse.<\/p>\r\n<p>[\/vc_column_text][\/vc_column][\/vc_row][vc_row][vc_column][vc_empty_space]<div class=\"edgt-portfolio-list-holder edgt-pl-gallery edgt-pl-normal-space edgt-pl-three-columns edgt-pl-standard-overlay light    edgt-pl-pag-no-pagination     \"  data-type=gallery data-space-between-items=normal data-number-of-items=-1 data-image-proportions=full data-enable-fixed-proportions=no data-enable-image-shadow=no data-category=figures-dans-le-z data-order-by=date data-order=ASC data-item-style=standard-overlay data-item-style-skin=light data-enable-title=yes data-title-tag=h4 data-title-text-transform=uppercase data-enable-category=yes data-enable-like=no data-enable-count-images=yes data-enable-excerpt=no data-excerpt-length=20 data-pagination-type=no-pagination data-filter=no data-filter-order-by=name data-enable-article-parallax-animation=no data-portfolio-slider-on=no data-enable-loop=yes data-enable-autoplay=yes data-slider-speed=5000 data-slider-speed-animation=600 data-enable-navigation=yes data-enable-pagination=yes data-max-num-pages=0 data-next-page=2>\n\t\t\n\t<div class=\"edgt-pl-inner  clearfix\">\n\t\t\n<article class=\"edgt-pl-item  post-14500 portfolio-item type-portfolio-item status-publish has-post-thumbnail hentry portfolio-category-figures-dans-le-z\">\n\t<div class=\"edgt-pl-item-inner\" >\n\t\t<div class=\"edgt-pli-image\">\n\t\t\t<img width=\"1073\" height=\"1281\" src=\"https:\/\/rene-gaston-lagorre.fr\/wp-content\/uploads\/2023\/07\/37a.Figures-dans-le-Z.-Picasso.Gouache.1995Coll.-Montserrat.Martinez1a.jpg\" class=\"attachment-full size-full wp-post-image\" alt=\"Picasso\" decoding=\"async\" loading=\"lazy\" srcset=\"https:\/\/rene-gaston-lagorre.fr\/wp-content\/uploads\/2023\/07\/37a.Figures-dans-le-Z.-Picasso.Gouache.1995Coll.-Montserrat.Martinez1a.jpg 1073w, https:\/\/rene-gaston-lagorre.fr\/wp-content\/uploads\/2023\/07\/37a.Figures-dans-le-Z.-Picasso.Gouache.1995Coll.-Montserrat.Martinez1a-600x716.jpg 600w, https:\/\/rene-gaston-lagorre.fr\/wp-content\/uploads\/2023\/07\/37a.Figures-dans-le-Z.-Picasso.Gouache.1995Coll.-Montserrat.Martinez1a-251x300.jpg 251w, https:\/\/rene-gaston-lagorre.fr\/wp-content\/uploads\/2023\/07\/37a.Figures-dans-le-Z.-Picasso.Gouache.1995Coll.-Montserrat.Martinez1a-858x1024.jpg 858w, https:\/\/rene-gaston-lagorre.fr\/wp-content\/uploads\/2023\/07\/37a.Figures-dans-le-Z.-Picasso.Gouache.1995Coll.-Montserrat.Martinez1a-768x917.jpg 768w\" sizes=\"(max-width: 1073px) 100vw, 1073px\" \/>\t\t<\/div>\n<div class=\"edgt-pli-text-holder\">\n\t<div class=\"edgt-pli-text-wrapper\">\n\t\t<div class=\"edgt-pli-text\">\n\t\t\t\t<h4 itemprop=\"name\" class=\"edgt-pli-title entry-title\" style=\"text-transform: uppercase\">\n\t\tFigures dans le Z. 1995\t<\/h4>\n\n\t\t\t\t\t<div class=\"edgt-pli-category-holder\">\n\t\t\t\t\t\t\t<a itemprop=\"url\" class=\"edgt-pli-category\" href=\"https:\/\/rene-gaston-lagorre.fr\/index.php\/portfolio-category\/figures-dans-le-z\/\">\"Figures dans le Z\"<\/a>\n\t\t\t\t\t<\/div>\n\t\n\t\t\t    <div class=\"edgt-gli-number-of-images-holder\" >\n        <span>43 pics.<\/span>\n    <\/div>\n\n\n\t\t\t\t\t<\/div>\n\t<\/div>\n<\/div>\t\t\n\t\t<a itemprop=\"url\" class=\"edgt-pli-link edgt-block-drag-link\" href=\"https:\/\/rene-gaston-lagorre.fr\/index.php\/portfolio-item\/figures-dans-le-z\/\" target=\"_self\"><\/a>\n\t<\/div>\n<\/article>\t<\/div>\n\t\n\t<\/div>[vc_empty_space][\/vc_column][\/vc_row]<\/p>","protected":false},"excerpt":{"rendered":"<p>[vc_row][vc_column][vc_column_text]\u00ab\u00a0 Invention n\u2019est pas ici un vain mot ni ne couvre aucune supercherie, mais vient s\u2019associer au visage pour en dire l\u2019\u00e9closion concert\u00e9e, guett\u00e9e, suscit\u00e9e, quand le pinceau r\u00e9partit les couleurs qui conviennent selon l\u2019ordre qu\u2019il trouve en se surprenant. Invention du visage est rencontre \u00e0 [&hellip;]<\/p>\n","protected":false},"author":2,"featured_media":0,"parent":0,"menu_order":0,"comment_status":"closed","ping_status":"closed","template":"","meta":[],"_links":{"self":[{"href":"https:\/\/rene-gaston-lagorre.fr\/index.php\/wp-json\/wp\/v2\/pages\/1552"}],"collection":[{"href":"https:\/\/rene-gaston-lagorre.fr\/index.php\/wp-json\/wp\/v2\/pages"}],"about":[{"href":"https:\/\/rene-gaston-lagorre.fr\/index.php\/wp-json\/wp\/v2\/types\/page"}],"author":[{"embeddable":true,"href":"https:\/\/rene-gaston-lagorre.fr\/index.php\/wp-json\/wp\/v2\/users\/2"}],"replies":[{"embeddable":true,"href":"https:\/\/rene-gaston-lagorre.fr\/index.php\/wp-json\/wp\/v2\/comments?post=1552"}],"version-history":[{"count":4,"href":"https:\/\/rene-gaston-lagorre.fr\/index.php\/wp-json\/wp\/v2\/pages\/1552\/revisions"}],"predecessor-version":[{"id":14978,"href":"https:\/\/rene-gaston-lagorre.fr\/index.php\/wp-json\/wp\/v2\/pages\/1552\/revisions\/14978"}],"wp:attachment":[{"href":"https:\/\/rene-gaston-lagorre.fr\/index.php\/wp-json\/wp\/v2\/media?parent=1552"}],"curies":[{"name":"wp","href":"https:\/\/api.w.org\/{rel}","templated":true}]}}