{"id":15654,"date":"2024-02-07T21:07:51","date_gmt":"2024-02-07T20:07:51","guid":{"rendered":"https:\/\/rene-gaston-lagorre.fr\/?page_id=15654"},"modified":"2024-02-07T21:21:38","modified_gmt":"2024-02-07T20:21:38","slug":"la-priere-du-torero-par-henri-taverner-huile-sur-toile-67-54cm-sans-date","status":"publish","type":"page","link":"https:\/\/rene-gaston-lagorre.fr\/index.php\/la-priere-du-torero-par-henri-taverner-huile-sur-toile-67-54cm-sans-date\/","title":{"rendered":"La pri\u00e8re du torero par Henri Taverner. Huile sur toile. 67x54cm, sans date."},"content":{"rendered":"<p>[vc_row row_type=&#8221;parallax&#8221; parallax_background_image=&#8221;15656&#8243;][vc_column]<div class=\"edgt-elements-holder   edgt-one-column  edgt-responsive-mode-768 edgt-one-column-alignment-center\" ><div class=\"edgt-eh-item   edgt-horizontal-alignment-center \"  data-item-class=\"edgt-eh-custom-6369\">\n\t<div class=\"edgt-eh-item-inner\">\n\t\t<div class=\"edgt-eh-item-content edgt-eh-custom-6369\" style=\"padding: 11% 0%\">\n\t\t\t[vc_column_text]<\/p>\n<h6><span style=\"color: #ffffff;\">Lecture d&#8217;oeuvres<br \/>\n<\/span><\/h6>\n<p>[\/vc_column_text][vc_empty_space height=&#8221;8px&#8221;][vc_column_text]<\/p>\n<h1><span style=\"color: #ffffff;\"><strong>La Pri\u00e8re du Tor\u00e9ro<br \/>\n<\/strong><\/span><\/h1>\n<p>[\/vc_column_text]\t\t<\/div>\n\t<\/div>\n<\/div><\/div>[\/vc_column][\/vc_row][vc_row row_content_width=&#8221;grid&#8221; css=&#8221;.vc_custom_1493283590395{padding-top: 100px !important;padding-bottom: 100px !important;}&#8221;][vc_column]<div class=\"edgt-process-holder process-text-left \">\n    <div class=\"edgt-process-inner\">\n                <div class=\"edgt-process-text-holder\">\n                            <span class=\"process-subtitle\"> La pri\u00e8re du torero. huile sur toile, 65x54cm, sans date.<\/span>\n            \n                        <h2 class=\"edgt-process-title\">\n            La Pri\u00e8re du Tor\u00e9ro        <\/h2>\n                        <p class=\"process-text\">Par sa facture, cette toile n&#039;est pas sans rappeler le dernier chemin de croix r\u00e9alis\u00e9 par le peintre pour l\u2019\u00e9glise de Couflens en 1980. M\u00eame technique de noir et blanc, \u00e0 peine rehauss\u00e9 d&#039;infimes taches de couleur \u00e0 peine perceptibles. Cette extr\u00eame sobri\u00e9t\u00e9 contribue \u00e0 la forte sensation de recueillement qui \u00e9mane de ce tableau. Derri\u00e8re ce poignant face-\u00e0-face que d\u00e9voile le rideau d&#039;\u00e9toiles qui tombe du ciel comme un linceul, se cache \u00e0 peine le Z lagorrien. Pour qui prie le torero ? Pour lui qui demande \u00e0 la Vierge de l&#039;\u00e9pargner, ou pour le taureau qui devra souffrir \u00e0 5 heures ? Le torero lui demande-t-il de sauver le brave animal devant lequel il n&#039;aura pas \u00e0 se courber avant la mise \u00e0 mort ?Lequel \u00e9pargner, de l&#039;homme ou de la b\u00eate ? La Vierge \u00e0 l&#039;Enfant, lui aussi couronn\u00e9, se pose-t-elle cette question derri\u00e8re son impassible visage ? Le tableau de Lagorre pose beaucoup de questions et donne peu de r\u00e9ponses, pour le plus grand bonheur de la peinture qui n&#039;est ici que recueillement.<\/p>\n            <\/div>\n                <div class=\"edgt-process-image\">\n            <img width=\"2145\" height=\"2560\" src=\"https:\/\/rene-gaston-lagorre.fr\/wp-content\/uploads\/2024\/02\/2.La-priere-du-torero-hst-scaled.jpg\" class=\"attachment-full size-full\" alt=\"\" decoding=\"async\" loading=\"lazy\" srcset=\"https:\/\/rene-gaston-lagorre.fr\/wp-content\/uploads\/2024\/02\/2.La-priere-du-torero-hst-scaled.jpg 2145w, https:\/\/rene-gaston-lagorre.fr\/wp-content\/uploads\/2024\/02\/2.La-priere-du-torero-hst-251x300.jpg 251w, https:\/\/rene-gaston-lagorre.fr\/wp-content\/uploads\/2024\/02\/2.La-priere-du-torero-hst-858x1024.jpg 858w, https:\/\/rene-gaston-lagorre.fr\/wp-content\/uploads\/2024\/02\/2.La-priere-du-torero-hst-768x916.jpg 768w, https:\/\/rene-gaston-lagorre.fr\/wp-content\/uploads\/2024\/02\/2.La-priere-du-torero-hst-1287x1536.jpg 1287w, https:\/\/rene-gaston-lagorre.fr\/wp-content\/uploads\/2024\/02\/2.La-priere-du-torero-hst-1716x2048.jpg 1716w, https:\/\/rene-gaston-lagorre.fr\/wp-content\/uploads\/2024\/02\/2.La-priere-du-torero-hst-1320x1575.jpg 1320w, https:\/\/rene-gaston-lagorre.fr\/wp-content\/uploads\/2024\/02\/2.La-priere-du-torero-hst-600x716.jpg 600w\" sizes=\"(max-width: 2145px) 100vw, 2145px\" \/>        <\/div>\n                <div class=\"edgt-process-number\">01<\/div>\n    <\/div>\n<\/div>[\/vc_column][\/vc_row][vc_row][vc_column]<div class=\"edgt-separator-holder clearfix  edgt-separator-center edgt-separator-full-width\">\n\t<div class=\"edgt-separator\" style=\"border-color: #e9e9e9;border-style: solid;border-bottom-width: 1px;margin-top: 5px;margin-bottom: 5px\"><\/div>\n<\/div>\n[\/vc_column][\/vc_row][vc_row row_content_width=&#8221;grid&#8221; css=&#8221;.vc_custom_1493283573780{padding-top: 100px !important;padding-bottom: 100px !important;}&#8221;][vc_column]<div class=\"edgt-process-holder process-text-right \">\n    <div class=\"edgt-process-inner\">\n        \n                <div class=\"edgt-process-text-holder\">\n            \n                        <h2 class=\"edgt-process-title\">\n                Henri Taverner             <\/h2>\n                                <p class=\"process-text\">Responsable \u00e9ditorial de la maison d\u2019\u00e9dition \u00ab Le pas d\u2019oiseau \u00bb \u00e0 Toulouse, maison qu\u2019il a cr\u00e9\u00e9e en 2005, Henri Taverner a publi\u00e9 en 2013 le livre sur le long parcours du peintre Ren\u00e9 Gaston-Lagorre \u00e9crit par Brigitte Gaston-Lagorre. Passionn\u00e9 de cyclisme et cycliste pratiquant, Henri Taverner est \u00e9galement peintre, il a r\u00e9alis\u00e9 dans un style hyperr\u00e9aliste assez saisissant et susceptible de provoquer quelques frissons, une s\u00e9rie de cinq tableaux sur ce th\u00e8me.L\u2019un des cinq tableaux de cette s\u00e9rie a \u00e9t\u00e9 achet\u00e9 par le mus\u00e9e du sport \u00e0 Paris : ``Il y a du noir dans l&#039;arc-en-ciel des h\u00e9ros``, un tableau qui \u00e9voque dans toute sa noirceur un souvenir fort de l\u2019histoire du cyclisme : la chute et la mort d\u2019un champion cycliste anglais, Tom Simpson alors porteur du maillot arc-en-ciel, lui qui s\u2019effondra , le 13 juillet 1967, \u00e0 l\u2019\u00e2ge de 29 ans, sur les pentes du Mont Ventoux.<\/p>\n                <\/div>\n                <\/div>\n<\/div>[\/vc_column][\/vc_row]<\/p>\n","protected":false},"excerpt":{"rendered":"<p>[vc_row row_type=&#8221;parallax&#8221; parallax_background_image=&#8221;15656&#8243;][vc_column][\/vc_column][\/vc_row][vc_row row_content_width=&#8221;grid&#8221; css=&#8221;.vc_custom_1493283590395{padding-top: 100px !important;padding-bottom: 100px !important;}&#8221;][vc_column][\/vc_column][\/vc_row][vc_row][vc_column][\/vc_column][\/vc_row][vc_row row_content_width=&#8221;grid&#8221; css=&#8221;.vc_custom_1493283573780{padding-top: 100px !important;padding-bottom: 100px !important;}&#8221;][vc_column][\/vc_column][\/vc_row]<\/p>\n","protected":false},"author":1,"featured_media":0,"parent":0,"menu_order":0,"comment_status":"closed","ping_status":"closed","template":"full-width.php","meta":[],"_links":{"self":[{"href":"https:\/\/rene-gaston-lagorre.fr\/index.php\/wp-json\/wp\/v2\/pages\/15654"}],"collection":[{"href":"https:\/\/rene-gaston-lagorre.fr\/index.php\/wp-json\/wp\/v2\/pages"}],"about":[{"href":"https:\/\/rene-gaston-lagorre.fr\/index.php\/wp-json\/wp\/v2\/types\/page"}],"author":[{"embeddable":true,"href":"https:\/\/rene-gaston-lagorre.fr\/index.php\/wp-json\/wp\/v2\/users\/1"}],"replies":[{"embeddable":true,"href":"https:\/\/rene-gaston-lagorre.fr\/index.php\/wp-json\/wp\/v2\/comments?post=15654"}],"version-history":[{"count":6,"href":"https:\/\/rene-gaston-lagorre.fr\/index.php\/wp-json\/wp\/v2\/pages\/15654\/revisions"}],"predecessor-version":[{"id":15662,"href":"https:\/\/rene-gaston-lagorre.fr\/index.php\/wp-json\/wp\/v2\/pages\/15654\/revisions\/15662"}],"wp:attachment":[{"href":"https:\/\/rene-gaston-lagorre.fr\/index.php\/wp-json\/wp\/v2\/media?parent=15654"}],"curies":[{"name":"wp","href":"https:\/\/api.w.org\/{rel}","templated":true}]}}