{"id":15682,"date":"2024-02-21T12:50:28","date_gmt":"2024-02-21T11:50:28","guid":{"rendered":"https:\/\/rene-gaston-lagorre.fr\/?page_id=15682"},"modified":"2024-02-21T12:55:59","modified_gmt":"2024-02-21T11:55:59","slug":"antibes-par-claire-charpentier-gouache-sur-papier-255x31cm-coll-archives-departementales-foix","status":"publish","type":"page","link":"https:\/\/rene-gaston-lagorre.fr\/index.php\/antibes-par-claire-charpentier-gouache-sur-papier-255x31cm-coll-archives-departementales-foix\/","title":{"rendered":"Antibes par Claire Charpentier. Gouache sur papier. 25,5x31cm. Coll. Archives d\u00e9partementales (Foix)"},"content":{"rendered":"<p>[vc_row disable_background_image=&#8221;&#8221; row_type=&#8221;parallax&#8221; simple_background_image=&#8221;15683&#8243;][vc_column]<div class=\"edgt-elements-holder   edgt-one-column  edgt-responsive-mode-768 edgt-one-column-alignment-center\" ><div class=\"edgt-eh-item   edgt-horizontal-alignment-center \"  data-item-class=\"edgt-eh-custom-8894\">\n\t<div class=\"edgt-eh-item-inner\">\n\t\t<div class=\"edgt-eh-item-content edgt-eh-custom-8894\" style=\"padding: 11% 0%\">\n\t\t\t[vc_column_text]<\/p>\n<h6><span style=\"color: #ffffff;\">Lecture d&#8217;oeuvres<br \/>\n<\/span><\/h6>\n<p>[\/vc_column_text][vc_empty_space height=&#8221;8px&#8221;][vc_column_text]<\/p>\n<h1><span style=\"color: #ffffff;\"><strong>Antibes<br \/>\n<\/strong><\/span><\/h1>\n<p>[\/vc_column_text]\t\t<\/div>\n\t<\/div>\n<\/div><\/div>[\/vc_column][\/vc_row][vc_row row_content_width=&#8221;grid&#8221; css=&#8221;.vc_custom_1493283590395{padding-top: 100px !important;padding-bottom: 100px !important;}&#8221;][vc_column]<div class=\"edgt-process-holder process-text-left \">\n    <div class=\"edgt-process-inner\">\n                <div class=\"edgt-process-text-holder\">\n                            <span class=\"process-subtitle\"> Antibes. Gouache sur papier. 25,5x31cm. Coll. Archives d\u00e9partementales (Foix)<\/span>\n            \n                        <h2 class=\"edgt-process-title\">\n            Antibes        <\/h2>\n                        <p class=\"process-text\">Je suis sensible au bonheur de vivre, \u00e0 la lumi\u00e8re \u00e9clatante de cette sc\u00e8ne, \u00e0 la beaut\u00e9 de ces corps de femmes en train de prendre le soleil. Tout est simple ici, il n&#039;y a que l&#039;eau, le soleil, la mer, et le plaisir d&#039;en jouir, de faire partie de ce paysage simplifi\u00e9.&lt;br \/&gt;\nPour que l&#039;on puisse ressentir cela, participer \u00e0 ce bonheur, appr\u00e9cier cette sc\u00e8ne, il a fallu que le peintre nous la r\u00e9sume avec un art de la composition magistral, d&#039;abord en choisissant cette image et en l&#039;isolant de son contexte, ensuite en imposant au premier plan, et sur presque la moiti\u00e9 de la surface de l&#039;\u0153uvre, pour stabiliser l&#039;\u0153il du spectateur, la blancheur de la proue du bateau.&lt;br \/&gt;\nLe moment est \u00e0 la fois \u00e9ternel et fugace, et cette fugacit\u00e9 s&#039;exprime par le travail rapide, c&#039;est presque une \u00e9bauche, les coups de pinceaux sont nerveux, la facture est celle des fauves, et avec cela tout est juste, chaque trait a sa raison d&#039;\u00eatre, et les jeunes femmes, dans leurs poses classiques, sont \u00e0 la fois r\u00e9elles, vivantes, contemporaines (Parisiennes en vacances, bronz\u00e9es et insolentes) - et des arch\u00e9types de baigneuses. J&#039;admire aussi la simplicit\u00e9 si juste avec laquelle la mer est repr\u00e9sent\u00e9e, quelques traits verts et bleus, et le tour est jou\u00e9, on y croit.&lt;\/p&gt;\n&lt;p&gt;Mais comme toujours avec la M\u00e9diterran\u00e9e, la violence des contrastes, l&#039;\u00e9blouissement de la lumi\u00e8re, le myst\u00e8re de la mer, et peut-\u00eatre la pose hi\u00e9ratique des personnages, laissent planer, \u00e0 peine perceptible dans cette \u0153uvre d\u00e9di\u00e9e au bonheur et \u00e0 la l\u00e9g\u00e8ret\u00e9, et pourtant pr\u00e9sente \u00e0 l&#039;arri\u00e8re plan, la possibilit\u00e9 de la trag\u00e9die.<\/p>\n            <\/div>\n                <div class=\"edgt-process-image\">\n            <img width=\"971\" height=\"725\" src=\"https:\/\/rene-gaston-lagorre.fr\/wp-content\/uploads\/2024\/02\/30.Antibes.jpeg\" class=\"attachment-full size-full\" alt=\"\" decoding=\"async\" loading=\"lazy\" srcset=\"https:\/\/rene-gaston-lagorre.fr\/wp-content\/uploads\/2024\/02\/30.Antibes.jpeg 971w, https:\/\/rene-gaston-lagorre.fr\/wp-content\/uploads\/2024\/02\/30.Antibes-300x224.jpeg 300w, https:\/\/rene-gaston-lagorre.fr\/wp-content\/uploads\/2024\/02\/30.Antibes-768x573.jpeg 768w, https:\/\/rene-gaston-lagorre.fr\/wp-content\/uploads\/2024\/02\/30.Antibes-600x448.jpeg 600w\" sizes=\"(max-width: 971px) 100vw, 971px\" \/>        <\/div>\n                <div class=\"edgt-process-number\">01<\/div>\n    <\/div>\n<\/div>[\/vc_column][\/vc_row][vc_row][vc_column]<div class=\"edgt-separator-holder clearfix  edgt-separator-center edgt-separator-full-width\">\n\t<div class=\"edgt-separator\" style=\"border-color: #e9e9e9;border-style: solid;border-bottom-width: 1px;margin-top: 5px;margin-bottom: 5px\"><\/div>\n<\/div>\n[\/vc_column][\/vc_row][vc_row row_content_width=&#8221;grid&#8221; css=&#8221;.vc_custom_1493283573780{padding-top: 100px !important;padding-bottom: 100px !important;}&#8221;][vc_column]<div class=\"edgt-process-holder process-text-right \">\n    <div class=\"edgt-process-inner\">\n        \n                <div class=\"edgt-process-text-holder\">\n            \n                        <h2 class=\"edgt-process-title\">\n                Claire Charpentier             <\/h2>\n                                <p class=\"process-text\">Artiste peintre<\/p>\n                <\/div>\n                <\/div>\n<\/div>[\/vc_column][\/vc_row]<\/p>\n","protected":false},"excerpt":{"rendered":"<p>[vc_row disable_background_image=&#8221;&#8221; row_type=&#8221;parallax&#8221; simple_background_image=&#8221;15683&#8243;][vc_column][\/vc_column][\/vc_row][vc_row row_content_width=&#8221;grid&#8221; css=&#8221;.vc_custom_1493283590395{padding-top: 100px !important;padding-bottom: 100px !important;}&#8221;][vc_column][\/vc_column][\/vc_row][vc_row][vc_column][\/vc_column][\/vc_row][vc_row row_content_width=&#8221;grid&#8221; css=&#8221;.vc_custom_1493283573780{padding-top: 100px !important;padding-bottom: 100px !important;}&#8221;][vc_column][\/vc_column][\/vc_row]<\/p>\n","protected":false},"author":1,"featured_media":0,"parent":0,"menu_order":0,"comment_status":"closed","ping_status":"closed","template":"full-width.php","meta":[],"_links":{"self":[{"href":"https:\/\/rene-gaston-lagorre.fr\/index.php\/wp-json\/wp\/v2\/pages\/15682"}],"collection":[{"href":"https:\/\/rene-gaston-lagorre.fr\/index.php\/wp-json\/wp\/v2\/pages"}],"about":[{"href":"https:\/\/rene-gaston-lagorre.fr\/index.php\/wp-json\/wp\/v2\/types\/page"}],"author":[{"embeddable":true,"href":"https:\/\/rene-gaston-lagorre.fr\/index.php\/wp-json\/wp\/v2\/users\/1"}],"replies":[{"embeddable":true,"href":"https:\/\/rene-gaston-lagorre.fr\/index.php\/wp-json\/wp\/v2\/comments?post=15682"}],"version-history":[{"count":4,"href":"https:\/\/rene-gaston-lagorre.fr\/index.php\/wp-json\/wp\/v2\/pages\/15682\/revisions"}],"predecessor-version":[{"id":15687,"href":"https:\/\/rene-gaston-lagorre.fr\/index.php\/wp-json\/wp\/v2\/pages\/15682\/revisions\/15687"}],"wp:attachment":[{"href":"https:\/\/rene-gaston-lagorre.fr\/index.php\/wp-json\/wp\/v2\/media?parent=15682"}],"curies":[{"name":"wp","href":"https:\/\/api.w.org\/{rel}","templated":true}]}}