{"id":15993,"date":"2025-11-08T16:21:29","date_gmt":"2025-11-08T15:21:29","guid":{"rendered":"https:\/\/rene-gaston-lagorre.fr\/?page_id=15993"},"modified":"2025-11-08T16:27:56","modified_gmt":"2025-11-08T15:27:56","slug":"lagorre-amoureux-del-andorre-2","status":"publish","type":"page","link":"https:\/\/rene-gaston-lagorre.fr\/index.php\/lectures-thematiques\/lagorre-amoureux-del-andorre-2\/","title":{"rendered":"Lagorre amoureux de l&#8217;Andorre"},"content":{"rendered":"<p>[vc_row row_type=&#8221;parallax&#8221; parallax_background_image=&#8221;15928&#8243;][vc_column]<div class=\"edgt-elements-holder   edgt-one-column  edgt-responsive-mode-768 edgt-one-column-alignment-center\" ><div class=\"edgt-eh-item   edgt-horizontal-alignment-center \"  data-item-class=\"edgt-eh-custom-2191\">\n\t<div class=\"edgt-eh-item-inner\">\n\t\t<div class=\"edgt-eh-item-content edgt-eh-custom-2191\" style=\"padding: 11% 0%\">\n\t\t\t[vc_column_text]<\/p>\n<h6><span style=\"color: #ffffff;\">Lecture d&#8217;oeuvres<br \/>\n<\/span><\/h6>\n<p>[\/vc_column_text][vc_empty_space height=&#8221;8px&#8221;][vc_column_text]<\/p>\n<h1><span style=\"color: #ffffff;\">Lagorre amoureux de l&#8217;Andorre<\/span><\/h1>\n<p>[\/vc_column_text]\t\t<\/div>\n\t<\/div>\n<\/div><\/div>[\/vc_column][\/vc_row][vc_row row_content_width=&#8221;grid&#8221; css=&#8221;.vc_custom_1493283590395{padding-top: 100px !important;padding-bottom: 100px !important;}&#8221;][vc_column][vc_column_text]Bon nombre de tableaux du peintre manifestent l\u2019attrait qu\u2019il \u00e9prouvait pour l\u2019Andorre.<\/p>\n<p>Fascin\u00e9 par la beaut\u00e9 et la simplicit\u00e9 des petites \u00e9glises romanes du XIIe et XIIIe si\u00e8cles qui \u00e9maillent ce territoire et qui constituent\u00a0 un ensemble historique homog\u00e8ne, le peintre se plaira \u00e0 repr\u00e9senter<strong> Santa Coloma <\/strong>(dot\u00e9e du seul clocher rond lombard de la Principaut\u00e9 d\u2019Andorre) mais aussi l\u2019\u00e9glise <strong>San Miguel d\u2019Engo lasTers<\/strong> \u00a0dont l\u2019\u00e9l\u00e9ment architectural le plus frappant est le clocher, une construction \u00e0 trois \u00e9tages perc\u00e9e de fen\u00eatres g\u00e9min\u00e9es aux arcatures lombardes et flanqu\u00e9e, en son \u00e9tage sup\u00e9rieur, d\u2019une sculpture repr\u00e9sentant un visage humain. Signalons aussi un tr\u00e8s joli tableau repr\u00e9sentant la charmante \u00e9glise de <strong>Sant Joan de Caselles<\/strong>\u00a0 actuellement visible au mus\u00e9e de Seix pour f\u00eater les Estivales Lagorre 2025.<\/p>\n<p>Ces tableaux perp\u00e9tuent avec bonheur le souvenir de balades en Andorre. Le peintre\u00a0 a maintes fois parcouru la Principaut\u00e9 en compagnie de ses amis Riton Cazenave ou Isabelle Sandy.<\/p>\n<p>Les peintures andorranes de Lagorre nous proposent aujourd\u2019hui une red\u00e9couverte de fragiles joyaux architecturaux situ\u00e9s le plus souvent dans un cadre montagnard des plus \u00e2pres \u2026<\/p>\n<p>Un livre trop t\u00f4t \u00e9puis\u00e9 et qui\u00a0 ne peut plus \u00eatre consult\u00e9 autrement qu\u2019en format num\u00e9rique t\u00e9moigne lui aussi, de cet amour profond qui liait le peintre \u00e0 l\u2019Andorre. Pieusement conserv\u00e9 \u00e0 la Biblioth\u00e8que nationale de France, cet ouvrage est sign\u00e9 de Domenech de Bellmunt et illustr\u00e9 par Lagorre. Il est sobrement intitul\u00e9\u00a0 <strong><em>L\u2019Andorre et ses beaut\u00e9s..<\/em><\/strong><\/p>\n<p><strong><em>L\u2019Andorre et ses beaut\u00e9s<\/em><\/strong><em> : sa g\u00e9ographie, ses paysages, ses monuments, son histoire, ses coutumes, ses l\u00e9gendes<\/em> \/ Dom\u00e8nec de Bellmunt ; [8 dessins in\u00e9dits du peintre Lagorre] ; [illustrations photographiques de V. Claverol] 195<a href=\"https:\/\/gallica.bnf.fr\/ark:\/12148\/bpt6k33452776.r=domenech%20de%20bellmunt?rk=21459;2\">2<\/a>[\/vc_column_text][\/vc_column][\/vc_row][vc_row][vc_column][vc_empty_space][\/vc_column][\/vc_row][vc_row][vc_column width=&#8221;1\/3&#8243;][\/vc_column][vc_column width=&#8221;1\/3&#8243;][vc_images_carousel images=&#8221;15936,15939,15938,15937,15935,15934,15933,15932,15931,15930,15929,15928,15927,15926,15940&#8243; img_size=&#8221;500&#215;600&#8243;][\/vc_column][vc_column width=&#8221;1\/3&#8243;][\/vc_column][\/vc_row][vc_row][vc_column][vc_empty_space][\/vc_column][\/vc_row][vc_row row_content_width=&#8221;grid&#8221; css=&#8221;.vc_custom_1493283573780{padding-top: 100px !important;padding-bottom: 100px !important;}&#8221;][vc_column]<div class=\"edgt-process-holder process-text-right \">\n    <div class=\"edgt-process-inner\">\n        \n                <\/div>\n<\/div>[\/vc_column][\/vc_row]<\/p>\n","protected":false},"excerpt":{"rendered":"<p>[vc_row row_type=&#8221;parallax&#8221; parallax_background_image=&#8221;15928&#8243;][vc_column][\/vc_column][\/vc_row][vc_row row_content_width=&#8221;grid&#8221; css=&#8221;.vc_custom_1493283590395{padding-top: 100px !important;padding-bottom: 100px !important;}&#8221;][vc_column][vc_column_text]Bon nombre de tableaux du peintre manifestent l\u2019attrait qu\u2019il \u00e9prouvait pour l\u2019Andorre. Fascin\u00e9 par la beaut\u00e9 et la simplicit\u00e9 des petites \u00e9glises romanes du XIIe et XIIIe si\u00e8cles qui \u00e9maillent ce territoire et qui constituent\u00a0 un ensemble historique [&hellip;]<\/p>\n","protected":false},"author":1,"featured_media":0,"parent":15064,"menu_order":0,"comment_status":"closed","ping_status":"closed","template":"full-width.php","meta":[],"_links":{"self":[{"href":"https:\/\/rene-gaston-lagorre.fr\/index.php\/wp-json\/wp\/v2\/pages\/15993"}],"collection":[{"href":"https:\/\/rene-gaston-lagorre.fr\/index.php\/wp-json\/wp\/v2\/pages"}],"about":[{"href":"https:\/\/rene-gaston-lagorre.fr\/index.php\/wp-json\/wp\/v2\/types\/page"}],"author":[{"embeddable":true,"href":"https:\/\/rene-gaston-lagorre.fr\/index.php\/wp-json\/wp\/v2\/users\/1"}],"replies":[{"embeddable":true,"href":"https:\/\/rene-gaston-lagorre.fr\/index.php\/wp-json\/wp\/v2\/comments?post=15993"}],"version-history":[{"count":5,"href":"https:\/\/rene-gaston-lagorre.fr\/index.php\/wp-json\/wp\/v2\/pages\/15993\/revisions"}],"predecessor-version":[{"id":15998,"href":"https:\/\/rene-gaston-lagorre.fr\/index.php\/wp-json\/wp\/v2\/pages\/15993\/revisions\/15998"}],"up":[{"embeddable":true,"href":"https:\/\/rene-gaston-lagorre.fr\/index.php\/wp-json\/wp\/v2\/pages\/15064"}],"wp:attachment":[{"href":"https:\/\/rene-gaston-lagorre.fr\/index.php\/wp-json\/wp\/v2\/media?parent=15993"}],"curies":[{"name":"wp","href":"https:\/\/api.w.org\/{rel}","templated":true}]}}