{"id":1622,"date":"2023-07-14T18:01:26","date_gmt":"2023-07-14T16:01:26","guid":{"rendered":"https:\/\/rene-gaston-lagorre.fr\/?page_id=1622"},"modified":"2023-09-05T16:25:19","modified_gmt":"2023-09-05T14:25:19","slug":"l-invention-des-z","status":"publish","type":"page","link":"https:\/\/rene-gaston-lagorre.fr\/index.php\/l-invention-des-z\/","title":{"rendered":"L&#8217;invention des Z"},"content":{"rendered":"<p>[vc_row][vc_column][vc_column_text]En 1987 Pierre Weiller et Charley Chevalier pr\u00e9sentent dans leur galerie encore situ\u00e9e au 27, Rue de la Ferronnerie \u00e0 Paris (1<sup>er<\/sup> arrondissement) \u00ab\u00a0Peintures\u00a0\u00bb, une exposition de Ren\u00e9 Gaston-Lagorre. Ces \u0153uvres sont r\u00e9alis\u00e9es et uniquement sur des formats 1 et 5 figures et sur chacune d\u2019entre elles figure le fameux Z dont Lagorre lui-m\u00eame nous d\u00e9voilera le sens.<\/p>\r\n\r\n<p>Enthousiaste, Robert Marteau \u00e9crit la Pr\u00e9face du catalogue d\u2019exposition dont nous donnons ici un extrait\u00a0:<\/p>\r\n\r\n<p>\u00ab\u00a0<em>Crois\u00e9es, c\u2019\u00e9taient ces fen\u00eatres par lesquelles le givre, l\u2019aurore, la lumi\u00e8re, l\u2019\u00e9clair de l\u2019orage \u2013 l\u2019\u00e9loise, nous disions &#8211; se manifestaient \u00e0 notre vue, comme les \u00e9toiles de la nuit d\u2019\u00e9t\u00e9 ou la lune hivernale, et cela en un rectangle bien pr\u00e9cis, quadrill\u00e9, dans lequel pouvait en oblique jouer la barre pour ouvrir ou fermer, le jeu de celle-ci formant des Z avec les traverses, les petits bois et dormants, jusqu\u2019\u00e0 ce qu\u2019elle f\u00fbt amen\u00e9e \u00e0 la verticale.<\/em><\/p>\r\n\r\n<p><em>Z, c\u2019est la premi\u00e8re lettre de Zeu<\/em><em>s<\/em><em>, le nom du dieu porte-\u00e9clair dont la foudre raye l\u2019espace entre ciel et terre li\u00e9s soudain en cet instant que nous avons appris \u00e0 mesurer\u00a0; Z, c\u2019est le <\/em><em>cygne<\/em><em> sur le lac , l\u2019oiseau se<\/em><em>r<\/em><em>pent qui conjoint le ciel \u00e0 l\u2019eau&#8230;<\/em>\u00a0\u00bb<\/p>\r\n\r\n<p>&#8230; \u00ab\u00a0<em>H\u00e9 oui, parfaitement, ce sont des petits rectangles magiques, des talismans (objets marqu\u00e9s parfois de signes cabalistiques, auxquels on attribue la vertu d\u2019apporter le bonheur ou de conf\u00e9rer un pouvoir magique. Ce qui a des effets merveilleux), Je ne vous le fais pas dire\u00a0; non, c\u2019est le Petit Larousse qui le dit. Ce sont des ic\u00f4nes, des images saintes, d\u2019o\u00f9 apparemment ce que nous nommons image aurait disparu\u00a0; disparition, en effet, qui n\u2019est qu\u2019apparente puisqu\u2019elle s\u2019op\u00e8re au b\u00e9n\u00e9fice de l\u2019\u00e9piphanie, du surgissement de la lumi\u00e8re dont se fluidifie la couleur. Et tout est fixe et fix\u00e9, tir\u00e9 au cordeau, droit comme un fil.,,\u00a0\u00bb<\/em><\/p>\r\n\r\n<p>\u00ab\u00a0<em>Apr\u00e8s les ma\u00eetres, il ne nous reste plus qu\u2019\u00e0 simplifier.<\/em>..\u00a0\u00bb<\/p>\r\n\r\n<p>Robert Marteau, Les Z de Lagorre, catalogue d\u2019exposition 1987. Paris<\/p>\r\n\r\n<p>\u00ab\u00a0 <em>&#8230;\u00a0Les toiles sont de petit format mais quel plaisir\u00a0! L\u2019\u0153il va de l\u2019une \u00e0 l\u2019autre pour mieux saisir le langage, s\u2019en repa\u00eetre, s\u2019en d\u00e9lecter, s\u2019en amuser, s\u2019y noyer et s\u2019y perdre jusqu\u2019\u00e0 en \u00e9prouver une profonde jouissance.<br \/>Pourquoi avoir choisi le Z pour r\u00e9aliser des gammes\u00a0? Parce qu\u2019il est la derni\u00e8re lettre de l\u2019alphabet et donc la moins aim\u00e9e\u00a0? Parce qu\u2019il brandit la foudre et z\u00e8bre le ciel de phosphorescentes interrogations\u00a0? Parce qu\u2019 il est insaisissable, transformable \u00e0 volont\u00e9 et cependant jamais d\u00e9natur\u00e9\u00a0? Tout simplement parce qu\u2019il est tout cela \u00e0 la fois et en plus magique, porteur de signes cabalistiques du givre sur la vitre et entrelace en un savant \u00e9clair le ciel, l\u2019eau et la terre\u2026.<\/em><\/p>\r\n\r\n<p><em>Ren\u00e9 Lagorre a atteint la simplicit\u00e9 des ma\u00eetres et leur densit\u00e9 d\u00e9cuplant la force des signes par celle, admirable, des couleurs.<\/em>\u00a0\u00bb<\/p>\r\n\r\n<p>F. Caries. \u00ab\u00a0Les Z de Ren\u00e9 Lagorre vus \u00e0 Paris\u00a0\u00bb, 30 juillet 1987.<\/p>\r\n\r\n<p>\u00ab\u00a0 <em>Dans l\u2019abstrait, il faut beaucoup d\u2019esquisses et d\u2019\u00e9tudes. Vous ne retenez pour finir que celle qui a le plus de force. Z constitue pour moi une ic\u00f4ne de fin de si\u00e8cle. Il s\u2019agit avant tout de rapports de tons rares. Un tableau ne s\u2019explique pas, il garde son myst\u00e8re. D\u2019ailleurs, l\u2019art au d\u00e9but est fait pour troubler.<\/em>\u00a0\u00bb<\/p>\r\n\r\n<p>\u00ab\u00a0Interview de R. Lagorre par G. Tamagnan\u00a0\u00bb. L\u2019Ari\u00e9geois,d\u00e9cembre 1987.p.41<\/p>\r\n<p>[\/vc_column_text][\/vc_column][\/vc_row][vc_row][vc_column][vc_empty_space]<div class=\"edgt-portfolio-list-holder edgt-pl-gallery edgt-pl-normal-space edgt-pl-three-columns edgt-pl-standard-overlay light    edgt-pl-pag-no-pagination     \"  data-type=gallery data-space-between-items=normal data-number-of-items=-1 data-image-proportions=full data-enable-fixed-proportions=no data-enable-image-shadow=no data-category=z-1987 data-order-by=date data-order=ASC data-item-style=standard-overlay data-item-style-skin=light data-enable-title=yes data-title-tag=h4 data-title-text-transform=uppercase data-enable-category=yes data-enable-like=no data-enable-count-images=yes data-enable-excerpt=no data-excerpt-length=20 data-pagination-type=no-pagination data-filter=no data-filter-order-by=name data-enable-article-parallax-animation=no data-portfolio-slider-on=no data-enable-loop=yes data-enable-autoplay=yes data-slider-speed=5000 data-slider-speed-animation=600 data-enable-navigation=yes data-enable-pagination=yes data-max-num-pages=0 data-next-page=2>\n\t\t\n\t<div class=\"edgt-pl-inner  clearfix\">\n\t\t\n<article class=\"edgt-pl-item  post-14496 portfolio-item type-portfolio-item status-publish has-post-thumbnail hentry portfolio-category-z-1987\">\n\t<div class=\"edgt-pl-item-inner\" >\n\t\t<div class=\"edgt-pli-image\">\n\t\t\t<img width=\"1393\" height=\"1991\" src=\"https:\/\/rene-gaston-lagorre.fr\/wp-content\/uploads\/2023\/07\/30.Z.-hst.1987.7.jpg\" class=\"attachment-full size-full wp-post-image\" alt=\"Z. Hst.1987\" decoding=\"async\" loading=\"lazy\" srcset=\"https:\/\/rene-gaston-lagorre.fr\/wp-content\/uploads\/2023\/07\/30.Z.-hst.1987.7.jpg 1393w, https:\/\/rene-gaston-lagorre.fr\/wp-content\/uploads\/2023\/07\/30.Z.-hst.1987.7-600x858.jpg 600w, https:\/\/rene-gaston-lagorre.fr\/wp-content\/uploads\/2023\/07\/30.Z.-hst.1987.7-210x300.jpg 210w, https:\/\/rene-gaston-lagorre.fr\/wp-content\/uploads\/2023\/07\/30.Z.-hst.1987.7-716x1024.jpg 716w, https:\/\/rene-gaston-lagorre.fr\/wp-content\/uploads\/2023\/07\/30.Z.-hst.1987.7-768x1098.jpg 768w, https:\/\/rene-gaston-lagorre.fr\/wp-content\/uploads\/2023\/07\/30.Z.-hst.1987.7-1075x1536.jpg 1075w\" sizes=\"(max-width: 1393px) 100vw, 1393px\" \/>\t\t<\/div>\n<div class=\"edgt-pli-text-holder\">\n\t<div class=\"edgt-pli-text-wrapper\">\n\t\t<div class=\"edgt-pli-text\">\n\t\t\t\t<h4 itemprop=\"name\" class=\"edgt-pli-title entry-title\" style=\"text-transform: uppercase\">\n\t\tL&#8217;Invention des Z.  1987\t<\/h4>\n\n\t\t\t\t\t<div class=\"edgt-pli-category-holder\">\n\t\t\t\t\t\t\t<a itemprop=\"url\" class=\"edgt-pli-category\" href=\"https:\/\/rene-gaston-lagorre.fr\/index.php\/portfolio-category\/z-1987\/\">\"Z 1987\"<\/a>\n\t\t\t\t\t<\/div>\n\t\n\t\t\t    <div class=\"edgt-gli-number-of-images-holder\" >\n        <span>84 pics.<\/span>\n    <\/div>\n\n\n\t\t\t\t\t<\/div>\n\t<\/div>\n<\/div>\t\t\n\t\t<a itemprop=\"url\" class=\"edgt-pli-link edgt-block-drag-link\" href=\"https:\/\/rene-gaston-lagorre.fr\/index.php\/portfolio-item\/z-1987\/\" target=\"_self\"><\/a>\n\t<\/div>\n<\/article>\t<\/div>\n\t\n\t<\/div>[vc_empty_space][\/vc_column][\/vc_row]<\/p>","protected":false},"excerpt":{"rendered":"<p>[vc_row][vc_column][vc_column_text]En 1987 Pierre Weiller et Charley Chevalier pr\u00e9sentent dans leur galerie encore situ\u00e9e au 27, Rue de la Ferronnerie \u00e0 Paris (1er arrondissement) \u00ab\u00a0Peintures\u00a0\u00bb, une exposition de Ren\u00e9 Gaston-Lagorre. Ces \u0153uvres sont r\u00e9alis\u00e9es et uniquement sur des formats 1 et 5 figures et sur chacune d\u2019entre [&hellip;]<\/p>\n","protected":false},"author":2,"featured_media":0,"parent":0,"menu_order":0,"comment_status":"closed","ping_status":"closed","template":"","meta":[],"_links":{"self":[{"href":"https:\/\/rene-gaston-lagorre.fr\/index.php\/wp-json\/wp\/v2\/pages\/1622"}],"collection":[{"href":"https:\/\/rene-gaston-lagorre.fr\/index.php\/wp-json\/wp\/v2\/pages"}],"about":[{"href":"https:\/\/rene-gaston-lagorre.fr\/index.php\/wp-json\/wp\/v2\/types\/page"}],"author":[{"embeddable":true,"href":"https:\/\/rene-gaston-lagorre.fr\/index.php\/wp-json\/wp\/v2\/users\/2"}],"replies":[{"embeddable":true,"href":"https:\/\/rene-gaston-lagorre.fr\/index.php\/wp-json\/wp\/v2\/comments?post=1622"}],"version-history":[{"count":7,"href":"https:\/\/rene-gaston-lagorre.fr\/index.php\/wp-json\/wp\/v2\/pages\/1622\/revisions"}],"predecessor-version":[{"id":15135,"href":"https:\/\/rene-gaston-lagorre.fr\/index.php\/wp-json\/wp\/v2\/pages\/1622\/revisions\/15135"}],"wp:attachment":[{"href":"https:\/\/rene-gaston-lagorre.fr\/index.php\/wp-json\/wp\/v2\/media?parent=1622"}],"curies":[{"name":"wp","href":"https:\/\/api.w.org\/{rel}","templated":true}]}}