{"id":1701,"date":"2023-07-15T08:55:00","date_gmt":"2023-07-15T06:55:00","guid":{"rendered":"https:\/\/rene-gaston-lagorre.fr\/?page_id=1701"},"modified":"2023-09-03T21:47:19","modified_gmt":"2023-09-03T19:47:19","slug":"le-carnaval-de-venise","status":"publish","type":"page","link":"https:\/\/rene-gaston-lagorre.fr\/index.php\/les-themes\/le-carnaval-de-venise\/","title":{"rendered":"Le carnaval de Venise"},"content":{"rendered":"<p>[vc_row][vc_column][vc_column_text]\u00ab\u00a0<em>Venise pour le bal s\u2019habille.<\/em><\/p>\r\n\r\n<p><em>De paillettes tout \u00e9toil\u00e9,<\/em><\/p>\r\n\r\n<p><em>Scintille, fourmille et babille<\/em><\/p>\r\n\r\n<p><em>Le carnaval bariol\u00e9.<\/em><\/p>\r\n\r\n<p><em>Arlequin, n\u00e8gre par son masque,<\/em><\/p>\r\n\r\n<p><em>Serpent par ses mille couleurs,<\/em><\/p>\r\n\r\n<p><em>Rosse d\u2019une note fantasque<\/em><\/p>\r\n\r\n<p><em>Cassandre son souffre-douleurs.<\/em><\/p>\r\n\r\n<p><em>Battant de l\u2019aile avec sa manche<\/em><\/p>\r\n\r\n<p><em>Comme un pingouin sur un \u00e9cueil,<\/em><\/p>\r\n\r\n<p><em>Le blanc Pierrot, forme blanche,<\/em><\/p>\r\n\r\n<p><em>Passe la t\u00eate et cligne l\u2019\u0153il&#8230;\u00a0<\/em>\u00bb<\/p>\r\n\r\n<p>&nbsp;<\/p>\r\n\r\n<p class=\"has-small-font-size\">Th\u00e9ophile Gautier, \u00c9maux et Cam\u00e9es, \u00ab\u00a0Carnaval (extrait)<\/p>\r\n\r\n<p>Le carnaval de Venise jouit d\u2019une aura particuli\u00e8re\u2026 D\u00e8s la fin du Xe si\u00e8cle, cette f\u00eate qui est aussi un grand spectacle de couleurs, de musique et de lumi\u00e8re, va contribuer \u00e0 fa\u00e7onner la coh\u00e9sion civique et politique des diff\u00e9rents quartiers de la ville. Comme tous les carnavals, celui de Venise tend \u00e0 abolir les contraintes sociales habituelles. Le port du costume et du masque permettent d\u2019agir en toute libert\u00e9 sans \u00eatre reconnu, la s\u00e9paration entre riches et pauvres y est abolie car le carnaval instaure un temps de libert\u00e9 absolue et permet d\u2019oublier toute r\u00e8gle sociale ou morale.<\/p>\r\n\r\n<p>Dans l\u2019histoire de la peinture, c\u2019est surtout \u00e0 partir des XVII<sup>e<\/sup> et XVIII<sup>e<\/sup> si\u00e8cles que ce carnaval se laisse admirer sur les tableaux de Canaletto, sur ceux de Francesco Guardi ou encore sur ceux de Tiepolo. Le d\u00e9clin du carnaval s\u2019amorce pourtant au XIX<sup>e<\/sup> si\u00e8cle. Ce n\u2019est que dans les ann\u00e9es 80 que cette immense f\u00eate ressuscitera, suscitant de nouveau l\u2019enthousiasme.<\/p>\r\n\r\n<p>La beaut\u00e9 du cadre n\u2019y est pas pour rien\u00a0! Venise est une ville mythique construite sur l\u2019eau o\u00f9 l\u2019on voyage sur des canaux bord\u00e9s de somptueux palais gothiques et Renaissance avec, en son centre, la place Saint-Marc recouverte de mosa\u00efques byzantines. Autant dire que la f\u00eate qui s\u2019y donne jouit d\u2019un cadre somptueux et que le miroitement des eaux la magnifie un peu plus encore.<\/p>\r\n\r\n<p>Sur l\u2019une des toiles, les feux d\u2019artifice jaillissent et illuminent un bal masqu\u00e9 savamment ordonn\u00e9 o\u00f9 le chien lui-m\u00eame participe \u00e0 la f\u00eate dansant et portant son propre d\u00e9guisement, chapeau et jabot de dentelle\u2026<\/p>\r\n\r\n<p>Mais en s\u2019appropriant le th\u00e8me pictural du carnaval de Venise, Lagorre nous convie au dialogue perp\u00e9tuel qui s\u2019instaure entre l\u2019\u00eatre et le para\u00eetre, entre le naturel et l\u2019artifice. Dans les tableaux et les gouaches du peintre ( \u00ab\u00a0Arlequin dans le Z\u00a0\u00bb) o\u00f9 il reprend ce th\u00e8me, les couleurs vives s\u2019inscrivent dans des formes g\u00e9om\u00e9triques mettant en valeur le visage d\u2019Arlequin dont le regard direct, sous le masque qu\u2019il arbore, semble nous interroger comme s\u2019il souhaitait lui aussi, \u00e0 son tour, nous d\u00e9masquer.<\/p>\r\n<p>[\/vc_column_text][\/vc_column][\/vc_row][vc_row][vc_column][vc_empty_space][vc_empty_space]<div class=\"edgt-portfolio-list-holder edgt-pl-gallery edgt-pl-normal-space edgt-pl-three-columns edgt-pl-standard-overlay light    edgt-pl-pag-no-pagination     \"  data-type=gallery data-space-between-items=normal data-number-of-items=-1 data-image-proportions=full data-enable-fixed-proportions=no data-enable-image-shadow=no data-category=venise data-order-by=date data-order=ASC data-item-style=standard-overlay data-item-style-skin=light data-enable-title=yes data-title-tag=h4 data-title-text-transform=uppercase data-enable-category=yes data-enable-like=no data-enable-count-images=yes data-enable-excerpt=no data-excerpt-length=20 data-pagination-type=no-pagination data-filter=no data-filter-order-by=name data-enable-article-parallax-animation=no data-portfolio-slider-on=no data-enable-loop=yes data-enable-autoplay=yes data-slider-speed=5000 data-slider-speed-animation=600 data-enable-navigation=yes data-enable-pagination=yes data-max-num-pages=0 data-next-page=2>\n\t\t\n\t<div class=\"edgt-pl-inner  clearfix\">\n\t\t\n<article class=\"edgt-pl-item  post-13182 portfolio-item type-portfolio-item status-publish has-post-thumbnail hentry portfolio-category-venise\">\n\t<div class=\"edgt-pl-item-inner\" >\n\t\t<div class=\"edgt-pli-image\">\n\t\t\t<img width=\"2560\" height=\"2055\" src=\"https:\/\/rene-gaston-lagorre.fr\/wp-content\/uploads\/2023\/07\/Venise-.-hst.-75x90cm-jls-scaled.jpg\" class=\"attachment-full size-full wp-post-image\" alt=\"Venise\" decoding=\"async\" loading=\"lazy\" srcset=\"https:\/\/rene-gaston-lagorre.fr\/wp-content\/uploads\/2023\/07\/Venise-.-hst.-75x90cm-jls-scaled.jpg 2560w, https:\/\/rene-gaston-lagorre.fr\/wp-content\/uploads\/2023\/07\/Venise-.-hst.-75x90cm-jls-scaled-600x482.jpg 600w, https:\/\/rene-gaston-lagorre.fr\/wp-content\/uploads\/2023\/07\/Venise-.-hst.-75x90cm-jls-300x241.jpg 300w, https:\/\/rene-gaston-lagorre.fr\/wp-content\/uploads\/2023\/07\/Venise-.-hst.-75x90cm-jls-1024x822.jpg 1024w, https:\/\/rene-gaston-lagorre.fr\/wp-content\/uploads\/2023\/07\/Venise-.-hst.-75x90cm-jls-768x617.jpg 768w, https:\/\/rene-gaston-lagorre.fr\/wp-content\/uploads\/2023\/07\/Venise-.-hst.-75x90cm-jls-1536x1233.jpg 1536w\" sizes=\"(max-width: 2560px) 100vw, 2560px\" \/>\t\t<\/div>\n<div class=\"edgt-pli-text-holder\">\n\t<div class=\"edgt-pli-text-wrapper\">\n\t\t<div class=\"edgt-pli-text\">\n\t\t\t\t<h4 itemprop=\"name\" class=\"edgt-pli-title entry-title\" style=\"text-transform: uppercase\">\n\t\tLe carnaval de Venise\t<\/h4>\n\n\t\t\t\t\t<div class=\"edgt-pli-category-holder\">\n\t\t\t\t\t\t\t<a itemprop=\"url\" class=\"edgt-pli-category\" href=\"https:\/\/rene-gaston-lagorre.fr\/index.php\/portfolio-category\/venise\/\">\"Venise\"<\/a>\n\t\t\t\t\t<\/div>\n\t\n\t\t\t    <div class=\"edgt-gli-number-of-images-holder\" >\n        <span>37 pics.<\/span>\n    <\/div>\n\n\n\t\t\t\t\t<\/div>\n\t<\/div>\n<\/div>\t\t\n\t\t<a itemprop=\"url\" class=\"edgt-pli-link edgt-block-drag-link\" href=\"https:\/\/rene-gaston-lagorre.fr\/index.php\/portfolio-item\/basic-white\/\" target=\"_self\"><\/a>\n\t<\/div>\n<\/article>\n<article class=\"edgt-pl-item  post-14006 portfolio-item type-portfolio-item status-publish has-post-thumbnail hentry portfolio-category-portraits portfolio-category-portraits-2 portfolio-category-venise\">\n\t<div class=\"edgt-pl-item-inner\" >\n\t\t<div class=\"edgt-pli-image\">\n\t\t\t<img width=\"1001\" height=\"1356\" src=\"https:\/\/rene-gaston-lagorre.fr\/wp-content\/uploads\/2023\/07\/2.Figures-dans-le-Z.-Arlequin.-HST.Coll_.-mairie-de-St-Girons.jpg\" class=\"attachment-full size-full wp-post-image\" alt=\"Figures dans le Z\" decoding=\"async\" loading=\"lazy\" srcset=\"https:\/\/rene-gaston-lagorre.fr\/wp-content\/uploads\/2023\/07\/2.Figures-dans-le-Z.-Arlequin.-HST.Coll_.-mairie-de-St-Girons.jpg 1001w, https:\/\/rene-gaston-lagorre.fr\/wp-content\/uploads\/2023\/07\/2.Figures-dans-le-Z.-Arlequin.-HST.Coll_.-mairie-de-St-Girons-600x813.jpg 600w, https:\/\/rene-gaston-lagorre.fr\/wp-content\/uploads\/2023\/07\/2.Figures-dans-le-Z.-Arlequin.-HST.Coll_.-mairie-de-St-Girons-221x300.jpg 221w, https:\/\/rene-gaston-lagorre.fr\/wp-content\/uploads\/2023\/07\/2.Figures-dans-le-Z.-Arlequin.-HST.Coll_.-mairie-de-St-Girons-756x1024.jpg 756w, https:\/\/rene-gaston-lagorre.fr\/wp-content\/uploads\/2023\/07\/2.Figures-dans-le-Z.-Arlequin.-HST.Coll_.-mairie-de-St-Girons-768x1040.jpg 768w\" sizes=\"(max-width: 1001px) 100vw, 1001px\" \/>\t\t<\/div>\n<div class=\"edgt-pli-text-holder\">\n\t<div class=\"edgt-pli-text-wrapper\">\n\t\t<div class=\"edgt-pli-text\">\n\t\t\t\t<h4 itemprop=\"name\" class=\"edgt-pli-title entry-title\" style=\"text-transform: uppercase\">\n\t\tPortraits d&#8217;Arlequin\t<\/h4>\n\n\t\t\t\t\t<div class=\"edgt-pli-category-holder\">\n\t\t\t\t\t\t\t<a itemprop=\"url\" class=\"edgt-pli-category\" href=\"https:\/\/rene-gaston-lagorre.fr\/index.php\/portfolio-category\/portraits\/\">\"Portraits\"<\/a>\n\t\t\t\t\t\t\t<a itemprop=\"url\" class=\"edgt-pli-category\" href=\"https:\/\/rene-gaston-lagorre.fr\/index.php\/portfolio-category\/portraits-2\/\">\"Portraits\"<\/a>\n\t\t\t\t\t\t\t<a itemprop=\"url\" class=\"edgt-pli-category\" href=\"https:\/\/rene-gaston-lagorre.fr\/index.php\/portfolio-category\/venise\/\">\"Venise\"<\/a>\n\t\t\t\t\t<\/div>\n\t\n\t\t\t    <div class=\"edgt-gli-number-of-images-holder\" >\n        <span>8 pics.<\/span>\n    <\/div>\n\n\n\t\t\t\t\t<\/div>\n\t<\/div>\n<\/div>\t\t\n\t\t<a itemprop=\"url\" class=\"edgt-pli-link edgt-block-drag-link\" href=\"https:\/\/rene-gaston-lagorre.fr\/index.php\/portfolio-item\/venise-arlequin\/\" target=\"_self\"><\/a>\n\t<\/div>\n<\/article>\t<\/div>\n\t\n\t<\/div>[\/vc_column][\/vc_row]<\/p>","protected":false},"excerpt":{"rendered":"<p>[vc_row][vc_column][vc_column_text]\u00ab\u00a0Venise pour le bal s\u2019habille. De paillettes tout \u00e9toil\u00e9, Scintille, fourmille et babille Le carnaval bariol\u00e9. Arlequin, n\u00e8gre par son masque, Serpent par ses mille couleurs, Rosse d\u2019une note fantasque Cassandre son souffre-douleurs. Battant de l\u2019aile avec sa manche Comme un pingouin sur un \u00e9cueil, Le [&hellip;]<\/p>\n","protected":false},"author":1,"featured_media":0,"parent":14310,"menu_order":0,"comment_status":"closed","ping_status":"closed","template":"","meta":[],"_links":{"self":[{"href":"https:\/\/rene-gaston-lagorre.fr\/index.php\/wp-json\/wp\/v2\/pages\/1701"}],"collection":[{"href":"https:\/\/rene-gaston-lagorre.fr\/index.php\/wp-json\/wp\/v2\/pages"}],"about":[{"href":"https:\/\/rene-gaston-lagorre.fr\/index.php\/wp-json\/wp\/v2\/types\/page"}],"author":[{"embeddable":true,"href":"https:\/\/rene-gaston-lagorre.fr\/index.php\/wp-json\/wp\/v2\/users\/1"}],"replies":[{"embeddable":true,"href":"https:\/\/rene-gaston-lagorre.fr\/index.php\/wp-json\/wp\/v2\/comments?post=1701"}],"version-history":[{"count":6,"href":"https:\/\/rene-gaston-lagorre.fr\/index.php\/wp-json\/wp\/v2\/pages\/1701\/revisions"}],"predecessor-version":[{"id":14569,"href":"https:\/\/rene-gaston-lagorre.fr\/index.php\/wp-json\/wp\/v2\/pages\/1701\/revisions\/14569"}],"up":[{"embeddable":true,"href":"https:\/\/rene-gaston-lagorre.fr\/index.php\/wp-json\/wp\/v2\/pages\/14310"}],"wp:attachment":[{"href":"https:\/\/rene-gaston-lagorre.fr\/index.php\/wp-json\/wp\/v2\/media?parent=1701"}],"curies":[{"name":"wp","href":"https:\/\/api.w.org\/{rel}","templated":true}]}}