{"id":1712,"date":"2023-07-15T09:55:58","date_gmt":"2023-07-15T07:55:58","guid":{"rendered":"https:\/\/rene-gaston-lagorre.fr\/?page_id=1712"},"modified":"2023-09-03T22:03:58","modified_gmt":"2023-09-03T20:03:58","slug":"montsegur","status":"publish","type":"page","link":"https:\/\/rene-gaston-lagorre.fr\/index.php\/montsegur\/","title":{"rendered":"Montsegur"},"content":{"rendered":"<p>[vc_row][vc_column][vc_column_text]<\/p>\r\n<p><em>\u00ab\u00a0<\/em><strong><em>L\u2019\u0153uvre qui marque le mieux le passage du figuratif \u00e0 ce que j\u2019appelle l\u2019abstrait r\u00e9aliste fut de toute \u00e9vidence Le ch\u00e2teau de Montsegur<\/em>\u00a0<\/strong><em>\u00bb<\/em> Ren\u00e9 Gaston-Lagorre, 1987<\/p>\r\n<p>\u00a0<\/p>\r\n\r\n<p>Symbole incontest\u00e9 de la r\u00e9sistance cathare depuis le XIII<sup> e <\/sup>si\u00e8cle, la citadelle fascine et continue d\u2019alimenter aujourd\u2019hui encore l\u2019imaginaire collectif. C\u2019est \u00e0 cet endroit que deux cent vingt-cinq parfaits refusant d\u2019abjurer leur foi moururent br\u00fbl\u00e9s vifs au pied du rocher, au lieu-dit <em>Prat del Cramats. <\/em>Cette trag\u00e9die associ\u00e9e \u00e0 la sauvagerie et \u00e0 la magnificence de l\u2019endroit ont fait de Montsegur un lieu embl\u00e9matique.<\/p>\r\n\r\n<p>Quand Ren\u00e9 Gaston-Lagorre s\u2019empare de ce sujet, l\u2019\u00e9motion est vive et perceptible. Tant\u00f4t il nous donne \u00e0 voir la structure architecturale du ch\u00e2teau dans des tons lugubres de violet et de noir qui apparentent la citadelle \u00e0 un tombeau ; tant\u00f4t il transforme cette m\u00eame forteresse en un brasier ardent qui explose sur la toile et qui continue de rougeoyer dans le ciel, illumin\u00e9 de dor\u00e9 et de blanc comme en hommage \u00e0 l\u2019id\u00e9al qui \u00e9tait celui des Parfaits, comme un \u00e9lan vers la spiritualit\u00e9. Tant\u00f4t la citadelle, ancr\u00e9e sur son rocher, prend l\u2019apparence d\u2019un navire projet\u00e9 en plein ciel, dans un ciel de tourmente o\u00f9 les \u00e9l\u00e9ments se d\u00e9cha\u00eenent ne laissant appara\u00eetre, au travers de quelques faisceaux de lumi\u00e8re, que les \u00e0-pics vertigineux qui l\u2019entourent. Lagorre varie les points de vue : plong\u00e9e, contre-plong\u00e9e, vue int\u00e9rieure ou ext\u00e9rieure, il peint Montsegur sous toutes ses formes et par tous les temps, celui des moissons o\u00f9 l\u2019on aper\u00e7oit, au pied de la forteresse camp\u00e9e sur son rocher, des bottes de foin sagement align\u00e9es dans les pr\u00e9s de fauche, mais aussi en plein hiver quand seul le rougeoiement d\u2019un feu se laisse entrevoir par la porte d\u2019une cabane&#8230;<\/p>\r\n\r\n<p><em>\u00ab\u00a0<\/em><strong><em>Montsegur je l\u2019ai peint bien avant qu\u2019on en parle. J\u2019ai deux gouaches qui datent de 50 ans, Montsegur je le connais bien\u00a0\u2026<\/em> <em>Madame de Pierrefeu m\u2019a invit\u00e9 \u00e0 faire une exposition chez elle, \u00e0 Montsegur. C\u2019\u00e9tait une aubaine. J<\/em><em>e n\u2019ai jamais vu Montsegur comme un document mais plut\u00f4t comme le bateau de Rimbaud qui met le cap sur un monde impossible ou comme une \u00e9pave engloutie avec toute sa majest\u00e9<\/em><em>\u00bb<\/em><\/strong><\/p>\r\n\r\n<p>&nbsp;<\/p>\r\n\r\n<p class=\"has-small-font-size\">\u00ab\u00a0R. Lagorre interview par G\u00a0. Tamagnan\u00a0\u00bb.L\u2019Ari\u00e9geois, d\u00e9cembre 1987.<\/p>\r\n\r\n<p>Voici ce qu\u2019\u00e9crit J-L Causse en 1968, apr\u00e8s avoir vu l\u2019exposition\u00a0:<\/p>\r\n\r\n<p>\u00ab\u00a0<em>Lagorre a toujours \u00e9t\u00e9 profond\u00e9ment touch\u00e9 par le drame cathare et son \u00ab\u00a0Montsegur\u00a0\u00bb m\u00e9rite une attention particuli\u00e8re. Il est facile de d\u00e9couvrir dans ce tableau toute la puret\u00e9 avec laquelle le peintre du Couserans a voulu d\u00e9crire ce temple qui fut celui du soleil avant d\u2019\u00eatre celui de la perfection. La rudesse des couleurs, la sobri\u00e9t\u00e9 des lignes qui s\u2019en d\u00e9gage, la nuit \u00e9ternelle qui baigne les longues murailles sont comme autant de cris pouss\u00e9s tr\u00e8s fort pour d\u00e9noncer la souffrance des Parfaits.\u00a0<\/em>\u00bb<\/p>\r\n\r\n<p>&nbsp;<\/p>\r\n\r\n<p class=\"has-small-font-size\">J-L. Causse in La Vie du Couserans, n\u00b0 11, juin-juillet <strong>1968 <\/strong>. Exposition R. Lagorre. Seix<\/p>\r\n\r\n<p>Et nous livrons ici quelques extraits d\u2019articles sur ce m\u00eame sujet\u00a0:<\/p>\r\n\r\n<p>\u00ab<em>Cet artiste , fort connu \u00e0 Londres, New-York, Rome ou San Francisco, aujourd\u2019hui c\u00e9l\u00e8bre dans la capitale&#8230;voit en Montsegur la conjonction de l\u2019art et de l\u2019histoire, cette pr\u00e9sence qu\u2019analysait Camus, qui devient toujours la \u00ab\u00a0puissance de cr\u00e9er\u00a0\u00bb\u00a0\u00bb<\/em>\u00a0<\/p>\r\n<!-- \/wp:paragraph -->\r\n<p>&nbsp;<\/p>\r\n<!-- wp:paragraph {\"fontSize\":\"small\"} -->\r\n<p><!-- wp:paragraph -->\u00ab\u00a0<em>Parfois, sous son pinceau, la vieille citadelle cathare nous appara\u00eet ruisselante de flammes qui s\u2019effacent sur l\u2019horizon embras\u00e9, tant\u00f4t il nous pr\u00e9sente le visage d\u2019un squelette d\u00e9charn\u00e9, d\u2019un absolu sinistre, o\u00f9 l\u2019\u00e2me n\u2019a d\u2019autre refuge que la solitude \u00e9perdue du vaisseau de pierre amarr\u00e9 sur le roc&#8230;<\/em> \u00bb<!-- wp:paragraph -->\u00a0<\/p>\r\n<!-- \/wp:paragraph --><!-- \/wp:paragraph -->\r\n<p><!-- wp:paragraph --><em>\u00ab\u00a0Montsegur\u00a0: Lagorre l\u2019a aper\u00e7u silencieux, touchant le ciel, \u00e9clair\u00e9 par un faible croissant de lune, ou par un jour torride, \u00e9cras\u00e9 de soleil. Il l\u2019a escalad\u00e9, le long des roches vertes et moussues aux \u00e0-pics impressionnants. Il a vu un brouillard flotter et s\u2019\u00e9taler comme une \u00e9charpe autour des vieilles murailles\u00a0; il a assist\u00e9 \u00e0 l\u2019embrasement du ch\u00e2teau un soir d\u2019orage, alors que la pluie, le vent, les \u00e9l\u00e9ments d\u00e9cha\u00een\u00e9s, les \u00e9clairs z\u00e9brant le violet du ciel, voulaient en interdire l\u2019approche.<\/em> <em>C\u2019est de ce merveilleux que nous abreuve l\u2019artiste.\u00a0\u00bb<\/em><\/p>\r\n<!-- \/wp:paragraph -->\r\n<p><!-- wp:paragraph -->\u00ab\u00a0 Montsegur par le peintre Lagorre\u00a0\u00bb, La D\u00e9p\u00eache, 11 juillet <strong>1967<\/strong><\/p>\r\n<!-- \/wp:paragraph -->\r\n<p><!-- wp:paragraph -->Le peintre repr\u00e9sentera un autre ch\u00e2teau cathare c\u00e9l\u00e8bre lui aussi, celui de <strong>Roquefixade<\/strong> \u00e9rig\u00e9 au XI<sup>e<\/sup> si\u00e8cle, aujourd\u2019hui en ruines mais dont les vestiges se dressent encore dans la commune ari\u00e9geoise du m\u00eame nom. Malheureusement cette toile, dont nous vous montrons ici la reproduction, a \u00e9t\u00e9 vol\u00e9e \u00e0 la mairie de Seix (Ari\u00e8ge) il y a quelques ann\u00e9es.<\/p>\r\n<p><!-- \/wp:paragraph -->\u00a0<\/p>\r\n<p>[\/vc_column_text][\/vc_column][\/vc_row][vc_row][vc_column][vc_empty_space]<div class=\"edgt-portfolio-list-holder edgt-pl-gallery edgt-pl-normal-space edgt-pl-three-columns edgt-pl-standard-overlay light    edgt-pl-pag-no-pagination     \"  data-type=gallery data-space-between-items=normal data-number-of-items=-1 data-image-proportions=full data-enable-fixed-proportions=no data-enable-image-shadow=no data-category=montsegur data-order-by=date data-order=ASC data-item-style=standard-overlay data-item-style-skin=light data-enable-title=yes data-title-tag=h4 data-title-text-transform=uppercase data-enable-category=yes data-enable-like=no data-enable-count-images=yes data-enable-excerpt=no data-excerpt-length=20 data-pagination-type=no-pagination data-filter=no data-filter-order-by=name data-enable-article-parallax-animation=no data-portfolio-slider-on=no data-enable-loop=yes data-enable-autoplay=yes data-slider-speed=5000 data-slider-speed-animation=600 data-enable-navigation=yes data-enable-pagination=yes data-max-num-pages=0 data-next-page=2>\n\t\t\n\t<div class=\"edgt-pl-inner  clearfix\">\n\t\t\n<article class=\"edgt-pl-item  post-14472 portfolio-item type-portfolio-item status-publish has-post-thumbnail hentry portfolio-category-montsegur\">\n\t<div class=\"edgt-pl-item-inner\" >\n\t\t<div class=\"edgt-pli-image\">\n\t\t\t<img width=\"805\" height=\"697\" src=\"https:\/\/rene-gaston-lagorre.fr\/wp-content\/uploads\/2023\/07\/14.Montsegur.Gouache.sd_.jpg\" class=\"attachment-full size-full wp-post-image\" alt=\"Monts\u00e9gur\" decoding=\"async\" loading=\"lazy\" srcset=\"https:\/\/rene-gaston-lagorre.fr\/wp-content\/uploads\/2023\/07\/14.Montsegur.Gouache.sd_.jpg 805w, https:\/\/rene-gaston-lagorre.fr\/wp-content\/uploads\/2023\/07\/14.Montsegur.Gouache.sd_-600x520.jpg 600w, https:\/\/rene-gaston-lagorre.fr\/wp-content\/uploads\/2023\/07\/14.Montsegur.Gouache.sd_-300x260.jpg 300w, https:\/\/rene-gaston-lagorre.fr\/wp-content\/uploads\/2023\/07\/14.Montsegur.Gouache.sd_-768x665.jpg 768w\" sizes=\"(max-width: 805px) 100vw, 805px\" \/>\t\t<\/div>\n<div class=\"edgt-pli-text-holder\">\n\t<div class=\"edgt-pli-text-wrapper\">\n\t\t<div class=\"edgt-pli-text\">\n\t\t\t\t<h4 itemprop=\"name\" class=\"edgt-pli-title entry-title\" style=\"text-transform: uppercase\">\n\t\tMontsegur\t<\/h4>\n\n\t\t\t\t\t<div class=\"edgt-pli-category-holder\">\n\t\t\t\t\t\t\t<a itemprop=\"url\" class=\"edgt-pli-category\" href=\"https:\/\/rene-gaston-lagorre.fr\/index.php\/portfolio-category\/montsegur\/\">\"Montsegur\"<\/a>\n\t\t\t\t\t<\/div>\n\t\n\t\t\t    <div class=\"edgt-gli-number-of-images-holder\" >\n        <span>49 pics.<\/span>\n    <\/div>\n\n\n\t\t\t\t\t<\/div>\n\t<\/div>\n<\/div>\t\t\n\t\t<a itemprop=\"url\" class=\"edgt-pli-link edgt-block-drag-link\" href=\"https:\/\/rene-gaston-lagorre.fr\/index.php\/portfolio-item\/montsegur\/\" target=\"_self\"><\/a>\n\t<\/div>\n<\/article>\t<\/div>\n\t\n\t<\/div>[vc_empty_space][\/vc_column][\/vc_row]<\/p>","protected":false},"excerpt":{"rendered":"<p>[vc_row][vc_column][vc_column_text] \u00ab\u00a0L\u2019\u0153uvre qui marque le mieux le passage du figuratif \u00e0 ce que j\u2019appelle l\u2019abstrait r\u00e9aliste fut de toute \u00e9vidence Le ch\u00e2teau de Montsegur\u00a0\u00bb Ren\u00e9 Gaston-Lagorre, 1987 \u00a0 Symbole incontest\u00e9 de la r\u00e9sistance cathare depuis le XIII e si\u00e8cle, la citadelle fascine et continue d\u2019alimenter aujourd\u2019hui [&hellip;]<\/p>\n","protected":false},"author":1,"featured_media":0,"parent":0,"menu_order":0,"comment_status":"closed","ping_status":"closed","template":"","meta":[],"_links":{"self":[{"href":"https:\/\/rene-gaston-lagorre.fr\/index.php\/wp-json\/wp\/v2\/pages\/1712"}],"collection":[{"href":"https:\/\/rene-gaston-lagorre.fr\/index.php\/wp-json\/wp\/v2\/pages"}],"about":[{"href":"https:\/\/rene-gaston-lagorre.fr\/index.php\/wp-json\/wp\/v2\/types\/page"}],"author":[{"embeddable":true,"href":"https:\/\/rene-gaston-lagorre.fr\/index.php\/wp-json\/wp\/v2\/users\/1"}],"replies":[{"embeddable":true,"href":"https:\/\/rene-gaston-lagorre.fr\/index.php\/wp-json\/wp\/v2\/comments?post=1712"}],"version-history":[{"count":9,"href":"https:\/\/rene-gaston-lagorre.fr\/index.php\/wp-json\/wp\/v2\/pages\/1712\/revisions"}],"predecessor-version":[{"id":14901,"href":"https:\/\/rene-gaston-lagorre.fr\/index.php\/wp-json\/wp\/v2\/pages\/1712\/revisions\/14901"}],"wp:attachment":[{"href":"https:\/\/rene-gaston-lagorre.fr\/index.php\/wp-json\/wp\/v2\/media?parent=1712"}],"curies":[{"name":"wp","href":"https:\/\/api.w.org\/{rel}","templated":true}]}}