{"id":1717,"date":"2023-07-15T10:32:15","date_gmt":"2023-07-15T08:32:15","guid":{"rendered":"https:\/\/rene-gaston-lagorre.fr\/?page_id=1717"},"modified":"2023-09-02T15:23:59","modified_gmt":"2023-09-02T13:23:59","slug":"affiches-dexposition","status":"publish","type":"page","link":"https:\/\/rene-gaston-lagorre.fr\/index.php\/affiches-dexposition\/","title":{"rendered":"Affiches, catalogues d&#8217;exposition, cartons d&#8217;invitation"},"content":{"rendered":"<p>[vc_row][vc_column][vc_column_text]<\/p>\r\n<h2 class=\"wp-block-heading\">Affiches et catalogues d&#8217;exposition, cartons d&#8217;invitation<\/h2>\r\n\r\n<p>&nbsp;<\/p>\r\n\r\n<p id=\"block-3b88fe51-5dc1-45ea-8fda-9b57f5d7d913\">Glan\u00e9es ici et l\u00e0 dans les greniers o\u00f9 elles ont \u00e9t\u00e9 tant\u00f4t oubli\u00e9es tant\u00f4t pr\u00e9cieusement conserv\u00e9es, quelques affiches retrouv\u00e9es&#8230;<\/p>\r\n<p> Outre le fait qu\u2019il s\u2019agisse le plus souvent de souvenirs \u00e9mouvants, catalogues et cartons d\u2019invitation permettent quant \u00e0 eux de situer les \u0153uvres dans le temps , de les dater ou de les nommer correctement ; ils sont donc particuli\u00e8rement pr\u00e9cieux pour qui s\u2019int\u00e9resse \u00e0 l\u2019ensemble de l\u2019\u0153uvre peint de l\u2019artiste.<\/p>\r\n<p>[\/vc_column_text][vc_empty_space][\/vc_column][\/vc_row][vc_row][vc_column]<div class=\"edgt-portfolio-list-holder edgt-pl-gallery edgt-pl-normal-space edgt-pl-three-columns edgt-pl-standard-overlay light    edgt-pl-pag-no-pagination     \"  data-type=gallery data-space-between-items=normal data-number-of-items=-1 data-image-proportions=full data-enable-fixed-proportions=no data-enable-image-shadow=no data-category=affiches-exposition-et-cartons-dinvitation data-order-by=date data-order=ASC data-item-style=standard-overlay data-item-style-skin=light data-enable-title=yes data-title-tag=h4 data-title-text-transform=uppercase data-enable-category=yes data-enable-like=no data-enable-count-images=yes data-enable-excerpt=no data-excerpt-length=20 data-pagination-type=no-pagination data-filter=no data-filter-order-by=name data-enable-article-parallax-animation=no data-portfolio-slider-on=no data-enable-loop=yes data-enable-autoplay=yes data-slider-speed=5000 data-slider-speed-animation=600 data-enable-navigation=yes data-enable-pagination=yes data-max-num-pages=0 data-next-page=2>\n\t\t\n\t<div class=\"edgt-pl-inner  clearfix\">\n\t\t\n<article class=\"edgt-pl-item  post-14510 portfolio-item type-portfolio-item status-publish has-post-thumbnail hentry portfolio-category-affiches-exposition-et-cartons-dinvitation\">\n\t<div class=\"edgt-pl-item-inner\" >\n\t\t<div class=\"edgt-pli-image\">\n\t\t\t<img width=\"1441\" height=\"969\" src=\"https:\/\/rene-gaston-lagorre.fr\/wp-content\/uploads\/2023\/06\/24a.1959.-Invitation-exposition-Galerie-Rivere.-Paris.jpg\" class=\"attachment-full size-full wp-post-image\" alt=\"invitation exposition 1959\" decoding=\"async\" loading=\"lazy\" srcset=\"https:\/\/rene-gaston-lagorre.fr\/wp-content\/uploads\/2023\/06\/24a.1959.-Invitation-exposition-Galerie-Rivere.-Paris.jpg 1441w, https:\/\/rene-gaston-lagorre.fr\/wp-content\/uploads\/2023\/06\/24a.1959.-Invitation-exposition-Galerie-Rivere.-Paris-600x403.jpg 600w, https:\/\/rene-gaston-lagorre.fr\/wp-content\/uploads\/2023\/06\/24a.1959.-Invitation-exposition-Galerie-Rivere.-Paris-300x202.jpg 300w, https:\/\/rene-gaston-lagorre.fr\/wp-content\/uploads\/2023\/06\/24a.1959.-Invitation-exposition-Galerie-Rivere.-Paris-1024x689.jpg 1024w, https:\/\/rene-gaston-lagorre.fr\/wp-content\/uploads\/2023\/06\/24a.1959.-Invitation-exposition-Galerie-Rivere.-Paris-768x516.jpg 768w\" sizes=\"(max-width: 1441px) 100vw, 1441px\" \/>\t\t<\/div>\n<div class=\"edgt-pli-text-holder\">\n\t<div class=\"edgt-pli-text-wrapper\">\n\t\t<div class=\"edgt-pli-text\">\n\t\t\t\t<h4 itemprop=\"name\" class=\"edgt-pli-title entry-title\" style=\"text-transform: uppercase\">\n\t\tCatalogues, affiches d&#8217;exposition et cartons d&#8217;invitation\t<\/h4>\n\n\t\t\t\t\t<div class=\"edgt-pli-category-holder\">\n\t\t\t\t\t\t\t<a itemprop=\"url\" class=\"edgt-pli-category\" href=\"https:\/\/rene-gaston-lagorre.fr\/index.php\/portfolio-category\/affiches-exposition-et-cartons-dinvitation\/\">\"Affiches exposition et cartons d&#039;invitation\"<\/a>\n\t\t\t\t\t<\/div>\n\t\n\t\t\t    <div class=\"edgt-gli-number-of-images-holder\" >\n        <span>47 pics.<\/span>\n    <\/div>\n\n\n\t\t\t\t\t<\/div>\n\t<\/div>\n<\/div>\t\t\n\t\t<a itemprop=\"url\" class=\"edgt-pli-link edgt-block-drag-link\" href=\"https:\/\/rene-gaston-lagorre.fr\/index.php\/portfolio-item\/affiches-exposition-et-cartons-dinvitation\/\" target=\"_self\"><\/a>\n\t<\/div>\n<\/article>\t<\/div>\n\t\n\t<\/div>[\/vc_column][\/vc_row]<\/p>","protected":false},"excerpt":{"rendered":"<p>[vc_row][vc_column][vc_column_text] Affiches et catalogues d&#8217;exposition, cartons d&#8217;invitation &nbsp; Glan\u00e9es ici et l\u00e0 dans les greniers o\u00f9 elles ont \u00e9t\u00e9 tant\u00f4t oubli\u00e9es tant\u00f4t pr\u00e9cieusement conserv\u00e9es, quelques affiches retrouv\u00e9es&#8230; Outre le fait qu\u2019il s\u2019agisse le plus souvent de souvenirs \u00e9mouvants, catalogues et cartons d\u2019invitation permettent quant \u00e0 eux [&hellip;]<\/p>\n","protected":false},"author":1,"featured_media":0,"parent":0,"menu_order":0,"comment_status":"closed","ping_status":"closed","template":"","meta":[],"_links":{"self":[{"href":"https:\/\/rene-gaston-lagorre.fr\/index.php\/wp-json\/wp\/v2\/pages\/1717"}],"collection":[{"href":"https:\/\/rene-gaston-lagorre.fr\/index.php\/wp-json\/wp\/v2\/pages"}],"about":[{"href":"https:\/\/rene-gaston-lagorre.fr\/index.php\/wp-json\/wp\/v2\/types\/page"}],"author":[{"embeddable":true,"href":"https:\/\/rene-gaston-lagorre.fr\/index.php\/wp-json\/wp\/v2\/users\/1"}],"replies":[{"embeddable":true,"href":"https:\/\/rene-gaston-lagorre.fr\/index.php\/wp-json\/wp\/v2\/comments?post=1717"}],"version-history":[{"count":9,"href":"https:\/\/rene-gaston-lagorre.fr\/index.php\/wp-json\/wp\/v2\/pages\/1717\/revisions"}],"predecessor-version":[{"id":14940,"href":"https:\/\/rene-gaston-lagorre.fr\/index.php\/wp-json\/wp\/v2\/pages\/1717\/revisions\/14940"}],"wp:attachment":[{"href":"https:\/\/rene-gaston-lagorre.fr\/index.php\/wp-json\/wp\/v2\/media?parent=1717"}],"curies":[{"name":"wp","href":"https:\/\/api.w.org\/{rel}","templated":true}]}}